{"id":16599,"date":"2025-01-27T14:10:03","date_gmt":"2025-01-27T14:10:03","guid":{"rendered":"https:\/\/drterziler.com\/estetica-medica\/yuz-uygulamalari\/applicazioni-della-mesoterapia\/akne-tedavisi\/"},"modified":"2026-02-28T19:34:40","modified_gmt":"2026-02-28T19:34:40","slug":"trattamento-dellacne","status":"publish","type":"page","link":"https:\/\/drterziler.com\/it\/estetica-medica\/trattamenti-viso\/mesoterapia\/trattamento-dellacne\/","title":{"rendered":"Trattamento dell&#8217;acne"},"content":{"rendered":"<div class=\"page-content\">\n<div id=\"header-area\">\n<div class=\"container\" id=\"firstContent\">\n<div class=\"header-content d-flex flex-column\">\n<h1 class=\"content-title h1-header\">Trattamento dell&#039;acne<\/h1>\n<div class=\"content-paragraph\">\n<p class=\"p-text\">Si tratta di una serie di procedure dermatologiche volte a rimuovere le cicatrici da acne e brufoli. Metodi come trattamenti laser, peeling chimici e farmaci topici vengono utilizzati per pulire la pelle e ripristinare l&#039;equilibrio. Il trattamento \u00e8 personalizzato in base al tipo di pelle, offrendo risultati efficaci e rapidi.<\/p>\n<\/p><\/div>\n<nav aria-label=\"breadcrumb\" class=\"breadcrumbs\">\n<ul class=\"d-flex align-items-center mb-0\">\n<li><a class=\"link\" href=\"https:\/\/drterziler.com\/it\/\"><span>Dr. Terziler Exclusive Clinic<\/span><\/a><\/li>\n<li class=\"separator\">\u00bb<\/li>\n<li><a class=\"link\" href=\"https:\/\/drterziler.com\/it\/estetica-medica\/\"><span>Estetica medica<\/span><\/a><\/li>\n<li class=\"separator\">\u00bb<\/li>\n<li><a class=\"link\" href=\"https:\/\/drterziler.com\/it\/estetica-medica\/trattamenti-viso\/\"><span>Trattamenti viso<\/span><\/a><\/li>\n<li class=\"separator\">\u00bb<\/li>\n<li><a class=\"link\" href=\"https:\/\/drterziler.com\/it\/estetica-medica\/trattamenti-viso\/mesoterapia\/\"><span>Mesoterapia<\/span><\/a><\/li>\n<li class=\"separator\">\u00bb<\/li>\n<li class=\"current-page\"><span>Trattamento dell&#039;acne<\/span><\/li>\n<\/ul>\n<\/nav><\/div>\n<\/p><\/div>\n<\/p><\/div>\n<\/div>\n<section id=\"content-area\">\n<div class=\"container my-5\">\n<div class=\"row align-items-start\">\n<div class=\"col-md-6 order-2 order-md-1\">\n<div class=\"custom-toc-box\">\n<div id=\"toc-header\">\n<h4>Indice dei contenuti<\/h4>\n<div class=\"toc-toggle-icon\"><\/div>\n<\/p><\/div>\n<div class=\"toc-full-divider\"><\/div>\n<div id=\"toc-body\">\n<div id=\"toc-container\"><\/div>\n<\/p><\/div>\n<\/p><\/div>\n<\/p><\/div>\n<div class=\"col-md-6 order-1 order-md-2\" id=\"jForm\">\n                <script type=\"text\/javascript\" src=\"https:\/\/form.jotform.com\/jsform\/242882600814961\"><\/script>\n            <\/div>\n<\/p><\/div>\n<\/p><\/div>\n<div class=\"container\">\n<div class=\"img-thumb\">\n            <img loading=\"lazy\" decoding=\"async\" src=\"https:\/\/drterziler.com\/wp-content\/uploads\/2025\/01\/Akne-Tedavisi.webp\" sizes=\"auto, (max-width: 1920px) 100vw, 1920px\" srcset=\"https:\/\/drterziler.com\/wp-content\/uploads\/2025\/01\/Akne-Tedavisi.webp 1920w, https:\/\/drterziler.com\/wp-content\/uploads\/2025\/01\/Akne-Tedavisi-300x169.webp 300w, https:\/\/drterziler.com\/wp-content\/uploads\/2025\/01\/Akne-Tedavisi-1024x576.webp 1024w, https:\/\/drterziler.com\/wp-content\/uploads\/2025\/01\/Akne-Tedavisi-768x432.webp 768w, https:\/\/drterziler.com\/wp-content\/uploads\/2025\/01\/Akne-Tedavisi-1536x864.webp 1536w\" alt=\"akne tedavisi\" width=\"1920\" height=\"1080\" \/>\n        <\/div>\n<div>\n<div>\n<h2 class=\"h2-header\">Cos&#039;\u00e8 il Trattamento per l&#039;Acne?<\/h2>\n<\/p><\/div>\n<div>\n<p class=\"p-text\">Il trattamento per l&#039;acne \u00e8 una serie di metodi estetici applicati per prevenire e trattare l&#039;acne (brufoli) e i punti neri. L&#039;acne \u00e8 un problema comune della pelle causato da fattori come ghiandole sebacee ostruite, infezioni batteriche o cambiamenti ormonali. Il trattamento dell&#039;acne offre soluzioni a questi problemi sottostanti riducendo l&#039;infiammazione, rinnovando la texture della pelle e migliorando l&#039;aspetto delle cicatrici.<\/p>\n<\/p><\/div>\n<\/p><\/div>\n<div>\n<div>\n<h2 class=\"h2-header\">Quali sono i benefici del trattamento per l&#039;acne?<\/h2>\n<\/p><\/div>\n<div>\n<p class=\"p-text\">Rende la pelle pi\u00f9 chiara e luminosa. Uniforma il tono della pelle. Riduce le cicatrici dell&#039;acne. Allevia rapidamente l&#039;infiammazione. Sostiene la rigenerazione della pelle. Aumenta la fiducia in se stessi. Ritorno rapido alle attivit\u00e0 quotidiane.<\/p>\n<\/p><\/div>\n<\/p><\/div>\n<div>\n<div>\n<h2 class=\"h2-header\">Che aspetto ha il trattamento per l&#039;acne?<\/h2>\n<\/p><\/div>\n<div>\n<p class=\"p-text\">Il trattamento dell&#039;acne migliora significativamente l&#039;aspetto dei brufoli e delle cicatrici. Dopo la procedura, la pelle diventa pi\u00f9 pulita, liscia, sana e pi\u00f9 vibrante. In particolare, c&#039;\u00e8 una visibile luminosit\u00e0 e un ringiovanimento nella texture della pelle dopo il trattamento. Il miglioramento delle cicatrici dell&#039;acne e del tono della pelle porta a un aspetto complessivamente pi\u00f9 giovane e fresco.<\/p>\n<\/p><\/div>\n<\/p><\/div>\n<div>\n<div>\n<h2 class=\"h2-header\">Chi \u00e8 adatto per il trattamento dell&#039;acne?<\/h2>\n<\/p><\/div>\n<div>\n<p class=\"p-text\">Adolescenti in fase di pubert\u00e0. Persone con acne causata dall&#039;invecchiamento. Chi prova ansia sociale a causa dei brufoli. Persone con pelle soggetta all&#039;acne. Individui che cercano risultati veloci. Chi non desidera interventi chirurgici.<\/p>\n<\/p><\/div>\n<\/p><\/div>\n<div>\n<div>\n<h2 class=\"h2-header\">Perch\u00e9 il trattamento per l&#039;acne \u00e8 cos\u00ec popolare?<\/h2>\n<\/p><\/div>\n<div>\n<p class=\"p-text\">Il trattamento per l&#039;acne aiuta le persone a gestire i problemi della pelle e a recuperare la fiducia in se stessi. Negli ultimi anni, con l&#039;aumento dell&#039;interesse per la cura della pelle, il trattamento dell&#039;acne \u00e8 diventato ampiamente preferito sia dai teenager che dagli adulti. La procedura \u00e8 popolare per la sua invasivit\u00e0 minima e i risultati rapidi. Inoltre, il trattamento per l&#039;acne non solo affronta l&#039;acne, ma tratta anche le cicatrici, offrendo una soluzione pi\u00f9 completa.<\/p>\n<\/p><\/div>\n<\/p><\/div>\n<div>\n<div>\n<h2 class=\"h2-header\">Come viene applicato il trattamento per l&#039;acne?<\/h2>\n<\/p><\/div>\n<div>\n<p class=\"p-text\">I metodi pi\u00f9 comuni includono il trattamento laser, il peeling chimico e il PRP. I raggi laser mirano ai pigmenti sotto la pelle, riducendo le imperfezioni. Il peeling chimico esfolia lo strato superiore della pelle, creando una superficie sana. Il PRP rivitalizza la pelle utilizzando il sangue con propriet\u00e0 ringiovanenti. Il processo di trattamento \u00e8 personalizzato e viene eseguito da un medico esperto.<\/p>\n<\/p><\/div>\n<\/p><\/div>\n<div>\n<div>\n<h2 class=\"h2-header\">Quanto durano i risultati del trattamento per l&#039;acne?<\/h2>\n<\/p><\/div>\n<div>\n<p class=\"p-text\">La durata dei risultati del trattamento per l&#039;acne dipende dal metodo applicato e dalle caratteristiche della pelle dell&#039;individuo. Tipicamente, dopo il trattamento, l&#039;acne e le cicatrici sono significativamente ridotte e la pelle raggiunge un aspetto pi\u00f9 sano. Tuttavia, cambiamenti ormonali, stile di vita o fattori ambientali potrebbero causare il ritorno dell&#039;acne. Sessioni di manutenzione e trattamenti regolari possono aiutare a rendere i risultati pi\u00f9 permanenti.<\/p>\n<\/p><\/div>\n<\/p><\/div>\n<div>\n<div>\n<h2 class=\"h2-header\">Il trattamento per l&#039;acne causa dolore o disagio?<\/h2>\n<\/p><\/div>\n<div>\n<p class=\"p-text\">La maggior parte dei trattamenti per l&#039;acne \u00e8 indolore, ma alcuni metodi (soprattutto il peeling chimico o il laser) potrebbero causare una leggera sensazione di bruciore o disagio. Procedure come la mesoterapia e la microdermoabrasione sono eseguite con un minimo di disagio e di solito non richiedono anestesia. A seconda della sensibilit\u00e0 della pelle, il disagio pu\u00f2 essere ridotto utilizzando creme anestetiche o sistemi di raffreddamento prima del trattamento.<\/p>\n<\/p><\/div>\n<\/p><\/div>\n<div>\n<div>\n<h2 class=\"h2-header\">Prezzi del trattamento per l&#039;acne<\/h2>\n<\/p><\/div>\n<div>\n<p class=\"p-text\">I prezzi del trattamento per l&#039;acne variano in base al metodo utilizzato e al tipo di pelle. Generalmente, i trattamenti pi\u00f9 semplici sono offerti a prezzi pi\u00f9 accessibili, mentre metodi avanzati come il laser o la mesoterapia potrebbero essere leggermente pi\u00f9 costosi. Per informazioni dettagliate sui prezzi, consigliamo di contattare la nostra clinica.<\/p>\n<\/p><\/div>\n<\/p><\/div>\n<div>\n<div>\n<h2 class=\"h2-header\">Perch\u00e9 scegliere la Dr. Terziler Exclusive Clinic?<\/h2>\n<\/p><\/div>\n<div>\n<p class=\"p-text\">Il Dr. Terziler, con un&#039;esperienza riconosciuta a livello internazionale e un approccio estetico che combina arte e scienza, offre soluzioni personalizzate che garantiscono non solo una trasformazione fisica, ma anche un rinnovamento emotivo. La nostra clinica, dotata di tecnologie avanzate e operante secondo i principi di comfort e sicurezza, adotta la perfezione come filosofia aziendale. Ogni trattamento qui mira a migliorare il vostro benessere complessivo e la vostra felicit\u00e0.<\/p>\n<\/p><\/div>\n<\/p><\/div>\n<\/p><\/div>\n<\/section>\n","protected":false},"excerpt":{"rendered":"<p>Trattamento dell&#039;acne Si tratta di una serie di procedure dermatologiche volte a rimuovere le cicatrici da acne e brufoli. Metodi come trattamenti laser, peeling chimici e farmaci topici vengono utilizzati per pulire la pelle e ripristinare l&#039;equilibrio. Il trattamento \u00e8 personalizzato in base al tipo di pelle, offrendo risultati efficaci e rapidi. Dr. Terziler Exclusive [&hellip;]<\/p>\n","protected":false},"author":6,"featured_media":0,"parent":3074,"menu_order":0,"comment_status":"closed","ping_status":"closed","template":"","meta":{"footnotes":""},"class_list":["post-16599","page","type-page","status-publish","hentry"],"_links":{"self":[{"href":"https:\/\/drterziler.com\/it\/wp-json\/wp\/v2\/pages\/16599","targetHints":{"allow":["GET"]}}],"collection":[{"href":"https:\/\/drterziler.com\/it\/wp-json\/wp\/v2\/pages"}],"about":[{"href":"https:\/\/drterziler.com\/it\/wp-json\/wp\/v2\/types\/page"}],"author":[{"embeddable":true,"href":"https:\/\/drterziler.com\/it\/wp-json\/wp\/v2\/users\/6"}],"replies":[{"embeddable":true,"href":"https:\/\/drterziler.com\/it\/wp-json\/wp\/v2\/comments?post=16599"}],"version-history":[{"count":14,"href":"https:\/\/drterziler.com\/it\/wp-json\/wp\/v2\/pages\/16599\/revisions"}],"predecessor-version":[{"id":58436,"href":"https:\/\/drterziler.com\/it\/wp-json\/wp\/v2\/pages\/16599\/revisions\/58436"}],"up":[{"embeddable":true,"href":"https:\/\/drterziler.com\/it\/wp-json\/wp\/v2\/pages\/3074"}],"wp:attachment":[{"href":"https:\/\/drterziler.com\/it\/wp-json\/wp\/v2\/media?parent=16599"}],"curies":[{"name":"wp","href":"https:\/\/api.w.org\/{rel}","templated":true}]}}