{"id":16640,"date":"2025-01-27T14:34:58","date_gmt":"2025-01-27T14:34:58","guid":{"rendered":"https:\/\/drterziler.com\/estetica-medica\/yuz-uygulamalari\/applicazioni-della-mesoterapia\/anti-aging\/"},"modified":"2026-02-28T19:37:47","modified_gmt":"2026-02-28T19:37:47","slug":"antieta","status":"publish","type":"page","link":"https:\/\/drterziler.com\/it\/estetica-medica\/trattamenti-viso\/mesoterapia\/antieta\/","title":{"rendered":"Antiet\u00e0"},"content":{"rendered":"<div class=\"page-content\">\n<div id=\"header-area\">\n<div class=\"container\" id=\"firstContent\">\n<div class=\"header-content d-flex flex-column\">\n<h1 class=\"content-title h1-header\">Antiet\u00e0<\/h1>\n<div class=\"content-paragraph\">\n<p class=\"p-text\">I trattamenti antiet\u00e0 che sfidano i segni dell\u2019invecchiamento sono applicazioni moderne mirate a ottenere una pelle pi\u00f9 giovane, pi\u00f9 vibrante e pi\u00f9 liscia. Questi metodi, che supportano sia la bellezza estetica che quella naturale, offrono oggi una soluzione popolare per tutti.<\/p>\n<\/p><\/div>\n<nav aria-label=\"breadcrumb\" class=\"breadcrumbs\">\n<ul class=\"d-flex align-items-center mb-0\">\n<li><a class=\"link\" href=\"https:\/\/drterziler.com\/it\/\"><span>Dr. Terziler Exclusive Clinic<\/span><\/a><\/li>\n<li class=\"separator\">\u00bb<\/li>\n<li><a class=\"link\" href=\"https:\/\/drterziler.com\/it\/estetica-medica\/\"><span>Estetica medica<\/span><\/a><\/li>\n<li class=\"separator\">\u00bb<\/li>\n<li><a class=\"link\" href=\"https:\/\/drterziler.com\/it\/estetica-medica\/trattamenti-viso\/\"><span>Trattamenti viso<\/span><\/a><\/li>\n<li class=\"separator\">\u00bb<\/li>\n<li><a class=\"link\" href=\"https:\/\/drterziler.com\/it\/estetica-medica\/trattamenti-viso\/mesoterapia\/\"><span>Mesoterapia<\/span><\/a><\/li>\n<li class=\"separator\">\u00bb<\/li>\n<li class=\"current-page\"><span>Antiet\u00e0<\/span><\/li>\n<\/ul>\n<\/nav><\/div>\n<\/p><\/div>\n<\/p><\/div>\n<\/div>\n<section id=\"content-area\">\n<div class=\"container my-5\">\n<div class=\"row align-items-start\">\n<div class=\"col-md-6 order-2 order-md-1\">\n<div class=\"custom-toc-box\">\n<div id=\"toc-header\">\n<h4>Indice dei contenuti<\/h4>\n<div class=\"toc-toggle-icon\"><\/div>\n<\/p><\/div>\n<div class=\"toc-full-divider\"><\/div>\n<div id=\"toc-body\">\n<div id=\"toc-container\"><\/div>\n<\/p><\/div>\n<\/p><\/div>\n<\/p><\/div>\n<div class=\"col-md-6 order-1 order-md-2\" id=\"jForm\">\n                <script type=\"text\/javascript\" src=\"https:\/\/form.jotform.com\/jsform\/242882600814961\"><\/script>\n            <\/div>\n<\/p><\/div>\n<\/p><\/div>\n<div class=\"container\">\n<div class=\"img-thumb\">\n            <img loading=\"lazy\" decoding=\"async\" src=\"https:\/\/drterziler.com\/wp-content\/uploads\/2025\/01\/Anti-Aging.webp\" sizes=\"auto, (max-width: 1920px) 100vw, 1920px\" srcset=\"https:\/\/drterziler.com\/wp-content\/uploads\/2025\/01\/Anti-Aging.webp 1920w, https:\/\/drterziler.com\/wp-content\/uploads\/2025\/01\/Anti-Aging-300x169.webp 300w, https:\/\/drterziler.com\/wp-content\/uploads\/2025\/01\/Anti-Aging-1024x576.webp 1024w, https:\/\/drterziler.com\/wp-content\/uploads\/2025\/01\/Anti-Aging-768x432.webp 768w, https:\/\/drterziler.com\/wp-content\/uploads\/2025\/01\/Anti-Aging-1536x864.webp 1536w\" alt=\"\" width=\"1920\" height=\"1080\">\n        <\/div>\n<div>\n<div>\n<h2 class=\"h2-header\">Trattamento Anti-Aging in Turchia<\/h2>\n<\/p><\/div>\n<div>\n<p class=\"p-text\">L&#039;anti-invecchiamento si riferisce a una serie di applicazioni e trattamenti sviluppati per ritardare o invertire i segni dell&#039;invecchiamento. Ci\u00f2 include il rinnovo della pelle, la regolazione del tono muscolare, la riduzione delle rughe e un aspetto complessivamente pi\u00f9 giovane. Offre soluzioni che vanno da trattamenti di cura della pelle a livello superficiale a applicazioni mediche avanzate.<\/p>\n<\/p><\/div>\n<\/p><\/div>\n<div>\n<div>\n<h2 class=\"h2-header\">Quali sono i benefici dell&#039;Anti-Aging?<\/h2>\n<\/p><\/div>\n<div>\n<p class=\"p-text\">Riduce le rughe e le linee sottili. Migliora l&#039;elasticit\u00e0 e la luminosit\u00e0 della pelle. Riduce gli squilibri del tono della pelle e le imperfezioni. Fornisce un aspetto generalmente pi\u00f9 giovane, vibrante e sano. Aumenta la fiducia in se stessi. Offre effetti visibili in breve tempo.<\/p>\n<\/p><\/div>\n<\/p><\/div>\n<div>\n<div>\n<h2 class=\"h2-header\">Che aspetto ha il trattamento Anti-Aging?<\/h2>\n<\/p><\/div>\n<div>\n<p class=\"p-text\">Come risultato dei trattamenti anti-aging, la pelle diventa pi\u00f9 compatta, piena e luminosa. Le caratteristiche facciali stanche o cadenti vengono ripristinate. Problemi come macchie, linee e gonfiore diminuiscono, e il viso riacquista il suo splendore giovanile.<\/p>\n<\/p><\/div>\n<\/p><\/div>\n<div>\n<div>\n<h2 class=\"h2-header\">Chi \u00e8 adatto per il trattamento Anti-Aging?<\/h2>\n<\/p><\/div>\n<div>\n<p class=\"p-text\">Chiunque desideri combattere i segni dell&#039;invecchiamento. Viene comunemente preferito a partire dai 30 anni, ma i trattamenti preventivi possono essere effettuati anche a una et\u00e0 pi\u00f9 giovane. \u00c8 generalmente consigliato a tutti, tranne in caso di gravidanza o alcune condizioni mediche.<\/p>\n<\/p><\/div>\n<\/p><\/div>\n<div>\n<div>\n<h2 class=\"h2-header\">Perch\u00e9 il trattamento Anti-Aging \u00e8 cos\u00ec popolare?<\/h2>\n<\/p><\/div>\n<div>\n<p class=\"p-text\">Un aspetto giovanile ed energetico \u00e8 una priorit\u00e0 nell&#039;approccio estetico odierno. Offre risultati rapidi ed efficaci. I progressi tecnologici hanno portato a trattamenti pi\u00f9 confortevoli ed efficienti. Offre soluzioni personalizzate per tutti. Crea un effetto giovanile mantenendo un aspetto naturale.<\/p>\n<\/p><\/div>\n<\/p><\/div>\n<div>\n<div>\n<h2 class=\"h2-header\">Come viene applicato il trattamento Anti-Aging?<\/h2>\n<\/p><\/div>\n<div>\n<p class=\"p-text\">I trattamenti anti-aging variano a seconda del metodo scelto. I metodi comuni includono mesoterapia, PRP, filler, botox e trattamenti laser. Questi trattamenti sono generalmente eseguiti in contesti clinici da medici specializzati. Il numero di sedute e la durata variano in base alle esigenze individuali.<\/p>\n<\/p><\/div>\n<\/p><\/div>\n<div>\n<div>\n<h2 class=\"h2-header\">Quanto durano i risultati del trattamento Anti-Aging?<\/h2>\n<\/p><\/div>\n<div>\n<p class=\"p-text\">La durata dei risultati dipende dal metodo applicato e dalla struttura della pelle dell&#039;individuo. Botox e filler solitamente forniscono risultati per 6-12 mesi, mentre metodi come laser e PRP offrono effetti pi\u00f9 duraturi. Per risultati permanenti, la manutenzione regolare e il follow-up sono importanti.<\/p>\n<\/p><\/div>\n<\/p><\/div>\n<div>\n<div>\n<h2 class=\"h2-header\">Il trattamento Anti-Aging causa dolore o disagio?<\/h2>\n<\/p><\/div>\n<div>\n<p class=\"p-text\">I trattamenti anti-aging moderni sono generalmente minimamente invasivi e possono causare lieve disagio. Vengono utilizzate creme anestetiche locali prima del trattamento per garantire il comfort. Trattamenti laser o a base di iniezioni possono causare una leggera sensazione di formicolio o calore.<\/p>\n<\/p><\/div>\n<\/p><\/div>\n<div>\n<div>\n<h2 class=\"h2-header\">Prezzi dell&#039;Anti-Aging<\/h2>\n<\/p><\/div>\n<div>\n<p class=\"p-text\">I prezzi dei trattamenti anti-aging variano in base al metodo scelto, all&#039;estensione dell&#039;applicazione e ad altri fattori. I trattamenti a sessione singola sono solitamente pi\u00f9 accessibili, mentre i trattamenti combinati o i protocolli a lungo termine possono essere pi\u00f9 costosi. Per informazioni accurate, \u00e8 necessario consultare la propria clinica specialistica.<\/p>\n<\/p><\/div>\n<\/p><\/div>\n<div>\n<div>\n<h2 class=\"h2-header\">Perch\u00e9 scegliere la Dr. Terziler Exclusive Clinic?<\/h2>\n<\/p><\/div>\n<div>\n<p class=\"p-text\">Il Dr. Terziler, con una competenza riconosciuta a livello internazionale e un approccio estetico che combina arte e scienza, offre soluzioni personalizzate che non solo garantiscono una trasformazione fisica, ma anche un rinnovamento emotivo. La nostra clinica, dotata di tecnologie avanzate e che opera secondo i principi di comfort e sicurezza, adotta la perfezione come filosofia aziendale. Ogni trattamento qui mira a migliorare il vostro benessere complessivo e la vostra felicit\u00e0.<\/p>\n<\/p><\/div>\n<\/p><\/div>\n<\/p><\/div>\n<\/section>\n","protected":false},"excerpt":{"rendered":"<p>Antiet\u00e0 I trattamenti antiet\u00e0 che sfidano i segni dell\u2019invecchiamento sono applicazioni moderne mirate a ottenere una pelle pi\u00f9 giovane, pi\u00f9 vibrante e pi\u00f9 liscia. Questi metodi, che supportano sia la bellezza estetica che quella naturale, offrono oggi una soluzione popolare per tutti. Dr. Terziler Exclusive Clinic \u00bb Estetica medica \u00bb Trattamenti viso \u00bb Mesoterapia \u00bb [&hellip;]<\/p>\n","protected":false},"author":6,"featured_media":0,"parent":3074,"menu_order":0,"comment_status":"closed","ping_status":"closed","template":"","meta":{"footnotes":""},"class_list":["post-16640","page","type-page","status-publish","hentry"],"_links":{"self":[{"href":"https:\/\/drterziler.com\/it\/wp-json\/wp\/v2\/pages\/16640","targetHints":{"allow":["GET"]}}],"collection":[{"href":"https:\/\/drterziler.com\/it\/wp-json\/wp\/v2\/pages"}],"about":[{"href":"https:\/\/drterziler.com\/it\/wp-json\/wp\/v2\/types\/page"}],"author":[{"embeddable":true,"href":"https:\/\/drterziler.com\/it\/wp-json\/wp\/v2\/users\/6"}],"replies":[{"embeddable":true,"href":"https:\/\/drterziler.com\/it\/wp-json\/wp\/v2\/comments?post=16640"}],"version-history":[{"count":14,"href":"https:\/\/drterziler.com\/it\/wp-json\/wp\/v2\/pages\/16640\/revisions"}],"predecessor-version":[{"id":58448,"href":"https:\/\/drterziler.com\/it\/wp-json\/wp\/v2\/pages\/16640\/revisions\/58448"}],"up":[{"embeddable":true,"href":"https:\/\/drterziler.com\/it\/wp-json\/wp\/v2\/pages\/3074"}],"wp:attachment":[{"href":"https:\/\/drterziler.com\/it\/wp-json\/wp\/v2\/media?parent=16640"}],"curies":[{"name":"wp","href":"https:\/\/api.w.org\/{rel}","templated":true}]}}