{"id":16674,"date":"2025-01-27T14:45:31","date_gmt":"2025-01-27T14:45:31","guid":{"rendered":"https:\/\/drterziler.com\/estetica-medica\/yuz-uygulamalari\/prp-ve-egzozom-plazma-uygulamalari\/"},"modified":"2026-02-28T19:41:20","modified_gmt":"2026-02-28T19:41:20","slug":"trattamenti-prp-e-plasma-exosome","status":"publish","type":"page","link":"https:\/\/drterziler.com\/it\/estetica-medica\/trattamenti-viso\/trattamenti-prp-e-plasma-exosome\/","title":{"rendered":"Trattamenti PRP e Plasma Exosome"},"content":{"rendered":"<div class=\"page-content\">\n<div id=\"header-area\">\n<div class=\"container\" id=\"firstContent\">\n<div class=\"header-content d-flex flex-column\">\n<h1 class=\"content-title h1-header\">Trattamenti PRP e Plasma Exosome<\/h1>\n<div class=\"content-paragraph\">\n<p class=\"p-text\">Le applicazioni PRP ed Exosome Plasma donano una luminosit\u00e0 giovanile alla tua pelle e un aspetto pieno e sano ai tuoi capelli. Queste tecnologie avanzate, che attivano meccanismi di rigenerazione naturale, fanno la differenza nel mondo della bellezza e della cura con una vasta gamma di effetti, dalla riduzione delle rughe alla prevenzione della caduta dei capelli.<\/p>\n<\/p><\/div>\n<nav aria-label=\"breadcrumb\" class=\"breadcrumbs\">\n<ul class=\"d-flex align-items-center mb-0\">\n<li><a class=\"link\" href=\"https:\/\/drterziler.com\/it\/\"><span>Dr. Terziler Exclusive Clinic<\/span><\/a><\/li>\n<li class=\"separator\">\u00bb<\/li>\n<li><a class=\"link\" href=\"https:\/\/drterziler.com\/it\/estetica-medica\/\"><span>Estetica medica<\/span><\/a><\/li>\n<li class=\"separator\">\u00bb<\/li>\n<li><a class=\"link\" href=\"https:\/\/drterziler.com\/it\/estetica-medica\/trattamenti-viso\/\"><span>Trattamenti viso<\/span><\/a><\/li>\n<li class=\"separator\">\u00bb<\/li>\n<li class=\"current-page\"><span>Trattamenti PRP e Plasma Exosome<\/span><\/li>\n<\/ul>\n<\/nav><\/div>\n<\/p><\/div>\n<\/p><\/div>\n<\/div>\n<section id=\"content-area\">\n<div class=\"container my-5\">\n<div class=\"row align-items-start\">\n<div class=\"col-md-6 order-2 order-md-1\">\n<div class=\"custom-toc-box\">\n<div id=\"toc-header\">\n<h4>Indice dei contenuti<\/h4>\n<div class=\"toc-toggle-icon\"><\/div>\n<\/p><\/div>\n<div class=\"toc-full-divider\"><\/div>\n<div id=\"toc-body\">\n<div id=\"toc-container\"><\/div>\n<\/p><\/div>\n<\/p><\/div>\n<\/p><\/div>\n<div class=\"col-md-6 order-1 order-md-2\" id=\"jForm\">\n                <script type=\"text\/javascript\" src=\"https:\/\/form.jotform.com\/jsform\/242882600814961\"><\/script>\n            <\/div>\n<\/p><\/div>\n<\/p><\/div>\n<div class=\"container\">\n<div class=\"img-thumb\">\n            <img loading=\"lazy\" decoding=\"async\" src=\"https:\/\/drterziler.com\/wp-content\/uploads\/2025\/01\/PRP-ve-Egzozom-Plazma-Uygulamalari.webp\" sizes=\"auto, (max-width: 1920px) 100vw, 1920px\" srcset=\"https:\/\/drterziler.com\/wp-content\/uploads\/2025\/01\/PRP-ve-Egzozom-Plazma-Uygulamalari.webp 1920w, https:\/\/drterziler.com\/wp-content\/uploads\/2025\/01\/PRP-ve-Egzozom-Plazma-Uygulamalari-300x169.webp 300w, https:\/\/drterziler.com\/wp-content\/uploads\/2025\/01\/PRP-ve-Egzozom-Plazma-Uygulamalari-1024x576.webp 1024w, https:\/\/drterziler.com\/wp-content\/uploads\/2025\/01\/PRP-ve-Egzozom-Plazma-Uygulamalari-768x432.webp 768w, https:\/\/drterziler.com\/wp-content\/uploads\/2025\/01\/PRP-ve-Egzozom-Plazma-Uygulamalari-1536x864.webp 1536w\" alt=\"\" width=\"1920\" height=\"1080\">\n        <\/div>\n<div>\n<div>\n<h2 class=\"h2-header\">Cosa sono le applicazioni di PRP e Plasma Exosoma?<\/h2>\n<\/p><\/div>\n<div>\n<p class=\"p-text\">Il PRP (Plasma Ricco di Piastrine) \u00e8 un metodo di trattamento in cui il plasma ricco di piastrine ottenuto dal sangue della persona viene utilizzato per ringiovanire la pelle e i tessuti dei capelli. Il plasma exosoma, invece, utilizza gli esosomi, che dirigono la comunicazione cellulare, per fornire una rigenerazione pi\u00f9 intensiva. Entrambi i metodi supportano la salute della pelle e dei capelli attivando i meccanismi naturali di rinnovamento.<\/p>\n<\/p><\/div>\n<\/p><\/div>\n<div>\n<div>\n<h2 class=\"h2-header\">Quali sono i benefici delle applicazioni di PRP e Plasma Exosoma?<\/h2>\n<\/p><\/div>\n<div>\n<p class=\"p-text\">Riduce le linee sottili e le rughe sulla pelle. Aumenta la luminosit\u00e0 e l&#039;elasticit\u00e0 della pelle. Ferma la caduta dei capelli e supporta la crescita di nuovi capelli. Aiuta a ridurre macchie, cicatrici e segni di acne. Offre un tempo di recupero rapido ed \u00e8 minimamente invasivo. Poich\u00e9 si tratta di un metodo naturale, il rischio di reazioni allergiche \u00e8 basso. Questi trattamenti offrono una guarigione a lungo termine affrontando le cause profonde dei problemi della pelle. Inoltre, offrono soluzioni adatte sia per uomini che per donne.<\/p>\n<\/p><\/div>\n<\/p><\/div>\n<div>\n<div>\n<h2 class=\"h2-header\">Che aspetto hanno i trattamenti PRP e Plasma Exosoma?<\/h2>\n<\/p><\/div>\n<div>\n<p class=\"p-text\">I trattamenti PRP e plasma exosoma rendono la pelle luminosa, donandole una struttura pi\u00f9 giovane e piena. Mentre la pelle stanca e opaca viene ringiovanita, i capelli diventano pi\u00f9 spessi e sani. La struttura dei pori della pelle migliora e si ottiene un tono pi\u00f9 omogeneo. I capelli mostrano una visibile pienezza e luminosit\u00e0.<\/p>\n<\/p><\/div>\n<\/p><\/div>\n<div>\n<div>\n<h2 class=\"h2-header\">Chi \u00e8 adatto per le applicazioni PRP e Plasma Exosoma?<\/h2>\n<\/p><\/div>\n<div>\n<p class=\"p-text\">Questi trattamenti sono adatti a chiunque desideri un rinnovo della pelle o dei capelli, indipendentemente dall&#039;et\u00e0. Sono una scelta ideale per chi sta vivendo la caduta dei capelli in giovane et\u00e0 o per coloro che desiderano ridurre i segni dell&#039;invecchiamento. Le persone con infezioni attive, disturbi del sangue o gravi condizioni della pelle devono consultare uno specialista per una valutazione. I piani di trattamento personalizzati offrono soluzioni su misura per tutti.<\/p>\n<\/p><\/div>\n<\/p><\/div>\n<div>\n<div>\n<h2 class=\"h2-header\">Perch\u00e9 i trattamenti PRP e Plasma Exosoma sono cos\u00ec popolari?<\/h2>\n<\/p><\/div>\n<div>\n<p class=\"p-text\">Offrono un approccio naturale e personalizzato al trattamento. Forniscono risultati efficaci senza la necessit\u00e0 di interventi chirurgici. Sono diventati pi\u00f9 efficaci grazie ai progressi tecnologici. Causano differenze visibili in breve tempo. Possono essere applicati con minimo rischio ed effetti collaterali. Inoltre, permettono alla maggior parte delle persone di tornare immediatamente alla loro vita sociale. La loro struttura innovativa e i risultati impressionanti li rendono un trattamento distintivo nel mondo estetico.<\/p>\n<\/p><\/div>\n<\/p><\/div>\n<div>\n<div>\n<h2 class=\"h2-header\">Come vengono applicati i trattamenti PRP e Plasma Exosoma?<\/h2>\n<\/p><\/div>\n<div>\n<p class=\"p-text\">Nel trattamento PRP, viene prelevato sangue dal paziente, separato tramite un dispositivo speciale e ottenuto il plasma ricco di piastrine. Questo plasma viene iniettato nell&#039;area problematica con aghi sottili. Nella terapia con plasma exosoma, gli esosomi ottenuti da fonti esterne vengono iniettati utilizzando lo stesso metodo. Entrambi i trattamenti durano generalmente 30-45 minuti e vengono eseguiti in un contesto clinico. Dopo la procedura, l&#039;individuo pu\u00f2 tornare alla vita normale e gli effetti iniziano ad essere visibili in breve tempo.<\/p>\n<\/p><\/div>\n<\/p><\/div>\n<div>\n<div>\n<h2 class=\"h2-header\">Quanto durano i risultati dei trattamenti PRP e Plasma Exosoma?<\/h2>\n<\/p><\/div>\n<div>\n<p class=\"p-text\">I risultati variano a seconda delle differenze individuali, ma i trattamenti PRP mantengono generalmente il loro effetto per 6-12 mesi. La terapia con plasma exosoma pu\u00f2 offrire una rigenerazione pi\u00f9 duratura. Per aumentare la durata dei risultati, sono consigliate sessioni regolari. Inoltre, mantenere una routine adeguata di cura della pelle \u00e8 fondamentale per continuare a godere degli effetti.<\/p>\n<\/p><\/div>\n<\/p><\/div>\n<div>\n<div>\n<h2 class=\"h2-header\">Il trattamento PRP e Plasma Exosoma causa dolore o disagio?<\/h2>\n<\/p><\/div>\n<div>\n<p class=\"p-text\">Durante l&#039;applicazione potrebbe esserci un lieve disagio, ma vengono utilizzate creme anestetiche locali per minimizzare questa sensazione. Dopo il trattamento, potrebbe verificarsi un lieve arrossamento o gonfiore, ma generalmente scompare entro 24 ore. Il comfort durante il trattamento aumenta in base all&#039;esperienza del professionista e alle sue tecniche di applicazione. I pazienti di solito tollerano la procedura comodamente.<\/p>\n<\/p><\/div>\n<\/p><\/div>\n<div>\n<div>\n<h2 class=\"h2-header\">Prezzi del trattamento PRP e Plasma Exosoma<\/h2>\n<\/p><\/div>\n<div>\n<p class=\"p-text\">I prezzi possono variare a seconda delle dimensioni dell&#039;area trattata, della durata del trattamento o dei servizi scelti. Il PRP \u00e8 generalmente pi\u00f9 economico, mentre le terapie con plasma exosoma possono differire. Per informazioni precise, \u00e8 consigliabile ottenere dettagli sui prezzi da una clinica specialistica. Inoltre, i trattamenti in pacchetto possono rendere le soluzioni a lungo termine pi\u00f9 economiche.<\/p>\n<\/p><\/div>\n<\/p><\/div>\n<div>\n<div>\n<h2 class=\"h2-header\">Perch\u00e9 scegliere la Dr. Terziler Exclusive Clinic?<\/h2>\n<\/p><\/div>\n<div>\n<p class=\"p-text\">Il Dr. Terziler, con una competenza riconosciuta a livello internazionale e un approccio estetico che combina arte e scienza, offre soluzioni personalizzate che non solo garantiscono una trasformazione fisica, ma anche un rinnovamento emotivo. La nostra clinica, dotata di tecnologie avanzate e che opera secondo i principi di comfort e sicurezza, adotta la perfezione come filosofia aziendale. Ogni trattamento qui mira a migliorare il vostro benessere complessivo e la vostra felicit\u00e0.<\/p>\n<\/p><\/div>\n<\/p><\/div>\n<\/p><\/div>\n<\/section>\n","protected":false},"excerpt":{"rendered":"<p>Trattamenti PRP e Plasma Exosome Le applicazioni PRP ed Exosome Plasma donano una luminosit\u00e0 giovanile alla tua pelle e un aspetto pieno e sano ai tuoi capelli. Queste tecnologie avanzate, che attivano meccanismi di rigenerazione naturale, fanno la differenza nel mondo della bellezza e della cura con una vasta gamma di effetti, dalla riduzione delle [&hellip;]<\/p>\n","protected":false},"author":6,"featured_media":0,"parent":15918,"menu_order":0,"comment_status":"closed","ping_status":"closed","template":"","meta":{"footnotes":""},"class_list":["post-16674","page","type-page","status-publish","hentry"],"_links":{"self":[{"href":"https:\/\/drterziler.com\/it\/wp-json\/wp\/v2\/pages\/16674","targetHints":{"allow":["GET"]}}],"collection":[{"href":"https:\/\/drterziler.com\/it\/wp-json\/wp\/v2\/pages"}],"about":[{"href":"https:\/\/drterziler.com\/it\/wp-json\/wp\/v2\/types\/page"}],"author":[{"embeddable":true,"href":"https:\/\/drterziler.com\/it\/wp-json\/wp\/v2\/users\/6"}],"replies":[{"embeddable":true,"href":"https:\/\/drterziler.com\/it\/wp-json\/wp\/v2\/comments?post=16674"}],"version-history":[{"count":18,"href":"https:\/\/drterziler.com\/it\/wp-json\/wp\/v2\/pages\/16674\/revisions"}],"predecessor-version":[{"id":58460,"href":"https:\/\/drterziler.com\/it\/wp-json\/wp\/v2\/pages\/16674\/revisions\/58460"}],"up":[{"embeddable":true,"href":"https:\/\/drterziler.com\/it\/wp-json\/wp\/v2\/pages\/15918"}],"wp:attachment":[{"href":"https:\/\/drterziler.com\/it\/wp-json\/wp\/v2\/media?parent=16674"}],"curies":[{"name":"wp","href":"https:\/\/api.w.org\/{rel}","templated":true}]}}