{"id":16782,"date":"2025-01-27T14:57:19","date_gmt":"2025-01-27T14:57:19","guid":{"rendered":"https:\/\/drterziler.com\/estetica-medica\/yuz-uygulamalari\/kok-hucre-uygulamalari\/gcell-regenere-activa\/"},"modified":"2026-04-21T14:19:43","modified_gmt":"2026-04-21T14:19:43","slug":"gcell-regenere-activa","status":"publish","type":"page","link":"https:\/\/drterziler.com\/it\/estetica-medica\/trattamenti-viso\/trattamenti-con-cellule-staminali\/gcell-regenere-activa\/","title":{"rendered":"Gcell \/ Regenere Activa"},"content":{"rendered":"<div class=\"page-content\">\n<div id=\"header-area\">\n<div class=\"container\" id=\"firstContent\">\n<div class=\"header-content d-flex flex-column\">\n<h1 class=\"content-title h1-header\">Gcell \/ Regenere Activa<\/h1>\n<div class=\"content-paragraph\">\n<p class=\"p-text\">Gcell \/ Regenere Activa \u00e8 un metodo di trattamento biotecnologico avanzato che offre una soluzione naturale ed efficace a problemi estetici come la caduta dei capelli e il ringiovanimento della pelle. Utilizzando le cellule proprie del paziente, questa procedura rafforza i capelli e crea effetti ringiovanenti sulla pelle senza necessit\u00e0 di interventi chirurgici. Adatto sia agli uomini che alle donne, questo trattamento garantisce risultati naturali e un miglioramento duraturo.<\/p>\n<\/p><\/div>\n<nav aria-label=\"breadcrumb\" class=\"breadcrumbs\">\n<ul class=\"d-flex align-items-center mb-0\">\n<li><a class=\"link\" href=\"https:\/\/drterziler.com\/it\/\"><span>Dr. Terziler Exclusive Clinic<\/span><\/a><\/li>\n<li class=\"separator\">\u00bb<\/li>\n<li><a class=\"link\" href=\"https:\/\/drterziler.com\/it\/estetica-medica\/\"><span>Estetica medica<\/span><\/a><\/li>\n<li class=\"separator\">\u00bb<\/li>\n<li><a class=\"link\" href=\"https:\/\/drterziler.com\/it\/estetica-medica\/trattamenti-viso\/\"><span>Trattamenti viso<\/span><\/a><\/li>\n<li class=\"separator\">\u00bb<\/li>\n<li><a class=\"link\" href=\"https:\/\/drterziler.com\/it\/estetica-medica\/trattamenti-viso\/trattamenti-con-cellule-staminali\/\"><span>Trattamenti con Cellule Staminali<\/span><\/a><\/li>\n<li class=\"separator\">\u00bb<\/li>\n<li class=\"current-page\"><span>Gcell \/ Regenere Activa<\/span><\/li>\n<\/ul>\n<\/nav><\/div>\n<\/p><\/div>\n<\/p><\/div>\n<\/div>\n<section id=\"content-area\">\n<div class=\"container my-5\">\n<div class=\"row align-items-start\">\n<div class=\"col-md-6 order-2 order-md-1\">\n<div class=\"custom-toc-box\">\n<div id=\"toc-header\">\n<h4>Indice dei contenuti<\/h4>\n<div class=\"toc-toggle-icon\"><\/div>\n<\/p><\/div>\n<div class=\"toc-full-divider\"><\/div>\n<div id=\"toc-body\">\n<div id=\"toc-container\"><\/div>\n<\/p><\/div>\n<\/p><\/div>\n<\/p><\/div>\n<div class=\"col-md-6 order-1 order-md-2\" id=\"jForm\">\n                <script type=\"text\/javascript\" src=\"https:\/\/form.jotform.com\/jsform\/242882600814961\"><\/script>\n            <\/div>\n<\/p><\/div>\n<\/p><\/div>\n<div class=\"container\">\n<div class=\"img-thumb\">\n            <img decoding=\"async\" src=\"https:\/\/drterziler.com\/wp-content\/uploads\/2025\/01\/Gcell-Regenere-Activa.webp\" alt=\"Gcell \/ Regenere Activa\" loading=\"lazy\">\n        <\/div>\n<div>\n<div>\n<h2 class=\"h2-header\">Cos&#8217;\u00e8 il Trattamento GCell Regenere Activa?<\/h2>\n<\/p><\/div>\n<div>\n<p class=\"p-text\">GCell Regenere Activa \u00e8 un metodo di trattamento biotecnologico di livello avanzato sviluppato per il ringiovanimento dei capelli e della pelle. Questo trattamento attiva i naturali meccanismi di guarigione del corpo utilizzando le propriet\u00e0 rigenerative e riparatrici delle cellule ottenute dai tessuti della persona stessa. Oltre ad essere efficace nel trattamento di problemi come la caduta dei capelli, il diradamento e la debolezza capillare, offre ottimi risultati nel ringiovanimento cutaneo e nel recupero dell&#8217;elasticit\u00e0 perduta.<\/p>\n<\/p><\/div>\n<\/p><\/div>\n<div>\n<div>\n<h2 class=\"h2-header\">Cos&#8217;\u00e8 la Sospensione di Tessuto Autologo?<\/h2>\n<\/p><\/div>\n<div>\n<p class=\"p-text\">La sospensione di tessuto autologo \u00e8 un metodo di trattamento che supporta il naturale processo di guarigione del corpo utilizzando gli effetti rigenerativi e riparatori delle cellule ottenute dai tessuti propri della persona. Offre una soluzione efficace per la caduta dei capelli, l&#8217;invecchiamento cutaneo e altri problemi estetici. Questo trattamento garantisce risultati sicuri e naturali eliminando il rischio di reazioni allergiche.<\/p>\n<\/p><\/div>\n<\/p><\/div>\n<div>\n<div>\n<h2 class=\"h2-header\">Quali sono i vantaggi del trattamento GCell Regenere Activa?<\/h2>\n<\/p><\/div>\n<div>\n<p class=\"p-text\">Garantisce risultati sicuri con cellule naturali. \u00c8 una procedura non chirurgica e minimamente invasiva. Ha effetti duraturi e permanenti. Offre un rapido processo di guarigione. Non c&#8217;\u00e8 rischio di reazioni allergiche. Supporta la rigenerazione dei capelli e della pelle. Offre piani di trattamento personalizzati.<\/p>\n<\/p><\/div>\n<\/p><\/div>\n<div>\n<div>\n<h2 class=\"h2-header\">Per chi \u00e8 indicato il trattamento GCell Regenere Activa?<\/h2>\n<\/p><\/div>\n<div>\n<p class=\"p-text\">Individui che soffrono di caduta dei capelli. Chi desidera rafforzare i capelli sottili. Persone che riscontrano una perdita di elasticit\u00e0 cutanea. Chi vuole ridurre i segni dell&#8217;invecchiamento. Individui con rilassamento cutaneo. Persone con preoccupazioni estetiche (sia uomini che donne). Chi desidera aumentare la qualit\u00e0 generale della vita.<\/p>\n<\/p><\/div>\n<\/p><\/div>\n<div>\n<div>\n<h2 class=\"h2-header\">Che tipo di aspetto offre il trattamento GCell Regenere Activa?<\/h2>\n<\/p><\/div>\n<div>\n<p class=\"p-text\">I risultati ottenuti dopo il trattamento sono molto evidenti. Negli individui che soffrono di caduta dei capelli, le ciocche diventano pi\u00f9 piene, spesse e sane. L&#8217;aumento della densit\u00e0 \u00e8 visibile soprattutto nelle aree diradate. Nelle applicazioni cutanee, le linee sottili si riducono, il tono della pelle si equilibra e appare un aspetto pi\u00f9 giovane. L&#8217;elasticit\u00e0 cutanea aumenta, rendendo il viso pi\u00f9 sodo e dinamico. Il trattamento mette in risalto la bellezza naturale della persona evitando la formazione di un aspetto artificiale.<\/p>\n<\/p><\/div>\n<\/p><\/div>\n<div>\n<div>\n<h2 class=\"h2-header\">Quanto durano i risultati del trattamento GCell Regenere Activa?<\/h2>\n<\/p><\/div>\n<div>\n<p class=\"p-text\">La durata degli effetti del trattamento pu\u00f2 variare a seconda dello stile di vita, dei fattori genetici e della routine di cura della pelle. Tuttavia, generalmente mantiene la sua efficacia per 1-2 anni. Questo periodo pu\u00f2 essere ulteriormente esteso con sessioni di manutenzione regolari e uno stile di vita sano.<\/p>\n<\/p><\/div>\n<\/p><\/div>\n<div>\n<div>\n<h2 class=\"h2-header\">Il trattamento GCell Regenere Activa causa dolore o fastidio?<\/h2>\n<\/p><\/div>\n<div>\n<p class=\"p-text\">Poich\u00e9 durante il trattamento viene utilizzato un metodo minimamente invasivo, la sensazione di dolore o fastidio \u00e8 molto ridotta. La procedura, eseguita in anestesia locale, \u00e8 generalmente ben tollerata dai pazienti. Dopo l&#8217;intervento pu\u00f2 verificarsi una leggera sensibilit\u00e0, che solitamente scompare entro pochi giorni.<\/p>\n<\/p><\/div>\n<\/p><\/div>\n<div>\n<div>\n<h2 class=\"h2-header\">Perch\u00e9 il trattamento GCell Regenere Activa \u00e8 popolare?<\/h2>\n<\/p><\/div>\n<div>\n<p class=\"p-text\">GCell Regenere Activa ha guadagnato grande popolarit\u00e0 grazie alla sua capacit\u00e0 di fornire una rigenerazione naturale e risultati sicuri. Essendo una procedura che non richiede chirurgia, con tempi di esecuzione brevi e una guarigione rapida, rappresenta l&#8217;opzione ideale per chi ha ritmi di vita intensi. Il fatto che personaggi famosi scelgano questo trattamento e condividano le loro esperienze positive ne ha aumentato ulteriormente la fama. \u00c8 diventata un&#8217;opzione di trattamento versatile non solo per la caduta dei capelli, ma anche per il ringiovanimento cutaneo e le soluzioni anti-aging.<\/p>\n<\/p><\/div>\n<\/p><\/div>\n<div>\n<div>\n<h2 class=\"h2-header\">Quali sono i prezzi del trattamento GCell Regenere Activa?<\/h2>\n<\/p><\/div>\n<div>\n<p class=\"p-text\">I prezzi del trattamento GCell Regenere Activa possono variare in base all&#8217;area di applicazione, all&#8217;estensione del trattamento e alla tecnologia utilizzata. Una valutazione personalizzata e la creazione di un piano adatto alle necessit\u00e0 sono i fattori pi\u00f9 importanti che influenzano il costo. Considerando gli effetti a lungo termine, questo trattamento rappresenta un investimento prezioso per i benefici che offre.<\/p>\n<\/p><\/div>\n<\/p><\/div>\n<div>\n<div>\n<h2 class=\"h2-header\">Perch\u00e9 scegliere la Clinica Dr. Terziler Exclusive?<\/h2>\n<\/p><\/div>\n<div>\n<p class=\"p-text\">Il Dr. Terziler, con la sua competenza riconosciuta a livello internazionale e un approccio estetico che unisce l&#8217;arte alla scienza, offre soluzioni personalizzate che propongono non solo una trasformazione fisica, ma anche un rinnovamento emotivo. La nostra clinica, dotata di tecnologie avanzate in linea con i principi di comfort e sicurezza, adotta l&#8217;eccellenza come filosofia aziendale. Ogni tocco effettuato qui \u00e8 volto a migliorare la vostra salute generale e la vostra felicit\u00e0.<\/p>\n<\/p><\/div>\n<\/p><\/div>\n<\/p><\/div>\n<\/section>\n","protected":false},"excerpt":{"rendered":"<p>Gcell \/ Regenere Activa Gcell \/ Regenere Activa \u00e8 un metodo di trattamento biotecnologico avanzato che offre una soluzione naturale ed efficace a problemi estetici come la caduta dei capelli e il ringiovanimento della pelle. Utilizzando le cellule proprie del paziente, questa procedura rafforza i capelli e crea effetti ringiovanenti sulla pelle senza necessit\u00e0 di [&hellip;]<\/p>\n","protected":false},"author":6,"featured_media":0,"parent":16722,"menu_order":0,"comment_status":"closed","ping_status":"closed","template":"","meta":{"footnotes":""},"class_list":["post-16782","page","type-page","status-publish","hentry"],"_links":{"self":[{"href":"https:\/\/drterziler.com\/it\/wp-json\/wp\/v2\/pages\/16782","targetHints":{"allow":["GET"]}}],"collection":[{"href":"https:\/\/drterziler.com\/it\/wp-json\/wp\/v2\/pages"}],"about":[{"href":"https:\/\/drterziler.com\/it\/wp-json\/wp\/v2\/types\/page"}],"author":[{"embeddable":true,"href":"https:\/\/drterziler.com\/it\/wp-json\/wp\/v2\/users\/6"}],"replies":[{"embeddable":true,"href":"https:\/\/drterziler.com\/it\/wp-json\/wp\/v2\/comments?post=16782"}],"version-history":[{"count":26,"href":"https:\/\/drterziler.com\/it\/wp-json\/wp\/v2\/pages\/16782\/revisions"}],"predecessor-version":[{"id":59762,"href":"https:\/\/drterziler.com\/it\/wp-json\/wp\/v2\/pages\/16782\/revisions\/59762"}],"up":[{"embeddable":true,"href":"https:\/\/drterziler.com\/it\/wp-json\/wp\/v2\/pages\/16722"}],"wp:attachment":[{"href":"https:\/\/drterziler.com\/it\/wp-json\/wp\/v2\/media?parent=16782"}],"curies":[{"name":"wp","href":"https:\/\/api.w.org\/{rel}","templated":true}]}}