{"id":16886,"date":"2025-01-28T07:48:33","date_gmt":"2025-01-28T07:48:33","guid":{"rendered":"https:\/\/drterziler.com\/estetica-medica\/yuz-uygulamalari\/skinbooster\/"},"modified":"2026-03-06T21:21:54","modified_gmt":"2026-03-06T21:21:54","slug":"rinforzatore-della-pelle","status":"publish","type":"page","link":"https:\/\/drterziler.com\/it\/estetica-medica\/trattamenti-viso\/rinforzatore-della-pelle\/","title":{"rendered":"Rinforzatore Della Pelle"},"content":{"rendered":"<div class=\"page-content\">\n<div id=\"header-area\">\n<div class=\"container\" id=\"firstContent\">\n<div class=\"header-content d-flex flex-column\">\n<h1 class=\"content-title h1-header\">Rinforzatore Della Pelle<\/h1>\n<div class=\"content-paragraph\">\n<p class=\"p-text\">\u00c8 un metodo di trattamento estremamente efficace e innovativo che rivitalizza la salute e l&#039;aspetto della pelle. Grazie alla sua formula contenente acido ialuronico, idrata in profondit\u00e0 la pelle, ne aumenta l&#039;elasticit\u00e0 e minimizza i segni dell&#039;invecchiamento. Fornendo un aspetto naturale e radioso della pelle, crea un sano effetto di ringiovanimento e rende la pelle pi\u00f9 vibrante.<\/p>\n<\/p><\/div>\n<nav aria-label=\"breadcrumb\" class=\"breadcrumbs\">\n<ul class=\"d-flex align-items-center mb-0\">\n<li><a class=\"link\" href=\"https:\/\/drterziler.com\/it\/\"><span>Dr. Terziler Exclusive Clinic<\/span><\/a><\/li>\n<li class=\"separator\">\u00bb<\/li>\n<li><a class=\"link\" href=\"https:\/\/drterziler.com\/it\/estetica-medica\/\"><span>Estetica medica<\/span><\/a><\/li>\n<li class=\"separator\">\u00bb<\/li>\n<li><a class=\"link\" href=\"https:\/\/drterziler.com\/it\/estetica-medica\/trattamenti-viso\/\"><span>Trattamenti viso<\/span><\/a><\/li>\n<li class=\"separator\">\u00bb<\/li>\n<li class=\"current-page\"><span>Rinforzatore Della Pelle<\/span><\/li>\n<\/ul>\n<\/nav><\/div>\n<\/p><\/div>\n<\/p><\/div>\n<\/div>\n<section id=\"content-area\">\n<div class=\"container my-5\">\n<div class=\"row align-items-start\">\n<div class=\"col-md-6 order-2 order-md-1\">\n<div class=\"custom-toc-box\">\n<div id=\"toc-header\">\n<h4>Indice dei contenuti<\/h4>\n<div class=\"toc-toggle-icon\"><\/div>\n<\/p><\/div>\n<div class=\"toc-full-divider\"><\/div>\n<div id=\"toc-body\">\n<div id=\"toc-container\"><\/div>\n<\/p><\/div>\n<\/p><\/div>\n<\/p><\/div>\n<div class=\"col-md-6 order-1 order-md-2\" id=\"jForm\">\n                <script type=\"text\/javascript\" src=\"https:\/\/form.jotform.com\/jsform\/242882600814961\"><\/script>\n            <\/div>\n<\/p><\/div>\n<\/p><\/div>\n<div class=\"container\">\n<div class=\"img-thumb\">\n            <img decoding=\"async\" src=\"https:\/\/drterziler.com\/wp-content\/uploads\/2025\/01\/Skinbooster.webp\" alt=\"Rinforzatore Della Pelle\" loading=\"lazy\">\n        <\/div>\n<div>\n<div>\n<h2 class=\"h2-header\">Cos&#039;\u00e8 Skinbooster?<\/h2>\n<\/p><\/div>\n<div>\n<p class=\"p-text\">Skinbooster \u00e8 un trattamento a base di acido ialuronico che aumenta l&#039;equilibrio di umidit\u00e0 della pelle, ripristina la sua elasticit\u00e0 e restituisce il suo bagliore naturale. Questo trattamento prevede l&#039;iniezione di sostanze idratanti e nutrienti sotto la pelle, aiutandola a sembrare sana e vibrante. Skinbooster viene tipicamente applicato in aree come il viso, il collo, il d\u00e9collet\u00e9 e le mani.<\/p>\n<\/p><\/div>\n<\/p><\/div>\n<div>\n<div>\n<h2 class=\"h2-header\">Quali sono i benefici di Skinbooster?<\/h2>\n<\/p><\/div>\n<div>\n<p class=\"p-text\">Migliora rapidamente l&#039;equilibrio di umidit\u00e0 della pelle. Aumenta l&#039;elasticit\u00e0 e la compattezza della pelle. Riduce le rughe e ammorbidisce le linee sottili. Uniforma il tono della pelle e fornisce un aspetto radioso. Restituisce il naturale bagliore giovanile della pelle. Fornisce effetti di nutrimento profondo. Ottiene risultati efficaci con interventi minimi.<\/p>\n<\/p><\/div>\n<\/p><\/div>\n<div>\n<div>\n<h2 class=\"h2-header\">Che aspetto fornisce?<\/h2>\n<\/p><\/div>\n<div>\n<p class=\"p-text\">Il trattamento Skinbooster aggiunge umidit\u00e0 e luminosit\u00e0 alla pelle. La pelle appare pi\u00f9 viva, fresca e giovane. Le rughe e le linee sottili diminuiscono, mentre la pelle diventa pi\u00f9 tesa e liscia. Il trattamento fornisce un bagliore sano e illumina il tono della pelle.<\/p>\n<\/p><\/div>\n<\/p><\/div>\n<div>\n<div>\n<h2 class=\"h2-header\">Chi \u00e8 adatto a questo trattamento?<\/h2>\n<\/p><\/div>\n<div>\n<p class=\"p-text\">Individui che hanno perso l&#039;equilibrio di umidit\u00e0 della pelle. Persone che si lamentano di linee sottili e rughe. Chi desidera una pelle giovane, radiosa e sana. Individui che sperimentano cedimento o perdita di elasticit\u00e0 nel viso. Persone che preferiscono interventi non chirurgici. Chi ha un tono di pelle irregolare. Individui che cercano un aspetto sano e naturale della pelle.<\/p>\n<\/p><\/div>\n<\/p><\/div>\n<div>\n<div>\n<h2 class=\"h2-header\">Perch\u00e9 \u00e8 popolare?<\/h2>\n<\/p><\/div>\n<div>\n<p class=\"p-text\">Skinbooster \u00e8 popolare perch\u00e9 offre risultati massimi con interventi minimi. Fornisce risultati rapidi e affidabili nel ringiovanimento della pelle e nel miglioramento dell&#039;umidit\u00e0. Inoltre, riduce significativamente i segni dell&#039;invecchiamento mantenendo un aspetto naturale. Alti tassi di soddisfazione e un profilo a basso rischio sono anche fattori che contribuiscono alla sua popolarit\u00e0.<\/p>\n<\/p><\/div>\n<\/p><\/div>\n<div>\n<div>\n<h2 class=\"h2-header\">Come viene applicato?<\/h2>\n<\/p><\/div>\n<div>\n<p class=\"p-text\">Skinbooster viene iniettato sotto la pelle utilizzando formulazioni speciali contenenti acido ialuronico. La procedura viene tipicamente eseguita sotto anestesia locale, garantendo un processo di trattamento confortevole. L&#039;applicazione prevede diverse piccole iniezioni in aree specifiche. Il trattamento di solito dura dai 15 ai 30 minuti, e i pazienti possono riprendere immediatamente le loro attivit\u00e0 quotidiane.<\/p>\n<\/p><\/div>\n<\/p><\/div>\n<div>\n<div>\n<h2 class=\"h2-header\">Quanto durano i risultati?<\/h2>\n<\/p><\/div>\n<div>\n<p class=\"p-text\">I risultati del trattamento Skinbooster generalmente durano da 6 a 12 mesi. A seconda delle condizioni della pelle e dello stile di vita, i risultati possono fornire effetti duraturi. Tuttavia, per mantenere gli effetti, si consiglia di fare una o due sessioni di rinnovo all&#039;anno.<\/p>\n<\/p><\/div>\n<\/p><\/div>\n<div>\n<div>\n<h2 class=\"h2-header\">Fa male?<\/h2>\n<\/p><\/div>\n<div>\n<p class=\"p-text\">Il trattamento Skinbooster viene generalmente eseguito con dolore e disagio minimi. Poich\u00e9 viene applicata anestesia locale, non si avverte dolore durante la procedura. Dopo il trattamento, potrebbero esserci lievi dolori o gonfiori, ma sono temporanei e dovrebbero scomparire entro poche ore.<\/p>\n<\/p><\/div>\n<\/p><\/div>\n<div>\n<div>\n<h2 class=\"h2-header\">Prezzi del Trattamento Skinbooster<\/h2>\n<\/p><\/div>\n<div>\n<p class=\"p-text\">I prezzi del trattamento Skinbooster possono variare a seconda del numero di aree da trattare, della dose dell&#039;applicazione o di eventuali trattamenti combinati preferiti. Pertanto, per le informazioni pi\u00f9 accurate, si prega di contattare i nostri consulenti sanitari.<\/p>\n<\/p><\/div>\n<\/p><\/div>\n<div>\n<div>\n<h2 class=\"h2-header\">Perch\u00e9 scegliere la Dr. Terziler Exclusive Clinic?<\/h2>\n<\/p><\/div>\n<div>\n<p class=\"p-text\">Il Dr. Terziler, con una competenza riconosciuta a livello internazionale e un approccio estetico che combina arte e scienza, offre soluzioni personalizzate che non solo garantiscono una trasformazione fisica, ma anche un rinnovamento emotivo. La nostra clinica, dotata di tecnologie avanzate e che opera secondo i principi di comfort e sicurezza, adotta la perfezione come filosofia aziendale. Ogni trattamento qui mira a migliorare la vostra salute complessiva e la vostra felicit\u00e0.<\/p>\n<\/p><\/div>\n<\/p><\/div>\n<\/p><\/div>\n<\/section>\n","protected":false},"excerpt":{"rendered":"<p>Rinforzatore Della Pelle \u00c8 un metodo di trattamento estremamente efficace e innovativo che rivitalizza la salute e l&#039;aspetto della pelle. Grazie alla sua formula contenente acido ialuronico, idrata in profondit\u00e0 la pelle, ne aumenta l&#039;elasticit\u00e0 e minimizza i segni dell&#039;invecchiamento. Fornendo un aspetto naturale e radioso della pelle, crea un sano effetto di ringiovanimento e [&hellip;]<\/p>\n","protected":false},"author":6,"featured_media":0,"parent":15918,"menu_order":0,"comment_status":"closed","ping_status":"closed","template":"","meta":{"footnotes":""},"class_list":["post-16886","page","type-page","status-publish","hentry"],"_links":{"self":[{"href":"https:\/\/drterziler.com\/it\/wp-json\/wp\/v2\/pages\/16886","targetHints":{"allow":["GET"]}}],"collection":[{"href":"https:\/\/drterziler.com\/it\/wp-json\/wp\/v2\/pages"}],"about":[{"href":"https:\/\/drterziler.com\/it\/wp-json\/wp\/v2\/types\/page"}],"author":[{"embeddable":true,"href":"https:\/\/drterziler.com\/it\/wp-json\/wp\/v2\/users\/6"}],"replies":[{"embeddable":true,"href":"https:\/\/drterziler.com\/it\/wp-json\/wp\/v2\/comments?post=16886"}],"version-history":[{"count":14,"href":"https:\/\/drterziler.com\/it\/wp-json\/wp\/v2\/pages\/16886\/revisions"}],"predecessor-version":[{"id":59766,"href":"https:\/\/drterziler.com\/it\/wp-json\/wp\/v2\/pages\/16886\/revisions\/59766"}],"up":[{"embeddable":true,"href":"https:\/\/drterziler.com\/it\/wp-json\/wp\/v2\/pages\/15918"}],"wp:attachment":[{"href":"https:\/\/drterziler.com\/it\/wp-json\/wp\/v2\/media?parent=16886"}],"curies":[{"name":"wp","href":"https:\/\/api.w.org\/{rel}","templated":true}]}}