{"id":16984,"date":"2025-01-28T08:00:00","date_gmt":"2025-01-28T08:00:00","guid":{"rendered":"https:\/\/drterziler.com\/estetica-medica\/dermatoloji\/"},"modified":"2026-04-21T14:18:54","modified_gmt":"2026-04-21T14:18:54","slug":"dermatologia","status":"publish","type":"page","link":"https:\/\/drterziler.com\/it\/estetica-medica\/dermatologia\/","title":{"rendered":"Dermatologia"},"content":{"rendered":"<div class=\"page-content category-page\">\n<div id=\"header-area\">\n<div class=\"container\" id=\"firstContent\">\n<div class=\"header-content d-flex flex-column\">\n<h1 class=\"content-title\">Dermatologia<\/h1>\n<div class=\"content-paragraph\">\n<p>La dermatologia in Turchia offre cure avanzate e accessibili per le condizioni di pelle, capelli e unghie, utilizzando tecnologie moderne e specialisti esperti. Le cliniche dermatologiche turche offrono trattamenti completi per acne, eczema, psoriasi, rosacea, problemi di pigmentazione e invecchiamento cutaneo. Molte si specializzano anche in servizi di dermatologia estetica come Botox, filler, terapia laser e peeling chimici. Con strutture accreditate a livello internazionale e dermatologi che parlano inglese, la Turchia attrae molti pazienti internazionali alla ricerca di cure cutanee sia mediche che estetiche.<\/p>\n<\/p><\/div>\n<nav aria-label=\"breadcrumb\" class=\"breadcrumbs\">\n<ul class=\"d-flex align-items-center mb-0\">\n<li><a class=\"link\" href=\"https:\/\/drterziler.com\/it\/\"><span>Dr. Terziler<\/span><\/a><\/li>\n<li class=\"separator\">\u00bb<\/li>\n<li><a class=\"link\" href=\"https:\/\/drterziler.com\/it\/estetica-medica\/\"><span>Estetica Medica<\/span><\/a><\/li>\n<li class=\"separator\">\u00bb<\/li>\n<li class=\"current-page\"><span>Dermatologia<\/span><\/li>\n<\/ul>\n<\/nav><\/div>\n<\/p><\/div>\n<\/p><\/div>\n<\/div>\n<section class=\"svc-section\">\n<div class=\"container\">\n<div class=\"svc-item right-card\">\n<div class=\"svc-media\">\n                <img decoding=\"async\" src=\"https:\/\/drterziler.com\/wp-content\/uploads\/2025\/02\/Akne-ve-Sivilce-Tedavisi.webp\" loading=\"lazy\" class=\"cat-img\" alt=\"\">\n            <\/div>\n<div class=\"svc-card\">\n<h3 class=\"svc-title gilda\">Trattamento di Acne e Brufoli<\/h3>\n<p class=\"svc-text barlow\">\n                    Comprende una serie di procedure dermatologiche volte a eliminare l&#8217;acne e le cicatrici da brufoli. Metodi come trattamenti laser, peeling chimici e farmaci topici vengono utilizzati per detergere la pelle e ripristinarne l&#8217;equilibrio. Il trattamento \u00e8 personalizzato in base al tipo di pelle, fornendo risultati efficaci e rapidi.\n                <\/p>\n<p>                <a class=\"btn-details barlow-condensed\" href=\"https:\/\/drterziler.com\/it\/estetica-medica\/dermatologia\/trattamento-dellacne-e-dei-brufoli\/\">DETTAGLI<\/a>\n            <\/div>\n<\/p><\/div>\n<div class=\"svc-item left-card\">\n<div class=\"svc-media\">\n                <img decoding=\"async\" src=\"https:\/\/drterziler.com\/wp-content\/uploads\/2025\/02\/Skar-Yara-Izi-Tedavisi.webp\" loading=\"lazy\" class=\"cat-img\" alt=\"\">\n            <\/div>\n<div class=\"svc-card\">\n<h3 class=\"svc-title gilda\">Trattamento delle Cicatrici<\/h3>\n<p class=\"svc-text barlow\">\n                    Il trattamento delle cicatrici \u00e8 una procedura estetica volta a ridurre o migliorare l&#8217;aspetto delle cicatrici sulla pelle. Questo trattamento agisce supportando i naturali processi di guarigione della pelle per minimizzare la visibilit\u00e0 dei segni.\n                <\/p>\n<p>                <a class=\"btn-details barlow-condensed\" href=\"https:\/\/drterziler.com\/it\/estetica-medica\/dermatologia\/trattamento-della-cicatrice\/\">DETTAGLI<\/a>\n            <\/div>\n<\/p><\/div>\n<div class=\"svc-item right-card\">\n<div class=\"svc-media\">\n                <img decoding=\"async\" src=\"https:\/\/drterziler.com\/wp-content\/uploads\/2025\/02\/Ben-Tedavisi.webp\" loading=\"lazy\" class=\"cat-img\" alt=\"\">\n            <\/div>\n<div class=\"svc-card\">\n<h3 class=\"svc-title gilda\">Trattamento dei Nei<\/h3>\n<p class=\"svc-text barlow\">\n                    Il trattamento dei nei \u00e8 un metodo moderno applicato per rimuovere i nei indesiderati dalla pelle per motivi estetici o di salute. Questa procedura viene eseguita utilizzando tecniche come il laser, l&#8217;escissione chirurgica o la crioterapia, ed \u00e8 pianificata per essere sicura e lasciare cicatrici minime. Il trattamento, su misura per l&#8217;individuo, mira a fornire un aspetto della pelle liscio e sano.\n                <\/p>\n<p>                <a class=\"btn-details barlow-condensed\" href=\"https:\/\/drterziler.com\/it\/estetica-medica\/dermatologia\/trattamento-delle-talpe\/\">DETTAGLI<\/a>\n            <\/div>\n<\/p><\/div>\n<div class=\"svc-item left-card\">\n<div class=\"svc-media\">\n                <img decoding=\"async\" src=\"https:\/\/drterziler.com\/wp-content\/uploads\/2025\/01\/Sedef-Hastaligi.webp\" loading=\"lazy\" class=\"cat-img\" alt=\"\">\n            <\/div>\n<div class=\"svc-card\">\n<h3 class=\"svc-title gilda\">Trattamento della Psoriasi<\/h3>\n<p class=\"svc-text barlow\">\n                    La psoriasi \u00e8 una condizione cutanea correlata al sistema immunitario, che causa un rapido rinnovamento della pelle e infiammazione. Si presenta tipicamente con lesioni che causano arrossamento, desquamazione e prurito sulla pelle. La malattia pu\u00f2 svilupparsi a causa di una combinazione di predisposizione genetica e fattori ambientali e, se non trattata, pu\u00f2 influire negativamente sulla qualit\u00e0 della vita.\n                <\/p>\n<p>                <a class=\"btn-details barlow-condensed\" href=\"https:\/\/drterziler.com\/it\/estetica-medica\/dermatologia\/trattamento-della-psoriasi\/\">DETTAGLI<\/a>\n            <\/div>\n<\/p><\/div>\n<div class=\"svc-item right-card\">\n<div class=\"svc-media\">\n                <img decoding=\"async\" src=\"https:\/\/drterziler.com\/wp-content\/uploads\/2025\/02\/Mantar-Hastaliklari.webp\" loading=\"lazy\" class=\"cat-img\" alt=\"\">\n            <\/div>\n<div class=\"svc-card\">\n<h3 class=\"svc-title gilda\">Trattamento delle Infezioni Fungine<\/h3>\n<p class=\"svc-text barlow\">\n                    Le infezioni fungine sono problemi di salute causati dalla presenza di funghi nella pelle, nelle unghie, nei capelli e in altre parti del corpo. Queste infezioni possono diffondersi rapidamente, specialmente in ambienti caldi e umidi. Le malattie fungine possono portare a sintomi fastidiosi nel corpo e, se non trattate, possono provocare gravi problemi di salute.\n                <\/p>\n<p>                <a class=\"btn-details barlow-condensed\" href=\"https:\/\/drterziler.com\/it\/estetica-medica\/dermatologia\/trattamento-delle-infezioni-fungine\/\">DETTAGLI<\/a>\n            <\/div>\n<\/p><\/div>\n<div class=\"svc-item left-card\">\n<div class=\"svc-media\">\n                <img decoding=\"async\" src=\"https:\/\/drterziler.com\/wp-content\/uploads\/2025\/02\/Egzama.webp\" loading=\"lazy\" class=\"cat-img\" alt=\"\">\n            <\/div>\n<div class=\"svc-card\">\n<h3 class=\"svc-title gilda\">Trattamento dell&#8217;Eczema<\/h3>\n<p class=\"svc-text barlow\">\n                    L&#8217;eczema \u00e8 una condizione cronica della pelle caratterizzata da infiammazione, prurito, secchezza e arrossamenti. Questa condizione pu\u00f2 essere scatenata da predisposizione genetica, problemi del sistema immunitario e fattori ambientali. Si manifesta tipicamente con prurito e arrossamento e, se non trattata, pu\u00f2 causare danni permanenti alla pelle. L&#8217;eczema pu\u00f2 essere suddiviso in vari tipi, tra cui dermatite atopica, dermatite da contatto e dermatite seborroica.\n                <\/p>\n<p>                <a class=\"btn-details barlow-condensed\" href=\"https:\/\/drterziler.com\/it\/estetica-medica\/dermatologia\/trattamento-delleczema\/\">DETTAGLI<\/a>\n            <\/div>\n<\/p><\/div>\n<div class=\"svc-item right-card\">\n<div class=\"svc-media\">\n                <img decoding=\"async\" src=\"https:\/\/drterziler.com\/wp-content\/uploads\/2025\/02\/Alerjik-Cilt-Hastaliklari.webp\" loading=\"lazy\" class=\"cat-img\" alt=\"\">\n            <\/div>\n<div class=\"svc-card\">\n<h3 class=\"svc-title gilda\">Malattie Cutanee Allergiche<\/h3>\n<p class=\"svc-text barlow\">\n                    Le malattie cutanee allergiche si verificano quando il sistema immunitario reagisce in modo errato sulla pelle, causando fastidi come prurito e arrossamento. Il trattamento di queste malattie \u00e8 un passo importante per ripristinare la salute della pelle e minimizzare le reazioni allergiche. Con i giusti metodi di trattamento, i sintomi sulla pelle possono migliorare rapidamente e si pu\u00f2 ottenere un aspetto sano.\n                <\/p>\n<p>                <a class=\"btn-details barlow-condensed\" href=\"https:\/\/drterziler.com\/it\/estetica-medica\/dermatologia\/malattie-allergiche-della-pelle\/\">DETTAGLI<\/a>\n            <\/div>\n<\/p><\/div>\n<div class=\"svc-item left-card\">\n<div class=\"svc-media\">\n                <img decoding=\"async\" src=\"https:\/\/drterziler.com\/wp-content\/uploads\/2025\/02\/Dokuntulu-Hastaliklar.webp\" loading=\"lazy\" class=\"cat-img\" alt=\"\">\n            <\/div>\n<div class=\"svc-card\">\n<h3 class=\"svc-title gilda\">Malattie Esantematiche<\/h3>\n<p class=\"svc-text barlow\">\n                    Si tratta di condizioni che si manifestano tipicamente con sintomi quali arrossamento, prurito, vesciche o macchie sulla pelle. Il trattamento delle malattie esantematiche viene determinato in base alla causa sottostante e generalmente comporta farmaci, prodotti per la cura della pelle e trattamenti di supporto per alleviare i sintomi.\n                <\/p>\n<p>                <a class=\"btn-details barlow-condensed\" href=\"https:\/\/drterziler.com\/it\/estetica-medica\/dermatologia\/malattie-eruzioni-cutanee\/\">DETTAGLI<\/a>\n            <\/div>\n<\/p><\/div>\n<\/p><\/div>\n<\/section>\n","protected":false},"excerpt":{"rendered":"<p>Dermatologia La dermatologia in Turchia offre cure avanzate e accessibili per le condizioni di pelle, capelli e unghie, utilizzando tecnologie moderne e specialisti esperti. Le cliniche dermatologiche turche offrono trattamenti completi per acne, eczema, psoriasi, rosacea, problemi di pigmentazione e invecchiamento cutaneo. Molte si specializzano anche in servizi di dermatologia estetica come Botox, filler, terapia [&hellip;]<\/p>\n","protected":false},"author":6,"featured_media":0,"parent":3070,"menu_order":0,"comment_status":"closed","ping_status":"closed","template":"","meta":{"footnotes":""},"class_list":["post-16984","page","type-page","status-publish","hentry"],"_links":{"self":[{"href":"https:\/\/drterziler.com\/it\/wp-json\/wp\/v2\/pages\/16984","targetHints":{"allow":["GET"]}}],"collection":[{"href":"https:\/\/drterziler.com\/it\/wp-json\/wp\/v2\/pages"}],"about":[{"href":"https:\/\/drterziler.com\/it\/wp-json\/wp\/v2\/types\/page"}],"author":[{"embeddable":true,"href":"https:\/\/drterziler.com\/it\/wp-json\/wp\/v2\/users\/6"}],"replies":[{"embeddable":true,"href":"https:\/\/drterziler.com\/it\/wp-json\/wp\/v2\/comments?post=16984"}],"version-history":[{"count":70,"href":"https:\/\/drterziler.com\/it\/wp-json\/wp\/v2\/pages\/16984\/revisions"}],"predecessor-version":[{"id":59770,"href":"https:\/\/drterziler.com\/it\/wp-json\/wp\/v2\/pages\/16984\/revisions\/59770"}],"up":[{"embeddable":true,"href":"https:\/\/drterziler.com\/it\/wp-json\/wp\/v2\/pages\/3070"}],"wp:attachment":[{"href":"https:\/\/drterziler.com\/it\/wp-json\/wp\/v2\/media?parent=16984"}],"curies":[{"name":"wp","href":"https:\/\/api.w.org\/{rel}","templated":true}]}}