{"id":17065,"date":"2025-01-28T08:13:17","date_gmt":"2025-01-28T08:13:17","guid":{"rendered":"https:\/\/drterziler.com\/estetica-medica\/dermatoloji\/akne-ve-sivilce-tedavisi\/"},"modified":"2026-04-21T14:01:29","modified_gmt":"2026-04-21T14:01:29","slug":"trattamento-dellacne-e-dei-brufoli","status":"publish","type":"page","link":"https:\/\/drterziler.com\/it\/estetica-medica\/dermatologia\/trattamento-dellacne-e-dei-brufoli\/","title":{"rendered":"Trattamento dell&#8217;acne e dei brufoli"},"content":{"rendered":"<div class=\"page-content\">\n<div id=\"header-area\">\n<div class=\"container\" id=\"firstContent\">\n<div class=\"header-content d-flex flex-column\">\n<h1 class=\"content-title h1-header\">Trattamento dell&#8217;acne e dei brufoli<\/h1>\n<div class=\"content-paragraph\">\n<p class=\"p-text\">Comprende una serie di procedure dermatologiche volte ad eliminare le cicatrici da acne e brufoli. Metodi come trattamenti laser, peeling chimici e farmaci topici vengono utilizzati per pulire e riequilibrare la pelle. Il trattamento \u00e8 personalizzato in base al tipo di pelle, offrendo risultati efficaci e rapidi.<\/p>\n<\/p><\/div>\n<nav aria-label=\"breadcrumb\" class=\"breadcrumbs\">\n<ul class=\"d-flex align-items-center mb-0\">\n<li><a class=\"link\" href=\"https:\/\/drterziler.com\/it\/\"><span>Dr. Terziler Exclusive Clinic<\/span><\/a><\/li>\n<li class=\"separator\">\u00bb<\/li>\n<li><a class=\"link\" href=\"https:\/\/drterziler.com\/it\/estetica-medica\/\"><span>Estetica medica<\/span><\/a><\/li>\n<li class=\"separator\">\u00bb<\/li>\n<li><a class=\"link\" href=\"https:\/\/drterziler.com\/it\/estetica-medica\/dermatologia\/\"><span>Dermatologia<\/span><\/a><\/li>\n<li class=\"separator\">\u00bb<\/li>\n<li class=\"current-page\"><span>Trattamento dell&#8217;Acne e dei brufoli<\/span><\/li>\n<\/ul>\n<\/nav><\/div>\n<\/p><\/div>\n<\/p><\/div>\n<\/div>\n<section id=\"content-area\">\n<div class=\"container my-5\">\n<div class=\"row align-items-start\">\n<div class=\"col-md-6 order-2 order-md-1\">\n<div class=\"custom-toc-box\">\n<div id=\"toc-header\">\n<h4>Indice dei contenuti<\/h4>\n<div class=\"toc-toggle-icon\"><\/div>\n<\/p><\/div>\n<div class=\"toc-full-divider\"><\/div>\n<div id=\"toc-body\">\n<div id=\"toc-container\"><\/div>\n<\/p><\/div>\n<\/p><\/div>\n<\/p><\/div>\n<div class=\"col-md-6 order-1 order-md-2\" id=\"jForm\">\n                <script type=\"text\/javascript\" src=\"https:\/\/form.jotform.com\/jsform\/242882600814961\"><\/script>\n            <\/div>\n<\/p><\/div>\n<\/p><\/div>\n<div class=\"container\">\n<div class=\"img-thumb\">\n            <img decoding=\"async\" src=\"https:\/\/drterziler.com\/wp-content\/uploads\/2025\/01\/Akne-ve-Sivilce-Tedavisi.webp\" loading=\"lazy\" alt=\"\">\n        <\/div>\n<div>\n<div>\n<h2 class=\"h2-header\">Cos&#8217;\u00e8 il Trattamento dell&#8217;Acne e dei Brufoli?<\/h2>\n<\/p><\/div>\n<div>\n<p class=\"p-text\">Il trattamento dell&#8217;Acne \u00e8 una serie di metodi estetici finalizzati a prevenire e trattare l&#039;acne (brufoli) e la formazione di punti neri sulla pelle. L&#039;acne \u00e8 un problema cutaneo comune causato da ghiandole sebacee ostruite, infezioni batteriche o cambiamenti ormonali. Il trattamento dell&#8217;Acne affronta le cause sottostanti di questi problemi, riduce l&#039;infiammazione sulla pelle, rinnova il tessuto cutaneo e migliora l&#039;aspetto delle cicatrici.<\/p>\n<\/p><\/div>\n<\/p><\/div>\n<div>\n<div>\n<h2 class=\"h2-header\">Quali sono i benefici?<\/h2>\n<\/p><\/div>\n<div>\n<p class=\"p-text\">Garantisce una pelle pi\u00f9 pulita e chiara, un tono della pelle uniforme, riduce le cicatrici dell&#8217;Acne, allevia rapidamente l&#039;infiammazione, supporta la rigenerazione della pelle, aumenta l&#039;autostima e consente un rapido ritorno alle attivit\u00e0 quotidiane.<\/p>\n<\/p><\/div>\n<\/p><\/div>\n<div>\n<div>\n<h2 class=\"h2-header\">Come appare il trattamento dell&#8217;Acne?<\/h2>\n<\/p><\/div>\n<div>\n<p class=\"p-text\">Il trattamento dell&#8217;Acne migliora significativamente l&#039;aspetto dei brufoli e delle cicatrici sulla pelle. Dopo il trattamento, la pelle appare pi\u00f9 pulita, liscia, sana e pi\u00f9 vitale. Si osserva un evidente bagliore e ringiovanimento nella texture della pelle dopo il trattamento. Il miglioramento delle cicatrici dell&#8217;Acne e del tono della pelle porta a un aspetto complessivamente pi\u00f9 giovane e fresco.<\/p>\n<\/p><\/div>\n<\/p><\/div>\n<div>\n<div>\n<h2 class=\"h2-header\">A chi \u00e8 adatto?<\/h2>\n<\/p><\/div>\n<div>\n<p class=\"p-text\">Adolescenti in pubert\u00e0, individui con acne legata all&#039;et\u00e0, chi soffre di ansia sociale a causa dei brufoli, persone con pelle soggetta ad acne, chi cerca risultati rapidi e persone che preferiscono soluzioni non chirurgiche.<\/p>\n<\/p><\/div>\n<\/p><\/div>\n<div>\n<div>\n<h2 class=\"h2-header\">Perch\u00e9 il trattamento dell&#8217;Acne \u00e8 popolare?<\/h2>\n<\/p><\/div>\n<div>\n<p class=\"p-text\">Il trattamento dell&#8217;Acne aiuta gli individui a gestire i problemi della pelle e a riconquistare la propria autostima. Con l&#039;interesse crescente per la cura della pelle negli ultimi anni, il trattamento dell&#8217;Acne \u00e8 diventato una scelta popolare tra adolescenti e adulti. La procedura \u00e8 popolare per la sua invasivit\u00e0 minima e i rapidi risultati. Inoltre, il trattamento dell&#8217;Acne non solo affronta l&#039;acne, ma tratta anche le cicatrici, offrendo una soluzione pi\u00f9 completa.<\/p>\n<\/p><\/div>\n<\/p><\/div>\n<div>\n<div>\n<h2 class=\"h2-header\">Come viene applicato il trattamento dell&#8217;Acne?<\/h2>\n<\/p><\/div>\n<div>\n<p class=\"p-text\">I metodi pi\u00f9 comuni includono il trattamento laser, il peeling chimico e il PRP. I raggi laser mirano ai pigmenti sotto la pelle per ridurre le macchie. Il peeling chimico rimuove lo strato superiore della pelle, creando una superficie sana. Il PRP ringiovanisce la pelle con il sangue che ha propriet\u00e0 rigenerative. Il processo di trattamento \u00e8 personalizzato ed eseguito da un medico esperto.<\/p>\n<\/p><\/div>\n<\/p><\/div>\n<div>\n<div>\n<h2 class=\"h2-header\">Quanto durano i risultati?<\/h2>\n<\/p><\/div>\n<div>\n<p class=\"p-text\">La durata dei risultati del trattamento dell&#8217;Acne varia a seconda del metodo applicato e delle caratteristiche individuali della pelle. Generalmente, l&#039;acne e le cicatrici sono significativamente ridotte dopo il trattamento, e la pelle ottiene un aspetto pi\u00f9 sano. Tuttavia, cambiamenti ormonali, stile di vita o fattori ambientali potrebbero far riapparire l&#039;acne. Una cura regolare e sessioni di trattamento possono rendere i risultati pi\u00f9 permanenti.<\/p>\n<\/p><\/div>\n<\/p><\/div>\n<div>\n<div>\n<h2 class=\"h2-header\">C&#039;\u00e8 dolore o disagio?<\/h2>\n<\/p><\/div>\n<div>\n<p class=\"p-text\">La maggior parte dei trattamenti per l&#039;acne \u00e8 indolore, ma alcuni metodi (soprattutto il peeling chimico o il laser) possono causare una leggera sensazione di bruciore o disagio. Procedure come la mesoterapia e la microdermoabrasione sono eseguite con minimo disagio e di solito non richiedono anestesia. A seconda della sensibilit\u00e0 della pelle, possono essere applicate creme anestetiche o sistemi di raffreddamento prima del trattamento per ridurre il disagio.<\/p>\n<\/p><\/div>\n<\/p><\/div>\n<div>\n<div>\n<h2 class=\"h2-header\">Costi del trattamento dell&#8217;Acne<\/h2>\n<\/p><\/div>\n<div>\n<p class=\"p-text\">I prezzi del trattamento dell&#8217;Acne variano a seconda del metodo di trattamento e del tipo di pelle. Generalmente, i trattamenti pi\u00f9 semplici sono offerti a prezzi pi\u00f9 accessibili, mentre metodi avanzati come il laser o la mesoterapia possono essere leggermente pi\u00f9 costosi. Per informazioni dettagliate sui prezzi, consigliamo di contattare la nostra clinica.<\/p>\n<\/p><\/div>\n<\/p><\/div>\n<div>\n<div>\n<h2 class=\"h2-header\">Perch\u00e9 scegliere la Dr. Terziler Exclusive Clinic?<\/h2>\n<\/p><\/div>\n<div>\n<p class=\"p-text\">Il Dr. Terziler, con competenze riconosciute a livello internazionale e un approccio estetico che combina arte e scienza, fornisce soluzioni personalizzate che offrono non solo una trasformazione fisica, ma anche un rinnovamento emotivo. La nostra clinica, dotata di tecnologie avanzate e che opera secondo i principi di comfort e sicurezza, adotta la perfezione come filosofia aziendale. Ogni trattamento qui \u00e8 finalizzato a migliorare la tua salute complessiva e la tua felicit\u00e0.<\/p>\n<\/p><\/div>\n<\/p><\/div>\n<\/p><\/div>\n<\/section>\n","protected":false},"excerpt":{"rendered":"<p>Trattamento dell&#8217;acne e dei brufoli Comprende una serie di procedure dermatologiche volte ad eliminare le cicatrici da acne e brufoli. Metodi come trattamenti laser, peeling chimici e farmaci topici vengono utilizzati per pulire e riequilibrare la pelle. Il trattamento \u00e8 personalizzato in base al tipo di pelle, offrendo risultati efficaci e rapidi. Dr. Terziler Exclusive [&hellip;]<\/p>\n","protected":false},"author":6,"featured_media":0,"parent":16984,"menu_order":0,"comment_status":"closed","ping_status":"closed","template":"","meta":{"footnotes":""},"class_list":["post-17065","page","type-page","status-publish","hentry"],"_links":{"self":[{"href":"https:\/\/drterziler.com\/it\/wp-json\/wp\/v2\/pages\/17065","targetHints":{"allow":["GET"]}}],"collection":[{"href":"https:\/\/drterziler.com\/it\/wp-json\/wp\/v2\/pages"}],"about":[{"href":"https:\/\/drterziler.com\/it\/wp-json\/wp\/v2\/types\/page"}],"author":[{"embeddable":true,"href":"https:\/\/drterziler.com\/it\/wp-json\/wp\/v2\/users\/6"}],"replies":[{"embeddable":true,"href":"https:\/\/drterziler.com\/it\/wp-json\/wp\/v2\/comments?post=17065"}],"version-history":[{"count":14,"href":"https:\/\/drterziler.com\/it\/wp-json\/wp\/v2\/pages\/17065\/revisions"}],"predecessor-version":[{"id":59772,"href":"https:\/\/drterziler.com\/it\/wp-json\/wp\/v2\/pages\/17065\/revisions\/59772"}],"up":[{"embeddable":true,"href":"https:\/\/drterziler.com\/it\/wp-json\/wp\/v2\/pages\/16984"}],"wp:attachment":[{"href":"https:\/\/drterziler.com\/it\/wp-json\/wp\/v2\/media?parent=17065"}],"curies":[{"name":"wp","href":"https:\/\/api.w.org\/{rel}","templated":true}]}}