{"id":17114,"date":"2025-01-28T08:17:45","date_gmt":"2025-01-28T08:17:45","guid":{"rendered":"https:\/\/drterziler.com\/estetica-medica\/dermatoloji\/skar-yara-izi-tedavisi\/"},"modified":"2026-03-06T21:30:59","modified_gmt":"2026-03-06T21:30:59","slug":"trattamento-della-cicatrice","status":"publish","type":"page","link":"https:\/\/drterziler.com\/it\/estetica-medica\/dermatologia\/trattamento-della-cicatrice\/","title":{"rendered":"Trattamento della cicatrice"},"content":{"rendered":"<div class=\"page-content\">\n<div id=\"header-area\">\n<div class=\"container\" id=\"firstContent\">\n<div class=\"header-content d-flex flex-column\">\n<h1 class=\"content-title h1-header\">Trattamento della cicatrice<\/h1>\n<div class=\"content-paragraph\">\n<p class=\"p-text\">Il trattamento delle cicatrici \u00e8 una procedura estetica volta a ridurre o migliorare l&#039;aspetto delle cicatrici sulla pelle. Questo trattamento supporta i naturali processi di guarigione della pelle, mirando a ridurre al minimo l&#039;importanza delle cicatrici.<\/p>\n<\/p><\/div>\n<nav aria-label=\"breadcrumb\" class=\"breadcrumbs\">\n<ul class=\"d-flex align-items-center mb-0\">\n<li><a class=\"link\" href=\"https:\/\/drterziler.com\/it\"><span>Dr. Terziler Exclusive Clinic<\/span><\/a><\/li>\n<li class=\"separator\">\u00bb<\/li>\n<li><a class=\"link\" href=\"https:\/\/drterziler.com\/it\/estetica-medica\/\"><span>Estetica medica<\/span><\/a><\/li>\n<li class=\"separator\">\u00bb<\/li>\n<li><a class=\"link\" href=\"https:\/\/drterziler.com\/it\/estetica-medica\/dermatologia\/\"><span>Dermatologia<\/span><\/a><\/li>\n<li class=\"separator\">\u00bb<\/li>\n<li class=\"current-page\"><span>Trattamento della cicatrice<\/span><\/li>\n<\/ul>\n<\/nav><\/div>\n<\/p><\/div>\n<\/p><\/div>\n<\/div>\n<section id=\"content-area\">\n<div class=\"container my-5\">\n<div class=\"row align-items-start\">\n<div class=\"col-md-6 order-2 order-md-1\">\n<div class=\"custom-toc-box\">\n<div id=\"toc-header\">\n<h4>Indice dei contenuti<\/h4>\n<div class=\"toc-toggle-icon\"><\/div>\n<\/p><\/div>\n<div class=\"toc-full-divider\"><\/div>\n<div id=\"toc-body\">\n<div id=\"toc-container\"><\/div>\n<\/p><\/div>\n<\/p><\/div>\n<\/p><\/div>\n<div class=\"col-md-6 order-1 order-md-2\" id=\"jForm\">\n                <script type=\"text\/javascript\" src=\"https:\/\/form.jotform.com\/jsform\/242882600814961\"><\/script>\n            <\/div>\n<\/p><\/div>\n<\/p><\/div>\n<div class=\"container\">\n<div class=\"img-thumb\">\n            <img decoding=\"async\" src=\"https:\/\/drterziler.com\/wp-content\/uploads\/2025\/01\/Skar-Yara-Izi-Tedavisi.webp\" alt=\"Trattamento della cicatrice\" loading=\"lazy\">\n        <\/div>\n<div>\n<div>\n<h2 class=\"h2-header\">Cos&#039;\u00e8 il Trattamento delle Cicatrici (Ferite)?<\/h2>\n<\/p><\/div>\n<div>\n<p class=\"p-text\">Il trattamento delle cicatrici \u00e8 una procedura estetica finalizzata a ridurre o migliorare l&#039;aspetto delle cicatrici sulla pelle. Questo trattamento supporta i processi di guarigione naturali della pelle per minimizzare la visibilit\u00e0 delle cicatrici. Possono essere utilizzati vari metodi come il trattamento laser, il microneedling, il peeling chimico e i filler dermici. Il trattamento \u00e8 personalizzato in base al tipo, alla dimensione e alle condizioni generali della cicatrice.<\/p>\n<\/p><\/div>\n<\/p><\/div>\n<div>\n<div>\n<h2 class=\"h2-header\">Quali sono i benefici del trattamento delle cicatrici (ferite)?<\/h2>\n<\/p><\/div>\n<div>\n<p class=\"p-text\">Migliora l&#039;aspetto estetico Aumenta l&#039;autostima Applicabile a molti tipi di cicatrici Procedura indolore e confortevole Fornisce risultati rapidi Migliora la qualit\u00e0 della pelle Effetti duraturi Pu\u00f2 essere applicato a qualsiasi et\u00e0<\/p>\n<\/p><\/div>\n<\/p><\/div>\n<div>\n<div>\n<h2 class=\"h2-header\">A chi \u00e8 adatto?<\/h2>\n<\/p><\/div>\n<div>\n<p class=\"p-text\">Chi ha cicatrici da acne Individui con cicatrici da intervento chirurgico Persone che hanno subito lesioni traumatiche Chi cerca una rapida guarigione Persone che desiderano rinnovare la texture della pelle Chi ha a cuore l&#039;aspetto estetico Individui con problemi cronici di cicatrici Persone che cercano soluzioni minimamente invasive<\/p>\n<\/p><\/div>\n<\/p><\/div>\n<div>\n<div>\n<h2 class=\"h2-header\">Perch\u00e9 il trattamento delle cicatrici \u00e8 popolare?<\/h2>\n<\/p><\/div>\n<div>\n<p class=\"p-text\">Il trattamento delle cicatrici \u00e8 diventato sempre pi\u00f9 popolare grazie ai progressi tecnologici e all&#039;uso diffuso di metodi minimamente invasivi. I rapidi risultati, la natura generalmente indolore e la capacit\u00e0 di migliorare l&#039;aspetto estetico sono le principali ragioni per cui le persone scelgono questo trattamento. Inoltre, l&#039;ascesa dei social media e l&#039;aumento della consapevolezza riguardo le procedure estetiche hanno contribuito alla sua popolarit\u00e0.<\/p>\n<\/p><\/div>\n<\/p><\/div>\n<div>\n<div>\n<h2 class=\"h2-header\">Come viene applicato il trattamento delle cicatrici (ferite)?<\/h2>\n<\/p><\/div>\n<div>\n<p class=\"p-text\">Il metodo utilizzato nel trattamento delle cicatrici \u00e8 determinato dallo specialista. Ad esempio, il trattamento laser riduce la pigmentazione della pelle e stimola la produzione di collagene. Nel microneedling, vengono creati micro canali sulla superficie della pelle per accelerare il processo di rinnovo. Il peeling chimico rimuove lo strato superficiale della pelle, creando una texture cutanea pi\u00f9 sana. L&#039;intero processo viene eseguito in un ambiente igienico da un medico o un esperto estetico qualificato.<\/p>\n<\/p><\/div>\n<\/p><\/div>\n<div>\n<div>\n<h2 class=\"h2-header\">C&#039;\u00e8 dolore o disagio durante il trattamento delle cicatrici (ferite)?<\/h2>\n<\/p><\/div>\n<div>\n<p class=\"p-text\">La maggior parte dei trattamenti per le cicatrici \u00e8 minimamente dolorosa o completamente indolore. Durante metodi come il laser o il microneedling, potrebbe esserci una leggera sensazione di calore o formicolio sulla pelle. Vengono applicate creme anestetiche prima della procedura per aumentare il comfort. Dopo il trattamento, potrebbe esserci una leggera sensibilit\u00e0, ma generalmente dura solo per un breve periodo.<\/p>\n<\/p><\/div>\n<\/p><\/div>\n<div>\n<div>\n<h2 class=\"h2-header\">Quanto dura una sessione di trattamento delle cicatrici (ferite)?<\/h2>\n<\/p><\/div>\n<div>\n<p class=\"p-text\">Una sessione di trattamento delle cicatrici dura generalmente tra i 30 e i 60 minuti. La durata pu\u00f2 variare a seconda del metodo utilizzato e della dimensione dell&#039;area trattata. Tuttavia, in alcuni casi, potrebbero essere necessarie pi\u00f9 sessioni. Gli intervalli tra le sessioni vengono pianificati in base al processo di rinnovo della pelle.<\/p>\n<\/p><\/div>\n<\/p><\/div>\n<div>\n<div>\n<h2 class=\"h2-header\">Quanto tempo ci vuole per guarire dopo il trattamento delle cicatrici (ferite)?<\/h2>\n<\/p><\/div>\n<div>\n<p class=\"p-text\">Il tempo di guarigione dopo il trattamento dipende dal metodo applicato. Per il microneedling o il peeling chimico, la pelle di solito guarisce entro 3-7 giorni. Nei trattamenti laser, la guarigione completa pu\u00f2 richiedere 1-2 settimane. Seguire le istruzioni per la cura post-trattamento accelera il processo di guarigione e fornisce risultati migliori.<\/p>\n<\/p><\/div>\n<\/p><\/div>\n<div>\n<div>\n<h2 class=\"h2-header\">Perch\u00e9 scegliere la Dr. Terziler Exclusive Clinic?<\/h2>\n<\/p><\/div>\n<div>\n<p class=\"p-text\">Il Dr. Terziler, con competenze riconosciute a livello internazionale e un approccio estetico che combina arte e scienza, fornisce soluzioni personalizzate che offrono non solo una trasformazione fisica, ma anche un rinnovamento emotivo. La nostra clinica, dotata di tecnologie avanzate e che opera secondo i principi di comfort e sicurezza, adotta la perfezione come filosofia aziendale. Ogni trattamento qui \u00e8 finalizzato a migliorare la tua salute complessiva e la tua felicit\u00e0.<\/p>\n<\/p><\/div>\n<\/p><\/div>\n<\/p><\/div>\n<\/section>\n","protected":false},"excerpt":{"rendered":"<p>Trattamento della cicatrice Il trattamento delle cicatrici \u00e8 una procedura estetica volta a ridurre o migliorare l&#039;aspetto delle cicatrici sulla pelle. Questo trattamento supporta i naturali processi di guarigione della pelle, mirando a ridurre al minimo l&#039;importanza delle cicatrici. Dr. Terziler Exclusive Clinic \u00bb Estetica medica \u00bb Dermatologia \u00bb Trattamento della cicatrice Indice dei contenuti [&hellip;]<\/p>\n","protected":false},"author":6,"featured_media":0,"parent":16984,"menu_order":0,"comment_status":"closed","ping_status":"closed","template":"","meta":{"footnotes":""},"class_list":["post-17114","page","type-page","status-publish","hentry"],"_links":{"self":[{"href":"https:\/\/drterziler.com\/it\/wp-json\/wp\/v2\/pages\/17114","targetHints":{"allow":["GET"]}}],"collection":[{"href":"https:\/\/drterziler.com\/it\/wp-json\/wp\/v2\/pages"}],"about":[{"href":"https:\/\/drterziler.com\/it\/wp-json\/wp\/v2\/types\/page"}],"author":[{"embeddable":true,"href":"https:\/\/drterziler.com\/it\/wp-json\/wp\/v2\/users\/6"}],"replies":[{"embeddable":true,"href":"https:\/\/drterziler.com\/it\/wp-json\/wp\/v2\/comments?post=17114"}],"version-history":[{"count":14,"href":"https:\/\/drterziler.com\/it\/wp-json\/wp\/v2\/pages\/17114\/revisions"}],"predecessor-version":[{"id":59774,"href":"https:\/\/drterziler.com\/it\/wp-json\/wp\/v2\/pages\/17114\/revisions\/59774"}],"up":[{"embeddable":true,"href":"https:\/\/drterziler.com\/it\/wp-json\/wp\/v2\/pages\/16984"}],"wp:attachment":[{"href":"https:\/\/drterziler.com\/it\/wp-json\/wp\/v2\/media?parent=17114"}],"curies":[{"name":"wp","href":"https:\/\/api.w.org\/{rel}","templated":true}]}}