{"id":17163,"date":"2025-01-28T08:21:45","date_gmt":"2025-01-28T08:21:45","guid":{"rendered":"https:\/\/drterziler.com\/estetica-medica\/dermatoloji\/ben-tedavisi\/"},"modified":"2026-03-06T21:58:56","modified_gmt":"2026-03-06T21:58:56","slug":"trattamento-delle-talpe","status":"publish","type":"page","link":"https:\/\/drterziler.com\/it\/estetica-medica\/dermatologia\/trattamento-delle-talpe\/","title":{"rendered":"Trattamento delle talpe"},"content":{"rendered":"<div class=\"page-content\">\n<div id=\"header-area\">\n<div class=\"container\" id=\"firstContent\">\n<div class=\"header-content d-flex flex-column\">\n<h1 class=\"content-title h1-header\">Trattamento dei nei<\/h1>\n<div class=\"content-paragraph\">\n<p class=\"p-text\">Il trattamento dei nei \u00e8 una procedura moderna utilizzata per rimuovere nei indesiderati dalla pelle per motivi estetici o di salute. Questo processo viene eseguito utilizzando tecniche come laser, escissione chirurgica o crioterapia ed \u00e8 progettato per essere sicuro e lasciare cicatrici minime. Con un approccio personalizzato, il trattamento mira a fornire alla pelle un aspetto liscio e sano.<\/p>\n<\/p><\/div>\n<nav aria-label=\"breadcrumb\" class=\"breadcrumbs\">\n<ul class=\"d-flex align-items-center mb-0\">\n<li><a class=\"link\" href=\"https:\/\/drterziler.com\/it\"><span>Dr. Terziler Exclusive Clinic<\/span><\/a><\/li>\n<li class=\"separator\">\u00bb<\/li>\n<li><a class=\"link\" href=\"https:\/\/drterziler.com\/it\/estetica-medica\/\"><span>Estetica medica<\/span><\/a><\/li>\n<li class=\"separator\">\u00bb<\/li>\n<li><a class=\"link\" href=\"https:\/\/drterziler.com\/it\/estetica-medica\/dermatologia\/\"><span>Dermatologia<\/span><\/a><\/li>\n<li class=\"separator\">\u00bb<\/li>\n<li class=\"current-page\"><span>Trattamento dei nei<\/span><\/li>\n<\/ul>\n<\/nav><\/div>\n<\/p><\/div>\n<\/p><\/div>\n<\/div>\n<section id=\"content-area\">\n<div class=\"container my-5\">\n<div class=\"row align-items-start\">\n<div class=\"col-md-6 order-2 order-md-1\">\n<div class=\"custom-toc-box\">\n<div id=\"toc-header\">\n<h4>Indice dei contenuti<\/h4>\n<div class=\"toc-toggle-icon\"><\/div>\n<\/p><\/div>\n<div class=\"toc-full-divider\"><\/div>\n<div id=\"toc-body\">\n<div id=\"toc-container\"><\/div>\n<\/p><\/div>\n<\/p><\/div>\n<\/p><\/div>\n<div class=\"col-md-6 order-1 order-md-2\" id=\"jForm\">\n                <script type=\"text\/javascript\" src=\"https:\/\/form.jotform.com\/jsform\/242882600814961\"><\/script>\n            <\/div>\n<\/p><\/div>\n<\/p><\/div>\n<div class=\"container\">\n<div class=\"img-thumb\">\n            <img decoding=\"async\" src=\"https:\/\/drterziler.com\/wp-content\/uploads\/2025\/01\/Ben-Tedavisi.webp\" loading=\"lazy\" alt=\"\">\n        <\/div>\n<div>\n<div>\n<h2 class=\"h2-header\">Cos&#039;\u00e8 il trattamento dei nei?<\/h2>\n<\/p><\/div>\n<div>\n<p class=\"p-text\">Il trattamento dei nei \u00e8 una procedura dermatologica finalizzata alla rimozione di nei di diverse dimensioni e colori dalla pelle per motivi estetici o di salute. Il trattamento inizia solitamente con un esame dermatologico, e il metodo appropriato viene scelto in base al tipo di neo. Sono disponibili varie applicazioni come il laser, la crioterapia, l&#039;escissione chirurgica o i metodi di radiofrequenza. Il trattamento dei nei pu\u00f2 essere eseguito per affrontare sia preoccupazioni estetiche che per ridurre il rischio potenziale di cancro della pelle.<\/p>\n<\/p><\/div>\n<\/p><\/div>\n<div>\n<div>\n<h2 class=\"h2-header\">Quali sono i benefici del trattamento dei nei?<\/h2>\n<\/p><\/div>\n<div>\n<p class=\"p-text\">Migliora l&#039;aspetto estetico, \u00e8 minimamente invasivo, protegge la salute della pelle, fornisce risultati rapidi, offre soluzioni personalizzate, fornisce risultati permanenti, \u00e8 completamente sicuro e fornisce sollievo psicologico.<\/p>\n<\/p><\/div>\n<\/p><\/div>\n<div>\n<div>\n<h2 class=\"h2-header\">A chi \u00e8 adatto?<\/h2>\n<\/p><\/div>\n<div>\n<p class=\"p-text\">Chi ha nei che crescono o cambiano, individui con preoccupazioni estetiche, persone a rischio di problemi di salute, chi desidera uniformare il tono della pelle, persone che cercano soluzioni indolori e rapide, chi prova disagio funzionale, individui con predisposizione genetica e persone che puntano a una migliore cura di s\u00e9.<\/p>\n<\/p><\/div>\n<\/p><\/div>\n<div>\n<div>\n<h2 class=\"h2-header\">Perch\u00e9 il trattamento dei nei \u00e8 popolare?<\/h2>\n<\/p><\/div>\n<div>\n<p class=\"p-text\">Il trattamento dei nei ha guadagnato popolarit\u00e0 grazie ai progressi tecnologici e allo sviluppo di metodi indolori e rapidi. Le crescenti preoccupazioni estetiche, l&#039;interesse per un aspetto della pelle uniforme sui social media e la maggiore consapevolezza riguardo ai controlli regolari della pelle hanno anche contribuito a questa popolarit\u00e0. Inoltre, la possibilit\u00e0 di valutare i nei sia esteticamente che per preoccupazioni di salute e intervenire precocemente ha reso il trattamento pi\u00f9 allettante.<\/p>\n<\/p><\/div>\n<\/p><\/div>\n<div>\n<div>\n<h2 class=\"h2-header\">Come viene applicato il trattamento dei nei?<\/h2>\n<\/p><\/div>\n<div>\n<p class=\"p-text\">Il metodo utilizzato per il trattamento dei nei viene determinato dopo un esame dermatologico. I nei piccoli e superficiali vengono generalmente rimossi con il trattamento laser, mentre quelli pi\u00f9 grandi o profondi potrebbero richiedere l&#039;escissione chirurgica. La crioterapia viene utilizzata per congelare ed eliminare il neo, mentre la radiofrequenza vaporizza il neo con un basso calore. La procedura viene eseguita in un ambiente sterile, e la durata del processo dipende dal metodo utilizzato.<\/p>\n<\/p><\/div>\n<\/p><\/div>\n<div>\n<div>\n<h2 class=\"h2-header\">C&#039;\u00e8 dolore o disagio durante il trattamento dei nei?<\/h2>\n<\/p><\/div>\n<div>\n<p class=\"p-text\">I metodi moderni di trattamento dei nei sono generalmente indolori o causano un minimo di disagio. Durante procedure come il laser o la radiofrequenza, pu\u00f2 esserci una leggera sensazione di calore o di pizzicore. Nell&#039;escissione chirurgica, viene applicata un&#039;anestesia locale per garantire il comfort del paziente. Dopo la procedura, potrebbe verificarsi una leggera sensibilit\u00e0 o un lieve arrossamento, ma solitamente si risolve rapidamente.<\/p>\n<\/p><\/div>\n<\/p><\/div>\n<div>\n<div>\n<h2 class=\"h2-header\">Quanto dura il trattamento dei nei?<\/h2>\n<\/p><\/div>\n<div>\n<p class=\"p-text\">La durata del trattamento dipende dal tipo e dal numero di nei. Metodi come il laser o la crioterapia di solito durano 15-30 minuti, mentre l&#039;escissione chirurgica potrebbe richiedere pi\u00f9 tempo. La maggior parte delle procedure pu\u00f2 essere completata in una sola sessione, ma in alcuni casi potrebbero essere necessarie pi\u00f9 sessioni.<\/p>\n<\/p><\/div>\n<\/p><\/div>\n<div>\n<div>\n<h2 class=\"h2-header\">Quanto tempo ci vuole per guarire dopo il trattamento dei nei?<\/h2>\n<\/p><\/div>\n<div>\n<p class=\"p-text\">Il tempo di guarigione dopo il trattamento dei nei varia in base al metodo utilizzato. Dopo il trattamento laser, la pelle guarisce generalmente completamente entro 7-10 giorni, mentre nelle procedure chirurgiche, questo pu\u00f2 richiedere 1-2 settimane. Seguire le istruzioni per la cura post-trattamento fornite dal medico accelera il processo di guarigione e garantisce i migliori risultati.<\/p>\n<\/p><\/div>\n<\/p><\/div>\n<div>\n<div>\n<h2 class=\"h2-header\">Perch\u00e9 scegliere la Dr. Terziler Exclusive Clinic?<\/h2>\n<\/p><\/div>\n<div>\n<p class=\"p-text\">Il Dr. Terziler, con competenze riconosciute a livello internazionale e un approccio estetico che combina arte e scienza, fornisce soluzioni personalizzate che offrono non solo una trasformazione fisica, ma anche un rinnovamento emotivo. La nostra clinica, dotata di tecnologie avanzate e che opera secondo i principi di comfort e sicurezza, adotta la perfezione come filosofia aziendale. Ogni trattamento qui \u00e8 finalizzato a migliorare la tua salute complessiva e la tua felicit\u00e0.<\/p>\n<\/p><\/div>\n<\/p><\/div>\n<\/p><\/div>\n<\/section>\n","protected":false},"excerpt":{"rendered":"<p>Trattamento dei nei Il trattamento dei nei \u00e8 una procedura moderna utilizzata per rimuovere nei indesiderati dalla pelle per motivi estetici o di salute. Questo processo viene eseguito utilizzando tecniche come laser, escissione chirurgica o crioterapia ed \u00e8 progettato per essere sicuro e lasciare cicatrici minime. Con un approccio personalizzato, il trattamento mira a fornire [&hellip;]<\/p>\n","protected":false},"author":6,"featured_media":0,"parent":16984,"menu_order":0,"comment_status":"closed","ping_status":"closed","template":"","meta":{"footnotes":""},"class_list":["post-17163","page","type-page","status-publish","hentry"],"_links":{"self":[{"href":"https:\/\/drterziler.com\/it\/wp-json\/wp\/v2\/pages\/17163","targetHints":{"allow":["GET"]}}],"collection":[{"href":"https:\/\/drterziler.com\/it\/wp-json\/wp\/v2\/pages"}],"about":[{"href":"https:\/\/drterziler.com\/it\/wp-json\/wp\/v2\/types\/page"}],"author":[{"embeddable":true,"href":"https:\/\/drterziler.com\/it\/wp-json\/wp\/v2\/users\/6"}],"replies":[{"embeddable":true,"href":"https:\/\/drterziler.com\/it\/wp-json\/wp\/v2\/comments?post=17163"}],"version-history":[{"count":14,"href":"https:\/\/drterziler.com\/it\/wp-json\/wp\/v2\/pages\/17163\/revisions"}],"predecessor-version":[{"id":59776,"href":"https:\/\/drterziler.com\/it\/wp-json\/wp\/v2\/pages\/17163\/revisions\/59776"}],"up":[{"embeddable":true,"href":"https:\/\/drterziler.com\/it\/wp-json\/wp\/v2\/pages\/16984"}],"wp:attachment":[{"href":"https:\/\/drterziler.com\/it\/wp-json\/wp\/v2\/media?parent=17163"}],"curies":[{"name":"wp","href":"https:\/\/api.w.org\/{rel}","templated":true}]}}