{"id":17259,"date":"2025-01-28T08:29:38","date_gmt":"2025-01-28T08:29:38","guid":{"rendered":"https:\/\/drterziler.com\/estetica-medica\/dermatoloji\/mantar-hastaliklari-tedavisi\/"},"modified":"2026-03-06T22:00:46","modified_gmt":"2026-03-06T22:00:46","slug":"trattamento-delle-infezioni-fungine","status":"publish","type":"page","link":"https:\/\/drterziler.com\/it\/estetica-medica\/dermatologia\/trattamento-delle-infezioni-fungine\/","title":{"rendered":"Trattamento delle infezioni fungine"},"content":{"rendered":"<div class=\"page-content\">\n<div id=\"header-area\">\n<div class=\"container\" id=\"firstContent\">\n<div class=\"header-content d-flex flex-column\">\n<h1 class=\"content-title h1-header\">Trattamento delle infezioni fungine<\/h1>\n<div class=\"content-paragraph\">\n<p class=\"p-text\">Le malattie fungine sono problemi di salute causati da infezioni fungine che compaiono sulla pelle, sulle unghie, sui capelli e su altre aree del corpo. Queste infezioni possono diffondersi rapidamente, solitamente a causa dell\u2019influenza di ambienti umidi e caldi. Le malattie fungine possono causare sintomi fastidiosi nel corpo e, se non trattate, possono causare seri problemi di salute.<\/p>\n<\/p><\/div>\n<nav aria-label=\"breadcrumb\" class=\"breadcrumbs\">\n<ul class=\"d-flex align-items-center mb-0\">\n<li><a class=\"link\" href=\"https:\/\/drterziler.com\/it\"><span>Dr. Terziler Exclusive Clinic<\/span><\/a><\/li>\n<li class=\"separator\">\u00bb<\/li>\n<li><a class=\"link\" href=\"https:\/\/drterziler.com\/it\/estetica-medica\/\"><span>Estetica medica<\/span><\/a><\/li>\n<li class=\"separator\">\u00bb<\/li>\n<li><a class=\"link\" href=\"https:\/\/drterziler.com\/it\/estetica-medica\/dermatologia\/\"><span>Dermatologia<\/span><\/a><\/li>\n<li class=\"separator\">\u00bb<\/li>\n<li class=\"current-page\"><span>Trattamento delle infezioni fungine<\/span><\/li>\n<\/ul>\n<\/nav><\/div>\n<\/p><\/div>\n<\/p><\/div>\n<\/div>\n<section id=\"content-area\">\n<div class=\"container my-5\">\n<div class=\"row align-items-start\">\n<div class=\"col-md-6 order-2 order-md-1\">\n<div class=\"custom-toc-box\">\n<div id=\"toc-header\">\n<h4>Indice dei contenuti<\/h4>\n<div class=\"toc-toggle-icon\"><\/div>\n<\/p><\/div>\n<div class=\"toc-full-divider\"><\/div>\n<div id=\"toc-body\">\n<div id=\"toc-container\"><\/div>\n<\/p><\/div>\n<\/p><\/div>\n<\/p><\/div>\n<div class=\"col-md-6 order-1 order-md-2\" id=\"jForm\">\n                <script type=\"text\/javascript\" src=\"https:\/\/form.jotform.com\/jsform\/242882600814961\"><\/script>\n            <\/div>\n<\/p><\/div>\n<\/p><\/div>\n<div class=\"container\">\n<div class=\"img-thumb\">\n            <img decoding=\"async\" src=\"https:\/\/drterziler.com\/wp-content\/uploads\/2025\/01\/Mantar-Hastaliklari.webp\" alt=\"Trattamento delle infezioni fungine\" loading=\"lazy\">\n        <\/div>\n<div>\n<div>\n<h2 class=\"h2-header\">Trattamento delle infezioni fungine<\/h2>\n<\/p><\/div>\n<div>\n<p class=\"p-text\">Le malattie fungine sono infezioni causate dalla crescita eccessiva di funghi nel corpo. Diversi tipi di funghi, come dermatofiti, funghi della lievito e funghi della muffa, possono causare lo sviluppo di varie malattie nel corpo umano. Le infezioni fungine possono manifestarsi con sintomi come prurito, rottura, desquamazione e cambiamenti di colore della pelle.<\/p>\n<\/p><\/div>\n<\/p><\/div>\n<div>\n<div>\n<h2 class=\"h2-header\">Quali sono i sintomi delle malattie fungine?<\/h2>\n<\/p><\/div>\n<div>\n<p class=\"p-text\">Arrossamento e gonfiore Prurito Desquamazione e secchezza Aumento della temperatura Ferite aperte o croste Crepe e lacerazioni della pelle Macchie bianche o giallastre Cambiamenti nelle unghie<\/p>\n<\/p><\/div>\n<\/p><\/div>\n<div>\n<div>\n<h2 class=\"h2-header\">Quali sono i vantaggi del trattamento delle malattie fungine?<\/h2>\n<\/p><\/div>\n<div>\n<p class=\"p-text\">Pelle sana e liscia Aspetto estetico Applicazioni indolori Recupero rapido Risultati efficaci in una sola sessione Sostegno al sistema immunitario Pelle pi\u00f9 pulita Riduzione del rischio di infezione<\/p>\n<\/p><\/div>\n<\/p><\/div>\n<div>\n<div>\n<h2 class=\"h2-header\">Chi \u00e8 a rischio?<\/h2>\n<\/p><\/div>\n<div>\n<p class=\"p-text\">Chi pratica esercizi fisici intensi Persone che sudano frequentemente Chi ha un sistema immunitario indebolito Chi fa la doccia in spazi condivisi Persone con infezioni fungine alle unghie Chi vive in climi caldi e umidi Bambini e anziani Persone con diabete<\/p>\n<\/p><\/div>\n<\/p><\/div>\n<div>\n<div>\n<h2 class=\"h2-header\">Perch\u00e9 il trattamento delle infezioni fungine \u00e8 popolare?<\/h2>\n<\/p><\/div>\n<div>\n<p class=\"p-text\">Il trattamento delle infezioni fungine \u00e8 molto popolare grazie ai suoi risultati efficaci e rapidi. Le infezioni fungine spesso si manifestano con sintomi sgradevoli e possono diffondersi rapidamente, il che porta le persone a voler iniziare il trattamento il prima possibile. I metodi di trattamento moderni possono essere applicati con il minimo disagio e assicurano che il processo di trattamento dia risultati in breve tempo. Inoltre, la disponibilit\u00e0 e l&#039;accessibilit\u00e0 dei trattamenti hanno aumentato l&#039;interesse delle persone per i trattamenti fungini. Un altro motivo della sua popolarit\u00e0 \u00e8 il miglioramento estetico dopo il trattamento. Poich\u00e9 le malattie fungine possono causare cambiamenti indesiderati nella pelle e nelle unghie, il miglioramento dell&#039;aspetto dopo il trattamento aumenta la fiducia in s\u00e9 delle persone. D&#039;altra parte, le opzioni di trattamento domestico rendono il processo pi\u00f9 pratico e confortevole. Tutti questi fattori contribuiscono alla crescente popolarit\u00e0 dei trattamenti fungini.<\/p>\n<\/p><\/div>\n<\/p><\/div>\n<div>\n<div>\n<h2 class=\"h2-header\">Come viene applicato il trattamento fungino?<\/h2>\n<\/p><\/div>\n<div>\n<p class=\"p-text\">Il trattamento delle infezioni fungine pu\u00f2 essere applicato con vari metodi a seconda del tipo e dell&#039;estensione dell&#039;infezione. I metodi di trattamento pi\u00f9 comuni includono creme topiche, lozioni, farmaci orali e alcune terapie speciali. Il trattamento topico viene effettuato applicando creme o lozioni antifungine sull&#039;area interessata. Questo trattamento \u00e8 generalmente preferito per infezioni lievi e pu\u00f2 richiedere alcune settimane. In caso di infezioni fungine gravi, possono essere utilizzati farmaci antifungini orali prescritti da un medico. Questi farmaci aiutano a prevenire la diffusione del fungo in tutto il corpo e il processo di trattamento pu\u00f2 durare diversi mesi. In alcuni casi, possono essere utilizzati metodi moderni come la terapia con luce o il trattamento laser. Queste opzioni accelerano l&#039;eliminazione del fungo e riducono il rischio che l&#039;infezione si ripresenti. Il processo di trattamento richiede follow-up regolari secondo le raccomandazioni del medico.<\/p>\n<\/p><\/div>\n<\/p><\/div>\n<div>\n<div>\n<h2 class=\"h2-header\">C&#039;\u00e8 dolore o disagio?<\/h2>\n<\/p><\/div>\n<div>\n<p class=\"p-text\">Generalmente, durante il trattamento fungino non si avverte dolore o disagio. I metodi di trattamento moderni sono applicati con tecniche che minimizzano il dolore. Tuttavia, alcuni metodi di trattamento, soprattutto in caso di infezioni profonde nelle unghie o nella pelle, possono causare leggero disagio. Di solito questo \u00e8 temporaneo e il sollievo arriva subito dopo il trattamento.<\/p>\n<\/p><\/div>\n<\/p><\/div>\n<div>\n<div>\n<h2 class=\"h2-header\">Quanto dura il trattamento?<\/h2>\n<\/p><\/div>\n<div>\n<p class=\"p-text\">La durata del trattamento fungino pu\u00f2 variare a seconda del metodo utilizzato. I trattamenti topici di solito durano alcune settimane, mentre i trattamenti con farmaci orali possono richiedere diversi mesi. I trattamenti con laser o luce generalmente richiedono pi\u00f9 sessioni. La durata del trattamento pu\u00f2 variare in base alla gravit\u00e0 dell&#039;infezione.<\/p>\n<\/p><\/div>\n<\/p><\/div>\n<div>\n<div>\n<h2 class=\"h2-header\">Quanti giorni ci vogliono per il recupero?<\/h2>\n<\/p><\/div>\n<div>\n<p class=\"p-text\">Il tempo di recupero per il trattamento fungino varia a seconda del metodo e dell&#039;estensione dell&#039;infezione. La maggior parte dei pazienti mostra miglioramenti entro alcune settimane dall&#039;inizio del trattamento. Tuttavia, nei casi di infezioni profonde come la micosi alle unghie, il processo di recupero pu\u00f2 richiedere pi\u00f9 tempo, da 1 a 3 mesi. \u00c8 importante avere pazienza durante il processo di trattamento per aumentare il tasso di successo.<\/p>\n<\/p><\/div>\n<\/p><\/div>\n<div>\n<div>\n<h2 class=\"h2-header\">Le malattie fungine possono essere trattate?<\/h2>\n<\/p><\/div>\n<div>\n<p class=\"p-text\">Le malattie fungine sono trattabili e l&#039;intervento precoce pu\u00f2 portare a risultati positivi. Il trattamento di queste malattie pu\u00f2 essere fatto rapidamente ed efficacemente con i metodi giusti e sotto la guida di un esperto sanitario professionale.<\/p>\n<\/p><\/div>\n<\/p><\/div>\n<div>\n<div>\n<h2 class=\"h2-header\">Perch\u00e9 scegliere la Dr. Terziler Exclusive Clinic?<\/h2>\n<\/p><\/div>\n<div>\n<p class=\"p-text\">Il Dr. Terziler offre soluzioni personalizzate con competenza riconosciuta a livello mondiale e un approccio estetico che combina arte e scienza, fornendo non solo una trasformazione fisica ma anche emotiva. La nostra clinica, dotata di tecnologie avanzate e focalizzata sul comfort e sulla sicurezza, adotta la perfezione come filosofia aziendale. Perch\u00e9 qui, ogni trattamento \u00e8 finalizzato a sostenere la tua salute complessiva e felicit\u00e0.<\/p>\n<\/p><\/div>\n<\/p><\/div>\n<\/p><\/div>\n<\/section>\n","protected":false},"excerpt":{"rendered":"<p>Trattamento delle infezioni fungine Le malattie fungine sono problemi di salute causati da infezioni fungine che compaiono sulla pelle, sulle unghie, sui capelli e su altre aree del corpo. Queste infezioni possono diffondersi rapidamente, solitamente a causa dell\u2019influenza di ambienti umidi e caldi. Le malattie fungine possono causare sintomi fastidiosi nel corpo e, se non [&hellip;]<\/p>\n","protected":false},"author":6,"featured_media":0,"parent":16984,"menu_order":0,"comment_status":"closed","ping_status":"closed","template":"","meta":{"footnotes":""},"class_list":["post-17259","page","type-page","status-publish","hentry"],"_links":{"self":[{"href":"https:\/\/drterziler.com\/it\/wp-json\/wp\/v2\/pages\/17259","targetHints":{"allow":["GET"]}}],"collection":[{"href":"https:\/\/drterziler.com\/it\/wp-json\/wp\/v2\/pages"}],"about":[{"href":"https:\/\/drterziler.com\/it\/wp-json\/wp\/v2\/types\/page"}],"author":[{"embeddable":true,"href":"https:\/\/drterziler.com\/it\/wp-json\/wp\/v2\/users\/6"}],"replies":[{"embeddable":true,"href":"https:\/\/drterziler.com\/it\/wp-json\/wp\/v2\/comments?post=17259"}],"version-history":[{"count":17,"href":"https:\/\/drterziler.com\/it\/wp-json\/wp\/v2\/pages\/17259\/revisions"}],"predecessor-version":[{"id":59780,"href":"https:\/\/drterziler.com\/it\/wp-json\/wp\/v2\/pages\/17259\/revisions\/59780"}],"up":[{"embeddable":true,"href":"https:\/\/drterziler.com\/it\/wp-json\/wp\/v2\/pages\/16984"}],"wp:attachment":[{"href":"https:\/\/drterziler.com\/it\/wp-json\/wp\/v2\/media?parent=17259"}],"curies":[{"name":"wp","href":"https:\/\/api.w.org\/{rel}","templated":true}]}}