{"id":17484,"date":"2025-01-28T08:53:43","date_gmt":"2025-01-28T08:53:43","guid":{"rendered":"https:\/\/drterziler.com\/estetica-medica\/dermatoloji\/dokuntulu-hastaliklar\/"},"modified":"2026-03-06T22:04:22","modified_gmt":"2026-03-06T22:04:22","slug":"malattie-eruzioni-cutanee","status":"publish","type":"page","link":"https:\/\/drterziler.com\/it\/estetica-medica\/dermatologia\/malattie-eruzioni-cutanee\/","title":{"rendered":"Malattie eruzioni cutanee"},"content":{"rendered":"<div class=\"page-content\">\n<div id=\"header-area\">\n<div class=\"container\" id=\"firstContent\">\n<div class=\"header-content d-flex flex-column\">\n<h1 class=\"content-title h1-header\">Malattie eruzioni cutanee<\/h1>\n<div class=\"content-paragraph\">\n<p class=\"p-text\">Sono condizioni che di solito si presentano con sintomi come arrossamento, prurito, vesciche o macchie sulla pelle. Il trattamento delle malattie correlate all&#039;eruzione cutanea viene determinato in base alla causa della condizione e viene generalmente effettuato con farmaci, prodotti per la cura della pelle e trattamenti di supporto volti ad alleviare i sintomi.<\/p>\n<\/p><\/div>\n<nav aria-label=\"breadcrumb\" class=\"breadcrumbs\">\n<ul class=\"d-flex align-items-center mb-0\">\n<li><a class=\"link\" href=\"https:\/\/drterziler.com\/it\/\"><span>Dr. Terziler Exclusive Clinic<\/span><\/a><\/li>\n<li class=\"separator\">\u00bb<\/li>\n<li><a class=\"link\" href=\"https:\/\/drterziler.com\/it\/estetica-medica\/\"><span>Estetica medica<\/span><\/a><\/li>\n<li class=\"separator\">\u00bb<\/li>\n<li><a class=\"link\" href=\"https:\/\/drterziler.com\/it\/estetica-medica\/dermatologia\/\"><span>Dermatologia<\/span><\/a><\/li>\n<li class=\"separator\">\u00bb<\/li>\n<li class=\"current-page\"><span>Malattie eruzioni cutanee<\/span><\/li>\n<\/ul>\n<\/nav><\/div>\n<\/p><\/div>\n<\/p><\/div>\n<\/div>\n<section id=\"content-area\">\n<div class=\"container my-5\">\n<div class=\"row align-items-start\">\n<div class=\"col-md-6 order-2 order-md-1\">\n<div class=\"custom-toc-box\">\n<div id=\"toc-header\">\n<h4>Indice dei contenuti<\/h4>\n<div class=\"toc-toggle-icon\"><\/div>\n<\/p><\/div>\n<div class=\"toc-full-divider\"><\/div>\n<div id=\"toc-body\">\n<div id=\"toc-container\"><\/div>\n<\/p><\/div>\n<\/p><\/div>\n<\/p><\/div>\n<div class=\"col-md-6 order-1 order-md-2\" id=\"jForm\">\n                <script type=\"text\/javascript\" src=\"https:\/\/form.jotform.com\/jsform\/242882600814961\"><\/script>\n            <\/div>\n<\/p><\/div>\n<\/p><\/div>\n<div class=\"container\">\n<div class=\"img-thumb\">\n            <img decoding=\"async\" src=\"https:\/\/drterziler.com\/wp-content\/uploads\/2025\/01\/Dokuntulu-Hastaliklar.webp\" alt=\"Malattie eruzioni cutanee\" loading=\"lazy\">\n        <\/div>\n<div>\n<div>\n<h2 class=\"h2-header\">Che cos&#039;\u00e8 una malattia da eruzione cutanea?<\/h2>\n<\/p><\/div>\n<div>\n<p class=\"p-text\">Le malattie da eruzione cutanea sono condizioni che si manifestano con sintomi come macchie, vesciche, arrossamenti o prurito sulla pelle, che possono influire negativamente sulla salute della pelle. Queste condizioni possono essere causate da vari fattori come reazioni allergiche, infezioni, malattie autoimmuni, stress, cambiamenti ormonali o problemi dermatologici. Le malattie da eruzione cutanea possono portare a disagio fisico e a una diminuzione della qualit\u00e0 della vita di una persona.<\/p>\n<\/p><\/div>\n<\/p><\/div>\n<div>\n<div>\n<h2 class=\"h2-header\">Quali sono i sintomi delle malattie da eruzione cutanea?<\/h2>\n<\/p><\/div>\n<div>\n<p class=\"p-text\">Eruzioni rosse sulla pelle. Prurito e sensibilit\u00e0. Accompagnate da febbre e stanchezza. Vesciche o macchie sulla pelle. Arrossamento diffuso sul corpo. Gonfiore e desquamazione della pelle. Mal di testa e dolori muscolari. Arrossamento e lacrimazione degli occhi.<\/p>\n<\/p><\/div>\n<\/p><\/div>\n<div>\n<div>\n<h2 class=\"h2-header\">Quali sono i vantaggi del trattamento per le malattie da eruzione cutanea?<\/h2>\n<\/p><\/div>\n<div>\n<p class=\"p-text\">Riduzione dei problemi tramite interventi precoci. Aumento della fiducia in se stessi nel lavoro e nella vita sociale. Diagnosi facile, trattamento rapido. Soluzione con metodi moderni. Pelle sana e chiara. Opzioni di trattamento a risposta rapida. Diverse alternative di trattamento. Miglioramento psicologico ed estetico.<\/p>\n<\/p><\/div>\n<\/p><\/div>\n<div>\n<div>\n<h2 class=\"h2-header\">Per chi \u00e8 adatto?<\/h2>\n<\/p><\/div>\n<div>\n<p class=\"p-text\">Individui con eruzioni evidenti sulla pelle. Chi ha una storia di allergie. Persone con malattie autoimmuni. Individui con infezioni virali o batteriche. Chi ha eruzioni causate da stress o fattori psicologici. Persone con squilibri ormonali. Individui con malattie croniche. Persone di tutte le et\u00e0 che sperimentano eruzioni cutanee.<\/p>\n<\/p><\/div>\n<\/p><\/div>\n<div>\n<div>\n<h2 class=\"h2-header\">Perch\u00e9 \u00e8 popolare?<\/h2>\n<\/p><\/div>\n<div>\n<p class=\"p-text\">Le malattie da eruzione cutanea attirano l&#039;attenzione a causa dei loro sintomi visibili sulla pelle, offrendo un&#039;opportunit\u00e0 per una diagnosi precoce. Inoltre, i metodi di trattamento innovativi offerti dalle tecnologie moderne rendono la risoluzione di queste condizioni pi\u00f9 rapida ed efficace. Inoltre, la crescente consapevolezza delle persone sulla salute della pelle e sulle preoccupazioni estetiche ha reso il trattamento di queste malattie pi\u00f9 popolare.<\/p>\n<\/p><\/div>\n<\/p><\/div>\n<div>\n<div>\n<h2 class=\"h2-header\">Come viene applicato il trattamento per le malattie da eruzione cutanea?<\/h2>\n<\/p><\/div>\n<div>\n<p class=\"p-text\">Il trattamento delle malattie da eruzione cutanea \u00e8 pianificato in base alla causa sottostante della condizione. Se l&#039;eruzione \u00e8 causata da un&#039;infezione, vengono utilizzati antibiotici per i casi batterici e trattamenti di supporto per le infezioni virali. I farmaci antistaminici vengono utilizzati per le reazioni allergiche, insieme a creme che alleviano il prurito e leniscono la pelle. Inoltre, vengono utilizzati prodotti per la cura della pelle appropriati per idratare la pelle e prevenire l&#039;irritazione. Durante il processo di trattamento, \u00e8 fondamentale la guida e il follow-up regolare di un medico esperto.<\/p>\n<\/p><\/div>\n<\/p><\/div>\n<div>\n<div>\n<h2 class=\"h2-header\">C&#039;\u00e8 dolore o disagio?<\/h2>\n<\/p><\/div>\n<div>\n<p class=\"p-text\">Generalmente, non si avverte dolore o disagio durante il trattamento delle eruzioni cutanee. In alcuni casi, a seconda dei metodi utilizzati, potrebbe esserci un lieve pizzicore o disagio, ma di solito questo \u00e8 temporaneo e non influisce sul processo di trattamento.<\/p>\n<\/p><\/div>\n<\/p><\/div>\n<div>\n<div>\n<h2 class=\"h2-header\">Quanto tempo dura l&#039;applicazione?<\/h2>\n<\/p><\/div>\n<div>\n<p class=\"p-text\">La durata del trattamento pu\u00f2 variare in base al tipo e alla gravit\u00e0 dell&#039;eruzione. Ad esempio, trattamenti semplici come una visita e l&#039;applicazione di creme possono richiedere 15-30 minuti, mentre trattamenti pi\u00f9 completi potrebbero richiedere pi\u00f9 sessioni.<\/p>\n<\/p><\/div>\n<\/p><\/div>\n<div>\n<div>\n<h2 class=\"h2-header\">Quanti giorni ci vogliono per il recupero?<\/h2>\n<\/p><\/div>\n<div>\n<p class=\"p-text\">Il processo di recupero dipende dalla causa dell&#039;eruzione e dal trattamento applicato. Nella maggior parte dei casi, i sintomi diminuiscono notevolmente entro 3-7 giorni. Tuttavia, le eruzioni legate a condizioni croniche o autoimmuni possono richiedere pi\u00f9 tempo. I primi segni di miglioramento sono generalmente visibili entro pochi giorni.<\/p>\n<\/p><\/div>\n<\/p><\/div>\n<div>\n<div>\n<h2 class=\"h2-header\">Perch\u00e9 scegliere la Dr. Terziler Exclusive Clinic?<\/h2>\n<\/p><\/div>\n<div>\n<p class=\"p-text\">Il Dr. Terziler offre soluzioni personalizzate con competenza riconosciuta a livello mondiale e un approccio estetico che unisce arte e scienza, fornendo non solo una trasformazione fisica, ma anche emotiva. La nostra clinica, dotata di tecnologie avanzate e operante secondo i principi di comfort e sicurezza, abbraccia la perfezione come filosofia istituzionale. Perch\u00e9 qui, ogni trattamento \u00e8 mirato a sostenere la tua salute complessiva e felicit\u00e0.<\/p>\n<\/p><\/div>\n<\/p><\/div>\n<\/p><\/div>\n<\/section>\n","protected":false},"excerpt":{"rendered":"<p>Malattie eruzioni cutanee Sono condizioni che di solito si presentano con sintomi come arrossamento, prurito, vesciche o macchie sulla pelle. Il trattamento delle malattie correlate all&#039;eruzione cutanea viene determinato in base alla causa della condizione e viene generalmente effettuato con farmaci, prodotti per la cura della pelle e trattamenti di supporto volti ad alleviare i [&hellip;]<\/p>\n","protected":false},"author":6,"featured_media":0,"parent":16984,"menu_order":0,"comment_status":"closed","ping_status":"closed","template":"","meta":{"footnotes":""},"class_list":["post-17484","page","type-page","status-publish","hentry"],"_links":{"self":[{"href":"https:\/\/drterziler.com\/it\/wp-json\/wp\/v2\/pages\/17484","targetHints":{"allow":["GET"]}}],"collection":[{"href":"https:\/\/drterziler.com\/it\/wp-json\/wp\/v2\/pages"}],"about":[{"href":"https:\/\/drterziler.com\/it\/wp-json\/wp\/v2\/types\/page"}],"author":[{"embeddable":true,"href":"https:\/\/drterziler.com\/it\/wp-json\/wp\/v2\/users\/6"}],"replies":[{"embeddable":true,"href":"https:\/\/drterziler.com\/it\/wp-json\/wp\/v2\/comments?post=17484"}],"version-history":[{"count":15,"href":"https:\/\/drterziler.com\/it\/wp-json\/wp\/v2\/pages\/17484\/revisions"}],"predecessor-version":[{"id":59786,"href":"https:\/\/drterziler.com\/it\/wp-json\/wp\/v2\/pages\/17484\/revisions\/59786"}],"up":[{"embeddable":true,"href":"https:\/\/drterziler.com\/it\/wp-json\/wp\/v2\/pages\/16984"}],"wp:attachment":[{"href":"https:\/\/drterziler.com\/it\/wp-json\/wp\/v2\/media?parent=17484"}],"curies":[{"name":"wp","href":"https:\/\/api.w.org\/{rel}","templated":true}]}}