{"id":17566,"date":"2025-01-28T09:10:14","date_gmt":"2025-01-28T09:10:14","guid":{"rendered":"https:\/\/drterziler.com\/estetica-medica\/el-genclestirme\/"},"modified":"2026-03-06T22:11:26","modified_gmt":"2026-03-06T22:11:26","slug":"ringiovanimento-delle-mani","status":"publish","type":"page","link":"https:\/\/drterziler.com\/it\/estetica-medica\/ringiovanimento-delle-mani\/","title":{"rendered":"Ringiovanimento delle mani"},"content":{"rendered":"<div class=\"page-content\">\n<div id=\"header-area\">\n<div class=\"container\" id=\"firstContent\">\n<div class=\"header-content d-flex flex-column\">\n<h1 class=\"content-title h1-header\">Ringiovanimento delle mani<\/h1>\n<div class=\"content-paragraph\">\n<p class=\"p-text\">\u00c8 una procedura estetica non chirurgica volta ad eliminare i segni dell&#039;invecchiamento, la perdita di volume, le rughe e le linee sottili sulle mani. Questo trattamento, eseguito utilizzando metodi come filler dermici, PRP e laser, aiuta le mani ad apparire pi\u00f9 giovani, pi\u00f9 sane e pi\u00f9 vibranti. Il fatto che possa essere applicato rapidamente e con un dolore minimo lo rende un\u2019opzione preferita.<\/p>\n<\/p><\/div>\n<nav aria-label=\"breadcrumb\" class=\"breadcrumbs\">\n<ul class=\"d-flex align-items-center mb-0\">\n<li><a class=\"link\" href=\"https:\/\/drterziler.com\/it\/\"><span>Dr. Terziler Exclusive Clinic<\/span><\/a><\/li>\n<li class=\"separator\">\u00bb<\/li>\n<li><a class=\"link\" href=\"https:\/\/drterziler.com\/it\/estetica-medica\/\"><span>Estetica medica<\/span><\/a><\/li>\n<li class=\"separator\">\u00bb<\/li>\n<li class=\"current-page\"><span>Ringiovanimento delle mani<\/span><\/li>\n<\/ul>\n<\/nav><\/div>\n<\/p><\/div>\n<\/p><\/div>\n<\/div>\n<section id=\"content-area\">\n<div class=\"container my-5\">\n<div class=\"row align-items-start\">\n<div class=\"col-md-6 order-2 order-md-1\">\n<div class=\"custom-toc-box\">\n<div id=\"toc-header\">\n<h4>Indice dei contenuti<\/h4>\n<div class=\"toc-toggle-icon\"><\/div>\n<\/p><\/div>\n<div class=\"toc-full-divider\"><\/div>\n<div id=\"toc-body\">\n<div id=\"toc-container\"><\/div>\n<\/p><\/div>\n<\/p><\/div>\n<\/p><\/div>\n<div class=\"col-md-6 order-1 order-md-2\" id=\"jForm\">\n                <script type=\"text\/javascript\" src=\"https:\/\/form.jotform.com\/jsform\/242882600814961\"><\/script>\n            <\/div>\n<\/p><\/div>\n<\/p><\/div>\n<div class=\"container\">\n<div class=\"img-thumb\">\n            <img decoding=\"async\" src=\"https:\/\/drterziler.com\/wp-content\/uploads\/2025\/01\/El-Genclestirme.webp\" alt=\"Ringiovanimento delle mani\" loading=\"lazy\">\n        <\/div>\n<div>\n<div>\n<h2 class=\"h2-header\">Che cos&#039;\u00e8 il ringiovanimento delle mani?<\/h2>\n<\/p><\/div>\n<div>\n<p class=\"p-text\">Il ringiovanimento delle mani \u00e8 un trattamento estetico progettato per correggere i segni dell&#039;invecchiamento sulle mani, come rughe, linee sottili, perdita di volume e rilassamento della pelle. Questa procedura viene tipicamente eseguita utilizzando filler dermici, trattamenti laser, PRP (Plasma Ricco di Piastrine) e sieri rigeneranti per la pelle. Il ringiovanimento delle mani aiuta a far apparire le mani pi\u00f9 giovani, lisce e vibranti.<\/p>\n<\/p><\/div>\n<\/p><\/div>\n<div>\n<div>\n<h2 class=\"h2-header\">Quali sono i vantaggi dei trattamenti per il ringiovanimento delle mani?<\/h2>\n<\/p><\/div>\n<div>\n<p class=\"p-text\">Non richiede interventi chirurgici. Offre un aspetto giovane e tonico alla pelle delle mani. Assicura un rapido periodo di recupero. Offre risultati naturali. Dolore e disagio minimi. Accelera il rinnovamento della pelle. Restituisce volume perduto. Ringiovanisce le mani.<\/p>\n<\/p><\/div>\n<\/p><\/div>\n<div>\n<div>\n<h2 class=\"h2-header\">Chi \u00e8 adatto al ringiovanimento delle mani?<\/h2>\n<\/p><\/div>\n<div>\n<p class=\"p-text\">Chi ha rughe sulle mani. Individui con perdita di volume. Persone che mostrano segni di invecchiamento. Chi ha la pelle delle mani sottile. Individui con macchie d&#039;et\u00e0 sulle mani. Persone che desiderano evitare interventi chirurgici. Chi d\u00e0 priorit\u00e0 a un aspetto naturale. Individui alla ricerca di una soluzione rapida.<\/p>\n<\/p><\/div>\n<\/p><\/div>\n<div>\n<div>\n<h2 class=\"h2-header\">Perch\u00e9 \u00e8 popolare?<\/h2>\n<\/p><\/div>\n<div>\n<p class=\"p-text\">Il ringiovanimento delle mani \u00e8 un metodo che tratta in modo efficace e rapido i segni dell&#039;invecchiamento sulle mani. Le rughe, le linee sottili e la perdita di volume tendono a diventare pi\u00f9 evidenti con l&#039;et\u00e0 e vengono spesso notate prima sulle mani rispetto ad altre parti del corpo. Questa procedura corregge questi problemi senza bisogno di chirurgia, facendo apparire le mani pi\u00f9 giovani e sane. Inoltre, il dolore minimo, il breve periodo di recupero e i risultati naturali contribuiscono alla sua crescente popolarit\u00e0.<\/p>\n<\/p><\/div>\n<\/p><\/div>\n<div>\n<div>\n<h2 class=\"h2-header\">Come viene eseguito?<\/h2>\n<\/p><\/div>\n<div>\n<p class=\"p-text\">Il ringiovanimento delle mani pu\u00f2 essere effettuato utilizzando diversi metodi. I filler dermici vengono iniettati sotto la pelle per ripristinare il volume perso, facendo apparire le mani pi\u00f9 piene. La terapia PRP utilizza fattori di crescita derivati dal sangue del paziente per stimolare il rinnovamento della pelle. I trattamenti laser mirano a imperfezioni della superficie della pelle come le macchie d&#039;et\u00e0 e le rughe, rivitalizzando la texture della pelle. Le procedure vengono generalmente eseguite con anestesia locale, con una durata del trattamento che varia a seconda del paziente.<\/p>\n<\/p><\/div>\n<\/p><\/div>\n<div>\n<div>\n<h2 class=\"h2-header\">C&#039;\u00e8 dolore o disagio?<\/h2>\n<\/p><\/div>\n<div>\n<p class=\"p-text\">Le procedure di ringiovanimento delle mani vengono generalmente eseguite con un dolore minimo. Si pu\u00f2 avvertire una leggera sensazione di formicolio durante le iniezioni di filler e le applicazioni PRP, ma questo disagio di solito \u00e8 breve. Per ridurre il disagio, viene applicata una crema o gel anestetico locale prima della procedura. La maggior parte dei pazienti non avverte dolore o disagio dopo il trattamento e pu\u00f2 riprendere le proprie attivit\u00e0 quotidiane.<\/p>\n<\/p><\/div>\n<\/p><\/div>\n<div>\n<div>\n<h2 class=\"h2-header\">Quanto dura la procedura?<\/h2>\n<\/p><\/div>\n<div>\n<p class=\"p-text\">I trattamenti di ringiovanimento delle mani durano generalmente tra i 30 minuti e 1 ora. La durata dipende dal metodo scelto e dall&#039;area trattata. Le applicazioni di filler e PRP possono essere completate pi\u00f9 rapidamente, mentre i trattamenti laser possono richiedere un po&#039; pi\u00f9 di tempo. Tuttavia, in tutti i casi, i pazienti possono riprendere le loro routine quotidiane subito dopo la procedura senza bisogno di riposo prolungato.<\/p>\n<\/p><\/div>\n<\/p><\/div>\n<div>\n<div>\n<h2 class=\"h2-header\">Quanto tempo ci vuole per il recupero?<\/h2>\n<\/p><\/div>\n<div>\n<p class=\"p-text\">Il periodo di recupero per i trattamenti di ringiovanimento delle mani \u00e8 generalmente breve. Un lieve gonfiore, rossore o lividi possono verificarsi nei primi giorni, ma questi sintomi di solito scompaiono entro 2-3 giorni. I risultati completi diventano visibili entro 1-2 settimane. Seguendo le istruzioni post-procedura, i pazienti possono accelerare il processo di guarigione e godere prima degli effetti ringiovanenti sulle loro mani.<\/p>\n<\/p><\/div>\n<\/p><\/div>\n<div>\n<div>\n<h2 class=\"h2-header\">Perch\u00e9 scegliere la Dr. Terziler Exclusive Clinic?<\/h2>\n<\/p><\/div>\n<div>\n<p class=\"p-text\">Il Dr. Terziler offre una competenza riconosciuta a livello mondiale che fonde scienza e arte, fornendo soluzioni estetiche personalizzate che offrono non solo una trasformazione fisica ma anche un rinnovamento emotivo. La nostra clinica, dotata di tecnologia all&#039;avanguardia e operante con una filosofia di comfort e sicurezza, sostiene l&#039;eccellenza come principio fondamentale. Qui, ogni tocco \u00e8 progettato per migliorare il tuo benessere complessivo e la tua felicit\u00e0.<\/p>\n<\/p><\/div>\n<\/p><\/div>\n<\/p><\/div>\n<\/section>\n","protected":false},"excerpt":{"rendered":"<p>Ringiovanimento delle mani \u00c8 una procedura estetica non chirurgica volta ad eliminare i segni dell&#039;invecchiamento, la perdita di volume, le rughe e le linee sottili sulle mani. Questo trattamento, eseguito utilizzando metodi come filler dermici, PRP e laser, aiuta le mani ad apparire pi\u00f9 giovani, pi\u00f9 sane e pi\u00f9 vibranti. Il fatto che possa essere [&hellip;]<\/p>\n","protected":false},"author":6,"featured_media":0,"parent":3070,"menu_order":0,"comment_status":"closed","ping_status":"closed","template":"","meta":{"footnotes":""},"class_list":["post-17566","page","type-page","status-publish","hentry"],"_links":{"self":[{"href":"https:\/\/drterziler.com\/it\/wp-json\/wp\/v2\/pages\/17566","targetHints":{"allow":["GET"]}}],"collection":[{"href":"https:\/\/drterziler.com\/it\/wp-json\/wp\/v2\/pages"}],"about":[{"href":"https:\/\/drterziler.com\/it\/wp-json\/wp\/v2\/types\/page"}],"author":[{"embeddable":true,"href":"https:\/\/drterziler.com\/it\/wp-json\/wp\/v2\/users\/6"}],"replies":[{"embeddable":true,"href":"https:\/\/drterziler.com\/it\/wp-json\/wp\/v2\/comments?post=17566"}],"version-history":[{"count":15,"href":"https:\/\/drterziler.com\/it\/wp-json\/wp\/v2\/pages\/17566\/revisions"}],"predecessor-version":[{"id":59790,"href":"https:\/\/drterziler.com\/it\/wp-json\/wp\/v2\/pages\/17566\/revisions\/59790"}],"up":[{"embeddable":true,"href":"https:\/\/drterziler.com\/it\/wp-json\/wp\/v2\/pages\/3070"}],"wp:attachment":[{"href":"https:\/\/drterziler.com\/it\/wp-json\/wp\/v2\/media?parent=17566"}],"curies":[{"name":"wp","href":"https:\/\/api.w.org\/{rel}","templated":true}]}}