{"id":17599,"date":"2025-01-28T09:13:46","date_gmt":"2025-01-28T09:13:46","guid":{"rendered":"https:\/\/drterziler.com\/estetica-medica\/boyun-genclestirme\/"},"modified":"2026-03-06T22:12:07","modified_gmt":"2026-03-06T22:12:07","slug":"ringiovanimento-del-collo","status":"publish","type":"page","link":"https:\/\/drterziler.com\/it\/estetica-medica\/ringiovanimento-del-collo\/","title":{"rendered":"Ringiovanimento del collo"},"content":{"rendered":"<div class=\"page-content\">\n<div id=\"header-area\">\n<div class=\"container\" id=\"firstContent\">\n<div class=\"header-content d-flex flex-column\">\n<h1 class=\"content-title h1-header\">Ringiovanimento del collo<\/h1>\n<div class=\"content-paragraph\">\n<p class=\"p-text\">\u00c8 una procedura non chirurgica utilizzata per correggere rughe, cedimenti e linee sottili causate dall&#039;invecchiamento. Tecniche come filler, Botox, laser e PRP vengono utilizzate per rendere la pelle del collo pi\u00f9 soda, levigata e pi\u00f9 giovane. Questo trattamento \u00e8 spesso preferito poich\u00e9 fornisce risultati rapidi ed efficaci con dolore minimo e tempi di recupero brevi.<\/p>\n<\/p><\/div>\n<nav aria-label=\"breadcrumb\" class=\"breadcrumbs\">\n<ul class=\"d-flex align-items-center mb-0\">\n<li><a class=\"link\" href=\"https:\/\/drterziler.com\/it\/\"><span>Dr. Terziler Exclusive Clinic<\/span><\/a><\/li>\n<li class=\"separator\">\u00bb<\/li>\n<li><a class=\"link\" href=\"https:\/\/drterziler.com\/it\/estetica-medica\/\"><span>Estetica medica<\/span><\/a><\/li>\n<li class=\"separator\">\u00bb<\/li>\n<li class=\"current-page\"><span>Ringiovanimento del collo<\/span><\/li>\n<\/ul>\n<\/nav><\/div>\n<\/p><\/div>\n<\/p><\/div>\n<\/div>\n<section id=\"content-area\">\n<div class=\"container my-5\">\n<div class=\"row align-items-start\">\n<div class=\"col-md-6 order-2 order-md-1\">\n<div class=\"custom-toc-box\">\n<div id=\"toc-header\">\n<h4>Indice dei contenuti<\/h4>\n<div class=\"toc-toggle-icon\"><\/div>\n<\/p><\/div>\n<div class=\"toc-full-divider\"><\/div>\n<div id=\"toc-body\">\n<div id=\"toc-container\"><\/div>\n<\/p><\/div>\n<\/p><\/div>\n<\/p><\/div>\n<div class=\"col-md-6 order-1 order-md-2\" id=\"jForm\">\n                <script type=\"text\/javascript\" src=\"https:\/\/form.jotform.com\/jsform\/242882600814961\"><\/script>\n            <\/div>\n<\/p><\/div>\n<\/p><\/div>\n<div class=\"container\">\n<div class=\"img-thumb\">\n            <img decoding=\"async\" src=\"https:\/\/drterziler.com\/wp-content\/uploads\/2025\/01\/Boyun-Genclestirme.webp\" alt=\"Ringiovanimento del collo\" loading=\"lazy\">\n        <\/div>\n<div>\n<div>\n<h2 class=\"h2-header\">Che cos&#039;\u00e8 il ringiovanimento del collo?<\/h2>\n<\/p><\/div>\n<div>\n<p class=\"p-text\">Il ringiovanimento del collo \u00e8 un trattamento non chirurgico progettato per trattare i segni dell&#039;invecchiamento, la pelle flaccida, le rughe e le linee sottili nell&#039;area del collo. Questa procedura viene solitamente eseguita utilizzando filler, Botox, trattamenti laser o tecniche di ringiovanimento della pelle. Ripristinando l&#039;elasticit\u00e0 della pelle nell&#039;area del collo, si ottiene un aspetto pi\u00f9 giovane e liscio.<\/p>\n<\/p><\/div>\n<\/p><\/div>\n<div>\n<div>\n<h2 class=\"h2-header\">Quali sono i vantaggi del trattamento di ringiovanimento del collo?<\/h2>\n<\/p><\/div>\n<div>\n<p class=\"p-text\">Effetto di ringiovanimento immediato Aspetto tonico e compatto nella zona del collo Applicazione indolore e rapida Risultati naturali con rinnovamento della pelle Non \u00e8 necessaria chirurgia o anestesia Sollevamento immediato della pelle flaccida Non \u00e8 necessario prendersi una pausa dalla vita quotidiana Recupero rapido con risultati duraturi Aumenta l&#039;elasticit\u00e0 della pelle<\/p>\n<\/p><\/div>\n<\/p><\/div>\n<div>\n<div>\n<h2 class=\"h2-header\">Chi \u00e8 adatto al trattamento di ringiovanimento del collo?<\/h2>\n<\/p><\/div>\n<div>\n<p class=\"p-text\">Chi ha la pelle flaccida nell&#039;area del collo Individui con rughe visibili Persone che hanno perso l&#039;elasticit\u00e0 della pelle Chi nota segni di invecchiamento pi\u00f9 evidenti Individui alla ricerca di risultati naturali Chi cerca una soluzione non chirurgica Persone che desiderano una soluzione rapida ed efficace Individui alla ricerca di un aspetto pi\u00f9 giovane<\/p>\n<\/p><\/div>\n<\/p><\/div>\n<div>\n<div>\n<h2 class=\"h2-header\">Perch\u00e9 il ringiovanimento del collo \u00e8 popolare?<\/h2>\n<\/p><\/div>\n<div>\n<p class=\"p-text\">Il ringiovanimento del collo consente di correggere i segni dell&#039;invecchiamento nell&#039;area del collo senza necessitare di interventi chirurgici. La possibilit\u00e0 di ottenere risultati rapidi e naturali aumenta la popolarit\u00e0 di questa procedura. Inoltre, il dolore minimo e il breve periodo di recupero rendono il trattamento ancora pi\u00f9 attraente. Poich\u00e9 la zona del collo \u00e8 una delle aree pi\u00f9 visibili colpite dall&#039;invecchiamento, questo trattamento suscita grande interesse.<\/p>\n<\/p><\/div>\n<\/p><\/div>\n<div>\n<div>\n<h2 class=\"h2-header\">Come viene eseguito il ringiovanimento del collo?<\/h2>\n<\/p><\/div>\n<div>\n<p class=\"p-text\">Il ringiovanimento del collo pu\u00f2 essere eseguito utilizzando vari metodi come filler dermici, iniezioni di Botox, trattamento PRP e terapia laser. Il Botox rilassa i muscoli per ridurre le rughe, mentre i filler ripristinano il volume perso. Il trattamento PRP stimola il rinnovamento della pelle e la terapia laser agisce sulle imperfezioni della superficie cutanea e le linee sottili. Queste procedure vengono solitamente eseguite con anestesia locale.<\/p>\n<\/p><\/div>\n<\/p><\/div>\n<div>\n<div>\n<h2 class=\"h2-header\">C&#039;\u00e8 dolore o disagio?<\/h2>\n<\/p><\/div>\n<div>\n<p class=\"p-text\">I trattamenti di ringiovanimento del collo sono generalmente eseguiti con dolore minimo. Si pu\u00f2 avvertire una leggera sensazione di puntura durante le iniezioni di filler e Botox, ma questo disagio di solito \u00e8 breve. Una crema o gel anestetico locale viene applicato in anticipo per garantire il comfort del paziente. La maggior parte delle persone non avverte dolore dopo la procedura.<\/p>\n<\/p><\/div>\n<\/p><\/div>\n<div>\n<div>\n<h2 class=\"h2-header\">Quanto dura la procedura?<\/h2>\n<\/p><\/div>\n<div>\n<p class=\"p-text\">I trattamenti di ringiovanimento del collo durano generalmente tra i 30 minuti e 1 ora. La durata pu\u00f2 variare a seconda del metodo utilizzato. Le iniezioni di filler e le applicazioni di Botox sono solitamente pi\u00f9 rapide, mentre la terapia laser pu\u00f2 richiedere un po&#039; pi\u00f9 di tempo. Tuttavia, tutte le procedure vengono completate in un breve periodo, consentendo ai pazienti di riprendere immediatamente le loro routine quotidiane.<\/p>\n<\/p><\/div>\n<\/p><\/div>\n<div>\n<div>\n<h2 class=\"h2-header\">Quanto dura il recupero?<\/h2>\n<\/p><\/div>\n<div>\n<p class=\"p-text\">Il periodo di recupero dopo i trattamenti di ringiovanimento del collo \u00e8 generalmente breve. Un lieve rossore o lividi possono apparire nei primi giorni, ma questi sintomi di solito scompaiono entro 2-3 giorni. I risultati completi diventano visibili entro 1-2 settimane. Gli effetti del rinnovamento della pelle e della giovinezza diventano gradualmente pi\u00f9 evidenti dopo la procedura.<\/p>\n<\/p><\/div>\n<\/p><\/div>\n<div>\n<div>\n<h2 class=\"h2-header\">Perch\u00e9 scegliere la Dr. Terziler Exclusive Clinic?<\/h2>\n<\/p><\/div>\n<div>\n<p class=\"p-text\">Il Dr. Terziler, rinomato a livello mondiale per la sua competenza in estetica, fonde arte e scienza per offrire soluzioni personalizzate che offrono non solo una trasformazione fisica ma anche un rinnovamento emotivo. La nostra clinica, dotata di tecnologie all&#039;avanguardia e operante con una filosofia di eccellenza, garantisce comfort e sicurezza. Qui, ogni tocco \u00e8 progettato per migliorare la tua salute complessiva e la tua felicit\u00e0.<\/p>\n<\/p><\/div>\n<\/p><\/div>\n<\/p><\/div>\n<\/section>\n","protected":false},"excerpt":{"rendered":"<p>Ringiovanimento del collo \u00c8 una procedura non chirurgica utilizzata per correggere rughe, cedimenti e linee sottili causate dall&#039;invecchiamento. Tecniche come filler, Botox, laser e PRP vengono utilizzate per rendere la pelle del collo pi\u00f9 soda, levigata e pi\u00f9 giovane. Questo trattamento \u00e8 spesso preferito poich\u00e9 fornisce risultati rapidi ed efficaci con dolore minimo e tempi [&hellip;]<\/p>\n","protected":false},"author":6,"featured_media":0,"parent":3070,"menu_order":0,"comment_status":"closed","ping_status":"closed","template":"","meta":{"footnotes":""},"class_list":["post-17599","page","type-page","status-publish","hentry"],"_links":{"self":[{"href":"https:\/\/drterziler.com\/it\/wp-json\/wp\/v2\/pages\/17599","targetHints":{"allow":["GET"]}}],"collection":[{"href":"https:\/\/drterziler.com\/it\/wp-json\/wp\/v2\/pages"}],"about":[{"href":"https:\/\/drterziler.com\/it\/wp-json\/wp\/v2\/types\/page"}],"author":[{"embeddable":true,"href":"https:\/\/drterziler.com\/it\/wp-json\/wp\/v2\/users\/6"}],"replies":[{"embeddable":true,"href":"https:\/\/drterziler.com\/it\/wp-json\/wp\/v2\/comments?post=17599"}],"version-history":[{"count":14,"href":"https:\/\/drterziler.com\/it\/wp-json\/wp\/v2\/pages\/17599\/revisions"}],"predecessor-version":[{"id":59792,"href":"https:\/\/drterziler.com\/it\/wp-json\/wp\/v2\/pages\/17599\/revisions\/59792"}],"up":[{"embeddable":true,"href":"https:\/\/drterziler.com\/it\/wp-json\/wp\/v2\/pages\/3070"}],"wp:attachment":[{"href":"https:\/\/drterziler.com\/it\/wp-json\/wp\/v2\/media?parent=17599"}],"curies":[{"name":"wp","href":"https:\/\/api.w.org\/{rel}","templated":true}]}}