{"id":17632,"date":"2025-01-28T09:16:46","date_gmt":"2025-01-28T09:16:46","guid":{"rendered":"https:\/\/drterziler.com\/estetica-medica\/dekolte-genclestirme\/"},"modified":"2026-04-21T14:02:01","modified_gmt":"2026-04-21T14:02:01","slug":"ringiovanimento-del-decollete","status":"publish","type":"page","link":"https:\/\/drterziler.com\/it\/estetica-medica\/ringiovanimento-del-decollete\/","title":{"rendered":"Ringiovanimento del decollet\u00e9"},"content":{"rendered":"<div class=\"page-content\">\n<div id=\"header-area\">\n<div class=\"container\" id=\"firstContent\">\n<div class=\"header-content d-flex flex-column\">\n<h1 class=\"content-title h1-header\">Ringiovanimento del decollet\u00e9<\/h1>\n<div class=\"content-paragraph\">\n<p class=\"p-text\">Il trattamento di ringiovanimento del d\u00e9collet\u00e9 \u00e8 una procedura innovativa che mira alle rughe sottili, alle imperfezioni e alla perdita di elasticit\u00e0 della pelle nella zona del collo e del d\u00e9collet\u00e9. I metodi supportati da ingredienti naturali rassodano la pelle donandole un aspetto pi\u00f9 giovane e radioso. Questo trattamento offre una soluzione efficace per un d\u00e9collet\u00e9 liscio e luminoso.<\/p>\n<\/p><\/div>\n<nav aria-label=\"breadcrumb\" class=\"breadcrumbs\">\n<ul class=\"d-flex align-items-center mb-0\">\n<li><a class=\"link\" href=\"https:\/\/drterziler.com\/it\/\"><span>Dr. Terziler Exclusive Clinic<\/span><\/a><\/li>\n<li class=\"separator\">\u00bb<\/li>\n<li><a class=\"link\" href=\"https:\/\/drterziler.com\/it\/estetica-medica\/\"><span>Estetica medica<\/span><\/a><\/li>\n<li class=\"separator\">\u00bb<\/li>\n<li class=\"current-page\"><span>Ringiovanimento del decollet\u00e9<\/span><\/li>\n<\/ul>\n<\/nav><\/div>\n<\/p><\/div>\n<\/p><\/div>\n<\/div>\n<section id=\"content-area\">\n<div class=\"container my-5\">\n<div class=\"row align-items-start\">\n<div class=\"col-md-6 order-2 order-md-1\">\n<div class=\"custom-toc-box\">\n<div id=\"toc-header\">\n<h4>Indice dei contenuti<\/h4>\n<div class=\"toc-toggle-icon\"><\/div>\n<\/p><\/div>\n<div class=\"toc-full-divider\"><\/div>\n<div id=\"toc-body\">\n<div id=\"toc-container\"><\/div>\n<\/p><\/div>\n<\/p><\/div>\n<\/p><\/div>\n<div class=\"col-md-6 order-1 order-md-2\" id=\"jForm\">\n                <script type=\"text\/javascript\" src=\"https:\/\/form.jotform.com\/jsform\/242882600814961\"><\/script>\n            <\/div>\n<\/p><\/div>\n<\/p><\/div>\n<div class=\"container\">\n<div class=\"img-thumb\">\n            <img decoding=\"async\" src=\"https:\/\/drterziler.com\/wp-content\/uploads\/2025\/01\/Dekolte-Genclestirme.webp\" alt=\"Ringiovanimento del decollet\u00e9\" loading=\"lazy\">\n        <\/div>\n<div>\n<div>\n<h2 class=\"h2-header\">Ringiovanimento del d\u00e9collet\u00e9<\/h2>\n<\/p><\/div>\n<div>\n<p class=\"p-text\">Il trattamento di ringiovanimento del d\u00e9collet\u00e9 \u00e8 una procedura estetica applicata per eliminare i segni dell&#039;invecchiamento e rinnovare la pelle nell&#039;area del d\u00e9collet\u00e9. Quest&#039;area, a causa della sua struttura cutanea sottile, pu\u00f2 essere facilmente influenzata dall&#039;esposizione al sole, dall&#039;invecchiamento e da altri fattori ambientali. Il trattamento viene applicato utilizzando tecnologie speciali e metodi di rinnovamento della pelle per ridurre le linee sottili, rassodare la pelle e fornire un aspetto pi\u00f9 luminoso.<\/p>\n<\/p><\/div>\n<\/p><\/div>\n<div>\n<div>\n<h2 class=\"h2-header\">Quali sono i benefici?<\/h2>\n<\/p><\/div>\n<div>\n<p class=\"p-text\">Rinnova e rivitalizza la pelle. Fornisce un aspetto giovane e tonico. Riduce le rughe. Regola il tono della pelle. Riduce le macchie solari. Aumenta la produzione di collagene. Fornisce un aspetto naturale.<\/p>\n<\/p><\/div>\n<\/p><\/div>\n<div>\n<div>\n<h2 class=\"h2-header\">Chi \u00e8 adatto per il trattamento di ringiovanimento del d\u00e9collet\u00e9?<\/h2>\n<\/p><\/div>\n<div>\n<p class=\"p-text\">Chi desidera rinnovare la propria pelle. Persone con segni di invecchiamento. Chi preferisce metodi non chirurgici. Chi \u00e8 infastidito dalle macchie solari. Individui con pelle sensibile. Chi ha perso l&#039;elasticit\u00e0 della pelle. Chi cerca una bellezza naturale. Chi desidera un processo di recupero rapido.<\/p>\n<\/p><\/div>\n<\/p><\/div>\n<div>\n<div>\n<h2 class=\"h2-header\">Perch\u00e9 il trattamento di ringiovanimento del d\u00e9collet\u00e9 \u00e8 popolare?<\/h2>\n<\/p><\/div>\n<div>\n<p class=\"p-text\">Il trattamento di ringiovanimento del d\u00e9collet\u00e9 \u00e8 preferito per i suoi risultati rapidi ed efficaci. La sua natura non chirurgica e minimamente invasiva aumenta la domanda per questo trattamento. Inoltre, la possibilit\u00e0 di vedere differenze immediate nella pelle e il breve periodo di recupero lo rendono una scelta popolare. Offre una scelta attraente per chi desidera cambiamenti significativi con piccoli tocchi.<\/p>\n<\/p><\/div>\n<\/p><\/div>\n<div>\n<div>\n<h2 class=\"h2-header\">Come viene applicato il ringiovanimento del d\u00e9collet\u00e9?<\/h2>\n<\/p><\/div>\n<div>\n<p class=\"p-text\">Il trattamento viene eseguito attraverso l&#039;applicazione di protocolli di rinnovamento della pelle specificamente scelti per l&#039;area del d\u00e9collet\u00e9. Soluzioni come microneedles, terapie laser o iniezioni di vitamine sono preferite. L&#039;applicazione viene eseguita con precisione da un medico esperto ed \u00e8 personalizzata in base alle esigenze della pelle. Durante la procedura vengono utilizzate condizioni igieniche e le tecnologie pi\u00f9 recenti.<\/p>\n<\/p><\/div>\n<\/p><\/div>\n<div>\n<div>\n<h2 class=\"h2-header\">C&#039;\u00e8 dolore o disagio durante la procedura?<\/h2>\n<\/p><\/div>\n<div>\n<p class=\"p-text\">Durante il trattamento potrebbe esserci un lieve disagio, ma questa sensazione \u00e8 minima e non raggiunge un livello che possa risultare fastidioso per il paziente. Vengono utilizzate creme anestetiche o metodi lenitivi per garantire il comfort. La maggior parte dei pazienti sperimenta un rapido processo di recupero dopo la procedura.<\/p>\n<\/p><\/div>\n<\/p><\/div>\n<div>\n<div>\n<h2 class=\"h2-header\">Quanto dura l&#039;applicazione?<\/h2>\n<\/p><\/div>\n<div>\n<p class=\"p-text\">Il trattamento di ringiovanimento del d\u00e9collet\u00e9 generalmente dura tra i 30 e i 60 minuti. In questo breve periodo possono essere ottenuti risultati efficaci e visibili. La durata della procedura pu\u00f2 variare a seconda del metodo di trattamento scelto e delle esigenze della pelle.<\/p>\n<\/p><\/div>\n<\/p><\/div>\n<div>\n<div>\n<h2 class=\"h2-header\">Quanti giorni sono necessari per guarire?<\/h2>\n<\/p><\/div>\n<div>\n<p class=\"p-text\">Il processo di guarigione dopo il trattamento generalmente dura tra i 2 e i 5 giorni. Potrebbe comparire un lieve rossore o sensibilit\u00e0, ma questi effetti scompaiono rapidamente. Un&#039;attenta cura post-trattamento e il rispetto delle raccomandazioni del medico possono accelerare ulteriormente il processo di guarigione.<\/p>\n<\/p><\/div>\n<\/p><\/div>\n<div>\n<div>\n<h2 class=\"h2-header\">Perch\u00e9 scegliere la Dr. Terziler Exclusive Clinic?<\/h2>\n<\/p><\/div>\n<div>\n<p class=\"p-text\">Il Dr. Terziler, con competenze riconosciute a livello internazionale e un approccio estetico che fonde arte e scienza, offre soluzioni personalizzate che forniscono non solo una trasformazione fisica, ma anche un rinnovamento emotivo. La nostra clinica, dotata di tecnologie avanzate e basata su comfort e sicurezza, adotta la perfezione come filosofia aziendale. Perch\u00e9 qui, ogni tocco \u00e8 finalizzato alla tua salute globale e felicit\u00e0.<\/p>\n<\/p><\/div>\n<\/p><\/div>\n<\/p><\/div>\n<\/section>\n","protected":false},"excerpt":{"rendered":"<p>Ringiovanimento del decollet\u00e9 Il trattamento di ringiovanimento del d\u00e9collet\u00e9 \u00e8 una procedura innovativa che mira alle rughe sottili, alle imperfezioni e alla perdita di elasticit\u00e0 della pelle nella zona del collo e del d\u00e9collet\u00e9. I metodi supportati da ingredienti naturali rassodano la pelle donandole un aspetto pi\u00f9 giovane e radioso. Questo trattamento offre una soluzione [&hellip;]<\/p>\n","protected":false},"author":6,"featured_media":0,"parent":3070,"menu_order":0,"comment_status":"closed","ping_status":"closed","template":"","meta":{"footnotes":""},"class_list":["post-17632","page","type-page","status-publish","hentry"],"_links":{"self":[{"href":"https:\/\/drterziler.com\/it\/wp-json\/wp\/v2\/pages\/17632","targetHints":{"allow":["GET"]}}],"collection":[{"href":"https:\/\/drterziler.com\/it\/wp-json\/wp\/v2\/pages"}],"about":[{"href":"https:\/\/drterziler.com\/it\/wp-json\/wp\/v2\/types\/page"}],"author":[{"embeddable":true,"href":"https:\/\/drterziler.com\/it\/wp-json\/wp\/v2\/users\/6"}],"replies":[{"embeddable":true,"href":"https:\/\/drterziler.com\/it\/wp-json\/wp\/v2\/comments?post=17632"}],"version-history":[{"count":14,"href":"https:\/\/drterziler.com\/it\/wp-json\/wp\/v2\/pages\/17632\/revisions"}],"predecessor-version":[{"id":59794,"href":"https:\/\/drterziler.com\/it\/wp-json\/wp\/v2\/pages\/17632\/revisions\/59794"}],"up":[{"embeddable":true,"href":"https:\/\/drterziler.com\/it\/wp-json\/wp\/v2\/pages\/3070"}],"wp:attachment":[{"href":"https:\/\/drterziler.com\/it\/wp-json\/wp\/v2\/media?parent=17632"}],"curies":[{"name":"wp","href":"https:\/\/api.w.org\/{rel}","templated":true}]}}