{"id":17665,"date":"2025-01-28T09:21:44","date_gmt":"2025-01-28T09:21:44","guid":{"rendered":"https:\/\/drterziler.com\/estetica-medica\/gidi-genclestirme\/"},"modified":"2026-03-06T22:15:31","modified_gmt":"2026-03-06T22:15:31","slug":"ringiovanimento-del-doppio-mento","status":"publish","type":"page","link":"https:\/\/drterziler.com\/it\/estetica-medica\/ringiovanimento-del-doppio-mento\/","title":{"rendered":"Ringiovanimento del doppio mento"},"content":{"rendered":"<div class=\"page-content\">\n<div id=\"header-area\">\n<div class=\"container\" id=\"firstContent\">\n<div class=\"header-content d-flex flex-column\">\n<h1 class=\"content-title h1-header\">Ringiovanimento del doppio mento<\/h1>\n<div class=\"content-paragraph\">\n<p class=\"p-text\">Il trattamento di ringiovanimento del doppio mento mira a ridurre il rilassamento cutaneo e il rilassamento cutaneo, ottenendo un aspetto pi\u00f9 giovane e sodo. Questo trattamento pu\u00f2 essere eseguito con metodi come Botox, filler e laser, che agiscono riducendo l&#039;accumulo di grasso nell&#039;area e aumentando l&#039;elasticit\u00e0 della pelle. Di conseguenza, la linea della mascella diventa pi\u00f9 definita e il contorno del viso migliora.<\/p>\n<\/p><\/div>\n<nav aria-label=\"breadcrumb\" class=\"breadcrumbs\">\n<ul class=\"d-flex align-items-center mb-0\">\n<li><a class=\"link\" href=\"https:\/\/drterziler.com\/it\/\"><span>Dr. Terziler Exclusive Clinic<\/span><\/a><\/li>\n<li class=\"separator\">\u00bb<\/li>\n<li><a class=\"link\" href=\"https:\/\/drterziler.com\/it\/estetica-medica\/\"><span>Estetica medica<\/span><\/a><\/li>\n<li class=\"separator\">\u00bb<\/li>\n<li class=\"current-page\"><span>Ringiovanimento del doppio mento<\/span><\/li>\n<\/ul>\n<\/nav><\/div>\n<\/p><\/div>\n<\/p><\/div>\n<\/div>\n<section id=\"content-area\">\n<div class=\"container my-5\">\n<div class=\"row align-items-start\">\n<div class=\"col-md-6 order-2 order-md-1\">\n<div class=\"custom-toc-box\">\n<div id=\"toc-header\">\n<h4>Indice dei contenuti<\/h4>\n<div class=\"toc-toggle-icon\"><\/div>\n<\/p><\/div>\n<div class=\"toc-full-divider\"><\/div>\n<div id=\"toc-body\">\n<div id=\"toc-container\"><\/div>\n<\/p><\/div>\n<\/p><\/div>\n<\/p><\/div>\n<div class=\"col-md-6 order-1 order-md-2\" id=\"jForm\">\n                <script type=\"text\/javascript\" src=\"https:\/\/form.jotform.com\/jsform\/242882600814961\"><\/script>\n            <\/div>\n<\/p><\/div>\n<\/p><\/div>\n<div class=\"container\">\n<div class=\"img-thumb\">\n            <img decoding=\"async\" src=\"https:\/\/drterziler.com\/wp-content\/uploads\/2025\/01\/Gidi-Genclestirme.webp\" alt=\"Ringiovanimento del doppio mento\" loading=\"lazy\">\n        <\/div>\n<div>\n<div>\n<h2 class=\"h2-header\">Trattamento di Ringiovanimento del Doppio Menton<\/h2>\n<\/p><\/div>\n<div>\n<p class=\"p-text\">Il trattamento di ringiovanimento del doppio mento \u00e8 una procedura estetica applicata per eliminare il rilassamento cutaneo, l&#039;accumulo di grasso e la perdita di elasticit\u00e0 della pelle nell&#039;area del collo e del mento. L&#039;obiettivo \u00e8 ottenere un aspetto pi\u00f9 tonico, liscio e giovane in questa regione. Il trattamento offre un&#039;ampia gamma di opzioni, dalle tecnologie non chirurgiche alle iniezioni e metodi chirurgici. Ci\u00f2 lo rende un&#039;alternativa efficace per chi cerca risultati rapidi, cos\u00ec come per chi cerca soluzioni a lungo termine.<\/p>\n<\/p><\/div>\n<\/p><\/div>\n<div>\n<div>\n<h2 class=\"h2-header\">Quali sono i benefici del ringiovanimento del doppio mento?<\/h2>\n<\/p><\/div>\n<div>\n<p class=\"p-text\">Apparenza naturale ed estetica. Breve tempo di recupero. Risultati duraturi. Aumento dell&#039;elasticit\u00e0 della pelle. Applicazione minimamente invasiva. Linea della mandibola pi\u00f9 tonica. Risultati efficaci in breve tempo.<\/p>\n<\/p><\/div>\n<\/p><\/div>\n<div>\n<div>\n<h2 class=\"h2-header\">Chi \u00e8 adatto per il trattamento del doppio mento?<\/h2>\n<\/p><\/div>\n<div>\n<p class=\"p-text\">Chi ha pelle flaccida nel collo. Chi ha una linea della mandibola poco definita. Chi presenta segni di invecchiamento. Chi ha perso l&#039;elasticit\u00e0 della pelle. Chi ha accumuli eccessivi di grasso. Chi evita la chirurgia. Chi cerca una soluzione rapida. Chi desidera risultati naturali.<\/p>\n<\/p><\/div>\n<\/p><\/div>\n<div>\n<div>\n<h2 class=\"h2-header\">Perch\u00e9 \u00e8 popolare?<\/h2>\n<\/p><\/div>\n<div>\n<p class=\"p-text\">Il trattamento di ringiovanimento del doppio mento ha guadagnato popolarit\u00e0 negli ultimi anni grazie alla sua evidente differenza e alla possibilit\u00e0 di applicarlo con metodi minimamente invasivi. La sua natura non chirurgica e il rapido tempo di recupero hanno aumentato il numero di persone che scelgono questo trattamento. Inoltre, con i progressi tecnologici, sono stati sviluppati trattamenti pi\u00f9 confortevoli ed efficaci, rendendolo un&#039;opzione sempre pi\u00f9 preferita.<\/p>\n<\/p><\/div>\n<\/p><\/div>\n<div>\n<div>\n<h2 class=\"h2-header\">Come viene applicato?<\/h2>\n<\/p><\/div>\n<div>\n<p class=\"p-text\">Il trattamento varia a seconda del metodo preferito. Nei metodi non chirurgici, si utilizzano generalmente tecnologie a ultrasuoni o radiofrequenza per fornire energia al tessuto adiposo sottocutaneo. Questa energia riduce il grasso stimolando la produzione di collagene nella pelle. Nei metodi di iniezione, possono essere utilizzate sostanze che sciolgono il grasso o filler. Nei metodi chirurgici, vengono eseguite procedure pi\u00f9 invasive come la liposuzione o il rassodamento del doppio mento. Il metodo applicato viene determinato in base alle esigenze e alle aspettative del paziente.<\/p>\n<\/p><\/div>\n<\/p><\/div>\n<div>\n<div>\n<h2 class=\"h2-header\">C&#039;\u00e8 dolore o disagio?<\/h2>\n<\/p><\/div>\n<div>\n<p class=\"p-text\">I metodi non chirurgici sono generalmente applicati con minimo disagio. Durante il trattamento, pu\u00f2 essere avvertita una leggera sensazione di calore o formicolio nell&#039;area trattata. Nei metodi di iniezione, poich\u00e9 vengono utilizzati aghi sottili, il dolore \u00e8 minimo. Nei metodi chirurgici, viene utilizzata l&#039;anestesia locale, quindi il paziente non avverte dolore, ma potrebbe esserci una lieve sensibilit\u00e0 successivamente.<\/p>\n<\/p><\/div>\n<\/p><\/div>\n<div>\n<div>\n<h2 class=\"h2-header\">Quanto dura l&#039;applicazione?<\/h2>\n<\/p><\/div>\n<div>\n<p class=\"p-text\">La durata del trattamento dipende dal metodo scelto. I metodi non chirurgici generalmente durano tra i 30 e i 60 minuti. Le applicazioni di iniezioni possono essere completate in un tempo molto pi\u00f9 breve, solitamente tra i 15 e i 30 minuti. Nei metodi chirurgici, la procedura pu\u00f2 durare tra 1 e 3 ore.<\/p>\n<\/p><\/div>\n<\/p><\/div>\n<div>\n<div>\n<h2 class=\"h2-header\">Quanti giorni sono necessari per guarire?<\/h2>\n<\/p><\/div>\n<div>\n<p class=\"p-text\">Nei trattamenti non chirurgici, il paziente pu\u00f2 tornare alla propria vita quotidiana lo stesso giorno. Il processo di recupero per i trattamenti con iniezioni \u00e8 solitamente limitato a 1-2 giorni. Per i metodi chirurgici, il recupero pu\u00f2 richiedere tra i 7 e i 14 giorni. Tuttavia, per ottenere risultati completi dal trattamento, potrebbe essere necessario attendere da 4 a 6 settimane.<\/p>\n<\/p><\/div>\n<\/p><\/div>\n<div>\n<div>\n<h2 class=\"h2-header\">Perch\u00e9 scegliere la Dr. Terziler Exclusive Clinic?<\/h2>\n<\/p><\/div>\n<div>\n<p class=\"p-text\">Il Dr. Terziler, con competenze riconosciute a livello internazionale e un approccio estetico che combina arte e scienza, offre soluzioni personalizzate che forniscono non solo una trasformazione fisica, ma anche un rinnovamento emotivo. La nostra clinica, dotata di tecnologie avanzate e basata su comfort e sicurezza, abbraccia la perfezione come filosofia aziendale. Perch\u00e9 qui, ogni tocco \u00e8 finalizzato a migliorare la tua salute olistica e felicit\u00e0.<\/p>\n<\/p><\/div>\n<\/p><\/div>\n<\/p><\/div>\n<\/section>\n","protected":false},"excerpt":{"rendered":"<p>Ringiovanimento del doppio mento Il trattamento di ringiovanimento del doppio mento mira a ridurre il rilassamento cutaneo e il rilassamento cutaneo, ottenendo un aspetto pi\u00f9 giovane e sodo. Questo trattamento pu\u00f2 essere eseguito con metodi come Botox, filler e laser, che agiscono riducendo l&#039;accumulo di grasso nell&#039;area e aumentando l&#039;elasticit\u00e0 della pelle. Di conseguenza, la [&hellip;]<\/p>\n","protected":false},"author":6,"featured_media":0,"parent":3070,"menu_order":0,"comment_status":"closed","ping_status":"closed","template":"","meta":{"footnotes":""},"class_list":["post-17665","page","type-page","status-publish","hentry"],"_links":{"self":[{"href":"https:\/\/drterziler.com\/it\/wp-json\/wp\/v2\/pages\/17665","targetHints":{"allow":["GET"]}}],"collection":[{"href":"https:\/\/drterziler.com\/it\/wp-json\/wp\/v2\/pages"}],"about":[{"href":"https:\/\/drterziler.com\/it\/wp-json\/wp\/v2\/types\/page"}],"author":[{"embeddable":true,"href":"https:\/\/drterziler.com\/it\/wp-json\/wp\/v2\/users\/6"}],"replies":[{"embeddable":true,"href":"https:\/\/drterziler.com\/it\/wp-json\/wp\/v2\/comments?post=17665"}],"version-history":[{"count":14,"href":"https:\/\/drterziler.com\/it\/wp-json\/wp\/v2\/pages\/17665\/revisions"}],"predecessor-version":[{"id":59796,"href":"https:\/\/drterziler.com\/it\/wp-json\/wp\/v2\/pages\/17665\/revisions\/59796"}],"up":[{"embeddable":true,"href":"https:\/\/drterziler.com\/it\/wp-json\/wp\/v2\/pages\/3070"}],"wp:attachment":[{"href":"https:\/\/drterziler.com\/it\/wp-json\/wp\/v2\/media?parent=17665"}],"curies":[{"name":"wp","href":"https:\/\/api.w.org\/{rel}","templated":true}]}}