{"id":17788,"date":"2025-01-28T10:07:23","date_gmt":"2025-01-28T10:07:23","guid":{"rendered":"https:\/\/drterziler.com\/estetica-medica\/diger-botoks-uygulamalari\/terleme-botoksu\/"},"modified":"2026-04-21T14:23:59","modified_gmt":"2026-04-21T14:23:59","slug":"botox-del-sudore","status":"publish","type":"page","link":"https:\/\/drterziler.com\/it\/estetica-medica\/altri-trattamenti-botox\/botox-del-sudore\/","title":{"rendered":"Botox del sudore"},"content":{"rendered":"<div class=\"page-content\">\n<div id=\"header-area\">\n<div class=\"container\" id=\"firstContent\">\n<div class=\"header-content d-flex flex-column\">\n<h1 class=\"content-title h1-header\">Botox del sudore<\/h1>\n<div class=\"content-paragraph\">\n<p class=\"p-text\">\u00c8 un metodo di trattamento efficace che utilizza la tossina botulinica per controllare la sudorazione eccessiva. Arrestando temporaneamente la produzione di sudore in aree come le ascelle, i palmi delle mani e le piante dei piedi, fornisce sollievo.<\/p>\n<\/p><\/div>\n<nav aria-label=\"breadcrumb\" class=\"breadcrumbs\">\n<ul class=\"d-flex align-items-center mb-0\">\n<li><a class=\"link\" href=\"https:\/\/drterziler.com\/it\/\"><span>Dr. Terziler Exclusive Clinic<\/span><\/a><\/li>\n<li class=\"separator\">\u00bb<\/li>\n<li><a class=\"link\" href=\"https:\/\/drterziler.com\/it\/estetica-medica\/\"><span>Estetica medica<\/span><\/a><\/li>\n<li class=\"separator\">\u00bb<\/li>\n<li><a class=\"link\" href=\"https:\/\/drterziler.com\/it\/estetica-medica\/altri-trattamenti-botox\/\"><span>Altri trattamenti Botox<\/span><\/a><\/li>\n<li class=\"separator\">\u00bb<\/li>\n<li class=\"current-page\"><span>Botox del sudore<\/span><\/li>\n<\/ul>\n<\/nav><\/div>\n<\/p><\/div>\n<\/p><\/div>\n<\/div>\n<section id=\"content-area\">\n<div class=\"container my-5\">\n<div class=\"row align-items-start\">\n<div class=\"col-md-6 order-2 order-md-1\">\n<div class=\"custom-toc-box\">\n<div id=\"toc-header\">\n<h4>Indice dei contenuti<\/h4>\n<div class=\"toc-toggle-icon\"><\/div>\n<\/p><\/div>\n<div class=\"toc-full-divider\"><\/div>\n<div id=\"toc-body\">\n<div id=\"toc-container\"><\/div>\n<\/p><\/div>\n<\/p><\/div>\n<\/p><\/div>\n<div class=\"col-md-6 order-1 order-md-2\" id=\"jForm\">\n                <script type=\"text\/javascript\" src=\"https:\/\/form.jotform.com\/jsform\/242882600814961\"><\/script>\n            <\/div>\n<\/p><\/div>\n<\/p><\/div>\n<div class=\"container\">\n<div class=\"img-thumb\">\n            <img decoding=\"async\" src=\"https:\/\/drterziler.com\/wp-content\/uploads\/2025\/01\/Terleme-Botoksu.webp\" alt=\"Botox del sudore\" loading=\"lazy\">\n        <\/div>\n<div>\n<div>\n<h2 class=\"h2-header\">Qu&#039;est-ce que le Botox pour la transpiration?<\/h2>\n<\/p><\/div>\n<div>\n<p class=\"p-text\">Le Botox pour la transpiration est une m\u00e9thode efficace utilis\u00e9e dans le traitement de la transpiration excessive (hyperhidrose). Dans cette proc\u00e9dure, la toxine botulique (Botox) est inject\u00e9e pour bloquer la fonction des glandes sudoripares. L&#039;application est g\u00e9n\u00e9ralement effectu\u00e9e dans des zones o\u00f9 vous ressentez une transpiration intense, comme les aisselles, les paumes des mains, les plantes des pieds et le visage. Le Botox arr\u00eate temporairement la production de sueur, \u00e9liminant ainsi consid\u00e9rablement le probl\u00e8me de la transpiration excessive.<\/p>\n<\/p><\/div>\n<\/p><\/div>\n<div>\n<div>\n<h2 class=\"h2-header\">Quels sont les avantages du Botox pour la transpiration?<\/h2>\n<\/p><\/div>\n<div>\n<p class=\"p-text\">Contr\u00f4le efficace de la transpiration. Am\u00e9liore la qualit\u00e9 de vie quotidienne. Application rapide et temps de r\u00e9cup\u00e9ration court. Traitement facile et minimement invasif. Risque faible de r\u00e9actions allergiques. Exp\u00e9rience de proc\u00e9dure confortable. Pr\u00e9vient les d\u00e9fis sociaux caus\u00e9s par la transpiration excessive.<\/p>\n<\/p><\/div>\n<\/p><\/div>\n<div>\n<div>\n<h2 class=\"h2-header\">\u00c0 qui est destin\u00e9 le Botox pour la transpiration?<\/h2>\n<\/p><\/div>\n<div>\n<p class=\"p-text\">Les personnes ayant une transpiration excessive. Les personnes g\u00ean\u00e9es par leur vie sociale en raison de la transpiration. Celles qui rencontrent des probl\u00e8mes de transpiration pendant l&#039;exercice. Les cas qui ne peuvent pas \u00eatre contr\u00f4l\u00e9s par des m\u00e9dicaments. Les personnes ayant une transpiration excessive des bras et des mains. Les personnes ayant des probl\u00e8mes de transpiration pendant les mois d&#039;\u00e9t\u00e9. Les personnes dont le travail ou les activit\u00e9s quotidiennes sont affect\u00e9s par la transpiration. Les personnes qui \u00e9prouvent une perte de confiance en soi \u00e0 cause de la transpiration.<\/p>\n<\/p><\/div>\n<\/p><\/div>\n<div>\n<div>\n<h2 class=\"h2-header\">Pourquoi est-il populaire?<\/h2>\n<\/p><\/div>\n<div>\n<p class=\"p-text\">Le Botox pour la transpiration a gagn\u00e9 en popularit\u00e9 ces derni\u00e8res ann\u00e9es car il offre une solution s\u00fbre et efficace. La transpiration excessive cause des inconforts physiques et psychologiques, et ce traitement am\u00e9liore consid\u00e9rablement la qualit\u00e9 de vie. De plus, ses avantages, tels que sa proc\u00e9dure minimement invasive, son temps de r\u00e9cup\u00e9ration rapide et l&#039;absence de marques permanentes, rendent le traitement tr\u00e8s attrayant. \u00c9tant donn\u00e9 que le Botox est couramment utilis\u00e9 \u00e0 des fins esth\u00e9tiques, traiter la transpiration avec cette m\u00e9thode famili\u00e8re contribue \u00e9galement \u00e0 sa popularit\u00e9.<\/p>\n<\/p><\/div>\n<\/p><\/div>\n<div>\n<div>\n<h2 class=\"h2-header\">Y a-t-il une restriction d&#039;\u00e2ge pour le Botox pour la transpiration?<\/h2>\n<\/p><\/div>\n<div>\n<p class=\"p-text\">Non, il n&#039;y a pas de restriction d&#039;\u00e2ge sp\u00e9cifique pour le Botox pour la transpiration. Il peut g\u00e9n\u00e9ralement \u00eatre appliqu\u00e9 aux personnes de tous \u00e2ges qui souffrent de transpiration excessive. Les personnes qui souffrent de transpiration excessive ont souvent recours \u00e0 ce traitement pour am\u00e9liorer leur qualit\u00e9 de vie et reprendre le contr\u00f4le sur le probl\u00e8me de transpiration.<\/p>\n<\/p><\/div>\n<\/p><\/div>\n<div>\n<div>\n<h2 class=\"h2-header\">Comment le Botox pour la transpiration est-il appliqu\u00e9?<\/h2>\n<\/p><\/div>\n<div>\n<p class=\"p-text\">Le Botox pour la transpiration est appliqu\u00e9 en injectant la toxine botulique dans la zone concern\u00e9e \u00e0 l&#039;aide d&#039;aiguilles fines. Avant l&#039;application, la zone est nettoy\u00e9e et, si n\u00e9cessaire, une cr\u00e8me anesth\u00e9siante est appliqu\u00e9e. Ensuite, le Botox est inject\u00e9 sous la peau pour arr\u00eater temporairement la fonction des glandes sudoripares. La proc\u00e9dure prend seulement quelques minutes, et les patients peuvent reprendre leurs activit\u00e9s normales par la suite. Les r\u00e9sultats deviennent g\u00e9n\u00e9ralement visibles en quelques jours.<\/p>\n<\/p><\/div>\n<\/p><\/div>\n<div>\n<div>\n<h2 class=\"h2-header\">Y a-t-il de la douleur ou de l&#039;inconfort pendant le Botox pour la transpiration?<\/h2>\n<\/p><\/div>\n<div>\n<p class=\"p-text\">La proc\u00e9dure de Botox pour la transpiration est g\u00e9n\u00e9ralement r\u00e9alis\u00e9e avec peu de douleur. Avant la proc\u00e9dure, la zone est engourdie \u00e0 l&#039;aide d&#039;une cr\u00e8me anesth\u00e9siante locale ou d&#039;une m\u00e9thode de refroidissement, assurant que les patients ne ressentent aucun inconfort. Les aiguilles sont tr\u00e8s fines, de sorte qu&#039;aucune douleur n&#039;est ressentie pendant la proc\u00e9dure. Certains patients peuvent ressentir une l\u00e9g\u00e8re douleur ou sensibilit\u00e9 apr\u00e8s, mais cela est g\u00e9n\u00e9ralement de courte dur\u00e9e et tol\u00e9rable.<\/p>\n<\/p><\/div>\n<\/p><\/div>\n<div>\n<div>\n<h2 class=\"h2-header\">Combien de temps dure la proc\u00e9dure de Botox pour la transpiration?<\/h2>\n<\/p><\/div>\n<div>\n<p class=\"p-text\">La proc\u00e9dure de Botox pour la transpiration est assez rapide. Elle dure g\u00e9n\u00e9ralement entre 10 et 15 minutes. Ce temps peut varier en fonction des zones trait\u00e9es et de l&#039;\u00e9tendue du traitement, mais en g\u00e9n\u00e9ral, les patients finissent rapidement la proc\u00e9dure et peuvent reprendre leurs activit\u00e9s quotidiennes le m\u00eame jour.<\/p>\n<\/p><\/div>\n<\/p><\/div>\n<div>\n<div>\n<h2 class=\"h2-header\">Combien de jours faut-il pour r\u00e9cup\u00e9rer?<\/h2>\n<\/p><\/div>\n<div>\n<p class=\"p-text\">Le processus de r\u00e9cup\u00e9ration apr\u00e8s le Botox pour la transpiration commence g\u00e9n\u00e9ralement en 2-3 jours. Il peut y avoir une l\u00e9g\u00e8re rougeur, un gonflement ou des marques d&#039;aiguilles pendant les premiers jours, mais ces effets sont temporaires et disparaissent rapidement. L&#039;effet du Botox devient g\u00e9n\u00e9ralement compl\u00e8tement visible entre 3 et 7 jours, et les r\u00e9sultats peuvent durer jusqu&#039;\u00e0 6 mois. La p\u00e9riode de r\u00e9cup\u00e9ration peut varier en fonction des diff\u00e9rences personnelles, mais la plupart des patients peuvent revenir \u00e0 leur vie normale rapidement.<\/p>\n<\/p><\/div>\n<\/p><\/div>\n<div>\n<div>\n<h2 class=\"h2-header\">Prix du Botox pour la transpiration<\/h2>\n<\/p><\/div>\n<div>\n<p class=\"p-text\">En 2025, les prix du Botox pour la transpiration peuvent varier en fonction de la zone de traitement, de la dur\u00e9e de la proc\u00e9dure et de l&#039;expertise requise. Notre clinique suit diff\u00e9rentes politiques tarifaires en fonction des m\u00e9thodes et des mat\u00e9riaux utilis\u00e9s pour le traitement. Les prix sont \u00e9galement d\u00e9termin\u00e9s par l&#039;\u00e9tendue de l&#039;application et le nombre de s\u00e9ances, il serait donc plus pr\u00e9cis d&#039;obtenir un prix sp\u00e9cifique apr\u00e8s une \u00e9valuation personnelle.<\/p>\n<\/p><\/div>\n<\/p><\/div>\n<div>\n<div>\n<h2 class=\"h2-header\">Pourquoi choisir la Dr. Terziler Exclusive Clinic?<\/h2>\n<\/p><\/div>\n<div>\n<p class=\"p-text\">Le Dr. Terziler, avec une expertise reconnue \u00e0 l&#039;international et une approche esth\u00e9tique qui combine art et science, propose des solutions personnalis\u00e9es qui offrent non seulement une transformation physique, mais aussi une transformation \u00e9motionnelle. Notre clinique, \u00e9quip\u00e9e de technologies de pointe et bas\u00e9e sur le confort et la s\u00e9curit\u00e9, adopte la perfection comme philosophie institutionnelle. Parce qu&#039;ici, chaque geste vise \u00e0 am\u00e9liorer votre sant\u00e9 globale et votre bonheur.<\/p>\n<\/p><\/div>\n<\/p><\/div>\n<\/p><\/div>\n<\/section>\n","protected":false},"excerpt":{"rendered":"<p>Botox del sudore \u00c8 un metodo di trattamento efficace che utilizza la tossina botulinica per controllare la sudorazione eccessiva. Arrestando temporaneamente la produzione di sudore in aree come le ascelle, i palmi delle mani e le piante dei piedi, fornisce sollievo. Dr. Terziler Exclusive Clinic \u00bb Estetica medica \u00bb Altri trattamenti Botox \u00bb Botox del [&hellip;]<\/p>\n","protected":false},"author":6,"featured_media":0,"parent":17698,"menu_order":0,"comment_status":"closed","ping_status":"closed","template":"","meta":{"footnotes":""},"class_list":["post-17788","page","type-page","status-publish","hentry"],"_links":{"self":[{"href":"https:\/\/drterziler.com\/it\/wp-json\/wp\/v2\/pages\/17788","targetHints":{"allow":["GET"]}}],"collection":[{"href":"https:\/\/drterziler.com\/it\/wp-json\/wp\/v2\/pages"}],"about":[{"href":"https:\/\/drterziler.com\/it\/wp-json\/wp\/v2\/types\/page"}],"author":[{"embeddable":true,"href":"https:\/\/drterziler.com\/it\/wp-json\/wp\/v2\/users\/6"}],"replies":[{"embeddable":true,"href":"https:\/\/drterziler.com\/it\/wp-json\/wp\/v2\/comments?post=17788"}],"version-history":[{"count":15,"href":"https:\/\/drterziler.com\/it\/wp-json\/wp\/v2\/pages\/17788\/revisions"}],"predecessor-version":[{"id":62403,"href":"https:\/\/drterziler.com\/it\/wp-json\/wp\/v2\/pages\/17788\/revisions\/62403"}],"up":[{"embeddable":true,"href":"https:\/\/drterziler.com\/it\/wp-json\/wp\/v2\/pages\/17698"}],"wp:attachment":[{"href":"https:\/\/drterziler.com\/it\/wp-json\/wp\/v2\/media?parent=17788"}],"curies":[{"name":"wp","href":"https:\/\/api.w.org\/{rel}","templated":true}]}}