{"id":17837,"date":"2025-01-28T10:11:31","date_gmt":"2025-01-28T10:11:31","guid":{"rendered":"https:\/\/drterziler.com\/estetica-medica\/diger-botoks-uygulamalari\/migren-botoksu\/"},"modified":"2026-04-21T14:09:48","modified_gmt":"2026-04-21T14:09:48","slug":"migraine-botox","status":"publish","type":"page","link":"https:\/\/drterziler.com\/it\/estetica-medica\/altri-trattamenti-botox\/migraine-botox\/","title":{"rendered":"Migraine Botox"},"content":{"rendered":"<div class=\"page-content\">\n<div id=\"header-area\">\n<div class=\"container\" id=\"firstContent\">\n<div class=\"header-content d-flex flex-column\">\n<h1 class=\"content-title h1-header\">Migraine Botox<\/h1>\n<div class=\"content-paragraph\">\n<p class=\"p-text\">L\u2019emicrania Botox \u00e8 un metodo di trattamento che utilizza la tossina botulinica per prevenire attacchi di emicrania frequenti e gravi. Il botox applicato su aree specifiche della testa aiuta ad alleviare il dolore e ridurre la frequenza degli attacchi. Questo trattamento mira a migliorare la qualit\u00e0 della vita riducendo la frequenza degli attacchi, piuttosto che offrire una soluzione permanente alla condizione di emicrania.<\/p>\n<\/p><\/div>\n<nav aria-label=\"breadcrumb\" class=\"breadcrumbs\">\n<ul class=\"d-flex align-items-center mb-0\">\n<li><a class=\"link\" href=\"https:\/\/drterziler.com\/it\/\"><span>Dr. Terziler Exclusive Clinic<\/span><\/a><\/li>\n<li class=\"separator\">\u00bb<\/li>\n<li><a class=\"link\" href=\"https:\/\/drterziler.com\/it\/estetica-medica\/\"><span>Estetica medica<\/span><\/a><\/li>\n<li class=\"separator\">\u00bb<\/li>\n<li><a class=\"link\" href=\"https:\/\/drterziler.com\/it\/estetica-medica\/altri-trattamenti-botox\/\"><span>Altri trattamenti Botox<\/span><\/a><\/li>\n<li class=\"separator\">\u00bb<\/li>\n<li class=\"current-page\"><span>Migraine Botox<\/span><\/li>\n<\/ul>\n<\/nav><\/div>\n<\/p><\/div>\n<\/p><\/div>\n<\/div>\n<section id=\"content-area\">\n<div class=\"container my-5\">\n<div class=\"row align-items-start\">\n<div class=\"col-md-6 order-2 order-md-1\">\n<div class=\"custom-toc-box\">\n<div id=\"toc-header\">\n<h4>Indice dei contenuti<\/h4>\n<div class=\"toc-toggle-icon\"><\/div>\n<\/p><\/div>\n<div class=\"toc-full-divider\"><\/div>\n<div id=\"toc-body\">\n<div id=\"toc-container\"><\/div>\n<\/p><\/div>\n<\/p><\/div>\n<\/p><\/div>\n<div class=\"col-md-6 order-1 order-md-2\" id=\"jForm\">\n                <script type=\"text\/javascript\" src=\"https:\/\/form.jotform.com\/jsform\/242882600814961\"><\/script>\n            <\/div>\n<\/p><\/div>\n<\/p><\/div>\n<div class=\"container\">\n<div class=\"img-thumb\">\n            <img decoding=\"async\" src=\"https:\/\/drterziler.com\/wp-content\/uploads\/2025\/01\/Migren-Botoksu.webp\" alt=\"Migraine Botox\" loading=\"lazy\">\n        <\/div>\n<div>\n<div>\n<h2 class=\"h2-header\">Qu&#039;est-ce que le Botox pour les migraines?<\/h2>\n<\/p><\/div>\n<div>\n<p class=\"p-text\">Le Botox pour les migraines est une m\u00e9thode de traitement appliqu\u00e9e aux personnes souffrant de migraines chroniques. La toxine botulique est inject\u00e9e dans les muscles de la t\u00eate et du cou pour bloquer les d\u00e9clencheurs des migraines. L&#039;application est pr\u00e9f\u00e9r\u00e9e pour r\u00e9duire la fr\u00e9quence et la gravit\u00e9 des crises de migraine. Le Botox emp\u00eache la survenue de la douleur en bloquant la transmission nerveuse et aide \u00e0 pr\u00e9venir les maux de t\u00eate.<\/p>\n<\/p><\/div>\n<\/p><\/div>\n<div>\n<div>\n<h2 class=\"h2-header\">Comment le Botox pour les migraines pr\u00e9vient-il les maux de t\u00eate?<\/h2>\n<\/p><\/div>\n<div>\n<p class=\"p-text\">La solution de toxine botulique affecte les terminaisons nerveuses, bloquant la transmission de la douleur et r\u00e9duisant la formation de maux de t\u00eate. Lorsque la toxine botulique est inject\u00e9e dans les muscles de la t\u00eate et du cou, elle emp\u00eache la lib\u00e9ration de substances chimiques responsables de la douleur. En cons\u00e9quence, les maux de t\u00eate d\u00e9clench\u00e9s par les migraines et les crises de douleur s\u00e9v\u00e8res sont soulag\u00e9s ou pr\u00e9venus.<\/p>\n<\/p><\/div>\n<\/p><\/div>\n<div>\n<div>\n<h2 class=\"h2-header\">Quels sont les avantages du Botox pour les migraines?<\/h2>\n<\/p><\/div>\n<div>\n<p class=\"p-text\">R\u00e9duit les attaques de migraine fr\u00e9quentes et persistantes. Offre un soulagement durable. Ne n\u00e9cessite pas l&#039;utilisation de m\u00e9dicaments. Traitement minimalement invasif. Soulage les maux de t\u00eate. Les effets secondaires sont tr\u00e8s rares. Am\u00e9liore la qualit\u00e9 de vie quotidienne.<\/p>\n<\/p><\/div>\n<\/p><\/div>\n<div>\n<div>\n<h2 class=\"h2-header\">\u00c0 qui est-il destin\u00e9?<\/h2>\n<\/p><\/div>\n<div>\n<p class=\"p-text\">Les personnes souffrant de migraines chroniques. Les personnes souffrant de douleurs de migraine qui ne disparaissent pas avec des m\u00e9dicaments. Celles qui \u00e9prouvent fr\u00e9quemment des maux de t\u00eate. Les personnes dont la vie sociale est affect\u00e9e par les attaques de migraine. Les personnes souffrant de douleurs continues dans la t\u00eate et le cou. Les personnes souffrant d&#039;insomnie ou de fatigue excessive. Celles recherchant des solutions \u00e0 long terme pour les migraines. Les personnes qui n&#039;ont pas b\u00e9n\u00e9fici\u00e9 d&#039;autres traitements contre les migraines.<\/p>\n<\/p><\/div>\n<\/p><\/div>\n<div>\n<div>\n<h2 class=\"h2-header\">Pourquoi le Botox pour les migraines est-il populaire?<\/h2>\n<\/p><\/div>\n<div>\n<p class=\"p-text\">Le Botox pour les migraines est devenu assez populaire ces derni\u00e8res ann\u00e9es car il offre une alternative efficace et s\u00fbre pour traiter les migraines. Dans les situations o\u00f9 les m\u00e9dicaments sont insuffisants et que les attaques de migraine affectent gravement la qualit\u00e9 de vie, le Botox apporte un soulagement significatif. De plus, \u00e9tant une m\u00e9thode minimement invasive, avec un processus de r\u00e9cup\u00e9ration rapide et offrant une solution pour lutter contre les attaques r\u00e9currentes de migraine, ce traitement est encore plus attrayant.<\/p>\n<\/p><\/div>\n<\/p><\/div>\n<div>\n<div>\n<h2 class=\"h2-header\">Y a-t-il une restriction d&#039;\u00e2ge pour le Botox pour les migraines?<\/h2>\n<\/p><\/div>\n<div>\n<p class=\"p-text\">Non, il n&#039;y a pas de restriction d&#039;\u00e2ge sp\u00e9cifique pour le Botox pour les migraines. Il peut g\u00e9n\u00e9ralement \u00eatre appliqu\u00e9 aux individus de tous \u00e2ges souffrant de migraines ou de maux de t\u00eate. Il est courant que les personnes de tous \u00e2ges aient recours \u00e0 ce traitement pour soulager la douleur caus\u00e9e par les migraines et am\u00e9liorer leur qualit\u00e9 de vie.<\/p>\n<\/p><\/div>\n<\/p><\/div>\n<div>\n<div>\n<h2 class=\"h2-header\">Comment le Botox pour les migraines est-il appliqu\u00e9?<\/h2>\n<\/p><\/div>\n<div>\n<p class=\"p-text\">Le Botox pour les migraines est appliqu\u00e9 en injectant la toxine botulique dans des zones sp\u00e9cifiques de la t\u00eate \u00e0 l&#039;aide d&#039;aiguilles fines. Lors de l&#039;application, l&#039;avant de la t\u00eate, les tempes, le cou et les \u00e9paules\u2014les zones d\u00e9clench\u00e9es par les migraines\u2014sont cibl\u00e9s. La proc\u00e9dure est r\u00e9alis\u00e9e par un sp\u00e9cialiste et prend g\u00e9n\u00e9ralement environ 30 minutes. Le Botox aide \u00e0 r\u00e9duire la douleur et \u00e0 diminuer la fr\u00e9quence des attaques de migraine en bloquant la transmission nerveuse.<\/p>\n<\/p><\/div>\n<\/p><\/div>\n<div>\n<div>\n<h2 class=\"h2-header\">Y a-t-il de la douleur ou de l&#039;inconfort pendant le traitement au Botox pour les migraines?<\/h2>\n<\/p><\/div>\n<div>\n<p class=\"p-text\">La proc\u00e9dure de Botox pour les migraines cause g\u00e9n\u00e9ralement peu de douleur. Une l\u00e9g\u00e8re sensation de picotement peut \u00eatre ressentie lors de l&#039;application, mais la plupart des patients ne la trouvent pas g\u00eanante. De plus, en raison de l&#039;utilisation d&#039;aiguilles fines pendant la proc\u00e9dure, le niveau de douleur est assez faible. Si souhait\u00e9, une cr\u00e8me anesth\u00e9siante peut \u00eatre appliqu\u00e9e sur la zone avant la proc\u00e9dure pour r\u00e9duire davantage l&#039;inconfort.<\/p>\n<\/p><\/div>\n<\/p><\/div>\n<div>\n<div>\n<h2 class=\"h2-header\">Combien de temps dure la proc\u00e9dure?<\/h2>\n<\/p><\/div>\n<div>\n<p class=\"p-text\">La proc\u00e9dure de Botox pour les migraines dure g\u00e9n\u00e9ralement entre 20 et 30 minutes. Le Botox est inject\u00e9 en plusieurs points sur la t\u00eate et le cou pour le traitement. Les patients peuvent g\u00e9n\u00e9ralement reprendre leurs activit\u00e9s normales peu de temps apr\u00e8s la proc\u00e9dure. La dur\u00e9e du traitement peut varier en fonction de l&#039;intensit\u00e9 du mal de t\u00eate et des zones trait\u00e9es.<\/p>\n<\/p><\/div>\n<\/p><\/div>\n<div>\n<div>\n<h2 class=\"h2-header\">Combien de jours faut-il pour r\u00e9cup\u00e9rer?<\/h2>\n<\/p><\/div>\n<div>\n<p class=\"p-text\">Les effets du traitement au Botox pour les migraines se font g\u00e9n\u00e9ralement sentir dans quelques jours, mais les r\u00e9sultats complets apparaissent dans un d\u00e9lai de 2 semaines. Apr\u00e8s la proc\u00e9dure, il peut y avoir une l\u00e9g\u00e8re rougeur, un gonflement ou des marques d&#039;aiguilles, mais ces sympt\u00f4mes disparaissent rapidement. Les effets du Botox durent de 3 \u00e0 6 mois, et le traitement peut \u00eatre r\u00e9p\u00e9t\u00e9. Apr\u00e8s la premi\u00e8re application, les patients peuvent observer l&#039;efficacit\u00e9 du traitement et discuter d&#039;un traitement suppl\u00e9mentaire avec leur m\u00e9decin si n\u00e9cessaire.<\/p>\n<\/p><\/div>\n<\/p><\/div>\n<div>\n<div>\n<h2 class=\"h2-header\">Prix du Botox pour les migraines<\/h2>\n<\/p><\/div>\n<div>\n<p class=\"p-text\">En 2025, les prix du Botox pour les migraines peuvent varier en fonction de la zone de traitement, de la dur\u00e9e et de l&#039;expertise requise. Notre clinique suit diff\u00e9rentes politiques tarifaires en fonction des m\u00e9thodes et des mat\u00e9riaux utilis\u00e9s pour le traitement. Les prix sont \u00e9galement d\u00e9termin\u00e9s par l&#039;\u00e9tendue de l&#039;application et le nombre de s\u00e9ances, il est donc plus pr\u00e9cis d&#039;obtenir un prix sp\u00e9cifique apr\u00e8s une \u00e9valuation personnelle.<\/p>\n<\/p><\/div>\n<\/p><\/div>\n<div>\n<div>\n<h2 class=\"h2-header\">Pourquoi choisir la Dr. Terziler Exclusive Clinic?<\/h2>\n<\/p><\/div>\n<div>\n<p class=\"p-text\">Le Dr. Terziler, avec une expertise reconnue \u00e0 l&#039;international et une approche esth\u00e9tique qui combine art et science, propose des solutions personnalis\u00e9es qui offrent non seulement une transformation physique, mais aussi une transformation \u00e9motionnelle. Notre clinique, \u00e9quip\u00e9e de technologies de pointe et op\u00e9rant selon les principes du confort et de la s\u00e9curit\u00e9, adopte la perfection comme philosophie institutionnelle. Parce qu&#039;ici, chaque geste vise \u00e0 am\u00e9liorer votre sant\u00e9 globale et votre bonheur.<\/p>\n<\/p><\/div>\n<\/p><\/div>\n<\/p><\/div>\n<\/section>\n","protected":false},"excerpt":{"rendered":"<p>Migraine Botox L\u2019emicrania Botox \u00e8 un metodo di trattamento che utilizza la tossina botulinica per prevenire attacchi di emicrania frequenti e gravi. Il botox applicato su aree specifiche della testa aiuta ad alleviare il dolore e ridurre la frequenza degli attacchi. Questo trattamento mira a migliorare la qualit\u00e0 della vita riducendo la frequenza degli attacchi, [&hellip;]<\/p>\n","protected":false},"author":6,"featured_media":0,"parent":17698,"menu_order":0,"comment_status":"closed","ping_status":"closed","template":"","meta":{"footnotes":""},"class_list":["post-17837","page","type-page","status-publish","hentry"],"_links":{"self":[{"href":"https:\/\/drterziler.com\/it\/wp-json\/wp\/v2\/pages\/17837","targetHints":{"allow":["GET"]}}],"collection":[{"href":"https:\/\/drterziler.com\/it\/wp-json\/wp\/v2\/pages"}],"about":[{"href":"https:\/\/drterziler.com\/it\/wp-json\/wp\/v2\/types\/page"}],"author":[{"embeddable":true,"href":"https:\/\/drterziler.com\/it\/wp-json\/wp\/v2\/users\/6"}],"replies":[{"embeddable":true,"href":"https:\/\/drterziler.com\/it\/wp-json\/wp\/v2\/comments?post=17837"}],"version-history":[{"count":14,"href":"https:\/\/drterziler.com\/it\/wp-json\/wp\/v2\/pages\/17837\/revisions"}],"predecessor-version":[{"id":59801,"href":"https:\/\/drterziler.com\/it\/wp-json\/wp\/v2\/pages\/17837\/revisions\/59801"}],"up":[{"embeddable":true,"href":"https:\/\/drterziler.com\/it\/wp-json\/wp\/v2\/pages\/17698"}],"wp:attachment":[{"href":"https:\/\/drterziler.com\/it\/wp-json\/wp\/v2\/media?parent=17837"}],"curies":[{"name":"wp","href":"https:\/\/api.w.org\/{rel}","templated":true}]}}