{"id":17954,"date":"2025-01-28T10:23:19","date_gmt":"2025-01-28T10:23:19","guid":{"rendered":"https:\/\/drterziler.com\/estetica-medica\/teknolojik-uygulamalar\/"},"modified":"2026-04-21T14:10:50","modified_gmt":"2026-04-21T14:10:50","slug":"trattamenti-tecnologici","status":"publish","type":"page","link":"https:\/\/drterziler.com\/it\/estetica-medica\/trattamenti-tecnologici\/","title":{"rendered":"Trattamenti tecnologici"},"content":{"rendered":"<div class=\"page-content\">\n<div id=\"header-area\">\n<div class=\"container\" id=\"firstContent\">\n<div class=\"header-content d-flex flex-column\">\n<h1 class=\"content-title h1-header\">Trattamenti tecnologici<\/h1>\n<div class=\"content-paragraph\">\n<p class=\"p-text\">Come Dr. Terziler, offriamo un&#039;esperienza futuristica con le nostre applicazioni all&#039;avanguardia in estetica, salute e bellezza. Attraverso dispositivi robotici, tecnologie laser e sistemi intelligenti, i processi di trattamento non solo vengono accelerati ma anche resi pi\u00f9 efficaci. Le applicazioni modernizzate, che utilizzano metodi minimamente invasivi, consentono un recupero pi\u00f9 rapido fornendo allo stesso tempo un comfort senza precedenti. Sfruttando tutte le possibilit\u00e0 della tecnologia odierna, formuliamo un approccio terapeutico personalizzato e forniamo risultati che superano le aspettative. Le nostre tecnologie avanzate sia in estetica che in medicina sono ottimizzate in ogni fase per ottenere risultati sorprendenti. Noi del Dr. Terziler abbracciamo il principio della tua &quot;felicit\u00e0 olistica&quot; nei regni della salute, della bellezza e della soddisfazione, spingendo oltre i confini per testimoniare il tuo sorriso.<\/p>\n<\/p><\/div>\n<nav aria-label=\"breadcrumb\" class=\"breadcrumbs\">\n<ul class=\"d-flex align-items-center mb-0\">\n<li><a class=\"link\" href=\"https:\/\/drterziler.com\/it\/\"><span>Dr. Terziler Exclusive Clinic<\/span><\/a><\/li>\n<li class=\"separator\">\u00bb<\/li>\n<li><a class=\"link\" href=\"https:\/\/drterziler.com\/it\/estetica-medica\/\"><span>Estetica medica<\/span><\/a><\/li>\n<li class=\"separator\">\u00bb<\/li>\n<li class=\"current-page\"><span>Trattamenti tecnologici<\/span><\/li>\n<\/ul>\n<\/nav><\/div>\n<\/p><\/div>\n<\/p><\/div>\n<\/div>\n<section id=\"content-area\">\n<div class=\"container my-5\">\n<div class=\"row align-items-start\">\n<div class=\"col-md-6 order-2 order-md-1\">\n<div class=\"custom-toc-box\">\n<div id=\"toc-header\">\n<h4>Indice dei contenuti<\/h4>\n<div class=\"toc-toggle-icon\"><\/div>\n<\/p><\/div>\n<div class=\"toc-full-divider\"><\/div>\n<div id=\"toc-body\">\n<div id=\"toc-container\"><\/div>\n<\/p><\/div>\n<\/p><\/div>\n<\/p><\/div>\n<div class=\"col-md-6 order-1 order-md-2\" id=\"jForm\">\n                <script type=\"text\/javascript\" src=\"https:\/\/form.jotform.com\/jsform\/242882600814961\"><\/script>\n            <\/div>\n<\/p><\/div>\n<\/p><\/div>\n<div class=\"container\">\n<div class=\"img-thumb\">\n            <img decoding=\"async\" src=\"https:\/\/drterziler.com\/wp-content\/uploads\/2025\/01\/Teknolojik-Uygulamalar.webp\" alt=\"Trattamenti tecnologici\" loading=\"lazy\">\n        <\/div>\n<div>\n<div>\n<h2 class=\"h2-header\">Perch\u00e9 la Clinica Esclusiva Dr. Terziler?<\/h2>\n<\/p><\/div>\n<div>\n<p class=\"p-text\">Il Dr. Terziler, con una competenza riconosciuta a livello mondiale e un approccio estetico che fonde arte e scienza, offre soluzioni personalizzate che apportano non solo una trasformazione fisica ma anche emotiva. La nostra clinica, dotata di tecnologie avanzate e operante secondo i principi di comfort e fiducia, abbraccia la perfezione come filosofia principale. Perch\u00e9 qui ogni tocco \u00e8 progettato per migliorare la tua salute e felicit\u00e0 generale.<\/p>\n<\/p><\/div>\n<\/p><\/div>\n<\/p><\/div>\n<\/section>\n","protected":false},"excerpt":{"rendered":"<p>Trattamenti tecnologici Come Dr. Terziler, offriamo un&#039;esperienza futuristica con le nostre applicazioni all&#039;avanguardia in estetica, salute e bellezza. Attraverso dispositivi robotici, tecnologie laser e sistemi intelligenti, i processi di trattamento non solo vengono accelerati ma anche resi pi\u00f9 efficaci. Le applicazioni modernizzate, che utilizzano metodi minimamente invasivi, consentono un recupero pi\u00f9 rapido fornendo allo stesso [&hellip;]<\/p>\n","protected":false},"author":6,"featured_media":0,"parent":3070,"menu_order":0,"comment_status":"closed","ping_status":"closed","template":"","meta":{"footnotes":""},"class_list":["post-17954","page","type-page","status-publish","hentry"],"_links":{"self":[{"href":"https:\/\/drterziler.com\/it\/wp-json\/wp\/v2\/pages\/17954","targetHints":{"allow":["GET"]}}],"collection":[{"href":"https:\/\/drterziler.com\/it\/wp-json\/wp\/v2\/pages"}],"about":[{"href":"https:\/\/drterziler.com\/it\/wp-json\/wp\/v2\/types\/page"}],"author":[{"embeddable":true,"href":"https:\/\/drterziler.com\/it\/wp-json\/wp\/v2\/users\/6"}],"replies":[{"embeddable":true,"href":"https:\/\/drterziler.com\/it\/wp-json\/wp\/v2\/comments?post=17954"}],"version-history":[{"count":14,"href":"https:\/\/drterziler.com\/it\/wp-json\/wp\/v2\/pages\/17954\/revisions"}],"predecessor-version":[{"id":59805,"href":"https:\/\/drterziler.com\/it\/wp-json\/wp\/v2\/pages\/17954\/revisions\/59805"}],"up":[{"embeddable":true,"href":"https:\/\/drterziler.com\/it\/wp-json\/wp\/v2\/pages\/3070"}],"wp:attachment":[{"href":"https:\/\/drterziler.com\/it\/wp-json\/wp\/v2\/media?parent=17954"}],"curies":[{"name":"wp","href":"https:\/\/api.w.org\/{rel}","templated":true}]}}