{"id":18020,"date":"2025-01-28T10:41:00","date_gmt":"2025-01-28T10:41:00","guid":{"rendered":"https:\/\/drterziler.com\/estetica-medica\/ozon-terapi\/"},"modified":"2026-04-21T14:00:05","modified_gmt":"2026-04-21T14:00:05","slug":"ozonoterapia","status":"publish","type":"page","link":"https:\/\/drterziler.com\/it\/estetica-medica\/ozonoterapia\/","title":{"rendered":"Ozonoterapia"},"content":{"rendered":"<div class=\"page-content\">\n<div id=\"header-area\">\n<div class=\"container\" id=\"firstContent\">\n<div class=\"header-content d-flex flex-column\">\n<h1 class=\"content-title h1-header\">Ozonoterapia<\/h1>\n<div class=\"content-paragraph\">\n<p class=\"p-text\">L\u2019ozonoterapia \u00e8 un metodo di trattamento che ha attirato l\u2019attenzione negli ultimi anni per i suoi effetti sulla salute della pelle. L\u2019ozono \u00e8 una forma di ossigeno composta da tre atomi e presenta forti propriet\u00e0 antiossidanti. L&#039;uso dell&#039;ozono nei trattamenti della pelle copre una vasta gamma di aree, dagli effetti antiet\u00e0 al trattamento dell&#039;acne.<\/p>\n<\/p><\/div>\n<nav aria-label=\"breadcrumb\" class=\"breadcrumbs\">\n<ul class=\"d-flex align-items-center mb-0\">\n<li><a class=\"link\" href=\"https:\/\/drterziler.com\/it\/\"><span>Dr. Terziler<\/span><\/a><\/li>\n<li class=\"separator\">\u00bb<\/li>\n<li><a class=\"link\" href=\"https:\/\/drterziler.com\/it\/estetica-medica\/\"><span>Estetica medica<\/span><\/a><\/li>\n<li class=\"separator\">\u00bb<\/li>\n<li class=\"current-page\"><span>Ozonoterapia<\/span><\/li>\n<\/ul>\n<\/nav><\/div>\n<\/p><\/div>\n<\/p><\/div>\n<\/div>\n<section id=\"content-area\">\n<div class=\"container my-5\">\n<div class=\"row align-items-start\">\n<div class=\"col-md-6 order-2 order-md-1\">\n<div class=\"custom-toc-box\">\n<div id=\"toc-header\">\n<h4>Indice dei contenuti<\/h4>\n<div class=\"toc-toggle-icon\"><\/div>\n<\/p><\/div>\n<div class=\"toc-full-divider\"><\/div>\n<div id=\"toc-body\">\n<div id=\"toc-container\"><\/div>\n<\/p><\/div>\n<\/p><\/div>\n<\/p><\/div>\n<div class=\"col-md-6 order-1 order-md-2\" id=\"jForm\">\n               <script type=\"text\/javascript\" src=\"https:\/\/form.jotform.com\/jsform\/242882600814961\"><\/script>\n            <\/div>\n<\/p><\/div>\n<\/p><\/div>\n<div class=\"container\">\n<div class=\"img-thumb\">\n            <img decoding=\"async\" src=\"https:\/\/drterziler.com\/wp-content\/uploads\/2025\/02\/Ozon-Terapi1.webp\" loading=\"lazy\" alt=\"\">\n        <\/div>\n<div>\n<div>\n<h2 class=\"h2-header\">Qu&#039;est-ce que la Th\u00e9rapie \u00e0 l&#039;Ozone et Comment Affecte-t-elle la Peau ?<\/h2>\n<\/p><\/div>\n<div>\n<p class=\"p-text\">La th\u00e9rapie \u00e0 l&#039;ozone consiste \u00e0 m\u00e9langer du gaz ozon\u00e9 avec du sang pr\u00e9lev\u00e9 sur le patient, puis \u00e0 le r\u00e9introduire dans l&#039;organisme par perfusion. L&#039;ozone aide la peau \u00e0 se r\u00e9g\u00e9n\u00e9rer et \u00e0 se revitaliser, tout en renfor\u00e7ant le syst\u00e8me immunitaire. Il augmente les niveaux d&#039;oxyg\u00e8ne dans la peau, contribuant ainsi \u00e0 un teint plus sain et plus \u00e9clatant. De plus, il a un impact positif sur les taches cutan\u00e9es et les signes de vieillissement.<\/p>\n<\/p><\/div>\n<\/p><\/div>\n<div>\n<div>\n<h2 class=\"h2-header\">Quels Probl\u00e8mes Cutan\u00e9s la Th\u00e9rapie \u00e0 l&#039;Ozone Peut-elle Traiter ?<\/h2>\n<\/p><\/div>\n<div>\n<p class=\"p-text\">Acn\u00e9 et cicatrices d&#039;acn\u00e9 S\u00e9cheresse excessive et sensibilit\u00e9 Taches cutan\u00e9es et hyperpigmentation Rides fines et perte d&#039;\u00e9lasticit\u00e9 Pores dilat\u00e9s et points noirs Irr\u00e9gularit\u00e9s du teint Dommages caus\u00e9s par le soleil et vieillissement pr\u00e9matur\u00e9<\/p>\n<\/p><\/div>\n<\/p><\/div>\n<div>\n<div>\n<h2 class=\"h2-header\">Les Bienfaits de la Th\u00e9rapie \u00e0 l&#039;Ozone<\/h2>\n<\/p><\/div>\n<div>\n<p class=\"p-text\">Nettoie la peau en profondeur Acc\u00e9l\u00e8re la r\u00e9g\u00e9n\u00e9ration cellulaire Augmente la production de collag\u00e8ne Raffermit et revitalise la peau Favorise la circulation sanguine D\u00e9sintoxique en \u00e9liminant les toxines Renforce la barri\u00e8re cutan\u00e9e Apporte une apparence jeune et en bonne sant\u00e9<\/p>\n<\/p><\/div>\n<\/p><\/div>\n<div>\n<div>\n<h2 class=\"h2-header\">Comment la Th\u00e9rapie \u00e0 l&#039;Ozone Affecte-t-elle les Rides et les Taches ?<\/h2>\n<\/p><\/div>\n<div>\n<p class=\"p-text\">L&#039;ozone p\u00e9n\u00e8tre dans les couches profondes de la peau, stimulant la production de collag\u00e8ne et d&#039;\u00e9lastine. Cela r\u00e9duit l&#039;apparence des rides tout en \u00e9claircissant les taches et en uniformisant le teint. Gr\u00e2ce \u00e0 son effet antioxydant, il neutralise les radicaux libres et retarde les signes du vieillissement.<\/p>\n<\/p><\/div>\n<\/p><\/div>\n<div>\n<div>\n<h2 class=\"h2-header\">La Th\u00e9rapie \u00e0 l&#039;Ozone est-elle Efficace contre les Hernies Discales ?<\/h2>\n<\/p><\/div>\n<div>\n<p class=\"p-text\">Oui, la th\u00e9rapie \u00e0 l&#039;ozone est utilis\u00e9e comme traitement de soutien alternatif pour les hernies discales. L&#039;ozone r\u00e9duit l&#039;inflammation locale, am\u00e9liore la circulation sanguine, acc\u00e9l\u00e8re le processus de gu\u00e9rison et soulage la douleur. Toutefois, son indication pour chaque patient n\u00e9cessite une \u00e9valuation par un sp\u00e9cialiste.<\/p>\n<\/p><\/div>\n<\/p><\/div>\n<div>\n<div>\n<h2 class=\"h2-header\">\u00c0 Qui s&#039;Adresse la Th\u00e9rapie \u00e0 l&#039;Ozone ?<\/h2>\n<\/p><\/div>\n<div>\n<p class=\"p-text\">Personnes cherchant \u00e0 rajeunir leur peau Individus souffrant d&#039;acn\u00e9 et de taches cutan\u00e9es Personnes souffrant de fatigue chronique Personnes ayant des probl\u00e8mes de circulation Ceux qui souhaitent renforcer leur syst\u00e8me immunitaire Ceux d\u00e9sirant augmenter leur r\u00e9sistance aux infections Personnes souhaitant d\u00e9toxifier leur organisme Ceux qui veulent am\u00e9liorer l&#039;\u00e9lasticit\u00e9 de leur peau<\/p>\n<\/p><\/div>\n<\/p><\/div>\n<div>\n<div>\n<h2 class=\"h2-header\">Quels Types de Peaux Peuvent B\u00e9n\u00e9ficier de la Th\u00e9rapie \u00e0 l&#039;Ozone ?<\/h2>\n<\/p><\/div>\n<div>\n<p class=\"p-text\">La th\u00e9rapie \u00e0 l&#039;ozone convient \u00e0 tous les types de peau. Elle r\u00e9gule l&#039;\u00e9quilibre du s\u00e9bum pour les peaux grasses, hydrate les peaux s\u00e8ches et procure des effets rajeunissants sur les peaux sensibles. C&#039;est \u00e9galement une m\u00e9thode s\u00fbre et efficace pour les personnes souffrant de probl\u00e8mes dermatologiques.<\/p>\n<\/p><\/div>\n<\/p><\/div>\n<div>\n<div>\n<h2 class=\"h2-header\">Comment la Th\u00e9rapie \u00e0 l&#039;Ozone est-elle Appliqu\u00e9e ?<\/h2>\n<\/p><\/div>\n<div>\n<p class=\"p-text\">La th\u00e9rapie \u00e0 l&#039;ozone est r\u00e9alis\u00e9e dans notre clinique \u00e0 l&#039;aide de la m\u00e9thode du s\u00e9rum ozon\u00e9. Ce s\u00e9rum sp\u00e9cialement ozon\u00e9 est administr\u00e9 par voie intraveineuse, augmentant ainsi l&#039;oxyg\u00e9nation des cellules et soutenant le processus de renouvellement. L&#039;intervention est r\u00e9alis\u00e9e dans un environnement st\u00e9rile et confortable et s&#039;ach\u00e8ve rapidement. Apr\u00e8s le traitement, le patient peut reprendre imm\u00e9diatement ses activit\u00e9s quotidiennes.<\/p>\n<\/p><\/div>\n<\/p><\/div>\n<\/p><\/div>\n<\/section>\n","protected":false},"excerpt":{"rendered":"<p>Ozonoterapia L\u2019ozonoterapia \u00e8 un metodo di trattamento che ha attirato l\u2019attenzione negli ultimi anni per i suoi effetti sulla salute della pelle. L\u2019ozono \u00e8 una forma di ossigeno composta da tre atomi e presenta forti propriet\u00e0 antiossidanti. L&#039;uso dell&#039;ozono nei trattamenti della pelle copre una vasta gamma di aree, dagli effetti antiet\u00e0 al trattamento dell&#039;acne. [&hellip;]<\/p>\n","protected":false},"author":6,"featured_media":0,"parent":3070,"menu_order":0,"comment_status":"closed","ping_status":"closed","template":"","meta":{"footnotes":""},"class_list":["post-18020","page","type-page","status-publish","hentry"],"_links":{"self":[{"href":"https:\/\/drterziler.com\/it\/wp-json\/wp\/v2\/pages\/18020","targetHints":{"allow":["GET"]}}],"collection":[{"href":"https:\/\/drterziler.com\/it\/wp-json\/wp\/v2\/pages"}],"about":[{"href":"https:\/\/drterziler.com\/it\/wp-json\/wp\/v2\/types\/page"}],"author":[{"embeddable":true,"href":"https:\/\/drterziler.com\/it\/wp-json\/wp\/v2\/users\/6"}],"replies":[{"embeddable":true,"href":"https:\/\/drterziler.com\/it\/wp-json\/wp\/v2\/comments?post=18020"}],"version-history":[{"count":14,"href":"https:\/\/drterziler.com\/it\/wp-json\/wp\/v2\/pages\/18020\/revisions"}],"predecessor-version":[{"id":59811,"href":"https:\/\/drterziler.com\/it\/wp-json\/wp\/v2\/pages\/18020\/revisions\/59811"}],"up":[{"embeddable":true,"href":"https:\/\/drterziler.com\/it\/wp-json\/wp\/v2\/pages\/3070"}],"wp:attachment":[{"href":"https:\/\/drterziler.com\/it\/wp-json\/wp\/v2\/media?parent=18020"}],"curies":[{"name":"wp","href":"https:\/\/api.w.org\/{rel}","templated":true}]}}