{"id":2991,"date":"2024-08-12T17:11:21","date_gmt":"2024-08-12T17:11:21","guid":{"rendered":"https:\/\/drterziler.com\/dr-servet-terziler\/"},"modified":"2026-03-08T14:11:30","modified_gmt":"2026-03-08T14:11:30","slug":"dr-servet-terziler","status":"publish","type":"page","link":"https:\/\/drterziler.com\/it\/dr-servet-terziler\/","title":{"rendered":"Dr. Servet Terziler"},"content":{"rendered":"<div class=\"page-content\">\n<div id=\"header-area\">\n<div class=\"container\" id=\"firstContent\">\n<div class=\"header-content d-flex flex-column\">\n<h1 class=\"content-title h1-header\">Dr. Servet Terziler<\/h1>\n<div class=\"content-paragraph\">\n<p class=\"p-text\">\n<\/p><\/div>\n<nav aria-label=\"breadcrumb\" class=\"breadcrumbs\">\n<ul class=\"d-flex align-items-center mb-0\">\n<li><a class=\"link\" href=\"https:\/\/drterziler.com\/it\/\"><span>Dr. Terziler Exclusive Clinic<\/span><\/a><\/li>\n<li class=\"separator\">\u00bb<\/li>\n<li class=\"current-page\"><span>Dr. Servet Terziler<\/span><\/li>\n<\/ul>\n<\/nav><\/div>\n<\/p><\/div>\n<\/p><\/div>\n<\/div>\n<section id=\"content-area\">\n<div class=\"container g-0 w-100\">\n<div class=\"col-lg-12 col-12 tour-video\">\n<div class=\"video-wrapper\">\n                <iframe\n                data-src=\"https:\/\/www.youtube-nocookie.com\/embed\/Z1pQZbFH3BA\"\n                frameborder=\"0\"\n                allow=\"encrypted-media; picture-in-picture\"\n                allowfullscreen><br \/>\n                <\/iframe>\n            <\/div>\n<\/p><\/div>\n<\/p><\/div>\n<div class=\"container\">\n<div>\n<div>\n<h2 class=\"h2-header\"><\/h2>\n<\/p><\/div>\n<div>\n<p class=\"p-text\">Con 35 anni di esperienza e migliaia di operazioni concluse con successo, il Dr. Terziler \u2014 noto come il &#8220;Picasso dei Capelli&#8221; \u2014 offre soluzioni estetiche naturali e permanenti a ospiti provenienti da tutto il mondo. Grazie alle sue esperienze congressuali in Europa e negli Stati Uniti e al suo lavoro innovativo, Terziler ha introdotto il primo robot per il trapianto di capelli in Turchia ed \u00e8 anche l&#8217;unico medico al mondo a utilizzare la penna con punta in zaffiro pi\u00f9 sottile esistente.<\/p>\n<\/p><\/div>\n<\/p><\/div>\n<div>\n<div>\n<p class=\"p-text\">Dai trattamenti rigenerativi supportati da cellule staminali alle applicazioni andrologiche, la Dr. Terziler Exclusive Clinic sviluppa soluzioni di nuova generazione e vi invita a un&#8217;esperienza personalizzata al 100% dove l&#8217;arte incontra la scienza. Dietro questa carriera impressionante non c&#8217;\u00e8 solo la conoscenza, ma anche una visione plasmata dalla perseveranza, uno spirito che punta alla perfezione e un&#8217;infinita passione per l&#8217;apprendimento.<\/p>\n<\/p><\/div>\n<\/p><\/div>\n<div>\n<div>\n<p class=\"p-text\">Il Dr. Terziler \u00e8 nato a Istanbul nel 1968. Fin da giovane si \u00e8 distinto per il suo carattere disciplinato, laborioso e determinato. Dopo essersi diplomato come migliore del suo corso al Kabata\u015f Boys\u2019 High School \u2014 una delle scuole pi\u00f9 prestigiose della Turchia \u2014 \u00e8 entrato alla Facolt\u00e0 di Medicina dell&#8217;Universit\u00e0 di Istanbul con un successo eccezionale nell&#8217;esame universitario nazionale. Nel 1991 si \u00e8 laureato con lode, gettando le basi per quella che sarebbe diventata una carriera riconosciuta a livello internazionale. Dopo la laurea, ha iniziato rapidamente la sua formazione nel trapianto di capelli, ricevendo un&#8217;istruzione avanzata nelle tecniche di trapianto, nella chirurgia robotica dei capelli e nei trattamenti tricologici all&#8217;avanguardia sia in Turchia che all&#8217;estero. Questi sforzi sono stati i primi passi per stabilire centri di trapianto di capelli in Turchia e creare un nuovo standard che ha raggiunto l&#8217;eccellenza globale.<\/p>\n<\/p><\/div>\n<\/p><\/div>\n<div>\n<div>\n<p class=\"p-text\">La sua prima impresa nella gestione sanitaria \u00e8 iniziata nel 1996, quando ha riunito 10 colleghi medici per fondare l'&#8221;Onur Medical Center&#8221;. Nel corso della sua carriera ha lavorato anche presso il &#8220;G\u00f6ztepe Marmara Medical Center&#8221; (2001), il &#8220;Bah\u00e7elievler Marmara Medical Center&#8221; (2002) e l'&#8221;\u00dcmraniye Medical Center&#8221; (2003). Nel 2005 gli \u00e8 stato conferito il titolo di &#8220;Medico Estetico&#8221; dal Ministero della Salute turco. Tra il 2004 e il 2021, \u00e8 stato Co-Fondatore e Presidente del Consiglio di &#8220;Esteworld Health Group&#8221;, che forniva servizi nei campi del &#8220;Trapianto e Trattamenti dei Capelli&#8221;, &#8220;Chirurgia Plastica&#8221;, &#8220;Medicina Estetica&#8221; e &#8220;Salute\/Estetica Orale e Dentale&#8221;.<\/p>\n<\/p><\/div>\n<\/p><\/div>\n<div>\n<div>\n<p class=\"p-text\">Oggi, il Dr. Terziler continua il suo lavoro sotto il tetto della Dr. Terziler Exclusive Clinic, situata nel prestigioso quartiere Etiler di Istanbul. La clinica offre soluzioni di classe mondiale in aree quali il trapianto e il restauro dei capelli, la medicina rigenerativa e la salute sessuale, i trattamenti con cellule staminali, le pratiche di longevit\u00e0, la salute orale e dentale e la medicina estetica.<\/p>\n<\/p><\/div>\n<\/p><\/div>\n<div>\n<div>\n<p class=\"p-text\">La Dr. Terziler Exclusive Clinic offre un&#8217;esperienza di trattamento di prima classe con il suo robot per il trapianto di capelli brevettato, un&#8217;infrastruttura tecnologica avanzata, il certificato di accreditamento internazionale AACI e una clinica moderna, che \u00e8 stata onorata con l&#8217; &#8220;European Property Awards&#8221;. In questo modo, la clinica garantisce ogni giorno fiducia, comfort e risultati permanenti agli ospiti di tutto il mondo, offrendo loro l&#8217;esperienza dell&#8217;eccellenza estetica.<\/p>\n<\/p><\/div>\n<\/p><\/div>\n<div>\n<div>\n<p class=\"p-text\">Oltre a ricoprire il ruolo di Presidente del Consiglio presso la propria clinica, il Dr. Terziler \u00e8 il fondatore e presidente di T\u00dcSATDER (Associazione Internazionale del Turismo Medico). Le sue rubriche &#8220;Good Living&#8221; sono state pubblicate sul quotidiano D\u00fcnya e continua a condividere le sue intuizioni nella sezione salute del quotidiano Sabah. \u00c8 anche l&#8217;autore del libro del 2016 &#8220;Strength Comes from Weakness&#8221; (La forza viene dalla debolezza) e orgoglioso padre di una figlia.<\/p>\n<\/p><\/div>\n<\/p><\/div>\n<\/p><\/div>\n<\/section>\n","protected":false},"excerpt":{"rendered":"<p>Dr. Servet Terziler Dr. Terziler Exclusive Clinic \u00bb Dr. Servet Terziler Con 35 anni di esperienza e migliaia di operazioni concluse con successo, il Dr. Terziler \u2014 noto come il &#8220;Picasso dei Capelli&#8221; \u2014 offre soluzioni estetiche naturali e permanenti a ospiti provenienti da tutto il mondo. Grazie alle sue esperienze congressuali in Europa e [&hellip;]<\/p>\n","protected":false},"author":6,"featured_media":0,"parent":0,"menu_order":0,"comment_status":"closed","ping_status":"closed","template":"","meta":{"footnotes":""},"class_list":["post-2991","page","type-page","status-publish","hentry"],"_links":{"self":[{"href":"https:\/\/drterziler.com\/it\/wp-json\/wp\/v2\/pages\/2991","targetHints":{"allow":["GET"]}}],"collection":[{"href":"https:\/\/drterziler.com\/it\/wp-json\/wp\/v2\/pages"}],"about":[{"href":"https:\/\/drterziler.com\/it\/wp-json\/wp\/v2\/types\/page"}],"author":[{"embeddable":true,"href":"https:\/\/drterziler.com\/it\/wp-json\/wp\/v2\/users\/6"}],"replies":[{"embeddable":true,"href":"https:\/\/drterziler.com\/it\/wp-json\/wp\/v2\/comments?post=2991"}],"version-history":[{"count":16,"href":"https:\/\/drterziler.com\/it\/wp-json\/wp\/v2\/pages\/2991\/revisions"}],"predecessor-version":[{"id":59921,"href":"https:\/\/drterziler.com\/it\/wp-json\/wp\/v2\/pages\/2991\/revisions\/59921"}],"wp:attachment":[{"href":"https:\/\/drterziler.com\/it\/wp-json\/wp\/v2\/media?parent=2991"}],"curies":[{"name":"wp","href":"https:\/\/api.w.org\/{rel}","templated":true}]}}