{"id":2995,"date":"2024-08-12T14:35:20","date_gmt":"2024-08-12T14:35:20","guid":{"rendered":"https:\/\/drterziler.com\/trapianto-di-capelli\/trapianto-di-barba-e-baffi\/"},"modified":"2026-04-07T11:46:25","modified_gmt":"2026-04-07T11:46:25","slug":"trapianto-di-barba-in-turchia","status":"publish","type":"page","link":"https:\/\/drterziler.com\/it\/trapianto-di-capelli\/trapianto-di-barba-in-turchia\/","title":{"rendered":"Trapianto di barba, baffi e basette"},"content":{"rendered":"<div class=\"page-content\">\n<div id=\"header-area\">\n<div class=\"container\" id=\"firstContent\">\n<div class=\"header-content d-flex flex-column\">\n<h1 class=\"content-title h1-header\">Trapianto di barba, baffi e basette<\/h1>\n<div class=\"content-paragraph\">\n<p class=\"p-text\">Il trapianto di barba, baffi e basette \u00e8 un metodo di microchirurgia applicato per intensificare i follicoli piliferi mancanti o radi nella zona del viso. Questi interventi fanno s\u00ec che barba, baffi e basette, che svolgono un ruolo importante nell&#039;estetica del viso maschile, diventino pi\u00f9 folti e formosi. Queste procedure di trapianto offrono una soluzione ideale per chi subisce la perdita di capelli in queste aree a causa di fattori genetici, squilibri ormonali, lesioni o ustioni.<\/p>\n<\/p><\/div>\n<nav aria-label=\"breadcrumb\" class=\"breadcrumbs\">\n<ul class=\"d-flex align-items-center mb-0\">\n<li><a class=\"link\" href=\"https:\/\/drterziler.com\/it\/\"><span>Dr. Terziler Exclusive Clinic<\/span><\/a><\/li>\n<li class=\"separator\">\u00bb<\/li>\n<li><a class=\"link\" href=\"https:\/\/drterziler.com\/it\/trapianto-di-capelli\/\"><span>Trapianto di capelli<\/span><\/a><\/li>\n<li class=\"separator\">\u00bb<\/li>\n<li class=\"current-page\"><span>Trapianto di barba, baffi e basette<\/span><\/li>\n<\/ul>\n<\/nav><\/div>\n<\/p><\/div>\n<\/p><\/div>\n<\/div>\n<section id=\"content-area\">\n<div class=\"container my-5\">\n<div class=\"row align-items-start\">\n<div class=\"col-md-6 order-2 order-md-1\">\n<div class=\"custom-toc-box\">\n<div id=\"toc-header\">\n<h4>Indice dei contenuti<\/h4>\n<div class=\"toc-toggle-icon\"><\/div>\n<\/p><\/div>\n<div class=\"toc-full-divider\"><\/div>\n<div id=\"toc-body\">\n<div id=\"toc-container\"><\/div>\n<\/p><\/div>\n<\/p><\/div>\n<\/p><\/div>\n<div class=\"col-md-6 order-1 order-md-2\" id=\"jForm\">\n                <script type=\"text\/javascript\" src=\"https:\/\/form.jotform.com\/jsform\/242882600814961\"><\/script>\n            <\/div>\n<\/p><\/div>\n<\/p><\/div>\n<div class=\"container\">\n<div class=\"img-thumb\">\n            <img loading=\"lazy\" decoding=\"async\" width=\"1920\" height=\"1080\" src=\"https:\/\/drterziler.com\/wp-content\/uploads\/2024\/09\/SAKAL-EKIM-1.webp\" alt=\"\" sizes=\"auto, (max-width: 1920px) 100vw, 1920px\">\n        <\/div>\n<div>\n<div>\n<h2 class=\"h2-header\">Trapianto di barba<\/h2>\n<\/p><\/div>\n<div>\n<p class=\"p-text\">Il trapianto di barba \u00e8 il processo di trasferimento di follicoli piliferi dall&#039;area del donatore alle aree del viso con barba rada o incolta. I follicoli piliferi, solitamente prelevati dalla zona della nuca, vengono impiantati secondo la direzione di crescita naturale e l&#039;angolo della barba. Il trapianto di barba viene pianificato in base alla struttura del viso e alle preferenze estetiche della persona, ottenendo cos\u00ec un aspetto naturale e simmetrico. Per chi \u00e8 adatto? Il trapianto di barba \u00e8 indicato per gli uomini che hanno lacune o diradamenti nella barba, che vogliono intensificare la barba o che sono senza barba. Inoltre, anche le persone che hanno subito la perdita della barba a causa di cicatrici o ustioni possono beneficiare di questa procedura.<\/p>\n<\/p><\/div>\n<\/p><\/div>\n<div>\n<div>\n<h2 class=\"h2-header\">Trapianto di baffi<\/h2>\n<\/p><\/div>\n<div>\n<p class=\"p-text\">Il trapianto di baffi \u00e8 una procedura eseguita per riempire i follicoli piliferi radi o mancanti nella zona dei baffi. I follicoli piliferi prelevati dall&#039;area donatrice vengono impiantati nella zona dei baffi secondo la loro direzione e angolazione naturale. Il trapianto di baffi crea un&#039;importante enfasi nell&#039;estetica facciale maschile, aumentando lo spessore e la forma naturale dei baffi. Per chi \u00e8 adatto? Il trapianto di baffi \u00e8 indicato per gli uomini che hanno una crescita rada di peli nell&#039;area dei baffi, che vogliono dare ai loro baffi un aspetto pi\u00f9 pieno o che non hanno crescita di peli nell&#039;area dei baffi.<\/p>\n<\/p><\/div>\n<\/p><\/div>\n<div>\n<div>\n<h2 class=\"h2-header\">Trapianto di basetta<\/h2>\n<\/p><\/div>\n<div>\n<p class=\"p-text\">Il trapianto di basette \u00e8 una tecnica applicata per intensificare o rimodellare i capelli nell&#039;area della basetta situata sul lato del viso. Poich\u00e9 le basette hanno un ruolo di cornice nell&#039;aspetto complessivo del viso, la carenza di capelli in quest&#039;area pu\u00f2 creare un problema estetico. Con il trapianto di basette, i follicoli piliferi prelevati dall&#039;area donatrice vengono accuratamente posizionati nell&#039;area della basetta, fornendo un aspetto compatibile con i tratti del viso della persona. Per chi \u00e8 adatto? Il trapianto di basette \u00e8 ideale per gli uomini che presentano un assottigliamento, un&#039;asimmetria o una carenza nella zona delle basette e desiderano intensificare quest&#039;area. Soprattutto chi preferisce un aspetto prominente della basetta nell&#039;estetica del viso pu\u00f2 beneficiare di questa procedura.<\/p>\n<\/p><\/div>\n<\/p><\/div>\n<div>\n<div>\n<h2 class=\"h2-header\">Vantaggi e risultati<\/h2>\n<\/p><\/div>\n<div>\n<p class=\"p-text\">Aspetto naturale: Poich\u00e9 il trapianto di barba, baffi e basette viene eseguito tenendo conto della direzione e degli angoli naturali, dopo il trapianto si ottiene un aspetto naturale dell&#039;area. Soluzioni personalizzate: Questi interventi di trapianto sono pianificati in base alla struttura del viso e alle aspettative estetiche di ciascun individuo, offrendo cos\u00ec soluzioni personalizzate. Metodo minimamente invasivo: Il trapianto di barba, baffi e basette \u00e8 un intervento di microchirurgia minimamente invasivo, quindi il processo di guarigione \u00e8 rapido e confortevole. Risultati permanenti: Si ottengono risultati permanenti e duraturi nell&#039;area trapiantata, grazie all&#039;attecchimento delle radici.<\/p>\n<\/p><\/div>\n<\/p><\/div>\n<div>\n<div>\n<h2 class=\"h2-header\">Conclusione<\/h2>\n<\/p><\/div>\n<div>\n<p class=\"p-text\">Il trapianto di barba, baffi e basette \u00e8 un metodo efficace preferito dagli uomini per migliorare l&#039;estetica del viso, aumentare la fiducia in se stessi e ottenere un aspetto pi\u00f9 attraente. Questi interventi occupano un posto importante nel campo della moderna chirurgia estetica grazie al loro aspetto naturale e ai tempi di recupero minimi. Il trapianto di barba, baffi e basette offre una soluzione ideale per gli uomini che soffrono di carenza di capelli o che desiderano rendere pi\u00f9 evidenti i propri tratti del viso.<\/p>\n<\/p><\/div>\n<\/p><\/div>\n<\/p><\/div>\n<\/section>\n","protected":false},"excerpt":{"rendered":"<p>Trapianto di barba, baffi e basette Il trapianto di barba, baffi e basette \u00e8 un metodo di microchirurgia applicato per intensificare i follicoli piliferi mancanti o radi nella zona del viso. Questi interventi fanno s\u00ec che barba, baffi e basette, che svolgono un ruolo importante nell&#039;estetica del viso maschile, diventino pi\u00f9 folti e formosi. Queste [&hellip;]<\/p>\n","protected":false},"author":6,"featured_media":7046,"parent":2993,"menu_order":0,"comment_status":"closed","ping_status":"closed","template":"","meta":{"footnotes":""},"class_list":["post-2995","page","type-page","status-publish","has-post-thumbnail","hentry"],"_links":{"self":[{"href":"https:\/\/drterziler.com\/it\/wp-json\/wp\/v2\/pages\/2995","targetHints":{"allow":["GET"]}}],"collection":[{"href":"https:\/\/drterziler.com\/it\/wp-json\/wp\/v2\/pages"}],"about":[{"href":"https:\/\/drterziler.com\/it\/wp-json\/wp\/v2\/types\/page"}],"author":[{"embeddable":true,"href":"https:\/\/drterziler.com\/it\/wp-json\/wp\/v2\/users\/6"}],"replies":[{"embeddable":true,"href":"https:\/\/drterziler.com\/it\/wp-json\/wp\/v2\/comments?post=2995"}],"version-history":[{"count":13,"href":"https:\/\/drterziler.com\/it\/wp-json\/wp\/v2\/pages\/2995\/revisions"}],"predecessor-version":[{"id":61477,"href":"https:\/\/drterziler.com\/it\/wp-json\/wp\/v2\/pages\/2995\/revisions\/61477"}],"up":[{"embeddable":true,"href":"https:\/\/drterziler.com\/it\/wp-json\/wp\/v2\/pages\/2993"}],"wp:featuredmedia":[{"embeddable":true,"href":"https:\/\/drterziler.com\/it\/wp-json\/wp\/v2\/media\/7046"}],"wp:attachment":[{"href":"https:\/\/drterziler.com\/it\/wp-json\/wp\/v2\/media?parent=2995"}],"curies":[{"name":"wp","href":"https:\/\/api.w.org\/{rel}","templated":true}]}}