{"id":3009,"date":"2024-08-12T14:42:02","date_gmt":"2024-08-12T14:42:02","guid":{"rendered":"https:\/\/drterziler.com\/trattamenti-per-capelli\/trattamento-con-fattori-di-crescita\/"},"modified":"2026-04-15T14:17:59","modified_gmt":"2026-04-15T14:17:59","slug":"fattori-di-crescita","status":"publish","type":"page","link":"https:\/\/drterziler.com\/it\/trattamenti-per-capelli\/fattori-di-crescita\/","title":{"rendered":"Trattamento con fattori di crescita"},"content":{"rendered":"<div class=\"page-content\">\n<div id=\"header-area\">\n<div class=\"container\" id=\"firstContent\">\n<div class=\"header-content d-flex flex-column\">\n<h1 class=\"content-title h1-header\">Trattamento con fattori di crescita<\/h1>\n<div class=\"content-paragraph\">\n<p class=\"p-text\">Il trattamento Growth Factor \u00e8 un approccio moderno e personalizzato sviluppato per migliorare la salute dei capelli e contrastarne la caduta. Questo trattamento viene effettuato applicando sul cuoio capelluto uno speciale siero contenente vitamine, minerali, aminoacidi e componenti ricostituenti. Il processo di applicazione viene ottimizzato utilizzando un dispositivo dermapen e tecniche di massaggio, stimolando cos\u00ec i follicoli piliferi e favorendo la crescita di nuovi capelli.<\/p>\n<\/p><\/div>\n<nav aria-label=\"breadcrumb\" class=\"breadcrumbs\">\n<ul class=\"d-flex align-items-center mb-0\">\n<li><a class=\"link\" href=\"https:\/\/drterziler.com\/it\/\"><span>Dr. Terziler Exclusive Clinic<\/span><\/a><\/li>\n<li class=\"separator\">\u00bb<\/li>\n<li><a class=\"link\" href=\"https:\/\/drterziler.com\/it\/trattamenti-per-capelli\/\"><span>Trattamenti per capelli<\/span><\/a><\/li>\n<li class=\"separator\">\u00bb<\/li>\n<li class=\"current-page\"><span>Trattamento con fattori di crescita<\/span><\/li>\n<\/ul>\n<\/nav><\/div>\n<\/p><\/div>\n<\/p><\/div>\n<\/div>\n<section id=\"content-area\">\n<div class=\"container my-5\">\n<div class=\"row align-items-start\">\n<div class=\"col-md-6 order-2 order-md-1\">\n<div class=\"custom-toc-box\">\n<div id=\"toc-header\">\n<h4>Indice dei contenuti<\/h4>\n<div class=\"toc-toggle-icon\"><\/div>\n<\/p><\/div>\n<div class=\"toc-full-divider\"><\/div>\n<div id=\"toc-body\">\n<div id=\"toc-container\"><\/div>\n<\/p><\/div>\n<\/p><\/div>\n<\/p><\/div>\n<div class=\"col-md-6 order-1 order-md-2\" id=\"jForm\">\n                <script type=\"text\/javascript\" src=\"https:\/\/form.jotform.com\/jsform\/242882600814961\"><\/script>\n            <\/div>\n<\/p><\/div>\n<\/p><\/div>\n<div class=\"container\">\n<div class=\"img-thumb\">\n            <img loading=\"lazy\" decoding=\"async\" width=\"1140\" height=\"641\" src=\"https:\/\/drterziler.com\/wp-content\/uploads\/2025\/04\/GROWTH-FACTOR.webp\" alt=\"\" srcset=\"https:\/\/drterziler.com\/wp-content\/uploads\/2025\/04\/GROWTH-FACTOR.webp 1140w, https:\/\/drterziler.com\/wp-content\/uploads\/2025\/04\/GROWTH-FACTOR-300x169.webp 300w, https:\/\/drterziler.com\/wp-content\/uploads\/2025\/04\/GROWTH-FACTOR-1024x576.webp 1024w, https:\/\/drterziler.com\/wp-content\/uploads\/2025\/04\/GROWTH-FACTOR-768x432.webp 768w\" sizes=\"auto, (max-width: 1140px) 100vw, 1140px\">\n        <\/div>\n<div>\n<div>\n<h2 class=\"h2-header\">Componenti molecolari e loro effetti sui follicoli piliferi<\/h2>\n<\/p><\/div>\n<div>\n<p class=\"p-text\">Il siero Growth Factor contiene nutrienti essenziali e componenti biologicamente attivi di cui le radici dei capelli hanno bisogno. Questi componenti includono vitamine, minerali e aminoacidi; queste sostanze aumentano le attivit\u00e0 metaboliche dei follicoli piliferi e favoriscono il rinnovamento cellulare. I componenti ricostituenti riparano i danni al cuoio capelluto, consentendo alle radici dei capelli di svilupparsi in un ambiente pi\u00f9 sano. Questo processo accelera la transizione delle radici dei capelli alla fase di crescita attiva e migliora l&#039;aspetto generale dei capelli.<\/p>\n<\/p><\/div>\n<\/p><\/div>\n<div>\n<div>\n<h2 class=\"h2-header\">Processo di trattamento: Il ruolo della Dermapen e del massaggio<\/h2>\n<\/p><\/div>\n<div>\n<p class=\"p-text\">Il dispositivo dermapen utilizzato nel trattamento con Fattore di Crescita crea dei canali microscopici nel cuoio capelluto, che trasportano il siero negli strati profondi. Questi microcanali avviano il naturale processo di guarigione della pelle, consentendo di trasportare pi\u00f9 nutrienti e ossigeno ai follicoli piliferi. Allo stesso tempo, le tecniche di massaggio applicate massimizzano l&#039;effetto del siero aumentando la circolazione sanguigna e stimolando le radici dei capelli. In questo modo si favorisce sia il rafforzamento dei capelli esistenti sia la formazione di nuovi capelli.<\/p>\n<\/p><\/div>\n<\/p><\/div>\n<div>\n<div>\n<h2 class=\"h2-header\">Ricerca clinica ed efficacia<\/h2>\n<\/p><\/div>\n<div>\n<p class=\"p-text\">Le ricerche cliniche sul trattamento con Fattore di Crescita dimostrano che questo metodo \u00e8 efficace nel ridurre la caduta dei capelli e nel favorirne la crescita. Sono stati ottenuti risultati significativi, soprattutto in termini di rivitalizzazione delle radici dei capelli e di comparsa di nuovi capelli. Il trattamento \u00e8 adatto a persone di tutte le et\u00e0 e di tutti i sessi, e la massima efficacia \u00e8 garantita da sieri formulati specificamente per ogni individuo.<\/p>\n<\/p><\/div>\n<\/p><\/div>\n<div>\n<div>\n<h2 class=\"h2-header\">Soluzioni permanenti con un approccio personalizzato<\/h2>\n<\/p><\/div>\n<div>\n<p class=\"p-text\">Una delle caratteristiche pi\u00f9 importanti del trattamento con Fattore di Crescita \u00e8 che viene formulato specificamente per ogni individuo e applicato in base al tipo di capelli e alle esigenze di ciascuno. Questo approccio personalizzato aumenta la percentuale di successo del trattamento e consente di ottenere risultati pi\u00f9 duraturi. Inoltre, i componenti utilizzati nel processo di trattamento garantiscono un miglioramento a lungo termine del cuoio capelluto e mantengono la salute generale dei capelli.<\/p>\n<\/p><\/div>\n<\/p><\/div>\n<\/p><\/div>\n<\/section>\n","protected":false},"excerpt":{"rendered":"<p>Trattamento con fattori di crescita Il trattamento Growth Factor \u00e8 un approccio moderno e personalizzato sviluppato per migliorare la salute dei capelli e contrastarne la caduta. Questo trattamento viene effettuato applicando sul cuoio capelluto uno speciale siero contenente vitamine, minerali, aminoacidi e componenti ricostituenti. Il processo di applicazione viene ottimizzato utilizzando un dispositivo dermapen e [&hellip;]<\/p>\n","protected":false},"author":6,"featured_media":4923,"parent":3007,"menu_order":0,"comment_status":"closed","ping_status":"closed","template":"","meta":{"footnotes":""},"class_list":["post-3009","page","type-page","status-publish","has-post-thumbnail","hentry"],"_links":{"self":[{"href":"https:\/\/drterziler.com\/it\/wp-json\/wp\/v2\/pages\/3009","targetHints":{"allow":["GET"]}}],"collection":[{"href":"https:\/\/drterziler.com\/it\/wp-json\/wp\/v2\/pages"}],"about":[{"href":"https:\/\/drterziler.com\/it\/wp-json\/wp\/v2\/types\/page"}],"author":[{"embeddable":true,"href":"https:\/\/drterziler.com\/it\/wp-json\/wp\/v2\/users\/6"}],"replies":[{"embeddable":true,"href":"https:\/\/drterziler.com\/it\/wp-json\/wp\/v2\/comments?post=3009"}],"version-history":[{"count":8,"href":"https:\/\/drterziler.com\/it\/wp-json\/wp\/v2\/pages\/3009\/revisions"}],"predecessor-version":[{"id":62066,"href":"https:\/\/drterziler.com\/it\/wp-json\/wp\/v2\/pages\/3009\/revisions\/62066"}],"up":[{"embeddable":true,"href":"https:\/\/drterziler.com\/it\/wp-json\/wp\/v2\/pages\/3007"}],"wp:featuredmedia":[{"embeddable":true,"href":"https:\/\/drterziler.com\/it\/wp-json\/wp\/v2\/media\/4923"}],"wp:attachment":[{"href":"https:\/\/drterziler.com\/it\/wp-json\/wp\/v2\/media?parent=3009"}],"curies":[{"name":"wp","href":"https:\/\/api.w.org\/{rel}","templated":true}]}}