{"id":3017,"date":"2024-08-12T20:00:03","date_gmt":"2024-08-12T20:00:03","guid":{"rendered":"https:\/\/drterziler.com\/trattamenti-per-capelli\/test-tricho\/"},"modified":"2026-04-06T11:34:09","modified_gmt":"2026-04-06T11:34:09","slug":"test-tricho","status":"publish","type":"page","link":"https:\/\/drterziler.com\/it\/trattamenti-per-capelli\/test-tricho\/","title":{"rendered":"Test Tricho"},"content":{"rendered":"<div class=\"page-content\">\n<div id=\"header-area\">\n<div class=\"container\" id=\"firstContent\">\n<div class=\"header-content d-flex flex-column\">\n<h1 class=\"content-title h1-header\">Test Tricho<\/h1>\n<div class=\"content-paragraph\">\n<p class=\"p-text\">\n<\/p><\/div>\n<nav aria-label=\"breadcrumb\" class=\"breadcrumbs\">\n<ul class=\"d-flex align-items-center mb-0\">\n<li><a class=\"link\" href=\"https:\/\/drterziler.com\/it\/\"><span>Dr. Terziler Exclusive Clinic<\/span><\/a><\/li>\n<li class=\"separator\">\u00bb<\/li>\n<li><a class=\"link\" href=\"https:\/\/drterziler.com\/it\/trattamenti-per-capelli\/\"><span>Trattamenti per capelli<\/span><\/a><\/li>\n<li class=\"separator\">\u00bb<\/li>\n<li class=\"current-page\"><span>Test Tricho<\/span><\/li>\n<\/ul>\n<\/nav><\/div>\n<\/p><\/div>\n<\/p><\/div>\n<\/div>\n<section id=\"content-area\">\n<div class=\"container my-5\">\n<div class=\"row align-items-start\">\n<div class=\"col-md-6 order-2 order-md-1\">\n<div class=\"custom-toc-box\">\n<div id=\"toc-header\">\n<h4>Indice dei contenuti<\/h4>\n<div class=\"toc-toggle-icon\"><\/div>\n<\/p><\/div>\n<div class=\"toc-full-divider\"><\/div>\n<div id=\"toc-body\">\n<div id=\"toc-container\"><\/div>\n<\/p><\/div>\n<\/p><\/div>\n<\/p><\/div>\n<div class=\"col-md-6 order-1 order-md-2\" id=\"jForm\">\n                <script type=\"text\/javascript\" src=\"https:\/\/form.jotform.com\/jsform\/242882600814961\"><\/script>\n            <\/div>\n<\/p><\/div>\n<\/p><\/div>\n<div class=\"container\">\n<div class=\"img-thumb\">\n            <img loading=\"lazy\" decoding=\"async\" src=\"https:\/\/drterziler.com\/wp-content\/uploads\/2025\/04\/Tricho-Test.webp\" sizes=\"auto, (max-width: 1140px) 100vw, 1140px\" srcset=\"https:\/\/drterziler.com\/wp-content\/uploads\/2025\/04\/Tricho-Test.webp 1140w, https:\/\/drterziler.com\/wp-content\/uploads\/2025\/04\/Tricho-Test-300x169.webp 300w, https:\/\/drterziler.com\/wp-content\/uploads\/2025\/04\/Tricho-Test-1024x576.webp 1024w, https:\/\/drterziler.com\/wp-content\/uploads\/2025\/04\/Tricho-Test-768x432.webp 768w\" alt=\"\" width=\"1140\" height=\"641\">\n        <\/div>\n<div>\n<div>\n<h2 class=\"h2-header\">La chiave della perdita di capelli su base genetica: il Tricho Test!<\/h2>\n<\/p><\/div>\n<div>\n<p class=\"p-text\">La perdita di capelli su base genetica non \u00e8 pi\u00f9 un problema irrisolvibile. In caso di perdita di capelli su base genetica, le donne spesso credono che la loro situazione sia senza speranza e ricorrono a soluzioni temporanee come parrucche ed estensioni per ottenere un aspetto pi\u00f9 pieno. Gli uomini, invece, possono considerare il trapianto di capelli come un intervento. Tuttavia, con il giusto approccio, \u00e8 possibile proteggere, rafforzare e persino aumentare i capelli esistenti senza bisogno di trapianti, ritardando gli effetti della caduta dei capelli fino a una certa et\u00e0. Con l&#039;innovativo test genetico dei capelli, il Tricho Test, che pu\u00f2 essere considerato uno dei progressi medici pi\u00f9 significativi del secolo, \u00e8 ora possibile sviluppare un trattamento personalizzato dei capelli basato sulla genetica dell&#039;individuo. Sia negli uomini che nelle donne che soffrono di perdita di capelli geneticamente determinata, il Tricho Test identifica esattamente ci\u00f2 di cui i capelli hanno bisogno per prosperare. Intervenendo su queste esigenze specifiche, \u00e8 possibile migliorare la qualit\u00e0 e la quantit\u00e0 dei capelli e persino rigenerarli senza dover ricorrere a un intervento chirurgico.<\/p>\n<\/p><\/div>\n<\/p><\/div>\n<div>\n<div>\n<h2 class=\"h2-header\">Come funziona il Tricho Test?<\/h2>\n<\/p><\/div>\n<div>\n<p class=\"p-text\">Il processo inizia con un semplice campione di saliva, che viene prelevato dal paziente e inviato a un laboratorio genetico. Nell&#039;arco di 5-8 settimane, gli specialisti analizzano il campione per creare una formulazione personalizzata di sieri per capelli e vitamine, studiata per rafforzare e promuovere la crescita dei capelli.<\/p>\n<\/p><\/div>\n<\/p><\/div>\n<div>\n<div>\n<h2 class=\"h2-header\">Siero per capelli e vitamine personalizzate<\/h2>\n<\/p><\/div>\n<div>\n<p class=\"p-text\">Questa formula personalizzata \u00e8 la chiave per creare un siero personalizzato che soddisfi le esigenze uniche dei capelli. Il siero per capelli e le compresse che ne derivano, preparati in farmacia come un farmaco magistrale, devono essere utilizzati quotidianamente sotto la supervisione di un medico. Questo regime di trattamento viene seguito in genere per 6-9 mesi, fornendo una soluzione efficace e non invasiva alla perdita di capelli genetica.<\/p>\n<\/p><\/div>\n<\/p><\/div>\n<div>\n<div>\n<h2 class=\"h2-header\">Perch\u00e9 il Tricho Test cambia le carte in tavola<\/h2>\n<\/p><\/div>\n<div>\n<p class=\"p-text\">Durante l&#039;appuntamento per l&#039;Hair Check-Up, i nostri specialisti eseguiranno una valutazione approfondita del cuoio capelluto e dei capelli. Tale valutazione pu\u00f2 comprendere: Esame visivo del cuoio capelluto e dei follicoli piliferi Analisi della densit\u00e0, dello spessore e della consistenza dei capelli Valutazione delle condizioni del cuoio capelluto, compresi i segni di infiammazione, forfora o altri problemi dermatologici Discussione di eventuali problemi di perdita di capelli o cambiamenti nei modelli di crescita dei capelli Raccomandazioni per ulteriori test diagnostici o trattamenti, se necessario I nostri specialisti si prendono il tempo necessario per ascoltare le vostre preoccupazioni e rispondere a tutte le vostre domande, assicurandovi di sentirvi sicuri e supportati durante tutto il processo.<\/p>\n<\/p><\/div>\n<\/p><\/div>\n<div>\n<div>\n<h2 class=\"h2-header\">Abbracciare una soluzione personalizzata per la perdita di capelli genetica<\/h2>\n<\/p><\/div>\n<div>\n<p class=\"p-text\">Alla Dr. Terziler Exclusive Hair Clinic crediamo che ognuno meriti un piano di trattamento unico come il suo profilo genetico. Invece di accontentarvi di trattamenti generici, vi invitiamo a scoprire i vantaggi di un approccio personalizzato con il Tricho Test. Dite addio alle frustrazioni della calvizie genetica e date il benvenuto a un futuro in cui la salute dei vostri capelli \u00e8 nelle migliori mani possibili.<\/p>\n<\/p><\/div>\n<\/p><\/div>\n<\/p><\/div>\n<\/section>\n","protected":false},"excerpt":{"rendered":"<p>Test Tricho Dr. Terziler Exclusive Clinic \u00bb Trattamenti per capelli \u00bb Test Tricho Indice dei contenuti La chiave della perdita di capelli su base genetica: il Tricho Test! La perdita di capelli su base genetica non \u00e8 pi\u00f9 un problema irrisolvibile. In caso di perdita di capelli su base genetica, le donne spesso credono che [&hellip;]<\/p>\n","protected":false},"author":6,"featured_media":4953,"parent":3007,"menu_order":0,"comment_status":"closed","ping_status":"closed","template":"","meta":{"footnotes":""},"class_list":["post-3017","page","type-page","status-publish","has-post-thumbnail","hentry"],"_links":{"self":[{"href":"https:\/\/drterziler.com\/it\/wp-json\/wp\/v2\/pages\/3017","targetHints":{"allow":["GET"]}}],"collection":[{"href":"https:\/\/drterziler.com\/it\/wp-json\/wp\/v2\/pages"}],"about":[{"href":"https:\/\/drterziler.com\/it\/wp-json\/wp\/v2\/types\/page"}],"author":[{"embeddable":true,"href":"https:\/\/drterziler.com\/it\/wp-json\/wp\/v2\/users\/6"}],"replies":[{"embeddable":true,"href":"https:\/\/drterziler.com\/it\/wp-json\/wp\/v2\/comments?post=3017"}],"version-history":[{"count":14,"href":"https:\/\/drterziler.com\/it\/wp-json\/wp\/v2\/pages\/3017\/revisions"}],"predecessor-version":[{"id":61360,"href":"https:\/\/drterziler.com\/it\/wp-json\/wp\/v2\/pages\/3017\/revisions\/61360"}],"up":[{"embeddable":true,"href":"https:\/\/drterziler.com\/it\/wp-json\/wp\/v2\/pages\/3007"}],"wp:featuredmedia":[{"embeddable":true,"href":"https:\/\/drterziler.com\/it\/wp-json\/wp\/v2\/media\/4953"}],"wp:attachment":[{"href":"https:\/\/drterziler.com\/it\/wp-json\/wp\/v2\/media?parent=3017"}],"curies":[{"name":"wp","href":"https:\/\/api.w.org\/{rel}","templated":true}]}}