{"id":3019,"date":"2024-08-12T14:21:52","date_gmt":"2024-08-12T14:21:52","guid":{"rendered":"https:\/\/drterziler.com\/longevita\/"},"modified":"2026-03-05T23:30:02","modified_gmt":"2026-03-05T23:30:02","slug":"longevita","status":"publish","type":"page","link":"https:\/\/drterziler.com\/it\/longevita\/","title":{"rendered":"Longevit\u00e0"},"content":{"rendered":"<div class=\"page-content category-page\">\n<div id=\"header-area\">\n<div class=\"container\" id=\"firstContent\">\n<div class=\"header-content d-flex flex-column\">\n<h1 class=\"content-title\">Longevity<\/h1>\n<div class=\"content-paragraph\">\n<p>La Longevity offre ringiovanimento e salute riparando il corpo dall&#8217;interno e dall&#8217;esterno. L&#8217;Elisir di Giovinezza migliora l&#8217;efficienza fisica, mentale e sessuale aumentando l&#8217;energia e la forza. Il Glutatione e la Vitamina C disintossicano il corpo, migliorando le funzioni cognitive e supportando la rigenerazione cellulare. L&#8217;Ozonoterapia promuove la rigenerazione dei tessuti attraverso elevati livelli di ossigeno. La terapia NAD aumenta la produzione di energia cellulare, portando ringiovanimento e vitalit\u00e0. Il Myer\u2019s Cocktail affronta le carenze vitaminiche e fornisce chiarezza mentale.<\/p>\n<\/p><\/div>\n<nav aria-label=\"breadcrumb\" class=\"breadcrumbs\">\n<ul class=\"d-flex align-items-center mb-0\">\n<li><a class=\"link\" href=\"https:\/\/drterziler.com\/it\"><span>Dr. Terziler<\/span><\/a><\/li>\n<li class=\"separator\">\u00bb<\/li>\n<li class=\"current-page\"><span>Longevit\u00e0<\/span><\/li>\n<\/ul>\n<\/nav><\/div>\n<\/p><\/div>\n<\/p><\/div>\n<\/div>\n<section class=\"svc-section\">\n<div class=\"container\">\n<div class=\"svc-item right-card\">\n<div class=\"svc-media\">\n                <img decoding=\"async\" src=\"https:\/\/drterziler.com\/wp-content\/uploads\/2025\/04\/Elixir-of-Youth.webp\" alt=\"Elisir di Giovinezza\" loading=\"lazy\" class=\"cat-img\">\n            <\/div>\n<div class=\"svc-card\">\n<h3 class=\"svc-title gilda\">Elisir di Giovinezza<\/h3>\n<p class=\"svc-text barlow\">\n                    \u00c8 un protocollo in cui una miscela miracolosa viene iniettata nel corpo, ringiovanendolo internamente ed esternamente, potenzialmente fino a 15 anni. Il siero miracoloso fornisce una fonte di energia e forza quasi inesauribile, massimizzando le prestazioni fisiche, mentali e sessuali. Facilita il guadagno muscolare e la perdita di peso sana, mantenendo al massimo la fiducia e la motivazione.\n                <\/p>\n<p>                <a class=\"btn-details barlow-condensed\" href=\"https:\/\/drterziler.com\/it\/longevita\/golden-vial\/\">DETTAGLI<\/a>\n            <\/div>\n<\/p><\/div>\n<div class=\"svc-item left-card\">\n<div class=\"svc-media\">\n                <img decoding=\"async\" src=\"https:\/\/drterziler.com\/wp-content\/uploads\/2025\/04\/glutatyon.webp\" alt=\"Glutatione e Vitamina C\" loading=\"lazy\" class=\"cat-img\">\n            <\/div>\n<div class=\"svc-card\">\n<h3 class=\"svc-title gilda\">Glutatione e Vitamina C<\/h3>\n<p class=\"svc-text barlow\">\n                    L&#8217;enzima glutatione, che disintossica il corpo dal cancro e da tutte le altre sostanze tossiche, \u00e8 combinato con la vitamina C per fornire un&#8217;incredibile fonte di energia e immunit\u00e0. Questa potente combinazione migliora le funzioni cognitive, creando una mente chiara e attiva. Supporta la rigenerazione cellulare e ritarda il processo di invecchiamento.\n                <\/p>\n<p>                <a class=\"btn-details barlow-condensed\" href=\"https:\/\/drterziler.com\/it\/longevita\/glutatione-e-vitamina-c\/\">DETTAGLI<\/a>\n            <\/div>\n<\/p><\/div>\n<div class=\"svc-item right-card\">\n<div class=\"svc-media\">\n                <img decoding=\"async\" src=\"https:\/\/drterziler.com\/wp-content\/uploads\/2025\/04\/10x-Ozone-Therapy.webp\" alt=\"Ozonoterapia 10x\" loading=\"lazy\" class=\"cat-img\">\n            <\/div>\n<div class=\"svc-card\">\n<h3 class=\"svc-title gilda\">Ozonoterapia 10x<\/h3>\n<p class=\"svc-text barlow\">\n                    Grazie a dispositivi all&#8217;avanguardia, questa terapia offre i benefici di 10 sessioni in una sola, offrendo effetti miracolosi insieme alla massima efficienza temporale. L&#8217;Ozonoterapia avvia una rigenerazione tissutale completa aumentando i livelli di ossigeno nel sangue a livelli elevati, creando un effetto doping naturale nel corpo attraverso l&#8217;energia e la vitalit\u00e0 che fornisce.\n                <\/p>\n<p>                <a class=\"btn-details barlow-condensed\" href=\"https:\/\/drterziler.com\/it\/longevita\/ozonoterapia\/\">DETTAGLI<\/a>\n            <\/div>\n<\/p><\/div>\n<div class=\"svc-item left-card\">\n<div class=\"svc-media\">\n                <img decoding=\"async\" src=\"https:\/\/drterziler.com\/wp-content\/uploads\/2025\/04\/NAD.webp\" alt=\"NAD\" loading=\"lazy\" class=\"cat-img\">\n            <\/div>\n<div class=\"svc-card\">\n<h3 class=\"svc-title gilda\">NAD<\/h3>\n<p class=\"svc-text barlow\">\n                    La terapia NAD, che migliora la produzione di energia di alta qualit\u00e0 nelle cellule, fornisce vitalit\u00e0 e agilit\u00e0 ed \u00e8 un metodo complementare che migliora il funzionamento dei sistemi del corpo. All&#8217;aumentare dei livelli di energia, il corpo subisce riparazione e ringiovanimento cellulare, migliorando in definitiva la qualit\u00e0 della vita.\n                <\/p>\n<p>                <a class=\"btn-details barlow-condensed\" href=\"https:\/\/drterziler.com\/it\/longevita\/nad\/\">DETTAGLI<\/a>\n            <\/div>\n<\/p><\/div>\n<div class=\"svc-item right-card\">\n<div class=\"svc-media\">\n                <img decoding=\"async\" src=\"https:\/\/drterziler.com\/wp-content\/uploads\/2025\/04\/Myers-Cocktail.webp\" alt=\"Myer's Cocktail\" loading=\"lazy\" class=\"cat-img\">\n            <\/div>\n<div class=\"svc-card\">\n<h3 class=\"svc-title gilda\">Myer&#8217;s Cocktail<\/h3>\n<p class=\"svc-text barlow\">\n                    \u00c8 definita come una terapia vitaminica utilizzata per trattare la fatica persistente, il dolore da fibromialgia, la depressione e varie altre condizioni. Lo speciale siero, che combina complessi di vitamina B, vitamina C e cloruro di magnesio, viene somministrato direttamente nel flusso sanguigno, rendendo il corpo pi\u00f9 dinamico ed energico e migliorando al contempo la chiarezza mentale.\n                <\/p>\n<p>                <a class=\"btn-details barlow-condensed\" href=\"https:\/\/drterziler.com\/it\/longevita\/myers-cocktail\/\">DETTAGLI<\/a>\n            <\/div>\n<\/p><\/div>\n<\/p><\/div>\n<\/section>\n","protected":false},"excerpt":{"rendered":"<p>Longevity La Longevity offre ringiovanimento e salute riparando il corpo dall&#8217;interno e dall&#8217;esterno. L&#8217;Elisir di Giovinezza migliora l&#8217;efficienza fisica, mentale e sessuale aumentando l&#8217;energia e la forza. Il Glutatione e la Vitamina C disintossicano il corpo, migliorando le funzioni cognitive e supportando la rigenerazione cellulare. L&#8217;Ozonoterapia promuove la rigenerazione dei tessuti attraverso elevati livelli di [&hellip;]<\/p>\n","protected":false},"author":6,"featured_media":62214,"parent":0,"menu_order":0,"comment_status":"closed","ping_status":"closed","template":"","meta":{"footnotes":""},"class_list":["post-3019","page","type-page","status-publish","has-post-thumbnail","hentry"],"_links":{"self":[{"href":"https:\/\/drterziler.com\/it\/wp-json\/wp\/v2\/pages\/3019","targetHints":{"allow":["GET"]}}],"collection":[{"href":"https:\/\/drterziler.com\/it\/wp-json\/wp\/v2\/pages"}],"about":[{"href":"https:\/\/drterziler.com\/it\/wp-json\/wp\/v2\/types\/page"}],"author":[{"embeddable":true,"href":"https:\/\/drterziler.com\/it\/wp-json\/wp\/v2\/users\/6"}],"replies":[{"embeddable":true,"href":"https:\/\/drterziler.com\/it\/wp-json\/wp\/v2\/comments?post=3019"}],"version-history":[{"count":18,"href":"https:\/\/drterziler.com\/it\/wp-json\/wp\/v2\/pages\/3019\/revisions"}],"predecessor-version":[{"id":59545,"href":"https:\/\/drterziler.com\/it\/wp-json\/wp\/v2\/pages\/3019\/revisions\/59545"}],"wp:featuredmedia":[{"embeddable":true,"href":"https:\/\/drterziler.com\/it\/wp-json\/wp\/v2\/media\/62214"}],"wp:attachment":[{"href":"https:\/\/drterziler.com\/it\/wp-json\/wp\/v2\/media?parent=3019"}],"curies":[{"name":"wp","href":"https:\/\/api.w.org\/{rel}","templated":true}]}}