{"id":3062,"date":"2024-08-12T14:45:48","date_gmt":"2024-08-12T14:45:48","guid":{"rendered":"https:\/\/drterziler.com\/longevita\/glutatione-e-vitamina-c\/"},"modified":"2026-02-28T11:45:10","modified_gmt":"2026-02-28T11:45:10","slug":"glutatione-e-vitamina-c","status":"publish","type":"page","link":"https:\/\/drterziler.com\/it\/longevita\/glutatione-e-vitamina-c\/","title":{"rendered":"Glutatione e Vitamina C"},"content":{"rendered":"<div class=\"page-content\">\n<div id=\"header-area\">\n<div class=\"container\" id=\"firstContent\">\n<div class=\"header-content d-flex flex-column\">\n<h1 class=\"content-title h1-header\">Glutatione e Vitamina C<\/h1>\n<div class=\"content-paragraph\">\n<p class=\"p-text\">La terapia con glutatione C \u00e8 un potente trattamento di medicina complementare progettato per ringiovanire l&#039;organismo combinando i benefici del glutatione e della vitamina C. Questa terapia \u00e8 nota per le sue propriet\u00e0 disintossicanti, per il sostegno del sistema immunitario e per i benefici della rigenerazione cellulare. Agendo come un \u201cpulitore di rifiuti\u201d per il corpo, aiuta a eliminare le sostanze tossiche e rafforza il metabolismo, promuovendo la salute e la vitalit\u00e0 generale.<\/p>\n<\/p><\/div>\n<nav aria-label=\"breadcrumb\" class=\"breadcrumbs\">\n<ul class=\"d-flex align-items-center mb-0\">\n<li><a class=\"link\" href=\"https:\/\/drterziler.com\/it\/\"><span>Dr. Terziler Exclusive Clinic<\/span><\/a><\/li>\n<li class=\"separator\">\u00bb<\/li>\n<li><a class=\"link\" href=\"https:\/\/drterziler.com\/it\/longevita\/\"><span>Longevit\u00e0<\/span><\/a><\/li>\n<li class=\"separator\">\u00bb<\/li>\n<li class=\"current-page\"><span>Glutatione e Vitamina C<\/span><\/li>\n<\/ul>\n<\/nav><\/div>\n<\/p><\/div>\n<\/p><\/div>\n<\/div>\n<section id=\"content-area\">\n<div class=\"container my-5\">\n<div class=\"row align-items-start\">\n<div class=\"col-md-6 order-2 order-md-1\">\n<div class=\"custom-toc-box\">\n<div id=\"toc-header\">\n<h4>Indice dei contenuti<\/h4>\n<div class=\"toc-toggle-icon\"><\/div>\n<\/p><\/div>\n<div class=\"toc-full-divider\"><\/div>\n<div id=\"toc-body\">\n<div id=\"toc-container\"><\/div>\n<\/p><\/div>\n<\/p><\/div>\n<\/p><\/div>\n<div class=\"col-md-6 order-1 order-md-2\" id=\"jForm\">\n                <script type=\"text\/javascript\" src=\"https:\/\/form.jotform.com\/jsform\/242882600814961\"><\/script>\n            <\/div>\n<\/p><\/div>\n<\/p><\/div>\n<div class=\"container\">\n<div class=\"img-thumb\">\n            <img loading=\"lazy\" decoding=\"async\" src=\"https:\/\/drterziler.com\/wp-content\/uploads\/2025\/04\/glutatyon.webp\" sizes=\"auto, (max-width: 1140px) 100vw, 1140px\" srcset=\"https:\/\/drterziler.com\/wp-content\/uploads\/2025\/04\/glutatyon.webp 1140w, https:\/\/drterziler.com\/wp-content\/uploads\/2025\/04\/glutatyon-300x169.webp 300w, https:\/\/drterziler.com\/wp-content\/uploads\/2025\/04\/glutatyon-1024x576.webp 1024w, https:\/\/drterziler.com\/wp-content\/uploads\/2025\/04\/glutatyon-768x432.webp 768w\" alt=\"\" width=\"1140\" height=\"641\">\n        <\/div>\n<div>\n<div>\n<h2 class=\"h2-header\">Che cos&#039;\u00e8 la terapia con glutatione C?<\/h2>\n<\/p><\/div>\n<div>\n<p class=\"p-text\">La terapia con glutatione C integra due componenti chiave: Glutatione: spesso definito \u201cl&#039;antiossidante principale\u201d dell&#039;organismo, il glutatione svolge un ruolo fondamentale nella gestione del sistema immunitario e nella disintossicazione dalle sostanze nocive. Vitamina C: Un potente antiossidante che supporta la funzione immunitaria, protegge dallo stress ossidativo e favorisce la rigenerazione cellulare.<\/p>\n<\/p><\/div>\n<\/p><\/div>\n<div>\n<div>\n<h2 class=\"h2-header\">Benefici della terapia con glutatione C<\/h2>\n<\/p><\/div>\n<div>\n<p class=\"p-text\">Disintossicazione: Purifica l&#039;organismo rimuovendo le tossine, come un agente antiruggine agisce sui macchinari. Supporto immunitario: Rafforza il sistema immunitario, migliorando la capacit\u00e0 dell&#039;organismo di combattere le malattie. Giovent\u00f9 e salute: Favorisce un metabolismo robusto e supporta la salute e la vitalit\u00e0 generale. Rigenerazione cellulare: Favorisce la riparazione e la rigenerazione delle cellule, contribuendo a un aspetto pi\u00f9 giovane.<\/p>\n<\/p><\/div>\n<\/p><\/div>\n<div>\n<div>\n<h2 class=\"h2-header\">Come funziona la terapia con il glutatione C<\/h2>\n<\/p><\/div>\n<div>\n<p class=\"p-text\">La terapia viene somministrata in una serie di 5 sedute, con una seduta alla settimana. Questo regime \u00e8 progettato per fornire un supporto e un ringiovanimento continui. Gli effetti combinati del glutatione e della vitamina C agiscono sinergicamente per attivare e potenziare il sistema immunitario, offrendo un approccio completo al mantenimento della salute e del benessere.<\/p>\n<\/p><\/div>\n<\/p><\/div>\n<div>\n<div>\n<h2 class=\"h2-header\">Candidati ideali per la terapia con Glutatione C<\/h2>\n<\/p><\/div>\n<div>\n<p class=\"p-text\">Questa terapia \u00e8 consigliata a persone generalmente sane che desiderano rafforzare il sistema immunitario, disintossicare l&#039;organismo e migliorare il proprio benessere generale. Si consiglia di sottoporsi alla terapia una volta all&#039;anno come parte di una regolare routine di mantenimento della salute.<\/p>\n<\/p><\/div>\n<\/p><\/div>\n<div>\n<div>\n<h2 class=\"h2-header\">Prenotate oggi stesso la vostra terapia con Glutatione C!<\/h2>\n<\/p><\/div>\n<div>\n<p class=\"p-text\">Provate gli effetti rivitalizzanti della terapia con Glutatione C presso la Clinica Esclusiva dei Capelli del Dr. Terziler. Il nostro team di esperti \u00e8 pronto ad aiutarvi a disintossicarvi e a rafforzare il vostro corpo per un&#039;immagine pi\u00f9 sana e vibrante.<\/p>\n<\/p><\/div>\n<\/p><\/div>\n<\/p><\/div>\n<\/section>\n","protected":false},"excerpt":{"rendered":"<p>Glutatione e Vitamina C La terapia con glutatione C \u00e8 un potente trattamento di medicina complementare progettato per ringiovanire l&#039;organismo combinando i benefici del glutatione e della vitamina C. Questa terapia \u00e8 nota per le sue propriet\u00e0 disintossicanti, per il sostegno del sistema immunitario e per i benefici della rigenerazione cellulare. Agendo come un \u201cpulitore [&hellip;]<\/p>\n","protected":false},"author":6,"featured_media":5064,"parent":3019,"menu_order":0,"comment_status":"closed","ping_status":"closed","template":"","meta":{"footnotes":""},"class_list":["post-3062","page","type-page","status-publish","has-post-thumbnail","hentry"],"_links":{"self":[{"href":"https:\/\/drterziler.com\/it\/wp-json\/wp\/v2\/pages\/3062","targetHints":{"allow":["GET"]}}],"collection":[{"href":"https:\/\/drterziler.com\/it\/wp-json\/wp\/v2\/pages"}],"about":[{"href":"https:\/\/drterziler.com\/it\/wp-json\/wp\/v2\/types\/page"}],"author":[{"embeddable":true,"href":"https:\/\/drterziler.com\/it\/wp-json\/wp\/v2\/users\/6"}],"replies":[{"embeddable":true,"href":"https:\/\/drterziler.com\/it\/wp-json\/wp\/v2\/comments?post=3062"}],"version-history":[{"count":13,"href":"https:\/\/drterziler.com\/it\/wp-json\/wp\/v2\/pages\/3062\/revisions"}],"predecessor-version":[{"id":57810,"href":"https:\/\/drterziler.com\/it\/wp-json\/wp\/v2\/pages\/3062\/revisions\/57810"}],"up":[{"embeddable":true,"href":"https:\/\/drterziler.com\/it\/wp-json\/wp\/v2\/pages\/3019"}],"wp:featuredmedia":[{"embeddable":true,"href":"https:\/\/drterziler.com\/it\/wp-json\/wp\/v2\/media\/5064"}],"wp:attachment":[{"href":"https:\/\/drterziler.com\/it\/wp-json\/wp\/v2\/media?parent=3062"}],"curies":[{"name":"wp","href":"https:\/\/api.w.org\/{rel}","templated":true}]}}