{"id":3064,"date":"2024-08-12T22:39:00","date_gmt":"2024-08-12T22:39:00","guid":{"rendered":"https:\/\/drterziler.com\/longevita\/golden-vial\/"},"modified":"2026-02-28T11:45:48","modified_gmt":"2026-02-28T11:45:48","slug":"golden-vial","status":"publish","type":"page","link":"https:\/\/drterziler.com\/it\/longevita\/golden-vial\/","title":{"rendered":"Elisir di giovinezza"},"content":{"rendered":"<div class=\"page-content\">\n<div id=\"header-area\">\n<div class=\"container\" id=\"firstContent\">\n<div class=\"header-content d-flex flex-column\">\n<h1 class=\"content-title h1-header\">Elisir di giovinezza<\/h1>\n<div class=\"content-paragraph\">\n<p class=\"p-text\">Si tratta di un programma in cui una miscela miracolosa viene iniettata nel corpo, riparandolo dall&#039;interno e dall&#039;esterno, invertendo l&#039;orologio biologico fino a 15 anni e fornendo ringiovanimento. Questo siero miracoloso, che fornisce energia e forza quasi inesauribili, massimizza l&#039;efficienza fisica, mentale e sessuale. Facilita l&#039;aumento della massa muscolare e una sana perdita di peso, mantenendo la fiducia e la motivazione ai massimi livelli. Con questo programma eliminerete in un colpo solo gli effetti fisici, cognitivi e psicologici dell&#039;invecchiamento.<\/p>\n<\/p><\/div>\n<nav aria-label=\"breadcrumb\" class=\"breadcrumbs\">\n<ul class=\"d-flex align-items-center mb-0\">\n<li><a class=\"link\" href=\"https:\/\/drterziler.com\/it\/\"><span>Dr. Terziler Exclusive Clinic<\/span><\/a><\/li>\n<li class=\"separator\">\u00bb<\/li>\n<li><a class=\"link\" href=\"https:\/\/drterziler.com\/it\/longevita\/\"><span>Longevit\u00e0<\/span><\/a><\/li>\n<li class=\"separator\">\u00bb<\/li>\n<li class=\"current-page\"><span>Elisir di giovinezza<\/span><\/li>\n<\/ul>\n<\/nav><\/div>\n<\/p><\/div>\n<\/p><\/div>\n<\/div>\n<section id=\"content-area\">\n<div class=\"container my-5\">\n<div class=\"row align-items-start\">\n<div class=\"col-md-6 order-2 order-md-1\">\n<div class=\"custom-toc-box\">\n<div id=\"toc-header\">\n<h4>Indice dei contenuti<\/h4>\n<div class=\"toc-toggle-icon\"><\/div>\n<\/p><\/div>\n<div class=\"toc-full-divider\"><\/div>\n<div id=\"toc-body\">\n<div id=\"toc-container\"><\/div>\n<\/p><\/div>\n<\/p><\/div>\n<\/p><\/div>\n<div class=\"col-md-6 order-1 order-md-2\" id=\"jForm\">\n                <script type=\"text\/javascript\" src=\"https:\/\/form.jotform.com\/jsform\/242882600814961\"><\/script>\n            <\/div>\n<\/p><\/div>\n<\/p><\/div>\n<div class=\"container\">\n<div class=\"img-thumb\">\n            <img loading=\"lazy\" decoding=\"async\" width=\"1140\" height=\"641\" src=\"https:\/\/drterziler.com\/wp-content\/uploads\/2025\/04\/Elixir-of-Youth.webp\" alt=\"\" srcset=\"https:\/\/drterziler.com\/wp-content\/uploads\/2025\/04\/Elixir-of-Youth.webp 1140w, https:\/\/drterziler.com\/wp-content\/uploads\/2025\/04\/Elixir-of-Youth-300x169.webp 300w, https:\/\/drterziler.com\/wp-content\/uploads\/2025\/04\/Elixir-of-Youth-1024x576.webp 1024w, https:\/\/drterziler.com\/wp-content\/uploads\/2025\/04\/Elixir-of-Youth-768x432.webp 768w\" sizes=\"auto, (max-width: 1140px) 100vw, 1140px\">\n        <\/div>\n<div>\n<div>\n<h2 class=\"h2-header\">Soluzione miracolosa per le condizioni croniche<\/h2>\n<\/p><\/div>\n<div>\n<p class=\"p-text\">Offre una soluzione rivoluzionaria contro le patologie croniche. In particolare, elimina l&#039;insonnia cronica e la stanchezza, facendovi sentire vigorosi ed energici per tutto il giorno. Pone fine alla nebbia mentale e affina le funzioni cognitive. I 240 tipi di esosomi specifici per ogni organo contenuti nel suo contenuto accelerano il rinnovamento cellulare, ristrutturando il corpo dalla testa ai piedi.<\/p>\n<\/p><\/div>\n<\/p><\/div>\n<div>\n<div>\n<h2 class=\"h2-header\">Aumento delle prestazioni fisiche<\/h2>\n<\/p><\/div>\n<div>\n<p class=\"p-text\">Fornisce energia all&#039;organismo, aumentando significativamente le prestazioni fisiche e i livelli di energia. I componenti del siero favoriscono l&#039;aumento della massa muscolare e incrementano il tasso metabolico dell&#039;organismo. Aumenta la resistenza muscolare e la forza fisica complessiva, consentendo di svolgere in modo pi\u00f9 efficiente le attivit\u00e0 della vita quotidiana. Grazie all&#039;accelerazione del metabolismo, migliora la capacit\u00e0 di bruciare i grassi, garantendo una composizione corporea corretta e in forma.<\/p>\n<\/p><\/div>\n<\/p><\/div>\n<div>\n<div>\n<h2 class=\"h2-header\">Efficienza mentale e sessuale<\/h2>\n<\/p><\/div>\n<div>\n<p class=\"p-text\">L&#039;Elisir di Giovinezza supporta le funzioni cognitive del cervello, rafforzando le capacit\u00e0 di attenzione, concentrazione e memoria. Grazie all&#039;effetto positivo dei suoi componenti sulle cellule nervose, le persone possono affrontare pi\u00f9 facilmente lo stress quotidiano e le loro prestazioni mentali complessive aumentano. La chiarezza mentale influisce direttamente sul successo di una persona nel lavoro e nella vita sociale. Allo stesso tempo, il trattamento aumenta le prestazioni sessuali, migliorando in modo significativo la vita sessuale degli individui. L&#039;Elisir di Giovinezza contribuisce all&#039;aumento della libido e delle funzioni sessuali ottimali aumentando il livello di energia nel corpo. Mentre aumenta l&#039;efficienza mentale e sessuale, il comodo processo di applicazione rende il trattamento pi\u00f9 attraente.<\/p>\n<\/p><\/div>\n<\/p><\/div>\n<div>\n<div>\n<h2 class=\"h2-header\">Aumento della motivazione e della fiducia in se stessi<\/h2>\n<\/p><\/div>\n<div>\n<p class=\"p-text\">Dopo l&#039;applicazione, la persona si sente pi\u00f9 forte e dinamica sia fisicamente che mentalmente. L&#039;aumento dei livelli di energia e il rinnovamento del corpo contribuiscono a rendere la persona pi\u00f9 motivata e a raggiungere il massimo della fiducia in se stessa nella vita sociale e professionale. Questi effetti consentono alla persona di mostrare un atteggiamento pi\u00f9 attivo e di successo nella vita. Durante il processo di trattamento, tutte le fasi sono pianificate con un approccio professionale per garantire il comfort della persona e il rapido completamento della procedura.<\/p>\n<\/p><\/div>\n<\/p><\/div>\n<div>\n<div>\n<h2 class=\"h2-header\">Esiste un limite di et\u00e0?<\/h2>\n<\/p><\/div>\n<div>\n<p class=\"p-text\">Non esiste un limite di et\u00e0 specifico. Poich\u00e9 l&#039;Elisir di Giovinezza favorisce i naturali processi di rinnovamento dell&#039;organismo, si rivolge a tutte le fasce d&#039;et\u00e0. Se da un lato i giovani aumentano le loro prestazioni, dall&#039;altro fornisce salute e vitalit\u00e0 a lungo termine a coloro che stanno invecchiando o sono anziani. Questo siero miracoloso offre benefici adatti a tutte le et\u00e0.<\/p>\n<\/p><\/div>\n<\/p><\/div>\n<div>\n<div>\n<h2 class=\"h2-header\">Ci sono effetti collaterali?<\/h2>\n<\/p><\/div>\n<div>\n<p class=\"p-text\">Il programma non ha effetti collaterali. L&#039;Elisir di Giovinezza viene applicato da team di esperti in un ambiente clinico, in modo sicuro e confortevole. Non utilizziamo protocolli di trattamento che possano interferire con il normale funzionamento dell&#039;organismo.<\/p>\n<\/p><\/div>\n<\/p><\/div>\n<div>\n<div>\n<h2 class=\"h2-header\">Chi usa regolarmente farmaci pu\u00f2 assumere l&#039;Elisir di Giovinezza?<\/h2>\n<\/p><\/div>\n<div>\n<p class=\"p-text\">L&#039;uso regolare o periodico di farmaci non rappresenta in genere un problema. Tuttavia, alcuni farmaci possono interagire con il trattamento. Per questo motivo, vengono presi in considerazione tutti i risultati della salute dei nostri ospiti, viene ascoltata la loro storia e, nella fase finale, viene determinato il percorso pi\u00f9 appropriato sotto la supervisione del medico.<\/p>\n<\/p><\/div>\n<\/p><\/div>\n<\/p><\/div>\n<\/section>\n","protected":false},"excerpt":{"rendered":"<p>Elisir di giovinezza Si tratta di un programma in cui una miscela miracolosa viene iniettata nel corpo, riparandolo dall&#039;interno e dall&#039;esterno, invertendo l&#039;orologio biologico fino a 15 anni e fornendo ringiovanimento. Questo siero miracoloso, che fornisce energia e forza quasi inesauribili, massimizza l&#039;efficienza fisica, mentale e sessuale. Facilita l&#039;aumento della massa muscolare e una sana [&hellip;]<\/p>\n","protected":false},"author":6,"featured_media":5058,"parent":3019,"menu_order":0,"comment_status":"closed","ping_status":"closed","template":"","meta":{"footnotes":""},"class_list":["post-3064","page","type-page","status-publish","has-post-thumbnail","hentry"],"_links":{"self":[{"href":"https:\/\/drterziler.com\/it\/wp-json\/wp\/v2\/pages\/3064","targetHints":{"allow":["GET"]}}],"collection":[{"href":"https:\/\/drterziler.com\/it\/wp-json\/wp\/v2\/pages"}],"about":[{"href":"https:\/\/drterziler.com\/it\/wp-json\/wp\/v2\/types\/page"}],"author":[{"embeddable":true,"href":"https:\/\/drterziler.com\/it\/wp-json\/wp\/v2\/users\/6"}],"replies":[{"embeddable":true,"href":"https:\/\/drterziler.com\/it\/wp-json\/wp\/v2\/comments?post=3064"}],"version-history":[{"count":8,"href":"https:\/\/drterziler.com\/it\/wp-json\/wp\/v2\/pages\/3064\/revisions"}],"predecessor-version":[{"id":57812,"href":"https:\/\/drterziler.com\/it\/wp-json\/wp\/v2\/pages\/3064\/revisions\/57812"}],"up":[{"embeddable":true,"href":"https:\/\/drterziler.com\/it\/wp-json\/wp\/v2\/pages\/3019"}],"wp:featuredmedia":[{"embeddable":true,"href":"https:\/\/drterziler.com\/it\/wp-json\/wp\/v2\/media\/5058"}],"wp:attachment":[{"href":"https:\/\/drterziler.com\/it\/wp-json\/wp\/v2\/media?parent=3064"}],"curies":[{"name":"wp","href":"https:\/\/api.w.org\/{rel}","templated":true}]}}