{"id":3068,"date":"2024-08-12T14:47:10","date_gmt":"2024-08-12T14:47:10","guid":{"rendered":"https:\/\/drterziler.com\/longevita\/ozonoterapia\/"},"modified":"2026-02-28T11:47:30","modified_gmt":"2026-02-28T11:47:30","slug":"ozonoterapia","status":"publish","type":"page","link":"https:\/\/drterziler.com\/it\/longevita\/ozonoterapia\/","title":{"rendered":"Ozonoterapia 10x"},"content":{"rendered":"<div class=\"page-content\">\n<div id=\"header-area\">\n<div class=\"container\" id=\"firstContent\">\n<div class=\"header-content d-flex flex-column\">\n<h1 class=\"content-title h1-header\">Ozonoterapia 10x<\/h1>\n<div class=\"content-paragraph\">\n<p class=\"p-text\">Questa terapia, che prevede 10 sedute di trattamento in un&#039;unica seduta grazie a dispositivi all&#039;avanguardia, offre effetti miracolosi e il massimo risparmio di tempo. L&#039;ozonoterapia, che avvia il rinnovamento olistico dei tessuti innalzando il livello di ossigeno nel sangue a livelli elevati, crea un effetto dopante naturale nell&#039;organismo grazie all&#039;energia e alla vitalit\u00e0 che fornisce.Le cellule del sangue arricchite di ozono rinnovano il metabolismo e rafforzano il sistema immunitario, proteggendo l&#039;organismo soprattutto dall&#039;influenza e da altre malattie virali.L&#039;ozono \u00e8 ampiamente utilizzato da molti anni in campo medico per la disinfezione delle apparecchiature, nonch\u00e9 per la purificazione dell&#039;acqua e delle sostanze alimentari, in quanto non presenta effetti collaterali sulla salute umana e ha propriet\u00e0 antibatteriche e antiossidanti.<\/p>\n<\/p><\/div>\n<nav aria-label=\"breadcrumb\" class=\"breadcrumbs\">\n<ul class=\"d-flex align-items-center mb-0\">\n<li><a class=\"link\" href=\"https:\/\/drterziler.com\/it\/\"><span>Dr. Terziler Exclusive Clinic<\/span><\/a><\/li>\n<li class=\"separator\">\u00bb<\/li>\n<li><a class=\"link\" href=\"https:\/\/drterziler.com\/it\/longevita\/\"><span>Longevit\u00e0<\/span><\/a><\/li>\n<li class=\"separator\">\u00bb<\/li>\n<li class=\"current-page\"><span>Ozonoterapia 10x<\/span><\/li>\n<\/ul>\n<\/nav><\/div>\n<\/p><\/div>\n<\/p><\/div>\n<\/div>\n<section id=\"content-area\">\n<div class=\"container my-5\">\n<div class=\"row align-items-start\">\n<div class=\"col-md-6 order-2 order-md-1\">\n<div class=\"custom-toc-box\">\n<div id=\"toc-header\">\n<h4>Indice dei contenuti<\/h4>\n<div class=\"toc-toggle-icon\"><\/div>\n<\/p><\/div>\n<div class=\"toc-full-divider\"><\/div>\n<div id=\"toc-body\">\n<div id=\"toc-container\"><\/div>\n<\/p><\/div>\n<\/p><\/div>\n<\/p><\/div>\n<div class=\"col-md-6 order-1 order-md-2\" id=\"jForm\">\n                <script type=\"text\/javascript\" src=\"https:\/\/form.jotform.com\/jsform\/242882600814961\"><\/script>\n            <\/div>\n<\/p><\/div>\n<\/p><\/div>\n<div class=\"container\">\n<div class=\"img-thumb\">\n            <img loading=\"lazy\" decoding=\"async\" width=\"1140\" height=\"641\" src=\"https:\/\/drterziler.com\/wp-content\/uploads\/2025\/04\/10x-Ozone-Therapy.webp\" alt=\"\" srcset=\"https:\/\/drterziler.com\/wp-content\/uploads\/2025\/04\/10x-Ozone-Therapy.webp 1140w, https:\/\/drterziler.com\/wp-content\/uploads\/2025\/04\/10x-Ozone-Therapy-300x169.webp 300w, https:\/\/drterziler.com\/wp-content\/uploads\/2025\/04\/10x-Ozone-Therapy-1024x576.webp 1024w, https:\/\/drterziler.com\/wp-content\/uploads\/2025\/04\/10x-Ozone-Therapy-768x432.webp 768w\" sizes=\"auto, (max-width: 1140px) 100vw, 1140px\">\n        <\/div>\n<div>\n<div>\n<h2 class=\"h2-header\">La tecnologia che riduce 10 sedute di terapia a una sola seduta<\/h2>\n<\/p><\/div>\n<div>\n<p class=\"p-text\">Per ottenere i risultati attesi dall&#039;ozonoterapia possono essere necessarie fino a 4-5 sedute. Questa situazione crea un ostacolo per coloro che non possono dedicare tempo sufficiente alla terapia a causa degli impegni di lavoro o per vari motivi. Tuttavia, il Dr. Terziler \u00e8 riuscito a ridurre la tradizionale ozonoterapia, che richiede 10 sedute, a una sola seduta, grazie al dispositivo di tecnologia avanzata che ha acquistato per la sua clinica a seguito di studi approfonditi.<\/p>\n<\/p><\/div>\n<\/p><\/div>\n<div>\n<div>\n<h2 class=\"h2-header\">Tempo minimo Prestazione massima<\/h2>\n<\/p><\/div>\n<div>\n<p class=\"p-text\">Grazie al dispositivo all&#039;avanguardia per l&#039;ozonoterapia della Clinica Esclusiva del Dr. Terziler, i risultati che potevano essere ottenuti in 10 sedute di ozonoterapia tradizionale possono ora essere raggiunti in una sola seduta. Questa tecnologia offre il massimo beneficio con un tempo di applicazione di 15-20 minuti e una gestione ottimale del tempo per coloro che hanno ritmi di lavoro intensi e non possono dedicare molto tempo alla terapia.<\/p>\n<\/p><\/div>\n<\/p><\/div>\n<div>\n<div>\n<h2 class=\"h2-header\">\u00c8 sicuro assumere 10 dosi in un&#039;unica sessione?<\/h2>\n<\/p><\/div>\n<div>\n<p class=\"p-text\">S\u00ec, \u00e8 sicuro! Questa tecnologia consente di ottenere i benefici di 10 sedute in un&#039;unica seduta, fornendo la quantit\u00e0 necessaria di ozono al corpo nel modo pi\u00f9 ideale e controllato. Si tratta di un&#039;applicazione che pu\u00f2 essere tranquillamente preferita per risparmiare tempo e ottenere il massimo beneficio.<\/p>\n<\/p><\/div>\n<\/p><\/div>\n<div>\n<div>\n<h2 class=\"h2-header\">Per chi \u00e8 indicata l&#039;ozonoterapia?<\/h2>\n<\/p><\/div>\n<div>\n<p class=\"p-text\">Chi soffre di stanchezza cronica Chi soffre di fibromialgia Chi soffre di diabete Chi ha problemi di infezioni e infiammazioni croniche Chi soffre di artrite reumatoide e osteoartrite Chi ha un sistema immunitario debole Chi cerca un supporto per i problemi della pelle e il processo di guarigione delle ferite<\/p>\n<\/p><\/div>\n<\/p><\/div>\n<div>\n<div>\n<h2 class=\"h2-header\">Chi non dovrebbe ricevere l&#039;ozono terapia?<\/h2>\n<\/p><\/div>\n<div>\n<p class=\"p-text\">Donne in gravidanza Persone con deficit di glucosio-6-fosfato deidrogenasi Persone con disfunzioni della tiroide (ipertiroidismo) Pazienti con disturbi emorragici o anemia grave Persone che hanno avuto un infarto miocardico acuto Persone con gravi problemi cardiovascolari<\/p>\n<\/p><\/div>\n<\/p><\/div>\n<\/p><\/div>\n<\/section>\n","protected":false},"excerpt":{"rendered":"<p>Ozonoterapia 10x Questa terapia, che prevede 10 sedute di trattamento in un&#039;unica seduta grazie a dispositivi all&#039;avanguardia, offre effetti miracolosi e il massimo risparmio di tempo. L&#039;ozonoterapia, che avvia il rinnovamento olistico dei tessuti innalzando il livello di ossigeno nel sangue a livelli elevati, crea un effetto dopante naturale nell&#039;organismo grazie all&#039;energia e alla vitalit\u00e0 [&hellip;]<\/p>\n","protected":false},"author":6,"featured_media":5082,"parent":3019,"menu_order":0,"comment_status":"closed","ping_status":"closed","template":"","meta":{"footnotes":""},"class_list":["post-3068","page","type-page","status-publish","has-post-thumbnail","hentry"],"_links":{"self":[{"href":"https:\/\/drterziler.com\/it\/wp-json\/wp\/v2\/pages\/3068","targetHints":{"allow":["GET"]}}],"collection":[{"href":"https:\/\/drterziler.com\/it\/wp-json\/wp\/v2\/pages"}],"about":[{"href":"https:\/\/drterziler.com\/it\/wp-json\/wp\/v2\/types\/page"}],"author":[{"embeddable":true,"href":"https:\/\/drterziler.com\/it\/wp-json\/wp\/v2\/users\/6"}],"replies":[{"embeddable":true,"href":"https:\/\/drterziler.com\/it\/wp-json\/wp\/v2\/comments?post=3068"}],"version-history":[{"count":11,"href":"https:\/\/drterziler.com\/it\/wp-json\/wp\/v2\/pages\/3068\/revisions"}],"predecessor-version":[{"id":57816,"href":"https:\/\/drterziler.com\/it\/wp-json\/wp\/v2\/pages\/3068\/revisions\/57816"}],"up":[{"embeddable":true,"href":"https:\/\/drterziler.com\/it\/wp-json\/wp\/v2\/pages\/3019"}],"wp:featuredmedia":[{"embeddable":true,"href":"https:\/\/drterziler.com\/it\/wp-json\/wp\/v2\/media\/5082"}],"wp:attachment":[{"href":"https:\/\/drterziler.com\/it\/wp-json\/wp\/v2\/media?parent=3068"}],"curies":[{"name":"wp","href":"https:\/\/api.w.org\/{rel}","templated":true}]}}