{"id":3070,"date":"2024-08-12T14:23:02","date_gmt":"2024-08-12T14:23:02","guid":{"rendered":"https:\/\/drterziler.com\/estetica-medica\/"},"modified":"2026-03-05T23:40:24","modified_gmt":"2026-03-05T23:40:24","slug":"estetica-medica","status":"publish","type":"page","link":"https:\/\/drterziler.com\/it\/estetica-medica\/","title":{"rendered":"Estetica medica"},"content":{"rendered":"<div class=\"page-content category-page\">\n<div id=\"header-area\">\n<div class=\"container\" id=\"firstContent\">\n<div class=\"header-content d-flex flex-column\">\n<h1 class=\"content-title\">Estetica Medica<\/h1>\n<div class=\"content-paragraph\">\n<p>Presso la Dr. Terziler Exclusive Clinic, siamo specializzati nell&#8217;esaltare la vostra bellezza naturale attraverso trattamenti applicati con perizia. I nostri servizi includono applicazioni di mesoterapia, biorivitalizzazione (Youth Vaccination) e Botox, tutti progettati per ringiovanire la pelle e donare un aspetto giovanile. Con un focus su precisione e cura, garantiamo trattamenti di altissima qualit\u00e0 personalizzati in base alle vostre esigenze specifiche. Sperimentate l&#8217;arte dell&#8217;estetica medica con risultati che vi faranno sentire sicuri di voi e rinfrescati.<\/p>\n<\/p><\/div>\n<nav aria-label=\"breadcrumb\" class=\"breadcrumbs\">\n<ul class=\"d-flex align-items-center mb-0\">\n<li><a class=\"link\" href=\"https:\/\/drterziler.com\/it\/\"><span>Dr. Terziler<\/span><\/a><\/li>\n<li class=\"separator\">\u00bb<\/li>\n<li class=\"current-page\"><span>Estetica Medica<\/span><\/li>\n<\/ul>\n<\/nav><\/div>\n<\/p><\/div>\n<\/p><\/div>\n<\/div>\n<section class=\"svc-section\">\n<div class=\"container\">\n<div class=\"svc-item right-card\">\n<div class=\"svc-media\">\n                <img decoding=\"async\" src=\"https:\/\/drterziler.com\/wp-content\/uploads\/2025\/04\/karbon-peeling.webp\" alt=\"Trattamenti Viso\" loading=\"lazy\" class=\"cat-img\">\n            <\/div>\n<div class=\"svc-card\">\n<h3 class=\"svc-title gilda\">Trattamenti Viso<\/h3>\n<p class=\"svc-text barlow\">\n                    Siamo qui per il volto che desiderate vedere allo specchio. Con i nostri dispositivi di tecnologia avanzata e il tocco esperto, vi guidiamo nel viaggio della vostra pelle verso la giovinezza. Il look dei vostri sogni \u00e8 ora a un passo, nella sua forma pi\u00f9 impeccabile.\n                <\/p>\n<p>                <a class=\"btn-details barlow-condensed\" href=\"https:\/\/drterziler.com\/it\/estetica-medica\/trattamenti-viso\/\">DETTAGLI<\/a>\n            <\/div>\n<\/p><\/div>\n<div class=\"svc-item left-card\">\n<div class=\"svc-media\">\n                <img decoding=\"async\" src=\"https:\/\/drterziler.com\/wp-content\/uploads\/2025\/02\/Dermatoloji.webp\" alt=\"Dermatologia\" loading=\"lazy\" class=\"cat-img\" style= \"transform: scaleX(-1);\">\n            <\/div>\n<div class=\"svc-card\">\n<h3 class=\"svc-title gilda\">Dermatologia<\/h3>\n<p class=\"svc-text barlow\">\n                    La dermatologia \u00e8 la branca della medicina specializzata nella salute e nell&#8217;estetica della pelle. Le malattie e le problematiche estetiche legate a pelle, capelli, unghie e altre strutture sottocutanee vengono affrontate attraverso trattamenti dermatologici. I dermatologi non solo curano condizioni come macchie cutanee, acne e psoriasi, ma eseguono anche varie procedure estetiche per ottenere un aspetto della pelle sano e giovane.\n                <\/p>\n<p>                <a class=\"btn-details barlow-condensed\" href=\"https:\/\/drterziler.com\/it\/estetica-medica\/dermatologia\/\">DETTAGLI<\/a>\n            <\/div>\n<\/p><\/div>\n<div class=\"svc-item right-card\">\n<div class=\"svc-media\">\n                <img decoding=\"async\" src=\"https:\/\/drterziler.com\/wp-content\/uploads\/2025\/01\/Ameliyatsiz-Goz-Cevresi-Uygulamalari.webp\" alt=\"Trattamenti Periorbitari Non Chirurgici\" loading=\"lazy\" class=\"cat-img\" style= \"transform: scaleX(-1);\">\n            <\/div>\n<div class=\"svc-card\">\n<h3 class=\"svc-title gilda\">Trattamenti Periorbitari Non Chirurgici<\/h3>\n<p class=\"svc-text barlow\">\n                    I trattamenti non chirurgici per l&#8217;area degli occhi mirano a problemi quali rughe, borse e occhiaie. Queste procedure, utilizzando metodi come Botox, filler e mesoterapia, migliorano l&#8217;aspetto giovanile e dinamico del contorno occhi. Gli effetti sono visibili immediatamente e il tempo di recupero \u00e8 breve, consentendo un rapido ritorno al lavoro e alle attivit\u00e0 sociali.\n                <\/p>\n<p>                <a class=\"btn-details barlow-condensed\" href=\"https:\/\/drterziler.com\/it\/estetica-medica\/trattamenti-periorbitali-non-chirurgici\/\">DETTAGLI<\/a>\n            <\/div>\n<\/p><\/div>\n<div class=\"svc-item left-card\">\n<div class=\"svc-media\">\n                <img decoding=\"async\" src=\"https:\/\/drterziler.com\/wp-content\/uploads\/2025\/02\/El-Genclestirme.webp\" alt=\"Ringiovanimento Mani\" loading=\"lazy\" class=\"cat-img\">\n            <\/div>\n<div class=\"svc-card\">\n<h3 class=\"svc-title gilda\">Ringiovanimento Mani<\/h3>\n<p class=\"svc-text barlow\">\n                    Si tratta di una procedura estetica non chirurgica volta a contrastare i segni dell&#8217;invecchiamento, la perdita di volume, le rughe e le linee sottili sulle mani. Eseguita con metodi quali filler dermici, PRP e trattamenti laser, questa procedura migliora l&#8217;aspetto giovanile, sano e vibrante delle mani. La sua rapida applicazione e il minimo disagio la rendono un&#8217;opzione molto apprezzata.\n                <\/p>\n<p>                <a class=\"btn-details barlow-condensed\" href=\"https:\/\/drterziler.com\/it\/estetica-medica\/ringiovanimento-delle-mani\/\">DETTAGLI<\/a>\n            <\/div>\n<\/p><\/div>\n<div class=\"svc-item right-card\">\n<div class=\"svc-media\">\n                <img decoding=\"async\" src=\"https:\/\/drterziler.com\/wp-content\/uploads\/2025\/02\/Boyun-Genclestirme.webp\" alt=\"Ringiovanimento Collo\" loading=\"lazy\" class=\"cat-img\" style= \"transform: scaleX(-1);\">\n            <\/div>\n<div class=\"svc-card\">\n<h3 class=\"svc-title gilda\">Ringiovanimento Collo<\/h3>\n<p class=\"svc-text barlow\">\n                    \u00c8 una procedura non chirurgica eseguita per correggere rughe, rilassamento cutaneo e linee sottili causate dall&#8217;invecchiamento. Tecniche come filler, Botox, laser e PRP vengono utilizzate per rendere la pelle del collo pi\u00f9 soda, liscia e giovane. Questo trattamento \u00e8 spesso preferito per i suoi risultati rapidi ed efficaci, il minimo disagio e il breve tempo di recupero.\n                <\/p>\n<p>                <a class=\"btn-details barlow-condensed\" href=\"https:\/\/drterziler.com\/it\/estetica-medica\/ringiovanimento-del-collo\/\">DETTAGLI<\/a>\n            <\/div>\n<\/p><\/div>\n<div class=\"svc-item left-card\">\n<div class=\"svc-media\">\n                <img decoding=\"async\" src=\"https:\/\/drterziler.com\/wp-content\/uploads\/2025\/02\/Dekolte-Genclestirme.webp\" alt=\"Ringiovanimento D\u00e9collet\u00e9\" loading=\"lazy\" class=\"cat-img\" style= \"transform: scaleX(-1);\">\n            <\/div>\n<div class=\"svc-card\">\n<h3 class=\"svc-title gilda\">Ringiovanimento D\u00e9collet\u00e9<\/h3>\n<p class=\"svc-text barlow\">\n                    Il trattamento di ringiovanimento del d\u00e9collet\u00e9 \u00e8 una procedura innovativa mirata a linee sottili, macchie e perdita di elasticit\u00e0 cutanea nella zona del collo e del torace. Metodi supportati da ingredienti naturali rassodano la pelle fornendo un aspetto pi\u00f9 giovane e radioso. Questo trattamento offre una soluzione efficace per un d\u00e9collet\u00e9 liscio e luminoso.\n                <\/p>\n<p>                <a class=\"btn-details barlow-condensed\" href=\"https:\/\/drterziler.com\/it\/estetica-medica\/ringiovanimento-del-decollete\/\">DETTAGLI<\/a>\n            <\/div>\n<\/p><\/div>\n<div class=\"svc-item right-card\">\n<div class=\"svc-media\">\n                <img decoding=\"async\" src=\"https:\/\/drterziler.com\/wp-content\/uploads\/2025\/01\/Gidi-Genclestirme.webp\" alt=\"Ringiovanimento del Doppio Mento\" loading=\"lazy\" class=\"cat-img\" style= \"transform: scaleX(-1);\">\n            <\/div>\n<div class=\"svc-card\">\n<h3 class=\"svc-title gilda\">Ringiovanimento del Doppio Mento<\/h3>\n<p class=\"svc-text barlow\">\n                    Il trattamento di ringiovanimento submentale mira a ridurre il rilassamento e la lassit\u00e0 cutanea, ottenendo un aspetto pi\u00f9 giovane e sodo. Questo trattamento pu\u00f2 essere eseguito utilizzando metodi come Botox, filler e laser, lavorando sulla riduzione dell&#8217;accumulo di grasso nell&#8217;area e aumentando l&#8217;elasticit\u00e0 della pelle. Come risultato, la linea della mascella diventa pi\u00f9 definita e il contorno facciale migliora.\n                <\/p>\n<p>                <a class=\"btn-details barlow-condensed\" href=\"https:\/\/drterziler.com\/it\/estetica-medica\/ringiovanimento-del-doppio-mento\/\">DETTAGLI<\/a>\n            <\/div>\n<\/p><\/div>\n<div class=\"svc-item left-card\">\n<div class=\"svc-media\">\n                <img decoding=\"async\" src=\"https:\/\/drterziler.com\/wp-content\/uploads\/2025\/02\/Diger-Botoks-Uygulamalari.webp\" alt=\"Altri Trattamenti Botox\" loading=\"lazy\" class=\"cat-img\" style= \"transform: scaleX(-1);\">\n            <\/div>\n<div class=\"svc-card\">\n<h3 class=\"svc-title gilda\">Altri Trattamenti Botox<\/h3>\n<p class=\"svc-text barlow\">\n                    Il Botox rappresenta una gamma efficace di metodi di trattamento che copre un ampio spettro nell&#8217;estetica e nella salute. Il Botox per il massetere riduce l&#8217;eccessiva tensione nei muscoli della mascella, snellendo i contorni del viso, mentre il Botox per l&#8217;emicrania allevia il mal di testa e migliora la qualit\u00e0 della vita. Il Botox per la sudorazione aiuta a controllare l&#8217;eccessiva traspirazione, rendendo la vita quotidiana pi\u00f9 confortevole. Questi tipi di trattamenti Botox sono spesso preferiti per la loro natura minimamente invasiva e i rapidi tempi di recupero.\n                <\/p>\n<p>                <a class=\"btn-details barlow-condensed\" href=\"https:\/\/drterziler.com\/it\/estetica-medica\/altri-trattamenti-botox\/\">DETTAGLI<\/a>\n            <\/div>\n<\/p><\/div>\n<div class=\"svc-item right-card\">\n<div class=\"svc-media\">\n                <img decoding=\"async\" src=\"https:\/\/drterziler.com\/wp-content\/uploads\/2025\/02\/Teknolojik-Uygulamalar.webp\" alt=\"Trattamenti Tecnologici\" loading=\"lazy\" class=\"cat-img\" style= \"transform: scaleX(-1);\">\n            <\/div>\n<div class=\"svc-card\">\n<h3 class=\"svc-title gilda\">Trattamenti Tecnologici<\/h3>\n<p class=\"svc-text barlow\">\n                    Come Dr. Terziler, offriamo un&#8217;esperienza senza tempo con le nostre applicazioni all&#8217;avanguardia in estetica, salute e bellezza. Dispositivi robotici, tecnologie laser e sistemi intelligenti accelerano e migliorano l&#8217;efficacia dei processi di trattamento. Le applicazioni modernizzate consentono un processo di recupero pi\u00f9 rapido con metodi minimamente invasivi, garantendo al contempo un comfort senza pari.\n                <\/p>\n<p>                <a class=\"btn-details barlow-condensed\" href=\"https:\/\/drterziler.com\/it\/estetica-medica\/trattamenti-tecnologici\/\">DETTAGLI<\/a>\n            <\/div>\n<\/p><\/div>\n<div class=\"svc-item left-card\">\n<div class=\"svc-media\">\n                <img decoding=\"async\" src=\"https:\/\/drterziler.com\/wp-content\/uploads\/2025\/02\/Tamamlayici-Tip-GETAT-Uygulamalari.webp\" alt=\"Trattamenti di Medicina Complementare GETAT\" loading=\"lazy\" class=\"cat-img\" style= \"transform: scaleX(-1);\">\n            <\/div>\n<div class=\"svc-card\">\n<h3 class=\"svc-title gilda\">Trattamenti di Medicina Complementare GETAT<\/h3>\n<p class=\"svc-text barlow\">\n                    La medicina complementare (GETAT) \u00e8 un campo di trattamento che mira a supportare il corpo con metodi di guarigione naturali e olistici accanto alla medicina tradizionale. Queste applicazioni non solo supportano i processi di guarigione dell&#8217;organismo, ma mirano anche a migliorare la salute mentale e fisica dell&#8217;individuo ai massimi livelli.\n                <\/p>\n<p>                <a class=\"btn-details barlow-condensed\" href=\"https:\/\/drterziler.com\/it\/estetica-medica\/trattamenti-di-medicina-complementare-getat\/\">DETTAGLI<\/a>\n            <\/div>\n<\/p><\/div>\n<div class=\"svc-item right-card\">\n<div class=\"svc-media\">\n                <img decoding=\"async\" src=\"https:\/\/drterziler.com\/wp-content\/uploads\/2025\/07\/Cilt-Eksozom.webp\" alt=\"Trattamenti con Esosomi\" loading=\"lazy\" class=\"cat-img\">\n            <\/div>\n<div class=\"svc-card\">\n<h3 class=\"svc-title gilda\">Trattamenti con Esosomi<\/h3>\n<p class=\"svc-text barlow\">\n                    Gli esosomi sono strutture microscopiche, racchiuse in una membrana, prodotte all&#8217;interno delle cellule e secrete all&#8217;esterno. Trasportano contenuti biologici come RNA, proteine e fattori di crescita, trasmettendo informazioni tra le cellule. Negli ultimi anni, gli esosomi hanno guadagnato attenzione nei trattamenti di ringiovanimento cutaneo per il loro ruolo significativo nei processi di rigenerazione tissutale e rinnovamento cellulare.\n                <\/p>\n<p>                <a class=\"btn-details barlow-condensed\" href=\"https:\/\/drterziler.com\/it\/estetica-medica\/trattamenti-con-esosomi-skin\/\">DETTAGLI<\/a>\n            <\/div>\n<\/p><\/div>\n<div class=\"svc-item left-card\">\n<div class=\"svc-media\">\n                <img decoding=\"async\" src=\"https:\/\/drterziler.com\/wp-content\/uploads\/2025\/02\/cilt-iksiri-1.webp\" alt=\"Skin Elixir\" loading=\"lazy\" class=\"cat-img\" style= \"transform: scaleX(-1);\">\n            <\/div>\n<div class=\"svc-card\">\n<h3 class=\"svc-title gilda\">Skin Elixir<\/h3>\n<p class=\"svc-text barlow\">\n                    Questo trattamento \u00e8 progettato per supportare la struttura naturale della pelle e ridurre i segni dell&#8217;invecchiamento. La formula speciale, composta da una combinazione di acido ialuronico, vitamine, antiossidanti e altri ingredienti naturali, penetra in profondit\u00e0 nella pelle, aumentandone la vitalit\u00e0 e ringiovanendone l&#8217;aspetto.\n                <\/p>\n<p>                <a class=\"btn-details barlow-condensed\" href=\"https:\/\/drterziler.com\/it\/estetica-medica\/elisir-per-la-pelle\/\">DETTAGLI<\/a>\n            <\/div>\n<\/p><\/div>\n<div class=\"svc-item right-card\">\n<div class=\"svc-media\">\n                <img decoding=\"async\" src=\"https:\/\/drterziler.com\/wp-content\/uploads\/2025\/02\/Ozon-Terapi1.webp\" alt=\"Ozonoterapia\" loading=\"lazy\" class=\"cat-img\">\n            <\/div>\n<div class=\"svc-card\">\n<h3 class=\"svc-title gilda\">Ozonoterapia<\/h3>\n<p class=\"svc-text barlow\">\n                    L&#8217;ozonoterapia aiuta ad aumentare l&#8217;ossigenazione della pelle, promuovendo un aspetto pi\u00f9 sano, luminoso e giovane. Con il suo potente effetto detox, rinnova le cellule cutanee, supporta la riduzione di macchie e rughe sottili, e migliora inoltre l&#8217;elasticit\u00e0 della pelle, creando una trama pi\u00f9 soda e vibrante.\n                <\/p>\n<p>                <a class=\"btn-details barlow-condensed\" href=\"https:\/\/drterziler.com\/it\/estetica-medica\/ozonoterapia\/\">DETTAGLI<\/a>\n            <\/div>\n<\/p><\/div>\n<\/p><\/div>\n<\/section>\n","protected":false},"excerpt":{"rendered":"<p>Estetica Medica Presso la Dr. Terziler Exclusive Clinic, siamo specializzati nell&#8217;esaltare la vostra bellezza naturale attraverso trattamenti applicati con perizia. I nostri servizi includono applicazioni di mesoterapia, biorivitalizzazione (Youth Vaccination) e Botox, tutti progettati per ringiovanire la pelle e donare un aspetto giovanile. Con un focus su precisione e cura, garantiamo trattamenti di altissima qualit\u00e0 [&hellip;]<\/p>\n","protected":false},"author":6,"featured_media":1005,"parent":0,"menu_order":0,"comment_status":"closed","ping_status":"closed","template":"","meta":{"footnotes":""},"class_list":["post-3070","page","type-page","status-publish","has-post-thumbnail","hentry"],"_links":{"self":[{"href":"https:\/\/drterziler.com\/it\/wp-json\/wp\/v2\/pages\/3070","targetHints":{"allow":["GET"]}}],"collection":[{"href":"https:\/\/drterziler.com\/it\/wp-json\/wp\/v2\/pages"}],"about":[{"href":"https:\/\/drterziler.com\/it\/wp-json\/wp\/v2\/types\/page"}],"author":[{"embeddable":true,"href":"https:\/\/drterziler.com\/it\/wp-json\/wp\/v2\/users\/6"}],"replies":[{"embeddable":true,"href":"https:\/\/drterziler.com\/it\/wp-json\/wp\/v2\/comments?post=3070"}],"version-history":[{"count":59,"href":"https:\/\/drterziler.com\/it\/wp-json\/wp\/v2\/pages\/3070\/revisions"}],"predecessor-version":[{"id":59546,"href":"https:\/\/drterziler.com\/it\/wp-json\/wp\/v2\/pages\/3070\/revisions\/59546"}],"wp:featuredmedia":[{"embeddable":true,"href":"https:\/\/drterziler.com\/it\/wp-json\/wp\/v2\/media\/1005"}],"wp:attachment":[{"href":"https:\/\/drterziler.com\/it\/wp-json\/wp\/v2\/media?parent=3070"}],"curies":[{"name":"wp","href":"https:\/\/api.w.org\/{rel}","templated":true}]}}