{"id":3191,"date":"2024-08-26T09:38:52","date_gmt":"2024-08-26T09:38:52","guid":{"rendered":"https:\/\/drterziler.com\/trattamenti-per-capelli\/elisir-per-capelli\/"},"modified":"2026-04-06T11:33:48","modified_gmt":"2026-04-06T11:33:48","slug":"elisir-per-capelli","status":"publish","type":"page","link":"https:\/\/drterziler.com\/it\/trattamenti-per-capelli\/elisir-per-capelli\/","title":{"rendered":"Elisir Per Capelli"},"content":{"rendered":"<div class=\"page-content\">\n<div id=\"header-area\">\n<div class=\"container\" id=\"firstContent\">\n<div class=\"header-content d-flex flex-column\">\n<h1 class=\"content-title h1-header\">Elisir Per Capelli<\/h1>\n<div class=\"content-paragraph\">\n<p class=\"p-text\">Sebbene la caduta dei capelli sia un problema comune a molte persone, non \u00e8 pi\u00f9 irrisolvibile grazie alle soluzioni innovative offerte dalla medicina moderna. Hair elixir \u00e8 un approccio rivoluzionario basato su fondamenti scientifici che mira a ripristinare la salute dei capelli. Questo metodo supporta la crescita naturale dei capelli rivitalizzando i follicoli piliferi e offre soluzioni permanenti.<\/p>\n<\/p><\/div>\n<nav aria-label=\"breadcrumb\" class=\"breadcrumbs\">\n<ul class=\"d-flex align-items-center mb-0\">\n<li><a class=\"link\" href=\"https:\/\/drterziler.com\/it\/\"><span>Dr. Terziler Exclusive Clinic<\/span><\/a><\/li>\n<li class=\"separator\">\u00bb<\/li>\n<li><a class=\"link\" href=\"https:\/\/drterziler.com\/it\/trattamenti-per-capelli\/\"><span>Trattamenti per capelli<\/span><\/a><\/li>\n<li class=\"separator\">\u00bb<\/li>\n<li class=\"current-page\"><span>Elisir Per Capelli<\/span><\/li>\n<\/ul>\n<\/nav><\/div>\n<\/p><\/div>\n<\/p><\/div>\n<\/div>\n<section id=\"content-area\">\n<div class=\"container my-5\">\n<div class=\"row align-items-start\">\n<div class=\"col-md-6 order-2 order-md-1\">\n<div class=\"custom-toc-box\">\n<div id=\"toc-header\">\n<h4>Indice dei contenuti<\/h4>\n<div class=\"toc-toggle-icon\"><\/div>\n<\/p><\/div>\n<div class=\"toc-full-divider\"><\/div>\n<div id=\"toc-body\">\n<div id=\"toc-container\"><\/div>\n<\/p><\/div>\n<\/p><\/div>\n<\/p><\/div>\n<div class=\"col-md-6 order-1 order-md-2\" id=\"jForm\">\n                <script type=\"text\/javascript\" src=\"https:\/\/form.jotform.com\/jsform\/242882600814961\"><\/script>\n            <\/div>\n<\/p><\/div>\n<\/p><\/div>\n<div class=\"container\">\n<div class=\"img-thumb\">\n            <img loading=\"lazy\" decoding=\"async\" src=\"https:\/\/drterziler.com\/wp-content\/uploads\/2025\/04\/HAIR-ELIXIR.webp\" sizes=\"auto, (max-width: 1140px) 100vw, 1140px\" srcset=\"https:\/\/drterziler.com\/wp-content\/uploads\/2025\/04\/HAIR-ELIXIR.webp 1140w, https:\/\/drterziler.com\/wp-content\/uploads\/2025\/04\/HAIR-ELIXIR-300x169.webp 300w, https:\/\/drterziler.com\/wp-content\/uploads\/2025\/04\/HAIR-ELIXIR-1024x576.webp 1024w, https:\/\/drterziler.com\/wp-content\/uploads\/2025\/04\/HAIR-ELIXIR-768x432.webp 768w\" alt=\"\" width=\"1140\" height=\"641\">\n        <\/div>\n<div>\n<div>\n<h2 class=\"h2-header\">Chi pu\u00f2 beneficiare di Hair Elixir?<\/h2>\n<\/p><\/div>\n<div>\n<p class=\"p-text\">Chi soffre di perdita di capelli genetica Chi ha i capelli diradati Chi soffre di diradamento e diradazione dei capelli Chi desidera una crescita rapida e folta dei capelli dopo il trapianto di capelli Coloro che non hanno abbastanza innesti per il trapianto di capelli Donne con perdita di capelli post-partum Chi ha una maggiore perdita di capelli dopo la menopausa<\/p>\n<\/p><\/div>\n<\/p><\/div>\n<div>\n<div>\n<h2 class=\"h2-header\">Trattamento con cellule staminali dei capelli: Approccio scientifico al rinnovamento dei capelli<\/h2>\n<\/p><\/div>\n<div>\n<p class=\"p-text\">Il trattamento con cellule staminali dei capelli \u00e8 un&#039;innovazione biotecnologica rivoluzionaria nel campo della perdita e del rinnovamento dei capelli. Questo trattamento viene eseguito utilizzando cellule staminali ottenute dal corpo del paziente stesso. Le cellule staminali sono cellule speciali in grado di riparare e rinnovare i tessuti danneggiati dell&#039;organismo. Nei soggetti affetti da perdita di capelli, l&#039;iniezione di queste cellule nei follicoli piliferi rivitalizza le radici dei capelli e ne favorisce il naturale ciclo di crescita. Ruolo biologico delle cellule staminali Le cellule staminali sono note per la loro capacit\u00e0 di trasformarsi in diversi tipi di cellule e di riparare i tessuti danneggiati. Nel trattamento con cellule staminali per capelli, queste cellule vengono iniettate nel cuoio capelluto. Dopo l&#039;iniezione, le cellule staminali si depositano nei follicoli piliferi e avviano la riparazione cellulare, promuovendo la crescita di nuovi capelli. Questo processo accelera la transizione delle radici dei capelli alla fase anagen (di crescita) e garantisce che i capelli crescano pi\u00f9 spessi, pi\u00f9 forti e pi\u00f9 sani. Processo di trattamento e applicazione Il trattamento con cellule staminali dei capelli inizia con l&#039;ottenimento di cellule staminali dal corpo del paziente stesso. Queste cellule sono solitamente ottenute dal tessuto adiposo o dal midollo osseo. Le cellule raccolte vengono trattate in modo speciale, arricchite e attivate. Quindi, queste cellule vengono applicate a zone specifiche del cuoio capelluto con un metodo di microiniezione. Durante l&#039;applicazione vengono utilizzate tecniche minimamente invasive e la procedura \u00e8 generalmente indolore. Evidenza scientifica e successo del trattamento La ricerca scientifica sul trattamento con cellule staminali per capelli dimostra che questo metodo \u00e8 altamente efficace nell&#039;arrestare la caduta dei capelli e nel promuoverne la formazione di nuovi. Studi clinici hanno dimostrato che le cellule staminali avviano una riparazione a livello cellulare nei follicoli piliferi, aumentando la qualit\u00e0 e la densit\u00e0 dei capelli. Questo trattamento offre risultati positivi soprattutto nei casi di perdita di capelli genetica e di alopecia. Il trattamento del futuro: Soluzioni personalizzate e permanenti Il trattamento con cellule staminali dei capelli \u00e8 un metodo che pu\u00f2 essere personalizzato in base alla struttura dei capelli e al loro grado di perdita. Questo approccio individuale aumenta l&#039;efficacia del trattamento e consente di ottenere risultati pi\u00f9 duraturi. Il trattamento con cellule staminali dei capelli si presenta come la soluzione pi\u00f9 promettente e permanente del futuro per chi vuole ottimizzare la salute dei capelli e arrestarne la caduta.<\/p>\n<\/p><\/div>\n<\/p><\/div>\n<\/p><\/div>\n<\/section>\n","protected":false},"excerpt":{"rendered":"<p>Elisir Per Capelli Sebbene la caduta dei capelli sia un problema comune a molte persone, non \u00e8 pi\u00f9 irrisolvibile grazie alle soluzioni innovative offerte dalla medicina moderna. Hair elixir \u00e8 un approccio rivoluzionario basato su fondamenti scientifici che mira a ripristinare la salute dei capelli. Questo metodo supporta la crescita naturale dei capelli rivitalizzando i [&hellip;]<\/p>\n","protected":false},"author":6,"featured_media":0,"parent":3007,"menu_order":0,"comment_status":"closed","ping_status":"closed","template":"","meta":{"footnotes":""},"class_list":["post-3191","page","type-page","status-publish","hentry"],"_links":{"self":[{"href":"https:\/\/drterziler.com\/it\/wp-json\/wp\/v2\/pages\/3191","targetHints":{"allow":["GET"]}}],"collection":[{"href":"https:\/\/drterziler.com\/it\/wp-json\/wp\/v2\/pages"}],"about":[{"href":"https:\/\/drterziler.com\/it\/wp-json\/wp\/v2\/types\/page"}],"author":[{"embeddable":true,"href":"https:\/\/drterziler.com\/it\/wp-json\/wp\/v2\/users\/6"}],"replies":[{"embeddable":true,"href":"https:\/\/drterziler.com\/it\/wp-json\/wp\/v2\/comments?post=3191"}],"version-history":[{"count":9,"href":"https:\/\/drterziler.com\/it\/wp-json\/wp\/v2\/pages\/3191\/revisions"}],"predecessor-version":[{"id":61359,"href":"https:\/\/drterziler.com\/it\/wp-json\/wp\/v2\/pages\/3191\/revisions\/61359"}],"up":[{"embeddable":true,"href":"https:\/\/drterziler.com\/it\/wp-json\/wp\/v2\/pages\/3007"}],"wp:attachment":[{"href":"https:\/\/drterziler.com\/it\/wp-json\/wp\/v2\/media?parent=3191"}],"curies":[{"name":"wp","href":"https:\/\/api.w.org\/{rel}","templated":true}]}}