{"id":32122,"date":"2024-10-28T17:37:34","date_gmt":"2024-10-28T17:37:34","guid":{"rendered":"https:\/\/drterziler.com\/?page_id=32122"},"modified":"2025-06-13T09:00:32","modified_gmt":"2025-06-13T09:00:32","slug":"alcool-prima-e-dopo-il-trapianto-di-capelli","status":"publish","type":"page","link":"https:\/\/drterziler.com\/it\/trapianto-di-capelli\/faq\/alcool-prima-e-dopo-il-trapianto-di-capelli\/","title":{"rendered":"Alcool prima e dopo il trapianto di capelli"},"content":{"rendered":"<nav aria-label=\"breadcrumbs\" class=\"rank-math-breadcrumb\"><p><span class=\"last\">Dr. Terziler<\/span><\/p><\/nav>\n<h4>\n\t\t\t\tIndice dei contenuti\t\t\t<\/h4>\n<p>\t\t\t\t\t\t\t<svg aria-hidden=\"true\" viewBox=\"0 0 448 512\" xmlns=\"http:\/\/www.w3.org\/2000\/svg\"><path d=\"M207.029 381.476L12.686 187.132c-9.373-9.373-9.373-24.569 0-33.941l22.667-22.667c9.357-9.357 24.522-9.375 33.901-.04L224 284.505l154.745-154.021c9.379-9.335 24.544-9.317 33.901.04l22.667 22.667c9.373 9.373 9.373 24.569 0 33.941L240.971 381.476c-9.373 9.372-24.569 9.372-33.942 0z\"><\/path><\/svg><br \/>\n\t\t\t\t<svg aria-hidden=\"true\" viewBox=\"0 0 448 512\" xmlns=\"http:\/\/www.w3.org\/2000\/svg\"><path d=\"M240.971 130.524l194.343 194.343c9.373 9.373 9.373 24.569 0 33.941l-22.667 22.667c-9.357 9.357-24.522 9.375-33.901.04L224 227.495 69.255 381.516c-9.379 9.335-24.544 9.317-33.901-.04l-22.667-22.667c-9.373-9.373-9.373-24.569 0-33.941L207.03 130.525c9.372-9.373 24.568-9.373 33.941-.001z\"><\/path><\/svg><br \/>\n\t\t\t\t<svg aria-hidden=\"true\" viewBox=\"0 0 1000 1000\" xmlns=\"http:\/\/www.w3.org\/2000\/svg\"><path d=\"M500 975V858C696 858 858 696 858 500S696 142 500 142 142 304 142 500H25C25 237 238 25 500 25S975 237 975 500 763 975 500 975Z\"><\/path><\/svg><br \/>\n\t\t\t\t\t\t\t\t\t\t\t\t\t\t\t\t\t\t\t\t\t\t<img loading=\"lazy\" decoding=\"async\" width=\"929\" height=\"738\" src=\"https:\/\/drterziler.com\/wp-content\/uploads\/2024\/10\/alcohol-before-after-hair-transplant.png\" alt=\"\" srcset=\"https:\/\/drterziler.com\/wp-content\/uploads\/2024\/10\/alcohol-before-after-hair-transplant.png 929w, https:\/\/drterziler.com\/wp-content\/uploads\/2024\/10\/alcohol-before-after-hair-transplant-300x238.png 300w, https:\/\/drterziler.com\/wp-content\/uploads\/2024\/10\/alcohol-before-after-hair-transplant-768x610.png 768w\" sizes=\"auto, (max-width: 929px) 100vw, 929px\">\t\t\t\t\t\t\t\t\t\t\t\t\t<\/p>\n<p>Il consumo di alcol \u00e8 una pratica comune per molte persone, ma quando si tratta di trapianto di capelli, \u00e8 essenziale considerare i suoi effetti sul corpo e sul processo di guarigione. Comprendere le implicazioni del consumo di alcol prima e dopo un trapianto di capelli pu\u00f2 aiutare a garantire risultati ottimali e un recupero pi\u00f9 agevole.<\/p>\n<h2>Consumo di alcol prima di un trapianto di capelli<\/h2>\n<p>Prima di sottoporsi a un trapianto di capelli, \u00e8 consigliabile limitare l&#8217;assunzione di alcol. L&#8217;alcol pu\u00f2 influire sulla circolazione sanguigna e portare a disidratazione, che \u00e8 dannosa per la salute generale e il recupero. Mantenersi idratati \u00e8 fondamentale prima della procedura. Inoltre, l&#8217;alcol agisce come un fluidificante del sangue, aumentando il rischio di sanguinamento durante e dopo l&#8217;intervento. Per ridurre al minimo le complicazioni, ai pazienti viene generalmente consigliato di evitare l&#8217;alcol per almeno 48 ore prima del trapianto. Se la procedura richiede l&#8217;anestesia, il consumo di alcol pu\u00f2 interferire con il modo in cui il corpo risponde al farmaco, portando potenzialmente a complicazioni.<\/p>\n<h2>Consumo di alcol dopo un trapianto di capelli<\/h2>\n<p>Dopo il trapianto di capelli, mantenere l&#8217;idratazione \u00e8 fondamentale per il recupero. Mentre il consumo moderato di alcol \u00e8 generalmente accettabile, i pazienti dovrebbero assicurarsi di bere abbastanza acqua per controbilanciare gli effetti disidratanti dell\u2019alcol. Inoltre, l&#8217;alcol pu\u00f2 aumentare la sensibilit\u00e0 al dolore in alcuni individui. Pertanto, pu\u00f2 essere utile limitare il consumo di alcol fino a quando il disagio non si \u00e8 attenuato. Sebbene un consumo moderato non interferisca in modo significativo con la guarigione, un eccesso pu\u00f2 influire sulla qualit\u00e0 del sonno, che \u00e8 essenziale per il recupero. Le interruzioni del sonno possono ostacolare i naturali processi di guarigione del corpo, quindi \u00e8 consigliabile monitorare l&#8217;assunzione di alcol, soprattutto nelle ore serali. I pazienti devono sempre attenersi alle istruzioni per le cure post-operatorie fornite dal chirurgo e seguire eventuali linee guida specifiche relative al consumo di alcol per garantire una guarigione e risultati ottimali.<\/p>\n<p>\t\t\t\t\t\t\t<a href=\"https:\/\/drterziler.com\/wp-content\/uploads\/2024\/09\/2500-graft-hair-transplant-before-after.jpg\" data-elementor-open-lightbox=\"yes\" data-elementor-lightbox-slideshow=\"5fcda46\" data-elementor-lightbox-title=\"2500-graft-hair-transplant-before-after\" data-e-action-hash=\"#elementor-action%3Aaction%3Dlightbox%26settings%3DeyJpZCI6NzUzMSwidXJsIjoiaHR0cHM6XC9cL2RydGVyemlsZXIuY29tXC93cC1jb250ZW50XC91cGxvYWRzXC8yMDI0XC8wOVwvMjUwMC1ncmFmdC1oYWlyLXRyYW5zcGxhbnQtYmVmb3JlLWFmdGVyLmpwZyIsInNsaWRlc2hvdyI6IjVmY2RhNDYifQ%3D%3D\"><br \/>\n\t\t<\/a><br \/>\n\t\t\t\t\t\t\t<a href=\"https:\/\/drterziler.com\/wp-content\/uploads\/2024\/09\/3000-graft-hair-transplant-before-after.jpg\" data-elementor-open-lightbox=\"yes\" data-elementor-lightbox-slideshow=\"5fcda46\" data-elementor-lightbox-title=\"3000-graft-hair-transplant-before-after\" data-e-action-hash=\"#elementor-action%3Aaction%3Dlightbox%26settings%3DeyJpZCI6NzUzNywidXJsIjoiaHR0cHM6XC9cL2RydGVyemlsZXIuY29tXC93cC1jb250ZW50XC91cGxvYWRzXC8yMDI0XC8wOVwvMzAwMC1ncmFmdC1oYWlyLXRyYW5zcGxhbnQtYmVmb3JlLWFmdGVyLmpwZyIsInNsaWRlc2hvdyI6IjVmY2RhNDYifQ%3D%3D\"><br \/>\n\t\t<\/a><br \/>\n\t\t\t\t\t\t\t<a href=\"https:\/\/drterziler.com\/wp-content\/uploads\/2024\/09\/3500-graft-hair-transplant-before-after.jpg\" data-elementor-open-lightbox=\"yes\" data-elementor-lightbox-slideshow=\"5fcda46\" data-elementor-lightbox-title=\"3500-graft-hair-transplant-before-after\" data-e-action-hash=\"#elementor-action%3Aaction%3Dlightbox%26settings%3DeyJpZCI6NzU0MywidXJsIjoiaHR0cHM6XC9cL2RydGVyemlsZXIuY29tXC93cC1jb250ZW50XC91cGxvYWRzXC8yMDI0XC8wOVwvMzUwMC1ncmFmdC1oYWlyLXRyYW5zcGxhbnQtYmVmb3JlLWFmdGVyLmpwZyIsInNsaWRlc2hvdyI6IjVmY2RhNDYifQ%3D%3D\"><br \/>\n\t\t<\/a><br \/>\n\t\t\t\t\t\t\t<a href=\"https:\/\/drterziler.com\/wp-content\/uploads\/2024\/09\/4000-graft-hair-transplant-before-after.jpg\" data-elementor-open-lightbox=\"yes\" data-elementor-lightbox-slideshow=\"5fcda46\" data-elementor-lightbox-title=\"4000-graft-hair-transplant-before-after\" data-e-action-hash=\"#elementor-action%3Aaction%3Dlightbox%26settings%3DeyJpZCI6NzU0OSwidXJsIjoiaHR0cHM6XC9cL2RydGVyemlsZXIuY29tXC93cC1jb250ZW50XC91cGxvYWRzXC8yMDI0XC8wOVwvNDAwMC1ncmFmdC1oYWlyLXRyYW5zcGxhbnQtYmVmb3JlLWFmdGVyLmpwZyIsInNsaWRlc2hvdyI6IjVmY2RhNDYifQ%3D%3D\"><br \/>\n\t\t<\/a><br \/>\n\t\t\t\t\t\t\t<a href=\"https:\/\/drterziler.com\/wp-content\/uploads\/2024\/09\/4500-graft-hair-transplant-before-after.jpg\" data-elementor-open-lightbox=\"yes\" data-elementor-lightbox-slideshow=\"5fcda46\" data-elementor-lightbox-title=\"4500-graft-hair-transplant-before-after\" data-e-action-hash=\"#elementor-action%3Aaction%3Dlightbox%26settings%3DeyJpZCI6NzU1NSwidXJsIjoiaHR0cHM6XC9cL2RydGVyemlsZXIuY29tXC93cC1jb250ZW50XC91cGxvYWRzXC8yMDI0XC8wOVwvNDUwMC1ncmFmdC1oYWlyLXRyYW5zcGxhbnQtYmVmb3JlLWFmdGVyLmpwZyIsInNsaWRlc2hvdyI6IjVmY2RhNDYifQ%3D%3D\"><br \/>\n\t\t<\/a><br \/>\n\t\t\t\t\t\t\t<a href=\"https:\/\/drterziler.com\/wp-content\/uploads\/2024\/09\/5200-graft-hair-transplant-before-after.jpg\" data-elementor-open-lightbox=\"yes\" data-elementor-lightbox-slideshow=\"5fcda46\" data-elementor-lightbox-title=\"5200-graft-hair-transplant-before-after\" data-e-action-hash=\"#elementor-action%3Aaction%3Dlightbox%26settings%3DeyJpZCI6NzU2MSwidXJsIjoiaHR0cHM6XC9cL2RydGVyemlsZXIuY29tXC93cC1jb250ZW50XC91cGxvYWRzXC8yMDI0XC8wOVwvNTIwMC1ncmFmdC1oYWlyLXRyYW5zcGxhbnQtYmVmb3JlLWFmdGVyLmpwZyIsInNsaWRlc2hvdyI6IjVmY2RhNDYifQ%3D%3D\"><br \/>\n\t\t<\/a><br \/>\n\t\t\t\t\t\t\t<a href=\"https:\/\/drterziler.com\/wp-content\/uploads\/2024\/09\/5300-graft-hair-transplant-before-after.jpg\" data-elementor-open-lightbox=\"yes\" data-elementor-lightbox-slideshow=\"5fcda46\" data-elementor-lightbox-title=\"5300-graft-hair-transplant-before-after\" data-e-action-hash=\"#elementor-action%3Aaction%3Dlightbox%26settings%3DeyJpZCI6NzU2NywidXJsIjoiaHR0cHM6XC9cL2RydGVyemlsZXIuY29tXC93cC1jb250ZW50XC91cGxvYWRzXC8yMDI0XC8wOVwvNTMwMC1ncmFmdC1oYWlyLXRyYW5zcGxhbnQtYmVmb3JlLWFmdGVyLmpwZyIsInNsaWRlc2hvdyI6IjVmY2RhNDYifQ%3D%3D\"><br \/>\n\t\t<\/a><br \/>\n\t\t\t\t\t\t\t<svg aria-hidden=\"true\" viewBox=\"0 0 1000 1000\" xmlns=\"http:\/\/www.w3.org\/2000\/svg\"><path d=\"M646 125C629 125 613 133 604 142L308 442C296 454 292 471 292 487 292 504 296 521 308 533L604 854C617 867 629 875 646 875 663 875 679 871 692 858 704 846 713 829 713 812 713 796 708 779 692 767L438 487 692 225C700 217 708 204 708 187 708 171 704 154 692 142 675 129 663 125 646 125Z\"><\/path><\/svg><br \/>\n\t\t\t\t\t\t\t<svg aria-hidden=\"true\" viewBox=\"0 0 1000 1000\" xmlns=\"http:\/\/www.w3.org\/2000\/svg\"><path d=\"M696 533C708 521 713 504 713 487 713 471 708 454 696 446L400 146C388 133 375 125 354 125 338 125 325 129 313 142 300 154 292 171 292 187 292 204 296 221 308 233L563 492 304 771C292 783 288 800 288 817 288 833 296 850 308 863 321 871 338 875 354 875 371 875 388 867 400 854L696 533Z\"><\/path><\/svg>\t\t\t\t\t\t<\/p>\n<details id=\"e-n-accordion-item-2340\" open>\n<summary data-accordion-index=\"1\" tabindex=\"0\" aria-expanded=\"true\" aria-controls=\"e-n-accordion-item-2340\" >\n\t\t\t\t\t \u00c8 sicuro bere alcolici prima di un trapianto di capelli?<br \/>\n\t\t\t<svg aria-hidden=\"true\" viewBox=\"0 0 448 512\" xmlns=\"http:\/\/www.w3.org\/2000\/svg\"><path d=\"M416 208H32c-17.67 0-32 14.33-32 32v32c0 17.67 14.33 32 32 32h384c17.67 0 32-14.33 32-32v-32c0-17.67-14.33-32-32-32z\"><\/path><\/svg><br \/>\n\t\t\t<svg aria-hidden=\"true\" viewBox=\"0 0 448 512\" xmlns=\"http:\/\/www.w3.org\/2000\/svg\"><path d=\"M416 208H272V64c0-17.67-14.33-32-32-32h-32c-17.67 0-32 14.33-32 32v144H32c-17.67 0-32 14.33-32 32v32c0 17.67 14.33 32 32 32h144v144c0 17.67 14.33 32 32 32h32c17.67 0 32-14.33 32-32V304h144c17.67 0 32-14.33 32-32v-32c0-17.67-14.33-32-32-32z\"><\/path><\/svg><br \/>\n\t\t\t\t\t\t<\/summary>\n<p>Sebbene un consumo moderato di alcol sia generalmente sicuro, \u00e8 consigliabile evitare l&#8217;alcol per almeno 48 ore prima dell&#8217;intervento per ridurre il rischio di emorragie e complicazioni.<\/p>\n<\/details>\n<details id=\"e-n-accordion-item-2341\" >\n<summary data-accordion-index=\"2\" tabindex=\"-1\" aria-expanded=\"false\" aria-controls=\"e-n-accordion-item-2341\" >\n\t\t\t\t\t Come influisce l&#8217;alcol sulla guarigione dopo un trapianto di capelli?<br \/>\n\t\t\t<svg aria-hidden=\"true\" viewBox=\"0 0 448 512\" xmlns=\"http:\/\/www.w3.org\/2000\/svg\"><path d=\"M416 208H32c-17.67 0-32 14.33-32 32v32c0 17.67 14.33 32 32 32h384c17.67 0 32-14.33 32-32v-32c0-17.67-14.33-32-32-32z\"><\/path><\/svg><br \/>\n\t\t\t<svg aria-hidden=\"true\" viewBox=\"0 0 448 512\" xmlns=\"http:\/\/www.w3.org\/2000\/svg\"><path d=\"M416 208H272V64c0-17.67-14.33-32-32-32h-32c-17.67 0-32 14.33-32 32v144H32c-17.67 0-32 14.33-32 32v32c0 17.67 14.33 32 32 32h144v144c0 17.67 14.33 32 32 32h32c17.67 0 32-14.33 32-32V304h144c17.67 0 32-14.33 32-32v-32c0-17.67-14.33-32-32-32z\"><\/path><\/svg><br \/>\n\t\t\t\t\t\t<\/summary>\n<p>L&#8217;alcol pu\u00f2 disidratare l&#8217;organismo e favorire l&#8217;infiammazione, ostacolando il processo di guarigione e influendo negativamente sulla crescita dei capelli.<\/p>\n<\/details>\n<details id=\"e-n-accordion-item-2342\" >\n<summary data-accordion-index=\"3\" tabindex=\"-1\" aria-expanded=\"false\" aria-controls=\"e-n-accordion-item-2342\" >\n\t\t\t\t\t Quando posso riprendere il consumo di alcolici dopo un trapianto di capelli?<br \/>\n\t\t\t<svg aria-hidden=\"true\" viewBox=\"0 0 448 512\" xmlns=\"http:\/\/www.w3.org\/2000\/svg\"><path d=\"M416 208H32c-17.67 0-32 14.33-32 32v32c0 17.67 14.33 32 32 32h384c17.67 0 32-14.33 32-32v-32c0-17.67-14.33-32-32-32z\"><\/path><\/svg><br \/>\n\t\t\t<svg aria-hidden=\"true\" viewBox=\"0 0 448 512\" xmlns=\"http:\/\/www.w3.org\/2000\/svg\"><path d=\"M416 208H272V64c0-17.67-14.33-32-32-32h-32c-17.67 0-32 14.33-32 32v144H32c-17.67 0-32 14.33-32 32v32c0 17.67 14.33 32 32 32h144v144c0 17.67 14.33 32 32 32h32c17.67 0 32-14.33 32-32V304h144c17.67 0 32-14.33 32-32v-32c0-17.67-14.33-32-32-32z\"><\/path><\/svg><br \/>\n\t\t\t\t\t\t<\/summary>\n<p>In genere si raccomanda ai pazienti di evitare l&#8217;alcol per almeno una settimana dopo l&#8217;intervento, ma \u00e8 meglio seguire le linee guida specifiche del chirurgo.<\/p>\n<\/details>\n<details id=\"e-n-accordion-item-2343\" >\n<summary data-accordion-index=\"4\" tabindex=\"-1\" aria-expanded=\"false\" aria-controls=\"e-n-accordion-item-2343\" >\n\t\t\t\t\t L&#8217;alcol pu\u00f2 interferire con l&#8217;anestesia durante l&#8217;intervento?<br \/>\n\t\t\t<svg aria-hidden=\"true\" viewBox=\"0 0 448 512\" xmlns=\"http:\/\/www.w3.org\/2000\/svg\"><path d=\"M416 208H32c-17.67 0-32 14.33-32 32v32c0 17.67 14.33 32 32 32h384c17.67 0 32-14.33 32-32v-32c0-17.67-14.33-32-32-32z\"><\/path><\/svg><br \/>\n\t\t\t<svg aria-hidden=\"true\" viewBox=\"0 0 448 512\" xmlns=\"http:\/\/www.w3.org\/2000\/svg\"><path d=\"M416 208H272V64c0-17.67-14.33-32-32-32h-32c-17.67 0-32 14.33-32 32v144H32c-17.67 0-32 14.33-32 32v32c0 17.67 14.33 32 32 32h144v144c0 17.67 14.33 32 32 32h32c17.67 0 32-14.33 32-32V304h144c17.67 0 32-14.33 32-32v-32c0-17.67-14.33-32-32-32z\"><\/path><\/svg><br \/>\n\t\t\t\t\t\t<\/summary>\n<p>S\u00ec, l&#8217;alcol pu\u00f2 influenzare il modo in cui il corpo risponde all&#8217;anestesia, portando potenzialmente a complicazioni, quindi \u00e8 essenziale astenersi dal bere prima dell&#8217;intervento.<\/p>\n<\/details>\n<details id=\"e-n-accordion-item-2344\" >\n<summary data-accordion-index=\"5\" tabindex=\"-1\" aria-expanded=\"false\" aria-controls=\"e-n-accordion-item-2344\" >\n\t\t\t\t\t L&#8217;alcol influir\u00e0 sull&#8217;aspetto dei miei capelli dopo il trapianto?<br \/>\n\t\t\t<svg aria-hidden=\"true\" viewBox=\"0 0 448 512\" xmlns=\"http:\/\/www.w3.org\/2000\/svg\"><path d=\"M416 208H32c-17.67 0-32 14.33-32 32v32c0 17.67 14.33 32 32 32h384c17.67 0 32-14.33 32-32v-32c0-17.67-14.33-32-32-32z\"><\/path><\/svg><br \/>\n\t\t\t<svg aria-hidden=\"true\" viewBox=\"0 0 448 512\" xmlns=\"http:\/\/www.w3.org\/2000\/svg\"><path d=\"M416 208H272V64c0-17.67-14.33-32-32-32h-32c-17.67 0-32 14.33-32 32v144H32c-17.67 0-32 14.33-32 32v32c0 17.67 14.33 32 32 32h144v144c0 17.67 14.33 32 32 32h32c17.67 0 32-14.33 32-32V304h144c17.67 0 32-14.33 32-32v-32c0-17.67-14.33-32-32-32z\"><\/path><\/svg><br \/>\n\t\t\t\t\t\t<\/summary>\n<p>Il consumo eccessivo di alcol pu\u00f2 avere un impatto negativo sulla salute generale, che pu\u00f2 influire indirettamente sulla qualit\u00e0 e sulla crescita dei capelli dopo il trapianto.<\/p>\n<\/details>\n<details id=\"e-n-accordion-item-2345\" >\n<summary data-accordion-index=\"6\" tabindex=\"-1\" aria-expanded=\"false\" aria-controls=\"e-n-accordion-item-2345\" >\n\t\t\t\t\t Come posso sostenere la mia guarigione dopo un trapianto di capelli?<br \/>\n\t\t\t<svg aria-hidden=\"true\" viewBox=\"0 0 448 512\" xmlns=\"http:\/\/www.w3.org\/2000\/svg\"><path d=\"M416 208H32c-17.67 0-32 14.33-32 32v32c0 17.67 14.33 32 32 32h384c17.67 0 32-14.33 32-32v-32c0-17.67-14.33-32-32-32z\"><\/path><\/svg><br \/>\n\t\t\t<svg aria-hidden=\"true\" viewBox=\"0 0 448 512\" xmlns=\"http:\/\/www.w3.org\/2000\/svg\"><path d=\"M416 208H272V64c0-17.67-14.33-32-32-32h-32c-17.67 0-32 14.33-32 32v144H32c-17.67 0-32 14.33-32 32v32c0 17.67 14.33 32 32 32h144v144c0 17.67 14.33 32 32 32h32c17.67 0 32-14.33 32-32V304h144c17.67 0 32-14.33 32-32v-32c0-17.67-14.33-32-32-32z\"><\/path><\/svg><br \/>\n\t\t\t\t\t\t<\/summary>\n<p>Concentratevi sull&#8217;idratazione, su una dieta equilibrata e seguite le istruzioni per la cura post-operatoria per favorire la guarigione e promuovere una crescita sana dei capelli.<\/p>\n<\/details>\n<p>Sebbene un consumo moderato di alcol sia generalmente sicuro, \u00e8 consigliabile evitare l&#8217;alcol per almeno 48 ore prima dell&#8217;intervento per ridurre il rischio di emorragie e complicazioni.<\/p>\n<p>L&#8217;alcol pu\u00f2 disidratare l&#8217;organismo e favorire l&#8217;infiammazione, ostacolando il processo di guarigione e influendo negativamente sulla crescita dei capelli.<\/p>\n<p>In genere si raccomanda ai pazienti di evitare l&#8217;alcol per almeno una settimana dopo l&#8217;intervento, ma \u00e8 meglio seguire le linee guida specifiche del chirurgo.<\/p>\n<p>S\u00ec, l&#8217;alcol pu\u00f2 influenzare il modo in cui il corpo risponde all&#8217;anestesia, portando potenzialmente a complicazioni, quindi \u00e8 essenziale astenersi dal bere prima dell&#8217;intervento.<\/p>\n<p>Il consumo eccessivo di alcol pu\u00f2 avere un impatto negativo sulla salute generale, che pu\u00f2 influire indirettamente sulla qualit\u00e0 e sulla crescita dei capelli dopo il trapianto.<\/p>\n<p>Concentratevi sull&#8217;idratazione, su una dieta equilibrata e seguite le istruzioni per la cura post-operatoria per favorire la guarigione e promuovere una crescita sana dei capelli.<\/p>\n","protected":false},"excerpt":{"rendered":"<p>Indice dei contenuti Il consumo di alcol \u00e8 una pratica comune per molte persone, ma quando si tratta di trapianto di capelli, \u00e8 essenziale considerare i suoi effetti sul corpo e sul processo di guarigione. Comprendere le implicazioni del consumo di alcol prima e dopo un trapianto di capelli pu\u00f2 aiutare a garantire risultati ottimali [&hellip;]<\/p>\n","protected":false},"author":6,"featured_media":0,"parent":6106,"menu_order":0,"comment_status":"closed","ping_status":"closed","template":"","meta":{"footnotes":""},"class_list":["post-32122","page","type-page","status-publish","hentry"],"_links":{"self":[{"href":"https:\/\/drterziler.com\/it\/wp-json\/wp\/v2\/pages\/32122","targetHints":{"allow":["GET"]}}],"collection":[{"href":"https:\/\/drterziler.com\/it\/wp-json\/wp\/v2\/pages"}],"about":[{"href":"https:\/\/drterziler.com\/it\/wp-json\/wp\/v2\/types\/page"}],"author":[{"embeddable":true,"href":"https:\/\/drterziler.com\/it\/wp-json\/wp\/v2\/users\/6"}],"replies":[{"embeddable":true,"href":"https:\/\/drterziler.com\/it\/wp-json\/wp\/v2\/comments?post=32122"}],"version-history":[{"count":5,"href":"https:\/\/drterziler.com\/it\/wp-json\/wp\/v2\/pages\/32122\/revisions"}],"predecessor-version":[{"id":56474,"href":"https:\/\/drterziler.com\/it\/wp-json\/wp\/v2\/pages\/32122\/revisions\/56474"}],"up":[{"embeddable":true,"href":"https:\/\/drterziler.com\/it\/wp-json\/wp\/v2\/pages\/6106"}],"wp:attachment":[{"href":"https:\/\/drterziler.com\/it\/wp-json\/wp\/v2\/media?parent=32122"}],"curies":[{"name":"wp","href":"https:\/\/api.w.org\/{rel}","templated":true}]}}