{"id":32126,"date":"2024-10-22T10:31:26","date_gmt":"2024-10-22T10:31:26","guid":{"rendered":"https:\/\/drterziler.com\/?page_id=32126"},"modified":"2025-06-13T08:17:24","modified_gmt":"2025-06-13T08:17:24","slug":"trapianto-di-capelli-in-turchia-vs-usa","status":"publish","type":"page","link":"https:\/\/drterziler.com\/it\/trapianto-di-capelli-in-turchia-vs-usa\/","title":{"rendered":"Trapianto di capelli in Turchia vs USA"},"content":{"rendered":"<h1 class=\"content-title h1-header\">Trapianto di capelli in Turchia vs USA<\/h1>\n<nav aria-label=\"breadcrumbs\" class=\"rank-math-breadcrumb\"><p><span class=\"last\">Dr. Terziler<\/span><\/p><\/nav>\n<h4>\n\t\t\t\tIndice dei contenuti\t\t\t<\/h4>\n<p>\t\t\t\t\t\t\t<svg aria-hidden=\"true\" viewBox=\"0 0 448 512\" xmlns=\"http:\/\/www.w3.org\/2000\/svg\"><path d=\"M207.029 381.476L12.686 187.132c-9.373-9.373-9.373-24.569 0-33.941l22.667-22.667c9.357-9.357 24.522-9.375 33.901-.04L224 284.505l154.745-154.021c9.379-9.335 24.544-9.317 33.901.04l22.667 22.667c9.373 9.373 9.373 24.569 0 33.941L240.971 381.476c-9.373 9.372-24.569 9.372-33.942 0z\"><\/path><\/svg><br \/>\n\t\t\t\t<svg aria-hidden=\"true\" viewBox=\"0 0 448 512\" xmlns=\"http:\/\/www.w3.org\/2000\/svg\"><path d=\"M240.971 130.524l194.343 194.343c9.373 9.373 9.373 24.569 0 33.941l-22.667 22.667c-9.357 9.357-24.522 9.375-33.901.04L224 227.495 69.255 381.516c-9.379 9.335-24.544 9.317-33.901-.04l-22.667-22.667c-9.373-9.373-9.373-24.569 0-33.941L207.03 130.525c9.372-9.373 24.568-9.373 33.941-.001z\"><\/path><\/svg><br \/>\n\t\t\t\t<svg aria-hidden=\"true\" viewBox=\"0 0 1000 1000\" xmlns=\"http:\/\/www.w3.org\/2000\/svg\"><path d=\"M500 975V858C696 858 858 696 858 500S696 142 500 142 142 304 142 500H25C25 237 238 25 500 25S975 237 975 500 763 975 500 975Z\"><\/path><\/svg><br \/>\n\t\t\t\t\t\t\t\t\t\t\t\t\t\t\t\t\t\t\t\t\t\t<img loading=\"lazy\" decoding=\"async\" width=\"751\" height=\"502\" src=\"https:\/\/drterziler.com\/wp-content\/uploads\/2024\/10\/hair-transplant-turkey-vs-usa.png\" alt=\"\" srcset=\"https:\/\/drterziler.com\/wp-content\/uploads\/2024\/10\/hair-transplant-turkey-vs-usa.png 751w, https:\/\/drterziler.com\/wp-content\/uploads\/2024\/10\/hair-transplant-turkey-vs-usa-300x201.png 300w\" sizes=\"auto, (max-width: 751px) 100vw, 751px\">\t\t\t\t\t\t\t\t\t\t\t\t\t<\/p>\n<p>Quando si considerano le opzioni di trapianto di capelli, molte persone valutano i vantaggi di viaggiare all&#8217;estero, in particolare in Turchia, rispetto a ricevere un trattamento negli Stati Uniti. La Turchia \u00e8 diventata una destinazione importante per il ripristino dei capelli grazie alla sua convenienza, alla qualit\u00e0 delle cure e alle tecniche avanzate. Tuttavia, anche gli Stati Uniti offrono cliniche rinomate e chirurghi esperti. Comprendere le differenze tra le procedure di trapianto di capelli in Turchia e negli Stati Uniti pu\u00f2 aiutare i pazienti a prendere decisioni informate sul loro percorso di ripristino dei capelli.<\/p>\n<h2>Confronto dei costi<\/h2>\n<p>Una delle differenze pi\u00f9 significative tra i trapianti di capelli in Turchia e negli Stati Uniti \u00e8 il costo. Le procedure di trapianto di capelli in Turchia vanno in genere da <strong>2.500 a 7.000 dollari<\/strong>, a seconda della tecnica utilizzata e del numero di innesti necessari. Al contrario, le stesse procedure negli Stati Uniti possono costare tra i <strong>6.000 e i 18.000 dollari<\/strong>. La sostanziale differenza di costo \u00e8 dovuta principalmente alle minori spese operative in Turchia e alla natura competitiva del turismo medico. I pazienti possono spesso accedere a cure di alta qualit\u00e0 a una frazione del prezzo che pagherebbero negli Stati Uniti.<\/p>\n<h2>Qualit\u00e0 delle cure<\/h2>\n<p>La Turchia si \u00e8 affermata come destinazione leader per i trapianti di capelli, con numerose cliniche che soddisfano gli standard internazionali. Molti chirurghi turchi sono altamente qualificati ed esperti, avendo eseguito migliaia di interventi. L&#8217;uso di tecniche avanzate come l&#8217;estrazione di unit\u00e0 follicolari (FUE) e il trapianto di capelli robotizzato \u00e8 comune in Turchia, garantendo risultati dall&#8217;aspetto naturale. Negli Stati Uniti, i pazienti hanno accesso a cliniche rinomate e chirurghi qualificati. Tuttavia, i costi pi\u00f9 elevati possono limitare le opzioni per alcuni individui.<\/p>\n<h2>Tecnologia e tecniche<\/h2>\n<p>Sia la Turchia che gli Stati Uniti utilizzano tecnologie e tecniche avanzate per il trapianto di capelli. In Turchia, le cliniche sono spesso aggiornate sulle ultime innovazioni, offrendo ai pazienti procedure minimamente invasive che riducono i tempi di recupero e migliorano i risultati. La tecnica FUE \u00e8 ampiamente utilizzata, consentendo un posizionamento preciso degli innesti e cicatrici minime. Negli Stati Uniti vengono impiegate tecniche simili, con molte cliniche che offrono anche tecnologie all&#8217;avanguardia. Tuttavia, la disponibilit\u00e0 di alcuni metodi avanzati pu\u00f2 variare a seconda del luogo.<\/p>\n<h2>Pacchetti completi<\/h2>\n<p>Molte cliniche turche offrono pacchetti all-inclusive che coprono vari aspetti del processo di trapianto di capelli, tra cui la procedura, le consultazioni preoperatorie, l&#8217;alloggio, il trasporto e le cure postoperatorie. Questa comodit\u00e0 rende pi\u00f9 facile per i pazienti internazionali affrontare il percorso di cura. Al contrario, mentre alcune cliniche negli Stati Uniti possono offrire pacchetti, i pazienti spesso devono affrontare costi aggiuntivi per l&#8217;alloggio e il viaggio, che possono aumentare la spesa complessiva.<\/p>\n<h2>Esperienza e supporto del paziente<\/h2>\n<p>L&#8217;esperienza del paziente pu\u00f2 variare notevolmente tra la Turchia e gli Stati Uniti. In Turchia, il settore alberghiero \u00e8 ben sviluppato e le cliniche spesso danno molta importanza al servizio clienti e al comfort del paziente. I pazienti possono aspettarsi un ambiente accogliente e un&#8217;attenzione personalizzata durante tutto il trattamento. Negli Stati Uniti, anche se molte cliniche danno priorit\u00e0 alla cura del paziente, l&#8217;esperienza pu\u00f2 variare a seconda delle singole pratiche. Alcuni pazienti possono scoprire che il costo del trattamento influisce sul livello di servizio che ricevono.<\/p>\n<h3>Conclusione<\/h3>\n<p>Sia la Turchia che gli Stati Uniti offrono valide opzioni per i trapianti di capelli, ciascuna con i propri vantaggi e considerazioni. La Turchia si distingue per la convenienza, i pacchetti completi e l&#8217;assistenza di alta qualit\u00e0, che la rendono una scelta interessante per molti che cercano il ripristino dei capelli. D&#8217;altra parte, gli Stati Uniti offrono cliniche rinomate e chirurghi esperti, anche se a un costo pi\u00f9 elevato. In definitiva, la decisione dovrebbe essere basata sulle preferenze individuali, sul budget e sui servizi specifici offerti dalle cliniche prese in considerazione.<\/p>\n<p>\t\t\t\t\t\t\t<a href=\"https:\/\/drterziler.com\/wp-content\/uploads\/2024\/09\/2500-graft-hair-transplant-before-after.jpg\" data-elementor-open-lightbox=\"yes\" data-elementor-lightbox-slideshow=\"5fcda46\" data-elementor-lightbox-title=\"2500-graft-hair-transplant-before-after\" data-e-action-hash=\"#elementor-action%3Aaction%3Dlightbox%26settings%3DeyJpZCI6NzUzMSwidXJsIjoiaHR0cHM6XC9cL2RydGVyemlsZXIuY29tXC93cC1jb250ZW50XC91cGxvYWRzXC8yMDI0XC8wOVwvMjUwMC1ncmFmdC1oYWlyLXRyYW5zcGxhbnQtYmVmb3JlLWFmdGVyLmpwZyIsInNsaWRlc2hvdyI6IjVmY2RhNDYifQ%3D%3D\"><br \/>\n\t\t<\/a><br \/>\n\t\t\t\t\t\t\t<a href=\"https:\/\/drterziler.com\/wp-content\/uploads\/2024\/09\/3000-graft-hair-transplant-before-after.jpg\" data-elementor-open-lightbox=\"yes\" data-elementor-lightbox-slideshow=\"5fcda46\" data-elementor-lightbox-title=\"3000-graft-hair-transplant-before-after\" data-e-action-hash=\"#elementor-action%3Aaction%3Dlightbox%26settings%3DeyJpZCI6NzUzNywidXJsIjoiaHR0cHM6XC9cL2RydGVyemlsZXIuY29tXC93cC1jb250ZW50XC91cGxvYWRzXC8yMDI0XC8wOVwvMzAwMC1ncmFmdC1oYWlyLXRyYW5zcGxhbnQtYmVmb3JlLWFmdGVyLmpwZyIsInNsaWRlc2hvdyI6IjVmY2RhNDYifQ%3D%3D\"><br \/>\n\t\t<\/a><br \/>\n\t\t\t\t\t\t\t<a href=\"https:\/\/drterziler.com\/wp-content\/uploads\/2024\/09\/3500-graft-hair-transplant-before-after.jpg\" data-elementor-open-lightbox=\"yes\" data-elementor-lightbox-slideshow=\"5fcda46\" data-elementor-lightbox-title=\"3500-graft-hair-transplant-before-after\" data-e-action-hash=\"#elementor-action%3Aaction%3Dlightbox%26settings%3DeyJpZCI6NzU0MywidXJsIjoiaHR0cHM6XC9cL2RydGVyemlsZXIuY29tXC93cC1jb250ZW50XC91cGxvYWRzXC8yMDI0XC8wOVwvMzUwMC1ncmFmdC1oYWlyLXRyYW5zcGxhbnQtYmVmb3JlLWFmdGVyLmpwZyIsInNsaWRlc2hvdyI6IjVmY2RhNDYifQ%3D%3D\"><br \/>\n\t\t<\/a><br \/>\n\t\t\t\t\t\t\t<a href=\"https:\/\/drterziler.com\/wp-content\/uploads\/2024\/09\/4000-graft-hair-transplant-before-after.jpg\" data-elementor-open-lightbox=\"yes\" data-elementor-lightbox-slideshow=\"5fcda46\" data-elementor-lightbox-title=\"4000-graft-hair-transplant-before-after\" data-e-action-hash=\"#elementor-action%3Aaction%3Dlightbox%26settings%3DeyJpZCI6NzU0OSwidXJsIjoiaHR0cHM6XC9cL2RydGVyemlsZXIuY29tXC93cC1jb250ZW50XC91cGxvYWRzXC8yMDI0XC8wOVwvNDAwMC1ncmFmdC1oYWlyLXRyYW5zcGxhbnQtYmVmb3JlLWFmdGVyLmpwZyIsInNsaWRlc2hvdyI6IjVmY2RhNDYifQ%3D%3D\"><br \/>\n\t\t<\/a><br \/>\n\t\t\t\t\t\t\t<a href=\"https:\/\/drterziler.com\/wp-content\/uploads\/2024\/09\/4500-graft-hair-transplant-before-after.jpg\" data-elementor-open-lightbox=\"yes\" data-elementor-lightbox-slideshow=\"5fcda46\" data-elementor-lightbox-title=\"4500-graft-hair-transplant-before-after\" data-e-action-hash=\"#elementor-action%3Aaction%3Dlightbox%26settings%3DeyJpZCI6NzU1NSwidXJsIjoiaHR0cHM6XC9cL2RydGVyemlsZXIuY29tXC93cC1jb250ZW50XC91cGxvYWRzXC8yMDI0XC8wOVwvNDUwMC1ncmFmdC1oYWlyLXRyYW5zcGxhbnQtYmVmb3JlLWFmdGVyLmpwZyIsInNsaWRlc2hvdyI6IjVmY2RhNDYifQ%3D%3D\"><br \/>\n\t\t<\/a><br \/>\n\t\t\t\t\t\t\t<a href=\"https:\/\/drterziler.com\/wp-content\/uploads\/2024\/09\/5200-graft-hair-transplant-before-after.jpg\" data-elementor-open-lightbox=\"yes\" data-elementor-lightbox-slideshow=\"5fcda46\" data-elementor-lightbox-title=\"5200-graft-hair-transplant-before-after\" data-e-action-hash=\"#elementor-action%3Aaction%3Dlightbox%26settings%3DeyJpZCI6NzU2MSwidXJsIjoiaHR0cHM6XC9cL2RydGVyemlsZXIuY29tXC93cC1jb250ZW50XC91cGxvYWRzXC8yMDI0XC8wOVwvNTIwMC1ncmFmdC1oYWlyLXRyYW5zcGxhbnQtYmVmb3JlLWFmdGVyLmpwZyIsInNsaWRlc2hvdyI6IjVmY2RhNDYifQ%3D%3D\"><br \/>\n\t\t<\/a><br \/>\n\t\t\t\t\t\t\t<a href=\"https:\/\/drterziler.com\/wp-content\/uploads\/2024\/09\/5300-graft-hair-transplant-before-after.jpg\" data-elementor-open-lightbox=\"yes\" data-elementor-lightbox-slideshow=\"5fcda46\" data-elementor-lightbox-title=\"5300-graft-hair-transplant-before-after\" data-e-action-hash=\"#elementor-action%3Aaction%3Dlightbox%26settings%3DeyJpZCI6NzU2NywidXJsIjoiaHR0cHM6XC9cL2RydGVyemlsZXIuY29tXC93cC1jb250ZW50XC91cGxvYWRzXC8yMDI0XC8wOVwvNTMwMC1ncmFmdC1oYWlyLXRyYW5zcGxhbnQtYmVmb3JlLWFmdGVyLmpwZyIsInNsaWRlc2hvdyI6IjVmY2RhNDYifQ%3D%3D\"><br \/>\n\t\t<\/a><br \/>\n\t\t\t\t\t\t\t<svg aria-hidden=\"true\" viewBox=\"0 0 1000 1000\" xmlns=\"http:\/\/www.w3.org\/2000\/svg\"><path d=\"M646 125C629 125 613 133 604 142L308 442C296 454 292 471 292 487 292 504 296 521 308 533L604 854C617 867 629 875 646 875 663 875 679 871 692 858 704 846 713 829 713 812 713 796 708 779 692 767L438 487 692 225C700 217 708 204 708 187 708 171 704 154 692 142 675 129 663 125 646 125Z\"><\/path><\/svg><br \/>\n\t\t\t\t\t\t\t<svg aria-hidden=\"true\" viewBox=\"0 0 1000 1000\" xmlns=\"http:\/\/www.w3.org\/2000\/svg\"><path d=\"M696 533C708 521 713 504 713 487 713 471 708 454 696 446L400 146C388 133 375 125 354 125 338 125 325 129 313 142 300 154 292 171 292 187 292 204 296 221 308 233L563 492 304 771C292 783 288 800 288 817 288 833 296 850 308 863 321 871 338 875 354 875 371 875 388 867 400 854L696 533Z\"><\/path><\/svg>\t\t\t\t\t\t<\/p>\n<details id=\"e-n-accordion-item-2340\" open>\n<summary data-accordion-index=\"1\" tabindex=\"0\" aria-expanded=\"true\" aria-controls=\"e-n-accordion-item-2340\" >\n\t\t\t\t\t I chirurghi in Turchia sono qualificati?<br \/>\n\t\t\t<svg aria-hidden=\"true\" viewBox=\"0 0 448 512\" xmlns=\"http:\/\/www.w3.org\/2000\/svg\"><path d=\"M416 208H32c-17.67 0-32 14.33-32 32v32c0 17.67 14.33 32 32 32h384c17.67 0 32-14.33 32-32v-32c0-17.67-14.33-32-32-32z\"><\/path><\/svg><br \/>\n\t\t\t<svg aria-hidden=\"true\" viewBox=\"0 0 448 512\" xmlns=\"http:\/\/www.w3.org\/2000\/svg\"><path d=\"M416 208H272V64c0-17.67-14.33-32-32-32h-32c-17.67 0-32 14.33-32 32v144H32c-17.67 0-32 14.33-32 32v32c0 17.67 14.33 32 32 32h144v144c0 17.67 14.33 32 32 32h32c17.67 0 32-14.33 32-32V304h144c17.67 0 32-14.33 32-32v-32c0-17.67-14.33-32-32-32z\"><\/path><\/svg><br \/>\n\t\t\t\t\t\t<\/summary>\n<p>S\u00ec, molti chirurghi in Turchia sono altamente qualificati ed esperti, avendo eseguito migliaia di interventi di trapianto di capelli e ricevendo una formazione da istituzioni rinomate.<\/p>\n<\/details>\n<details id=\"e-n-accordion-item-2341\" >\n<summary data-accordion-index=\"2\" tabindex=\"-1\" aria-expanded=\"false\" aria-controls=\"e-n-accordion-item-2341\" >\n\t\t\t\t\t Le cliniche turche offrono pacchetti all-inclusive?<br \/>\n\t\t\t<svg aria-hidden=\"true\" viewBox=\"0 0 448 512\" xmlns=\"http:\/\/www.w3.org\/2000\/svg\"><path d=\"M416 208H32c-17.67 0-32 14.33-32 32v32c0 17.67 14.33 32 32 32h384c17.67 0 32-14.33 32-32v-32c0-17.67-14.33-32-32-32z\"><\/path><\/svg><br \/>\n\t\t\t<svg aria-hidden=\"true\" viewBox=\"0 0 448 512\" xmlns=\"http:\/\/www.w3.org\/2000\/svg\"><path d=\"M416 208H272V64c0-17.67-14.33-32-32-32h-32c-17.67 0-32 14.33-32 32v144H32c-17.67 0-32 14.33-32 32v32c0 17.67 14.33 32 32 32h144v144c0 17.67 14.33 32 32 32h32c17.67 0 32-14.33 32-32V304h144c17.67 0 32-14.33 32-32v-32c0-17.67-14.33-32-32-32z\"><\/path><\/svg><br \/>\n\t\t\t\t\t\t<\/summary>\n<p>S\u00ec, molte cliniche in Turchia offrono pacchetti all-inclusive che coprono la procedura, l&#8217;alloggio, il trasporto e l&#8217;assistenza post-operatoria, rendendo il processo conveniente per i pazienti internazionali.<\/p>\n<\/details>\n<details id=\"e-n-accordion-item-2342\" >\n<summary data-accordion-index=\"3\" tabindex=\"-1\" aria-expanded=\"false\" aria-controls=\"e-n-accordion-item-2342\" >\n\t\t\t\t\t Posso combinare un trapianto di capelli con una vacanza in Turchia?<br \/>\n\t\t\t<svg aria-hidden=\"true\" viewBox=\"0 0 448 512\" xmlns=\"http:\/\/www.w3.org\/2000\/svg\"><path d=\"M416 208H32c-17.67 0-32 14.33-32 32v32c0 17.67 14.33 32 32 32h384c17.67 0 32-14.33 32-32v-32c0-17.67-14.33-32-32-32z\"><\/path><\/svg><br \/>\n\t\t\t<svg aria-hidden=\"true\" viewBox=\"0 0 448 512\" xmlns=\"http:\/\/www.w3.org\/2000\/svg\"><path d=\"M416 208H272V64c0-17.67-14.33-32-32-32h-32c-17.67 0-32 14.33-32 32v144H32c-17.67 0-32 14.33-32 32v32c0 17.67 14.33 32 32 32h144v144c0 17.67 14.33 32 32 32h32c17.67 0 32-14.33 32-32V304h144c17.67 0 32-14.33 32-32v-32c0-17.67-14.33-32-32-32z\"><\/path><\/svg><br \/>\n\t\t\t\t\t\t<\/summary>\n<p>S\u00ec, molti pazienti scelgono di combinare il trapianto di capelli con una vacanza, godendo della bellezza e della cultura della Turchia mentre si sottopongono al trattamento.<\/p>\n<\/details>\n<details id=\"e-n-accordion-item-2343\" >\n<summary data-accordion-index=\"4\" tabindex=\"-1\" aria-expanded=\"false\" aria-controls=\"e-n-accordion-item-2343\" >\n\t\t\t\t\t Cosa devo cercare quando scelgo una clinica per il trapianto di capelli?<br \/>\n\t\t\t<svg aria-hidden=\"true\" viewBox=\"0 0 448 512\" xmlns=\"http:\/\/www.w3.org\/2000\/svg\"><path d=\"M416 208H32c-17.67 0-32 14.33-32 32v32c0 17.67 14.33 32 32 32h384c17.67 0 32-14.33 32-32v-32c0-17.67-14.33-32-32-32z\"><\/path><\/svg><br \/>\n\t\t\t<svg aria-hidden=\"true\" viewBox=\"0 0 448 512\" xmlns=\"http:\/\/www.w3.org\/2000\/svg\"><path d=\"M416 208H272V64c0-17.67-14.33-32-32-32h-32c-17.67 0-32 14.33-32 32v144H32c-17.67 0-32 14.33-32 32v32c0 17.67 14.33 32 32 32h144v144c0 17.67 14.33 32 32 32h32c17.67 0 32-14.33 32-32V304h144c17.67 0 32-14.33 32-32v-32c0-17.67-14.33-32-32-32z\"><\/path><\/svg><br \/>\n\t\t\t\t\t\t<\/summary>\n<p>Verificate la reputazione della clinica, le qualifiche dei chirurghi, la tecnologia utilizzata, le recensioni dei pazienti e i servizi inclusi nel pacchetto.<\/p>\n<\/details>\n<details id=\"e-n-accordion-item-2344\" >\n<summary data-accordion-index=\"5\" tabindex=\"-1\" aria-expanded=\"false\" aria-controls=\"e-n-accordion-item-2344\" >\n\t\t\t\t\t Che tipo di cure successive devo aspettarmi dopo un trapianto di capelli?<br \/>\n\t\t\t<svg aria-hidden=\"true\" viewBox=\"0 0 448 512\" xmlns=\"http:\/\/www.w3.org\/2000\/svg\"><path d=\"M416 208H32c-17.67 0-32 14.33-32 32v32c0 17.67 14.33 32 32 32h384c17.67 0 32-14.33 32-32v-32c0-17.67-14.33-32-32-32z\"><\/path><\/svg><br \/>\n\t\t\t<svg aria-hidden=\"true\" viewBox=\"0 0 448 512\" xmlns=\"http:\/\/www.w3.org\/2000\/svg\"><path d=\"M416 208H272V64c0-17.67-14.33-32-32-32h-32c-17.67 0-32 14.33-32 32v144H32c-17.67 0-32 14.33-32 32v32c0 17.67 14.33 32 32 32h144v144c0 17.67 14.33 32 32 32h32c17.67 0 32-14.33 32-32V304h144c17.67 0 32-14.33 32-32v-32c0-17.67-14.33-32-32-32z\"><\/path><\/svg><br \/>\n\t\t\t\t\t\t<\/summary>\n<p>Le cure successive comprendono in genere istruzioni dettagliate per il lavaggio, farmaci per favorire la guarigione e consultazioni di follow-up per monitorare i progressi.<\/p>\n<\/details>\n<details id=\"e-n-accordion-item-2345\" >\n<summary data-accordion-index=\"6\" tabindex=\"-1\" aria-expanded=\"false\" aria-controls=\"e-n-accordion-item-2345\" >\n\t\t\t\t\t \u00c8 sicuro recarsi in Turchia per un trapianto di capelli?<br \/>\n\t\t\t<svg aria-hidden=\"true\" viewBox=\"0 0 448 512\" xmlns=\"http:\/\/www.w3.org\/2000\/svg\"><path d=\"M416 208H32c-17.67 0-32 14.33-32 32v32c0 17.67 14.33 32 32 32h384c17.67 0 32-14.33 32-32v-32c0-17.67-14.33-32-32-32z\"><\/path><\/svg><br \/>\n\t\t\t<svg aria-hidden=\"true\" viewBox=\"0 0 448 512\" xmlns=\"http:\/\/www.w3.org\/2000\/svg\"><path d=\"M416 208H272V64c0-17.67-14.33-32-32-32h-32c-17.67 0-32 14.33-32 32v144H32c-17.67 0-32 14.33-32 32v32c0 17.67 14.33 32 32 32h144v144c0 17.67 14.33 32 32 32h32c17.67 0 32-14.33 32-32V304h144c17.67 0 32-14.33 32-32v-32c0-17.67-14.33-32-32-32z\"><\/path><\/svg><br \/>\n\t\t\t\t\t\t<\/summary>\n<p>S\u00ec, la Turchia \u00e8 una destinazione ben nota per il turismo medico, con molte cliniche che danno priorit\u00e0 alla sicurezza e all&#8217;assistenza dei pazienti per garantire un&#8217;esperienza positiva ai visitatori.<\/p>\n<\/details>\n<p>S\u00ec, molti chirurghi in Turchia sono altamente qualificati ed esperti, avendo eseguito migliaia di interventi di trapianto di capelli e ricevendo una formazione da istituzioni rinomate.<\/p>\n<p>S\u00ec, molte cliniche in Turchia offrono pacchetti all-inclusive che coprono la procedura, l&#8217;alloggio, il trasporto e l&#8217;assistenza post-operatoria, rendendo il processo conveniente per i pazienti internazionali.<\/p>\n<p>S\u00ec, molti pazienti scelgono di combinare il trapianto di capelli con una vacanza, godendo della bellezza e della cultura della Turchia mentre si sottopongono al trattamento.<\/p>\n<p>Verificate la reputazione della clinica, le qualifiche dei chirurghi, la tecnologia utilizzata, le recensioni dei pazienti e i servizi inclusi nel pacchetto.<\/p>\n<p>Le cure successive comprendono in genere istruzioni dettagliate per il lavaggio, farmaci per favorire la guarigione e consultazioni di follow-up per monitorare i progressi.<\/p>\n<p>S\u00ec, la Turchia \u00e8 una destinazione ben nota per il turismo medico, con molte cliniche che danno priorit\u00e0 alla sicurezza e all&#8217;assistenza dei pazienti per garantire un&#8217;esperienza positiva ai visitatori.<\/p>\n","protected":false},"excerpt":{"rendered":"<p>Trapianto di capelli in Turchia vs USA Indice dei contenuti Quando si considerano le opzioni di trapianto di capelli, molte persone valutano i vantaggi di viaggiare all&#8217;estero, in particolare in Turchia, rispetto a ricevere un trattamento negli Stati Uniti. La Turchia \u00e8 diventata una destinazione importante per il ripristino dei capelli grazie alla sua convenienza, [&hellip;]<\/p>\n","protected":false},"author":6,"featured_media":0,"parent":0,"menu_order":0,"comment_status":"closed","ping_status":"closed","template":"","meta":{"footnotes":""},"class_list":["post-32126","page","type-page","status-publish","hentry"],"_links":{"self":[{"href":"https:\/\/drterziler.com\/it\/wp-json\/wp\/v2\/pages\/32126","targetHints":{"allow":["GET"]}}],"collection":[{"href":"https:\/\/drterziler.com\/it\/wp-json\/wp\/v2\/pages"}],"about":[{"href":"https:\/\/drterziler.com\/it\/wp-json\/wp\/v2\/types\/page"}],"author":[{"embeddable":true,"href":"https:\/\/drterziler.com\/it\/wp-json\/wp\/v2\/users\/6"}],"replies":[{"embeddable":true,"href":"https:\/\/drterziler.com\/it\/wp-json\/wp\/v2\/comments?post=32126"}],"version-history":[{"count":8,"href":"https:\/\/drterziler.com\/it\/wp-json\/wp\/v2\/pages\/32126\/revisions"}],"predecessor-version":[{"id":43623,"href":"https:\/\/drterziler.com\/it\/wp-json\/wp\/v2\/pages\/32126\/revisions\/43623"}],"wp:attachment":[{"href":"https:\/\/drterziler.com\/it\/wp-json\/wp\/v2\/media?parent=32126"}],"curies":[{"name":"wp","href":"https:\/\/api.w.org\/{rel}","templated":true}]}}