{"id":32148,"date":"2024-09-25T07:50:00","date_gmt":"2024-09-25T07:50:00","guid":{"rendered":"https:\/\/drterziler.com\/?page_id=32148"},"modified":"2025-06-12T08:26:18","modified_gmt":"2025-06-12T08:26:18","slug":"il-colore-dei-capelli-influisce-sulla-perdita-di-capelli","status":"publish","type":"page","link":"https:\/\/drterziler.com\/it\/il-colore-dei-capelli-influisce-sulla-perdita-di-capelli\/","title":{"rendered":"Il colore dei capelli influisce sulla perdita di capelli"},"content":{"rendered":"<h1 class=\"content-title h1-header\">Il colore dei capelli influisce sulla perdita di capelli<\/h1>\n<nav aria-label=\"breadcrumbs\" class=\"rank-math-breadcrumb\"><p><span class=\"last\">Dr. Terziler<\/span><\/p><\/nav>\n<h4>\n\t\t\t\tIndice dei contenuti\t\t\t<\/h4>\n<p>\t\t\t\t\t\t\t<svg aria-hidden=\"true\" viewBox=\"0 0 448 512\" xmlns=\"http:\/\/www.w3.org\/2000\/svg\"><path d=\"M207.029 381.476L12.686 187.132c-9.373-9.373-9.373-24.569 0-33.941l22.667-22.667c9.357-9.357 24.522-9.375 33.901-.04L224 284.505l154.745-154.021c9.379-9.335 24.544-9.317 33.901.04l22.667 22.667c9.373 9.373 9.373 24.569 0 33.941L240.971 381.476c-9.373 9.372-24.569 9.372-33.942 0z\"><\/path><\/svg><br \/>\n\t\t\t\t<svg aria-hidden=\"true\" viewBox=\"0 0 448 512\" xmlns=\"http:\/\/www.w3.org\/2000\/svg\"><path d=\"M240.971 130.524l194.343 194.343c9.373 9.373 9.373 24.569 0 33.941l-22.667 22.667c-9.357 9.357-24.522 9.375-33.901.04L224 227.495 69.255 381.516c-9.379 9.335-24.544 9.317-33.901-.04l-22.667-22.667c-9.373-9.373-9.373-24.569 0-33.941L207.03 130.525c9.372-9.373 24.568-9.373 33.941-.001z\"><\/path><\/svg><br \/>\n\t\t\t\t<svg aria-hidden=\"true\" viewBox=\"0 0 1000 1000\" xmlns=\"http:\/\/www.w3.org\/2000\/svg\"><path d=\"M500 975V858C696 858 858 696 858 500S696 142 500 142 142 304 142 500H25C25 237 238 25 500 25S975 237 975 500 763 975 500 975Z\"><\/path><\/svg><br \/>\n\t\t\t\t\t\t\t\t\t\t\t\t\t\t\t\t\t\t\t\t\t\t<img loading=\"lazy\" decoding=\"async\" width=\"886\" height=\"517\" src=\"https:\/\/drterziler.com\/wp-content\/uploads\/2024\/09\/hair-color-affect-hair-loss.png\" alt=\"\" srcset=\"https:\/\/drterziler.com\/wp-content\/uploads\/2024\/09\/hair-color-affect-hair-loss.png 886w, https:\/\/drterziler.com\/wp-content\/uploads\/2024\/09\/hair-color-affect-hair-loss-300x175.png 300w, https:\/\/drterziler.com\/wp-content\/uploads\/2024\/09\/hair-color-affect-hair-loss-768x448.png 768w\" sizes=\"auto, (max-width: 886px) 100vw, 886px\">\t\t\t\t\t\t\t\t\t\t\t\t\t<\/p>\n<h3>Comprendere la relazione tra colore dei capelli e perdita di capelli<\/h3>\n<p>La relazione tra colore dei capelli e perdita di capelli \u00e8 un argomento di interesse per molte persone preoccupate per la salute dei propri capelli. Il colore dei capelli in s\u00e9 non causa direttamente la perdita di capelli, ma i processi e i trattamenti utilizzati per ottenere o mantenere il colore dei capelli possono influire sulla salute dei capelli. Fattori come il tipo di tinta per capelli, la frequenza della colorazione e le condizioni dei capelli e del cuoio capelluto giocano un ruolo nell&#8217;influenza della colorazione dei capelli sulla perdita di capelli. Comprendere questi fattori pu\u00f2 aiutare le persone a prendere decisioni informate sulla cura dei capelli e a ridurre al minimo i potenziali effetti negativi.<\/p>\n<h3>Impatto della colorazione dei capelli sulla salute dei capelli<\/h3>\n<p>La colorazione dei capelli comporta l&#8217;uso di tinture chimiche che possono alterare la struttura e la salute dei capelli. Il processo include tipicamente la decolorazione, che pu\u00f2 privare i capelli dei loro oli e proteine naturali, portando ad una maggiore secchezza e rottura. Le colorazioni frequenti e l&#8217;uso di sostanze chimiche aggressive possono indebolire le ciocche, rendendole pi\u00f9 soggette a danni e perdita. \u00c8 essenziale utilizzare prodotti per capelli di alta qualit\u00e0 e seguire una corretta routine di cura dei capelli per mitigare questi effetti e mantenerli sani.<\/p>\n<h3>Effetti dei diversi tipi di tinture per capelli<\/h3>\n<p>I diversi tipi di tinture per capelli possono avere effetti diversi sulla salute dei capelli. Le tinture permanenti, che penetrano nel fusto del capello per cambiarne il colore, contengono spesso sostanze chimiche pi\u00f9 forti rispetto alle tinture semipermanenti o temporanee. Queste sostanze chimiche possono essere pi\u00f9 dannose, soprattutto se usate frequentemente. D&#8217;altra parte, le tinture semipermanenti rivestono tipicamente lo strato esterno del capello e possono essere meno dannose. La scelta di prodotti meno aggressivi e l&#8217;integrazione di trattamenti condizionanti possono aiutare a ridurre i potenziali danni.<\/p>\n<h3>Gestire la salute dei capelli durante la colorazione<\/h3>\n<p>Per gestire la salute dei capelli durante la colorazione, diverse pratiche possono essere utili. In primo luogo, limitare la frequenza della colorazione dei capelli pu\u00f2 ridurre il rischio di danni. Inoltre, l&#8217;uso di trattamenti di condizionamento profondo e maschere per capelli pu\u00f2 aiutare a ripristinare l&#8217;idratazione e a rafforzare i capelli. Si consiglia inoltre di consultare uno stilista professionista che possa consigliare prodotti e tecniche adeguati per ridurre al minimo i danni. Mantenere una dieta sana ed evitare lo styling con calore eccessivo pu\u00f2 favorire ulteriormente la salute generale dei capelli.<\/p>\n<h2>Domande sul colore dei capelli<\/h2>\n<details id=\"e-n-accordion-item-9030\" open>\n<summary data-accordion-index=\"1\" tabindex=\"0\" aria-expanded=\"true\" aria-controls=\"e-n-accordion-item-9030\" >\n\t\t\t\t\t La colorazione dei capelli provoca la caduta dei capelli?<br \/>\n\t\t\t<svg aria-hidden=\"true\" viewBox=\"0 0 448 512\" xmlns=\"http:\/\/www.w3.org\/2000\/svg\"><path d=\"M416 208H32c-17.67 0-32 14.33-32 32v32c0 17.67 14.33 32 32 32h384c17.67 0 32-14.33 32-32v-32c0-17.67-14.33-32-32-32z\"><\/path><\/svg><br \/>\n\t\t\t<svg aria-hidden=\"true\" viewBox=\"0 0 448 512\" xmlns=\"http:\/\/www.w3.org\/2000\/svg\"><path d=\"M416 208H272V64c0-17.67-14.33-32-32-32h-32c-17.67 0-32 14.33-32 32v144H32c-17.67 0-32 14.33-32 32v32c0 17.67 14.33 32 32 32h144v144c0 17.67 14.33 32 32 32h32c17.67 0 32-14.33 32-32V304h144c17.67 0 32-14.33 32-32v-32c0-17.67-14.33-32-32-32z\"><\/path><\/svg><br \/>\n\t\t\t\t\t\t<\/summary>\n<p>La colorazione dei capelli in s\u00e9 non causa direttamente la caduta dei capelli. Tuttavia, le sostanze chimiche contenute nelle tinture possono indebolire i capelli e renderli pi\u00f9 soggetti a danni e rotture, il che pu\u00f2 contribuire alla loro caduta nel tempo.<\/p>\n<\/details>\n<details id=\"e-n-accordion-item-9031\" >\n<summary data-accordion-index=\"2\" tabindex=\"-1\" aria-expanded=\"false\" aria-controls=\"e-n-accordion-item-9031\" >\n\t\t\t\t\t Alcune tinture per capelli sono pi\u00f9 dannose di altre?<br \/>\n\t\t\t<svg aria-hidden=\"true\" viewBox=\"0 0 448 512\" xmlns=\"http:\/\/www.w3.org\/2000\/svg\"><path d=\"M416 208H32c-17.67 0-32 14.33-32 32v32c0 17.67 14.33 32 32 32h384c17.67 0 32-14.33 32-32v-32c0-17.67-14.33-32-32-32z\"><\/path><\/svg><br \/>\n\t\t\t<svg aria-hidden=\"true\" viewBox=\"0 0 448 512\" xmlns=\"http:\/\/www.w3.org\/2000\/svg\"><path d=\"M416 208H272V64c0-17.67-14.33-32-32-32h-32c-17.67 0-32 14.33-32 32v144H32c-17.67 0-32 14.33-32 32v32c0 17.67 14.33 32 32 32h144v144c0 17.67 14.33 32 32 32h32c17.67 0 32-14.33 32-32V304h144c17.67 0 32-14.33 32-32v-32c0-17.67-14.33-32-32-32z\"><\/path><\/svg><br \/>\n\t\t\t\t\t\t<\/summary>\n<p>S\u00ec, le tinture per capelli permanenti contengono spesso sostanze chimiche pi\u00f9 forti rispetto alle tinture semi-permanenti o temporanee. L&#8217;uso frequente di tinture permanenti pu\u00f2 causare danni pi\u00f9 significativi alla struttura del capello.<\/p>\n<\/details>\n<details id=\"e-n-accordion-item-9032\" >\n<summary data-accordion-index=\"3\" tabindex=\"-1\" aria-expanded=\"false\" aria-controls=\"e-n-accordion-item-9032\" >\n\t\t\t\t\t Come posso minimizzare i danni della colorazione dei capelli?<br \/>\n\t\t\t<svg aria-hidden=\"true\" viewBox=\"0 0 448 512\" xmlns=\"http:\/\/www.w3.org\/2000\/svg\"><path d=\"M416 208H32c-17.67 0-32 14.33-32 32v32c0 17.67 14.33 32 32 32h384c17.67 0 32-14.33 32-32v-32c0-17.67-14.33-32-32-32z\"><\/path><\/svg><br \/>\n\t\t\t<svg aria-hidden=\"true\" viewBox=\"0 0 448 512\" xmlns=\"http:\/\/www.w3.org\/2000\/svg\"><path d=\"M416 208H272V64c0-17.67-14.33-32-32-32h-32c-17.67 0-32 14.33-32 32v144H32c-17.67 0-32 14.33-32 32v32c0 17.67 14.33 32 32 32h144v144c0 17.67 14.33 32 32 32h32c17.67 0 32-14.33 32-32V304h144c17.67 0 32-14.33 32-32v-32c0-17.67-14.33-32-32-32z\"><\/path><\/svg><br \/>\n\t\t\t\t\t\t<\/summary>\n<p>Per ridurre al minimo i danni, limitate la frequenza delle colorazioni, utilizzate prodotti di alta qualit\u00e0 e inserite trattamenti condizionanti nella vostra routine di cura dei capelli. Anche evitare uno styling eccessivamente caldo pu\u00f2 aiutare a mantenere la salute dei capelli.<\/p>\n<\/details>\n<details id=\"e-n-accordion-item-9033\" >\n<summary data-accordion-index=\"4\" tabindex=\"-1\" aria-expanded=\"false\" aria-controls=\"e-n-accordion-item-9033\" >\n\t\t\t\t\t Le tinture per capelli possono causare irritazione del cuoio capelluto o perdita di capelli?<br \/>\n\t\t\t<svg aria-hidden=\"true\" viewBox=\"0 0 448 512\" xmlns=\"http:\/\/www.w3.org\/2000\/svg\"><path d=\"M416 208H32c-17.67 0-32 14.33-32 32v32c0 17.67 14.33 32 32 32h384c17.67 0 32-14.33 32-32v-32c0-17.67-14.33-32-32-32z\"><\/path><\/svg><br \/>\n\t\t\t<svg aria-hidden=\"true\" viewBox=\"0 0 448 512\" xmlns=\"http:\/\/www.w3.org\/2000\/svg\"><path d=\"M416 208H272V64c0-17.67-14.33-32-32-32h-32c-17.67 0-32 14.33-32 32v144H32c-17.67 0-32 14.33-32 32v32c0 17.67 14.33 32 32 32h144v144c0 17.67 14.33 32 32 32h32c17.67 0 32-14.33 32-32V304h144c17.67 0 32-14.33 32-32v-32c0-17.67-14.33-32-32-32z\"><\/path><\/svg><br \/>\n\t\t\t\t\t\t<\/summary>\n<p>La tintura per capelli pu\u00f2 provocare in alcuni individui un&#8217;irritazione del cuoio capelluto, che pu\u00f2 portare alla perdita dei capelli se l&#8217;irritazione \u00e8 grave. \u00c8 importante fare un patch test prima di applicare la tintura per assicurarsi di non avere una reazione allergica.<\/p>\n<\/details>\n<details id=\"e-n-accordion-item-9034\" >\n<summary data-accordion-index=\"5\" tabindex=\"-1\" aria-expanded=\"false\" aria-controls=\"e-n-accordion-item-9034\" >\n\t\t\t\t\t Con quale frequenza devo condizionare i miei capelli se li tingo regolarmente?<br \/>\n\t\t\t<svg aria-hidden=\"true\" viewBox=\"0 0 448 512\" xmlns=\"http:\/\/www.w3.org\/2000\/svg\"><path d=\"M416 208H32c-17.67 0-32 14.33-32 32v32c0 17.67 14.33 32 32 32h384c17.67 0 32-14.33 32-32v-32c0-17.67-14.33-32-32-32z\"><\/path><\/svg><br \/>\n\t\t\t<svg aria-hidden=\"true\" viewBox=\"0 0 448 512\" xmlns=\"http:\/\/www.w3.org\/2000\/svg\"><path d=\"M416 208H272V64c0-17.67-14.33-32-32-32h-32c-17.67 0-32 14.33-32 32v144H32c-17.67 0-32 14.33-32 32v32c0 17.67 14.33 32 32 32h144v144c0 17.67 14.33 32 32 32h32c17.67 0 32-14.33 32-32V304h144c17.67 0 32-14.33 32-32v-32c0-17.67-14.33-32-32-32z\"><\/path><\/svg><br \/>\n\t\t\t\t\t\t<\/summary>\n<p>Se si tingono i capelli regolarmente, \u00e8 utile condizionarli frequentemente, almeno una volta alla settimana, per ripristinare l&#8217;idratazione e rinforzare i capelli. L&#8217;uso di trattamenti di condizionamento profondo pu\u00f2 aiutare a contrastare gli effetti della colorazione.<\/p>\n<\/details>\n<details id=\"e-n-accordion-item-9035\" >\n<summary data-accordion-index=\"6\" tabindex=\"-1\" aria-expanded=\"false\" aria-controls=\"e-n-accordion-item-9035\" >\n\t\t\t\t\t \u00c8 possibile invertire i danni ai capelli causati dalla colorazione?<br \/>\n\t\t\t<svg aria-hidden=\"true\" viewBox=\"0 0 448 512\" xmlns=\"http:\/\/www.w3.org\/2000\/svg\"><path d=\"M416 208H32c-17.67 0-32 14.33-32 32v32c0 17.67 14.33 32 32 32h384c17.67 0 32-14.33 32-32v-32c0-17.67-14.33-32-32-32z\"><\/path><\/svg><br \/>\n\t\t\t<svg aria-hidden=\"true\" viewBox=\"0 0 448 512\" xmlns=\"http:\/\/www.w3.org\/2000\/svg\"><path d=\"M416 208H272V64c0-17.67-14.33-32-32-32h-32c-17.67 0-32 14.33-32 32v144H32c-17.67 0-32 14.33-32 32v32c0 17.67 14.33 32 32 32h144v144c0 17.67 14.33 32 32 32h32c17.67 0 32-14.33 32-32V304h144c17.67 0 32-14.33 32-32v-32c0-17.67-14.33-32-32-32z\"><\/path><\/svg><br \/>\n\t\t\t\t\t\t<\/summary>\n<p>Sebbene non sia possibile annullare completamente i danni ai capelli, \u00e8 possibile migliorarne le condizioni con una cura adeguata. L&#8217;uso di trattamenti condizionanti, l&#8217;evitare lo styling a caldo e il mantenere una dieta sana possono aiutare a ripristinare l&#8217;idratazione e la forza dei capelli.<\/p>\n<\/details>\n<p>La colorazione dei capelli in s\u00e9 non causa direttamente la caduta dei capelli. Tuttavia, le sostanze chimiche contenute nelle tinture possono indebolire i capelli e renderli pi\u00f9 soggetti a danni e rotture, il che pu\u00f2 contribuire alla loro caduta nel tempo.<\/p>\n<p>S\u00ec, le tinture per capelli permanenti contengono spesso sostanze chimiche pi\u00f9 forti rispetto alle tinture semi-permanenti o temporanee. L&#8217;uso frequente di tinture permanenti pu\u00f2 causare danni pi\u00f9 significativi alla struttura del capello.<\/p>\n<p>Per ridurre al minimo i danni, limitate la frequenza delle colorazioni, utilizzate prodotti di alta qualit\u00e0 e inserite trattamenti condizionanti nella vostra routine di cura dei capelli. Anche evitare uno styling eccessivamente caldo pu\u00f2 aiutare a mantenere la salute dei capelli.<\/p>\n<p>La tintura per capelli pu\u00f2 provocare in alcuni individui un&#8217;irritazione del cuoio capelluto, che pu\u00f2 portare alla perdita dei capelli se l&#8217;irritazione \u00e8 grave. \u00c8 importante fare un patch test prima di applicare la tintura per assicurarsi di non avere una reazione allergica.<\/p>\n<p>Se si tingono i capelli regolarmente, \u00e8 utile condizionarli frequentemente, almeno una volta alla settimana, per ripristinare l&#8217;idratazione e rinforzare i capelli. L&#8217;uso di trattamenti di condizionamento profondo pu\u00f2 aiutare a contrastare gli effetti della colorazione.<\/p>\n<p>Sebbene non sia possibile annullare completamente i danni ai capelli, \u00e8 possibile migliorarne le condizioni con una cura adeguata. L&#8217;uso di trattamenti condizionanti, l&#8217;evitare lo styling a caldo e il mantenere una dieta sana possono aiutare a ripristinare l&#8217;idratazione e la forza dei capelli.<\/p>\n","protected":false},"excerpt":{"rendered":"<p>Il colore dei capelli influisce sulla perdita di capelli Indice dei contenuti Comprendere la relazione tra colore dei capelli e perdita di capelli La relazione tra colore dei capelli e perdita di capelli \u00e8 un argomento di interesse per molte persone preoccupate per la salute dei propri capelli. Il colore dei capelli in s\u00e9 non [&hellip;]<\/p>\n","protected":false},"author":6,"featured_media":0,"parent":0,"menu_order":0,"comment_status":"closed","ping_status":"closed","template":"","meta":{"footnotes":""},"class_list":["post-32148","page","type-page","status-publish","hentry"],"_links":{"self":[{"href":"https:\/\/drterziler.com\/it\/wp-json\/wp\/v2\/pages\/32148","targetHints":{"allow":["GET"]}}],"collection":[{"href":"https:\/\/drterziler.com\/it\/wp-json\/wp\/v2\/pages"}],"about":[{"href":"https:\/\/drterziler.com\/it\/wp-json\/wp\/v2\/types\/page"}],"author":[{"embeddable":true,"href":"https:\/\/drterziler.com\/it\/wp-json\/wp\/v2\/users\/6"}],"replies":[{"embeddable":true,"href":"https:\/\/drterziler.com\/it\/wp-json\/wp\/v2\/comments?post=32148"}],"version-history":[{"count":4,"href":"https:\/\/drterziler.com\/it\/wp-json\/wp\/v2\/pages\/32148\/revisions"}],"predecessor-version":[{"id":43236,"href":"https:\/\/drterziler.com\/it\/wp-json\/wp\/v2\/pages\/32148\/revisions\/43236"}],"wp:attachment":[{"href":"https:\/\/drterziler.com\/it\/wp-json\/wp\/v2\/media?parent=32148"}],"curies":[{"name":"wp","href":"https:\/\/api.w.org\/{rel}","templated":true}]}}