{"id":32152,"date":"2024-09-25T07:20:35","date_gmt":"2024-09-25T07:20:35","guid":{"rendered":"https:\/\/drterziler.com\/?page_id=32152"},"modified":"2025-06-12T06:42:14","modified_gmt":"2025-06-12T06:42:14","slug":"trapianto-di-capelli-manuale-o-robotico","status":"publish","type":"page","link":"https:\/\/drterziler.com\/it\/trapianto-di-capelli-manuale-o-robotico\/","title":{"rendered":"Trapianto di capelli manuale o robotico"},"content":{"rendered":"<h1 class=\"content-title h1-header\">Trapianto di capelli manuale o robotico<\/h1>\n<nav aria-label=\"breadcrumbs\" class=\"rank-math-breadcrumb\"><p><span class=\"last\">Dr. Terziler<\/span><\/p><\/nav>\n<h4>\n\t\t\t\tIndice dei contenuti\t\t\t<\/h4>\n<p>\t\t\t\t\t\t\t<svg aria-hidden=\"true\" viewBox=\"0 0 448 512\" xmlns=\"http:\/\/www.w3.org\/2000\/svg\"><path d=\"M207.029 381.476L12.686 187.132c-9.373-9.373-9.373-24.569 0-33.941l22.667-22.667c9.357-9.357 24.522-9.375 33.901-.04L224 284.505l154.745-154.021c9.379-9.335 24.544-9.317 33.901.04l22.667 22.667c9.373 9.373 9.373 24.569 0 33.941L240.971 381.476c-9.373 9.372-24.569 9.372-33.942 0z\"><\/path><\/svg><br \/>\n\t\t\t\t<svg aria-hidden=\"true\" viewBox=\"0 0 448 512\" xmlns=\"http:\/\/www.w3.org\/2000\/svg\"><path d=\"M240.971 130.524l194.343 194.343c9.373 9.373 9.373 24.569 0 33.941l-22.667 22.667c-9.357 9.357-24.522 9.375-33.901.04L224 227.495 69.255 381.516c-9.379 9.335-24.544 9.317-33.901-.04l-22.667-22.667c-9.373-9.373-9.373-24.569 0-33.941L207.03 130.525c9.372-9.373 24.568-9.373 33.941-.001z\"><\/path><\/svg><br \/>\n\t\t\t\t<svg aria-hidden=\"true\" viewBox=\"0 0 1000 1000\" xmlns=\"http:\/\/www.w3.org\/2000\/svg\"><path d=\"M500 975V858C696 858 858 696 858 500S696 142 500 142 142 304 142 500H25C25 237 238 25 500 25S975 237 975 500 763 975 500 975Z\"><\/path><\/svg><br \/>\n\t\t\t\t\t\t\t\t\t\t\t\t\t\t\t\t\t\t\t\t\t\t<img loading=\"lazy\" decoding=\"async\" width=\"1920\" height=\"1080\" src=\"https:\/\/drterziler.com\/wp-content\/uploads\/2024\/09\/PICASSO-3.webp\" alt=\"\" srcset=\"https:\/\/drterziler.com\/wp-content\/uploads\/2024\/09\/PICASSO-3.webp 1920w, https:\/\/drterziler.com\/wp-content\/uploads\/2024\/09\/PICASSO-3-300x169.webp 300w, https:\/\/drterziler.com\/wp-content\/uploads\/2024\/09\/PICASSO-3-1024x576.webp 1024w, https:\/\/drterziler.com\/wp-content\/uploads\/2024\/09\/PICASSO-3-768x432.webp 768w, https:\/\/drterziler.com\/wp-content\/uploads\/2024\/09\/PICASSO-3-1536x864.webp 1536w\" sizes=\"auto, (max-width: 1920px) 100vw, 1920px\">\t\t\t\t\t\t\t\t\t\t\t\t\t<\/p>\n<h3>Qual \u00e8 la differenza tra i metodi di trapianto di capelli manuali e robotici?<\/h3>\n<p>Le tecniche di trapianto di capelli si sono evolute in modo significativo nel corso degli anni, offrendo ai pazienti due metodi principali: trapianto di capelli manuale e robotico. Entrambi i metodi mirano a ripristinare i capelli nelle zone colpite da diradamento o calvizie, ma differiscono nel modo in cui i follicoli piliferi vengono raccolti e impiantati. Il trapianto manuale si basa sull&#8217;abilit\u00e0 del chirurgo che estrae e impianta manualmente gli innesti, mentre il trapianto robotico utilizza una tecnologia avanzata per assistere il processo di estrazione. Comprendere le differenze tra questi due metodi \u00e8 essenziale per scegliere l&#8217;opzione migliore per le proprie esigenze individuali.<\/p>\n<h3>Trapianto manuale: precisione e personalizzazione<\/h3>\n<p>Nel trapianto manuale, il chirurgo utilizza strumenti manuali per estrarre i follicoli piliferi dall&#8217;area donatrice e impiantarli nell&#8217;area ricevente. La tecnica manuale pi\u00f9 comune \u00e8 l&#8217;estrazione di unit\u00e0 follicolari (FUE), in cui i singoli innesti vengono rimossi utilizzando uno strumento a micropunzone. Questo metodo consente un&#8217;elevata precisione e personalizzazione, poich\u00e9 il chirurgo pu\u00f2 selezionare manualmente i migliori follicoli da trapiantare in base alla propria esperienza e competenza. Tuttavia, i trapianti di capelli manuali possono richiedere molto tempo e i risultati dipendono fortemente dal livello di abilit\u00e0 del chirurgo.<\/p>\n<h3>Trapianto di capelli robotizzato: velocit\u00e0 e coerenza<\/h3>\n<p>I metodi di trapianto di capelli robotizzati, come ARTAS, utilizzano l&#8217;intelligenza artificiale e la precisione robotica per assistere nell&#8217;estrazione dei follicoli piliferi. Il sistema robotizzato scansiona il cuoio capelluto per identificare i follicoli migliori da estrarre e li rimuove con incredibile precisione. Mentre il chirurgo supervisiona il processo, il sistema robotico contribuisce a garantire la coerenza e riduce le possibilit\u00e0 di errore umano. Uno dei principali vantaggi dei trapianti di capelli robotizzati \u00e8 la velocit\u00e0 con cui la procedura pu\u00f2 essere completata, rendendola ideale per i pazienti che cercano un tempo di recupero pi\u00f9 rapido.<\/p>\n<h3>Pro e contro dei trapianti di capelli manuali rispetto a quelli robotizzati<\/h3>\n<ul>\n<li><strong>I trapianti manuali<\/strong> offrono maggiore controllo e precisione, consentendo al chirurgo di apportare modifiche durante l&#8217;intera procedura. Tuttavia, richiedono pi\u00f9 tempo e possono essere fisicamente impegnativi per il chirurgo.<\/li>\n<li><strong>I trapianti robotici<\/strong> sono pi\u00f9 veloci e pi\u00f9 coerenti, ma possono non offrire la precisione che pu\u00f2 fornire la mano di un chirurgo. Inoltre, i sistemi robotici possono essere pi\u00f9 costosi, il che pu\u00f2 influenzare la scelta del paziente.<\/li>\n<\/ul>\n<h3>Qual \u00e8 il metodo migliore per te?<\/h3>\n<p>La scelta tra trapianto manuale e robotizzato dipende da vari fattori, tra cui il tipo di capelli del paziente, le dimensioni dell&#8217;area da trapiantare e il budget. I pazienti con casi pi\u00f9 complessi possono trarre vantaggio dalla precisione e dalla flessibilit\u00e0 di un trapianto manuale, mentre coloro che cercano un recupero pi\u00f9 rapido possono preferire l&#8217;opzione robotizzata. Consultare uno specialista in trapianto di capelli \u00e8 essenziale per determinare quale metodo \u00e8 pi\u00f9 adatto per ottenere i risultati desiderati.<\/p>\n<h2>Domande e risposte sul trapianto di capelli manuale e robotico<\/h2>\n<details id=\"e-n-accordion-item-9030\" open>\n<summary data-accordion-index=\"1\" tabindex=\"0\" aria-expanded=\"true\" aria-controls=\"e-n-accordion-item-9030\" >\n\t\t\t\t\t I tempi di recupero sono diversi tra trapianto di capelli manuale e robotico?<br \/>\n\t\t\t<svg aria-hidden=\"true\" viewBox=\"0 0 448 512\" xmlns=\"http:\/\/www.w3.org\/2000\/svg\"><path d=\"M416 208H32c-17.67 0-32 14.33-32 32v32c0 17.67 14.33 32 32 32h384c17.67 0 32-14.33 32-32v-32c0-17.67-14.33-32-32-32z\"><\/path><\/svg><br \/>\n\t\t\t<svg aria-hidden=\"true\" viewBox=\"0 0 448 512\" xmlns=\"http:\/\/www.w3.org\/2000\/svg\"><path d=\"M416 208H272V64c0-17.67-14.33-32-32-32h-32c-17.67 0-32 14.33-32 32v144H32c-17.67 0-32 14.33-32 32v32c0 17.67 14.33 32 32 32h144v144c0 17.67 14.33 32 32 32h32c17.67 0 32-14.33 32-32V304h144c17.67 0 32-14.33 32-32v-32c0-17.67-14.33-32-32-32z\"><\/path><\/svg><br \/>\n\t\t\t\t\t\t<\/summary>\n<p>I tempi di recupero sono generalmente simili per entrambi i metodi, ma le procedure robotiche possono offrire un recupero leggermente pi\u00f9 rapido grazie alla precisione e alla natura meno invasiva dell&#8217;estrazione dei follicoli.<\/p>\n<\/details>\n<details id=\"e-n-accordion-item-9031\" >\n<summary data-accordion-index=\"2\" tabindex=\"-1\" aria-expanded=\"false\" aria-controls=\"e-n-accordion-item-9031\" >\n\t\t\t\t\t Il trapianto di capelli robotico pu\u00f2 essere combinato con le tecniche manuali?<br \/>\n\t\t\t<svg aria-hidden=\"true\" viewBox=\"0 0 448 512\" xmlns=\"http:\/\/www.w3.org\/2000\/svg\"><path d=\"M416 208H32c-17.67 0-32 14.33-32 32v32c0 17.67 14.33 32 32 32h384c17.67 0 32-14.33 32-32v-32c0-17.67-14.33-32-32-32z\"><\/path><\/svg><br \/>\n\t\t\t<svg aria-hidden=\"true\" viewBox=\"0 0 448 512\" xmlns=\"http:\/\/www.w3.org\/2000\/svg\"><path d=\"M416 208H272V64c0-17.67-14.33-32-32-32h-32c-17.67 0-32 14.33-32 32v144H32c-17.67 0-32 14.33-32 32v32c0 17.67 14.33 32 32 32h144v144c0 17.67 14.33 32 32 32h32c17.67 0 32-14.33 32-32V304h144c17.67 0 32-14.33 32-32v-32c0-17.67-14.33-32-32-32z\"><\/path><\/svg><br \/>\n\t\t\t\t\t\t<\/summary>\n<p>S\u00ec, alcuni chirurghi combinano l&#8217;estrazione robotica con l&#8217;impianto manuale per offrire il meglio di entrambi i metodi, garantendo precisione durante l&#8217;estrazione dei follicoli e personalizzazione durante l&#8217;impianto.<\/p>\n<\/details>\n<details id=\"e-n-accordion-item-9032\" >\n<summary data-accordion-index=\"3\" tabindex=\"-1\" aria-expanded=\"false\" aria-controls=\"e-n-accordion-item-9032\" >\n\t\t\t\t\t Il trapianto di capelli robotico \u00e8 meno doloroso di quello manuale?<br \/>\n\t\t\t<svg aria-hidden=\"true\" viewBox=\"0 0 448 512\" xmlns=\"http:\/\/www.w3.org\/2000\/svg\"><path d=\"M416 208H32c-17.67 0-32 14.33-32 32v32c0 17.67 14.33 32 32 32h384c17.67 0 32-14.33 32-32v-32c0-17.67-14.33-32-32-32z\"><\/path><\/svg><br \/>\n\t\t\t<svg aria-hidden=\"true\" viewBox=\"0 0 448 512\" xmlns=\"http:\/\/www.w3.org\/2000\/svg\"><path d=\"M416 208H272V64c0-17.67-14.33-32-32-32h-32c-17.67 0-32 14.33-32 32v144H32c-17.67 0-32 14.33-32 32v32c0 17.67 14.33 32 32 32h144v144c0 17.67 14.33 32 32 32h32c17.67 0 32-14.33 32-32V304h144c17.67 0 32-14.33 32-32v-32c0-17.67-14.33-32-32-32z\"><\/path><\/svg><br \/>\n\t\t\t\t\t\t<\/summary>\n<p>Entrambe le procedure sono in genere eseguite in anestesia locale, il che le rende relativamente indolori. Tuttavia, il metodo robotico pu\u00f2 comportare un minor disagio post-operatorio grazie alla minima invasivit\u00e0 del processo di estrazione.<\/p>\n<\/details>\n<details id=\"e-n-accordion-item-9033\" >\n<summary data-accordion-index=\"4\" tabindex=\"-1\" aria-expanded=\"false\" aria-controls=\"e-n-accordion-item-9033\" >\n\t\t\t\t\t Qual \u00e8 il metodo migliore per il restauro dei capelli su larga scala?<br \/>\n\t\t\t<svg aria-hidden=\"true\" viewBox=\"0 0 448 512\" xmlns=\"http:\/\/www.w3.org\/2000\/svg\"><path d=\"M416 208H32c-17.67 0-32 14.33-32 32v32c0 17.67 14.33 32 32 32h384c17.67 0 32-14.33 32-32v-32c0-17.67-14.33-32-32-32z\"><\/path><\/svg><br \/>\n\t\t\t<svg aria-hidden=\"true\" viewBox=\"0 0 448 512\" xmlns=\"http:\/\/www.w3.org\/2000\/svg\"><path d=\"M416 208H272V64c0-17.67-14.33-32-32-32h-32c-17.67 0-32 14.33-32 32v144H32c-17.67 0-32 14.33-32 32v32c0 17.67 14.33 32 32 32h144v144c0 17.67 14.33 32 32 32h32c17.67 0 32-14.33 32-32V304h144c17.67 0 32-14.33 32-32v-32c0-17.67-14.33-32-32-32z\"><\/path><\/svg><br \/>\n\t\t\t\t\t\t<\/summary>\n<p>I trapianti robotizzati possono essere pi\u00f9 adatti per il restauro dei capelli su larga scala, grazie alla velocit\u00e0 e all&#8217;efficienza del processo di estrazione dei follicoli.<\/p>\n<\/details>\n<details id=\"e-n-accordion-item-9034\" >\n<summary data-accordion-index=\"5\" tabindex=\"-1\" aria-expanded=\"false\" aria-controls=\"e-n-accordion-item-9034\" >\n\t\t\t\t\t I trapianti di capelli robotici sono pi\u00f9 costosi?<br \/>\n\t\t\t<svg aria-hidden=\"true\" viewBox=\"0 0 448 512\" xmlns=\"http:\/\/www.w3.org\/2000\/svg\"><path d=\"M416 208H32c-17.67 0-32 14.33-32 32v32c0 17.67 14.33 32 32 32h384c17.67 0 32-14.33 32-32v-32c0-17.67-14.33-32-32-32z\"><\/path><\/svg><br \/>\n\t\t\t<svg aria-hidden=\"true\" viewBox=\"0 0 448 512\" xmlns=\"http:\/\/www.w3.org\/2000\/svg\"><path d=\"M416 208H272V64c0-17.67-14.33-32-32-32h-32c-17.67 0-32 14.33-32 32v144H32c-17.67 0-32 14.33-32 32v32c0 17.67 14.33 32 32 32h144v144c0 17.67 14.33 32 32 32h32c17.67 0 32-14.33 32-32V304h144c17.67 0 32-14.33 32-32v-32c0-17.67-14.33-32-32-32z\"><\/path><\/svg><br \/>\n\t\t\t\t\t\t<\/summary>\n<p>S\u00ec, i trapianti di capelli robotizzati tendono ad essere pi\u00f9 costosi a causa della tecnologia avanzata che li caratterizza. Tuttavia, la differenza di costo pu\u00f2 essere giustificata dalla velocit\u00e0 e dalla precisione della procedura.<\/p>\n<\/details>\n<p>I tempi di recupero sono generalmente simili per entrambi i metodi, ma le procedure robotiche possono offrire un recupero leggermente pi\u00f9 rapido grazie alla precisione e alla natura meno invasiva dell&#8217;estrazione dei follicoli.<\/p>\n<p>S\u00ec, alcuni chirurghi combinano l&#8217;estrazione robotica con l&#8217;impianto manuale per offrire il meglio di entrambi i metodi, garantendo precisione durante l&#8217;estrazione dei follicoli e personalizzazione durante l&#8217;impianto.<\/p>\n<p>Entrambe le procedure sono in genere eseguite in anestesia locale, il che le rende relativamente indolori. Tuttavia, il metodo robotico pu\u00f2 comportare un minor disagio post-operatorio grazie alla minima invasivit\u00e0 del processo di estrazione.<\/p>\n<p>I trapianti robotizzati possono essere pi\u00f9 adatti per il restauro dei capelli su larga scala, grazie alla velocit\u00e0 e all&#8217;efficienza del processo di estrazione dei follicoli.<\/p>\n<p>S\u00ec, i trapianti di capelli robotizzati tendono ad essere pi\u00f9 costosi a causa della tecnologia avanzata che li caratterizza. Tuttavia, la differenza di costo pu\u00f2 essere giustificata dalla velocit\u00e0 e dalla precisione della procedura.<\/p>\n","protected":false},"excerpt":{"rendered":"<p>Trapianto di capelli manuale o robotico Indice dei contenuti Qual \u00e8 la differenza tra i metodi di trapianto di capelli manuali e robotici? Le tecniche di trapianto di capelli si sono evolute in modo significativo nel corso degli anni, offrendo ai pazienti due metodi principali: trapianto di capelli manuale e robotico. Entrambi i metodi mirano [&hellip;]<\/p>\n","protected":false},"author":6,"featured_media":0,"parent":0,"menu_order":0,"comment_status":"closed","ping_status":"closed","template":"","meta":{"footnotes":""},"class_list":["post-32152","page","type-page","status-publish","hentry"],"_links":{"self":[{"href":"https:\/\/drterziler.com\/it\/wp-json\/wp\/v2\/pages\/32152","targetHints":{"allow":["GET"]}}],"collection":[{"href":"https:\/\/drterziler.com\/it\/wp-json\/wp\/v2\/pages"}],"about":[{"href":"https:\/\/drterziler.com\/it\/wp-json\/wp\/v2\/types\/page"}],"author":[{"embeddable":true,"href":"https:\/\/drterziler.com\/it\/wp-json\/wp\/v2\/users\/6"}],"replies":[{"embeddable":true,"href":"https:\/\/drterziler.com\/it\/wp-json\/wp\/v2\/comments?post=32152"}],"version-history":[{"count":4,"href":"https:\/\/drterziler.com\/it\/wp-json\/wp\/v2\/pages\/32152\/revisions"}],"predecessor-version":[{"id":43185,"href":"https:\/\/drterziler.com\/it\/wp-json\/wp\/v2\/pages\/32152\/revisions\/43185"}],"wp:attachment":[{"href":"https:\/\/drterziler.com\/it\/wp-json\/wp\/v2\/media?parent=32152"}],"curies":[{"name":"wp","href":"https:\/\/api.w.org\/{rel}","templated":true}]}}