{"id":32156,"date":"2024-09-25T06:53:50","date_gmt":"2024-09-25T06:53:50","guid":{"rendered":"https:\/\/drterziler.com\/?page_id=32156"},"modified":"2025-05-27T00:15:21","modified_gmt":"2025-05-27T00:15:21","slug":"i-5-principali-nutrienti-essenziali-per-la-dieta-contro-la-caduta-dei-capelli","status":"publish","type":"page","link":"https:\/\/drterziler.com\/it\/i-5-principali-nutrienti-essenziali-per-la-dieta-contro-la-caduta-dei-capelli\/","title":{"rendered":"I 5 principali nutrienti essenziali per la dieta contro la caduta dei capelli"},"content":{"rendered":"<h1 class=\"content-title h1-header\">I 5 principali nutrienti essenziali per la dieta contro la caduta dei capelli<\/h1>\n<nav aria-label=\"breadcrumbs\">\n<p>Dr. Terziler<\/p>\n<\/nav>\n<h4>\n\t\t\t\tIndice dei contenuti\t\t\t<\/h4>\n<p>\t\t\t\t\t\t\t<svg aria-hidden=\"true\" viewBox=\"0 0 448 512\" xmlns=\"http:\/\/www.w3.org\/2000\/svg\"><path d=\"M207.029 381.476L12.686 187.132c-9.373-9.373-9.373-24.569 0-33.941l22.667-22.667c9.357-9.357 24.522-9.375 33.901-.04L224 284.505l154.745-154.021c9.379-9.335 24.544-9.317 33.901.04l22.667 22.667c9.373 9.373 9.373 24.569 0 33.941L240.971 381.476c-9.373 9.372-24.569 9.372-33.942 0z\"><\/path><\/svg><br \/>\n\t\t\t\t<svg aria-hidden=\"true\" viewBox=\"0 0 448 512\" xmlns=\"http:\/\/www.w3.org\/2000\/svg\"><path d=\"M240.971 130.524l194.343 194.343c9.373 9.373 9.373 24.569 0 33.941l-22.667 22.667c-9.357 9.357-24.522 9.375-33.901.04L224 227.495 69.255 381.516c-9.379 9.335-24.544 9.317-33.901-.04l-22.667-22.667c-9.373-9.373-9.373-24.569 0-33.941L207.03 130.525c9.372-9.373 24.568-9.373 33.941-.001z\"><\/path><\/svg><br \/>\n\t\t\t\t<svg aria-hidden=\"true\" viewBox=\"0 0 1000 1000\" xmlns=\"http:\/\/www.w3.org\/2000\/svg\"><path d=\"M500 975V858C696 858 858 696 858 500S696 142 500 142 142 304 142 500H25C25 237 238 25 500 25S975 237 975 500 763 975 500 975Z\"><\/path><\/svg><br \/>\n\t\t\t\t\t\t\t\t\t\t\t\t\t\t\t\t\t\t\t\t\t\t<img loading=\"lazy\" decoding=\"async\" width=\"884\" height=\"562\" src=\"https:\/\/drterziler.com\/wp-content\/uploads\/2024\/09\/top-5-nutrients-hair-loss.png\" alt=\"\" srcset=\"https:\/\/drterziler.com\/wp-content\/uploads\/2024\/09\/top-5-nutrients-hair-loss.png 884w, https:\/\/drterziler.com\/wp-content\/uploads\/2024\/09\/top-5-nutrients-hair-loss-300x191.png 300w, https:\/\/drterziler.com\/wp-content\/uploads\/2024\/09\/top-5-nutrients-hair-loss-768x488.png 768w\" sizes=\"auto, (max-width: 884px) 100vw, 884px\">\t\t\t\t\t\t\t\t\t\t\t\t\t<\/p>\n<h3>Quali sono i 5 nutrienti essenziali per combattere la caduta dei capelli?<\/h3>\n<p>La caduta dei capelli \u00e8 spesso legata a carenze nutrizionali, per questo motivo seguire una dieta corretta pu\u00f2 aiutare a mantenere i capelli sani e prevenirne il diradamento. I nutrienti essenziali svolgono un ruolo fondamentale nel favorire la crescita dei capelli e nel mantenere la forza dei follicoli piliferi. I cinque nutrienti principali necessari per combattere la caduta dei capelli sono biotina, ferro, zinco, vitamina D e acidi grassi omega-3. Ognuno di questi nutrienti fornisce benefici specifici che contribuiscono alla salute generale del cuoio capelluto e alla densit\u00e0 dei capelli. Comprendere il loro ruolo nella dieta \u00e8 fondamentale per affrontare la caduta dei capelli in modo naturale.<\/p>\n<h3>Biotina: la vitamina per la crescita dei capelli<\/h3>\n<p>La biotina, nota anche come vitamina B7, \u00e8 uno dei nutrienti pi\u00f9 noti per la salute dei capelli. Aiuta a convertire i nutrienti in energia e svolge un ruolo fondamentale nella produzione di cheratina, una proteina che costituisce la struttura dei capelli. Le carenze di biotina possono portare a capelli fragili, perdita di capelli e diradamento. Gli alimenti ricchi di biotina includono uova, noci, semi e verdure a foglia verde, che possono essere facilmente incorporati nella dieta quotidiana.<\/p>\n<h3>Ferro: prevenire il diradamento dei capelli<\/h3>\n<p>Il ferro \u00e8 un altro nutriente essenziale che favorisce la crescita sana dei capelli aiutando i globuli rossi a trasportare l&#8217;ossigeno ai follicoli piliferi. La carenza di ferro, nota anche come anemia, \u00e8 una causa comune di diradamento dei capelli, soprattutto nelle donne. Gli alimenti ricchi di ferro includono carne rossa, spinaci, lenticchie e cereali fortificati. Garantire un adeguato apporto di ferro \u00e8 fondamentale per mantenere i capelli forti e prevenirne l&#8217;ulteriore perdita.<\/p>\n<h3>Zinco: mantenere la salute del cuoio capelluto<\/h3>\n<p>Lo zinco svolge un ruolo importante nella riparazione del tessuto capillare e nel mantenimento delle ghiandole sebacee che circondano i follicoli piliferi. Una carenza di zinco pu\u00f2 contribuire alla caduta dei capelli e a disturbi del cuoio capelluto come la forfora. Incorporare nella dieta alimenti ricchi di zinco come ostriche, ceci e semi di zucca pu\u00f2 favorire la salute dei capelli e garantire che il cuoio capelluto rimanga nutrito ed equilibrato.<\/p>\n<h3>Vitamina D: stimolare i follicoli piliferi<\/h3>\n<p>La vitamina D \u00e8 essenziale per stimolare i follicoli piliferi, favorire la crescita e mantenere lo spessore dei capelli. Molte persone che soffrono di perdita di capelli hanno bassi livelli di vitamina D, il che la rende un nutriente cruciale su cui concentrarsi. L&#8217;esposizione al sole \u00e8 uno dei modi migliori per assumere vitamina D, ma pu\u00f2 essere trovata anche in alimenti come pesce grasso, latticini fortificati e integratori.<\/p>\n<h3>Acidi grassi omega-3: riducono l&#8217;infiammazione e favoriscono la crescita dei capelli<\/h3>\n<p>Gli acidi grassi omega-3 sono essenziali per ridurre l&#8217;infiammazione del cuoio capelluto e favorire la crescita dei capelli. Questi grassi sani nutrono i follicoli piliferi, favoriscono la salute delle membrane cellulari e migliorano l&#8217;elasticit\u00e0 dei capelli. Gli omega-3 si trovano in alimenti come il salmone, i semi di chia, i semi di lino e le noci, tutti in grado di aumentare la forza e la lucentezza dei capelli.<\/p>\n<h2>Domande sui 5 principali nutrienti<\/h2>\n<details id=\"e-n-accordion-item-9030\" open>\n<summary data-accordion-index=\"1\" tabindex=\"0\" aria-expanded=\"true\" aria-controls=\"e-n-accordion-item-9030\" >\n\t\t\t\t\t Di quanta vitamina D ho bisogno per avere capelli sani?<br \/>\n\t\t\t<svg aria-hidden=\"true\" viewBox=\"0 0 448 512\" xmlns=\"http:\/\/www.w3.org\/2000\/svg\"><path d=\"M416 208H32c-17.67 0-32 14.33-32 32v32c0 17.67 14.33 32 32 32h384c17.67 0 32-14.33 32-32v-32c0-17.67-14.33-32-32-32z\"><\/path><\/svg><br \/>\n\t\t\t<svg aria-hidden=\"true\" viewBox=\"0 0 448 512\" xmlns=\"http:\/\/www.w3.org\/2000\/svg\"><path d=\"M416 208H272V64c0-17.67-14.33-32-32-32h-32c-17.67 0-32 14.33-32 32v144H32c-17.67 0-32 14.33-32 32v32c0 17.67 14.33 32 32 32h144v144c0 17.67 14.33 32 32 32h32c17.67 0 32-14.33 32-32V304h144c17.67 0 32-14.33 32-32v-32c0-17.67-14.33-32-32-32z\"><\/path><\/svg><br \/>\n\t\t\t\t\t\t<\/summary>\n<p>Un apporto giornaliero di 600 UI di vitamina D \u00e8 generalmente raccomandato per gli adulti. Tuttavia, i soggetti con bassi livelli di vitamina D possono richiedere integratori o una maggiore esposizione al sole per favorire la crescita dei capelli.<\/p>\n<\/details>\n<details id=\"e-n-accordion-item-9031\" >\n<summary data-accordion-index=\"2\" tabindex=\"-1\" aria-expanded=\"false\" aria-controls=\"e-n-accordion-item-9031\" >\n\t\t\t\t\t \u00c8 possibile ottenere tutti i nutrienti necessari solo con l&#8217;alimentazione?<br \/>\n\t\t\t<svg aria-hidden=\"true\" viewBox=\"0 0 448 512\" xmlns=\"http:\/\/www.w3.org\/2000\/svg\"><path d=\"M416 208H32c-17.67 0-32 14.33-32 32v32c0 17.67 14.33 32 32 32h384c17.67 0 32-14.33 32-32v-32c0-17.67-14.33-32-32-32z\"><\/path><\/svg><br \/>\n\t\t\t<svg aria-hidden=\"true\" viewBox=\"0 0 448 512\" xmlns=\"http:\/\/www.w3.org\/2000\/svg\"><path d=\"M416 208H272V64c0-17.67-14.33-32-32-32h-32c-17.67 0-32 14.33-32 32v144H32c-17.67 0-32 14.33-32 32v32c0 17.67 14.33 32 32 32h144v144c0 17.67 14.33 32 32 32h32c17.67 0 32-14.33 32-32V304h144c17.67 0 32-14.33 32-32v-32c0-17.67-14.33-32-32-32z\"><\/path><\/svg><br \/>\n\t\t\t\t\t\t<\/summary>\n<p>Sebbene una dieta equilibrata possa fornire molti dei nutrienti essenziali per la salute dei capelli, alcuni individui possono richiedere integratori, soprattutto se presentano carenze specifiche o restrizioni dietetiche.<\/p>\n<\/details>\n<details id=\"e-n-accordion-item-9032\" >\n<summary data-accordion-index=\"3\" tabindex=\"-1\" aria-expanded=\"false\" aria-controls=\"e-n-accordion-item-9032\" >\n\t\t\t\t\t Esistono integratori per la caduta dei capelli?<br \/>\n\t\t\t<svg aria-hidden=\"true\" viewBox=\"0 0 448 512\" xmlns=\"http:\/\/www.w3.org\/2000\/svg\"><path d=\"M416 208H32c-17.67 0-32 14.33-32 32v32c0 17.67 14.33 32 32 32h384c17.67 0 32-14.33 32-32v-32c0-17.67-14.33-32-32-32z\"><\/path><\/svg><br \/>\n\t\t\t<svg aria-hidden=\"true\" viewBox=\"0 0 448 512\" xmlns=\"http:\/\/www.w3.org\/2000\/svg\"><path d=\"M416 208H272V64c0-17.67-14.33-32-32-32h-32c-17.67 0-32 14.33-32 32v144H32c-17.67 0-32 14.33-32 32v32c0 17.67 14.33 32 32 32h144v144c0 17.67 14.33 32 32 32h32c17.67 0 32-14.33 32-32V304h144c17.67 0 32-14.33 32-32v-32c0-17.67-14.33-32-32-32z\"><\/path><\/svg><br \/>\n\t\t\t\t\t\t<\/summary>\n<p>Sono disponibili molti integratori, tra cui la biotina, il ferro, la vitamina D e le capsule di omega-3. Tuttavia, \u00e8 meglio consultare un medico prima di iniziare un nuovo regime di integrazione.<\/p>\n<\/details>\n<details id=\"e-n-accordion-item-9033\" >\n<summary data-accordion-index=\"4\" tabindex=\"-1\" aria-expanded=\"false\" aria-controls=\"e-n-accordion-item-9033\" >\n\t\t\t\t\t Una dieta scorretta pu\u00f2 davvero causare l&#8217;assottigliamento dei capelli?<br \/>\n\t\t\t<svg aria-hidden=\"true\" viewBox=\"0 0 448 512\" xmlns=\"http:\/\/www.w3.org\/2000\/svg\"><path d=\"M416 208H32c-17.67 0-32 14.33-32 32v32c0 17.67 14.33 32 32 32h384c17.67 0 32-14.33 32-32v-32c0-17.67-14.33-32-32-32z\"><\/path><\/svg><br \/>\n\t\t\t<svg aria-hidden=\"true\" viewBox=\"0 0 448 512\" xmlns=\"http:\/\/www.w3.org\/2000\/svg\"><path d=\"M416 208H272V64c0-17.67-14.33-32-32-32h-32c-17.67 0-32 14.33-32 32v144H32c-17.67 0-32 14.33-32 32v32c0 17.67 14.33 32 32 32h144v144c0 17.67 14.33 32 32 32h32c17.67 0 32-14.33 32-32V304h144c17.67 0 32-14.33 32-32v-32c0-17.67-14.33-32-32-32z\"><\/path><\/svg><br \/>\n\t\t\t\t\t\t<\/summary>\n<p>S\u00ec, una dieta carente di nutrienti essenziali come biotina, ferro e omega-3 pu\u00f2 contribuire all&#8217;assottigliamento e alla perdita dei capelli. Una dieta ricca di nutrienti \u00e8 fondamentale per mantenere una crescita sana dei capelli.<\/p>\n<\/details>\n<details id=\"e-n-accordion-item-9034\" >\n<summary data-accordion-index=\"5\" tabindex=\"-1\" aria-expanded=\"false\" aria-controls=\"e-n-accordion-item-9034\" >\n\t\t\t\t\t Gli acidi grassi omega-3 possono davvero migliorare lo spessore dei capelli?<br \/>\n\t\t\t<svg aria-hidden=\"true\" viewBox=\"0 0 448 512\" xmlns=\"http:\/\/www.w3.org\/2000\/svg\"><path d=\"M416 208H32c-17.67 0-32 14.33-32 32v32c0 17.67 14.33 32 32 32h384c17.67 0 32-14.33 32-32v-32c0-17.67-14.33-32-32-32z\"><\/path><\/svg><br \/>\n\t\t\t<svg aria-hidden=\"true\" viewBox=\"0 0 448 512\" xmlns=\"http:\/\/www.w3.org\/2000\/svg\"><path d=\"M416 208H272V64c0-17.67-14.33-32-32-32h-32c-17.67 0-32 14.33-32 32v144H32c-17.67 0-32 14.33-32 32v32c0 17.67 14.33 32 32 32h144v144c0 17.67 14.33 32 32 32h32c17.67 0 32-14.33 32-32V304h144c17.67 0 32-14.33 32-32v-32c0-17.67-14.33-32-32-32z\"><\/path><\/svg><br \/>\n\t\t\t\t\t\t<\/summary>\n<p>S\u00ec, gli acidi grassi omega-3 riducono l&#8217;infiammazione e nutrono i follicoli piliferi, migliorando lo spessore e l&#8217;elasticit\u00e0 dei capelli. L&#8217;integrazione di alimenti come il salmone e i semi di lino nella dieta pu\u00f2 aumentare la forza dei capelli.<\/p>\n<\/details>\n<details id=\"e-n-accordion-item-9035\" >\n<summary data-accordion-index=\"6\" tabindex=\"-1\" aria-expanded=\"false\" aria-controls=\"e-n-accordion-item-9035\" >\n\t\t\t\t\t Quali sono gli alimenti da includere nella dieta per ridurre la caduta dei capelli?<br \/>\n\t\t\t<svg aria-hidden=\"true\" viewBox=\"0 0 448 512\" xmlns=\"http:\/\/www.w3.org\/2000\/svg\"><path d=\"M416 208H32c-17.67 0-32 14.33-32 32v32c0 17.67 14.33 32 32 32h384c17.67 0 32-14.33 32-32v-32c0-17.67-14.33-32-32-32z\"><\/path><\/svg><br \/>\n\t\t\t<svg aria-hidden=\"true\" viewBox=\"0 0 448 512\" xmlns=\"http:\/\/www.w3.org\/2000\/svg\"><path d=\"M416 208H272V64c0-17.67-14.33-32-32-32h-32c-17.67 0-32 14.33-32 32v144H32c-17.67 0-32 14.33-32 32v32c0 17.67 14.33 32 32 32h144v144c0 17.67 14.33 32 32 32h32c17.67 0 32-14.33 32-32V304h144c17.67 0 32-14.33 32-32v-32c0-17.67-14.33-32-32-32z\"><\/path><\/svg><br \/>\n\t\t\t\t\t\t<\/summary>\n<p>Incorporare alimenti ricchi di biotina (uova, noci), ferro (spinaci, carne rossa), zinco (semi di zucca, ostriche), vitamina D (pesce grasso, cereali arricchiti) e omega-3 (salmone, semi di lino) per favorire una crescita sana dei capelli.<\/p>\n<\/details>\n<details id=\"e-n-accordion-item-9036\" >\n<summary data-accordion-index=\"7\" tabindex=\"-1\" aria-expanded=\"false\" aria-controls=\"e-n-accordion-item-9036\" >\n\t\t\t\t\t Quanto tempo ci vuole perch\u00e9 una dieta ricca di nutrienti migliori la salute dei capelli?<br \/>\n\t\t\t<svg aria-hidden=\"true\" viewBox=\"0 0 448 512\" xmlns=\"http:\/\/www.w3.org\/2000\/svg\"><path d=\"M416 208H32c-17.67 0-32 14.33-32 32v32c0 17.67 14.33 32 32 32h384c17.67 0 32-14.33 32-32v-32c0-17.67-14.33-32-32-32z\"><\/path><\/svg><br \/>\n\t\t\t<svg aria-hidden=\"true\" viewBox=\"0 0 448 512\" xmlns=\"http:\/\/www.w3.org\/2000\/svg\"><path d=\"M416 208H272V64c0-17.67-14.33-32-32-32h-32c-17.67 0-32 14.33-32 32v144H32c-17.67 0-32 14.33-32 32v32c0 17.67 14.33 32 32 32h144v144c0 17.67 14.33 32 32 32h32c17.67 0 32-14.33 32-32V304h144c17.67 0 32-14.33 32-32v-32c0-17.67-14.33-32-32-32z\"><\/path><\/svg><br \/>\n\t\t\t\t\t\t<\/summary>\n<p>I risultati variano, ma la maggior parte delle persone nota miglioramenti nella forza e nella crescita dei capelli entro 3-6 mesi dall&#8217;adozione di una dieta equilibrata e ricca di nutrienti.<\/p>\n<\/details>\n<p>Un apporto giornaliero di 600 UI di vitamina D \u00e8 generalmente raccomandato per gli adulti. Tuttavia, i soggetti con bassi livelli di vitamina D possono richiedere integratori o una maggiore esposizione al sole per favorire la crescita dei capelli.<\/p>\n<p>Sebbene una dieta equilibrata possa fornire molti dei nutrienti essenziali per la salute dei capelli, alcuni individui possono richiedere integratori, soprattutto se presentano carenze specifiche o restrizioni dietetiche.<\/p>\n<p>Sono disponibili molti integratori, tra cui la biotina, il ferro, la vitamina D e le capsule di omega-3. Tuttavia, \u00e8 meglio consultare un medico prima di iniziare un nuovo regime di integrazione.<\/p>\n<p>S\u00ec, una dieta carente di nutrienti essenziali come biotina, ferro e omega-3 pu\u00f2 contribuire all&#8217;assottigliamento e alla perdita dei capelli. Una dieta ricca di nutrienti \u00e8 fondamentale per mantenere una crescita sana dei capelli.<\/p>\n<p>S\u00ec, gli acidi grassi omega-3 riducono l&#8217;infiammazione e nutrono i follicoli piliferi, migliorando lo spessore e l&#8217;elasticit\u00e0 dei capelli. L&#8217;integrazione di alimenti come il salmone e i semi di lino nella dieta pu\u00f2 aumentare la forza dei capelli.<\/p>\n<p>Incorporare alimenti ricchi di biotina (uova, noci), ferro (spinaci, carne rossa), zinco (semi di zucca, ostriche), vitamina D (pesce grasso, cereali arricchiti) e omega-3 (salmone, semi di lino) per favorire una crescita sana dei capelli.<\/p>\n<p>I risultati variano, ma la maggior parte delle persone nota miglioramenti nella forza e nella crescita dei capelli entro 3-6 mesi dall&#8217;adozione di una dieta equilibrata e ricca di nutrienti.<\/p>\n","protected":false},"excerpt":{"rendered":"<p>I 5 principali nutrienti essenziali per la dieta contro la caduta dei capelli Dr. Terziler Indice dei contenuti Quali sono i 5 nutrienti essenziali per combattere la caduta dei capelli? La caduta dei capelli \u00e8 spesso legata a carenze nutrizionali, per questo motivo seguire una dieta corretta pu\u00f2 aiutare a mantenere i capelli sani e [&hellip;]<\/p>\n","protected":false},"author":6,"featured_media":0,"parent":0,"menu_order":0,"comment_status":"closed","ping_status":"closed","template":"","meta":{"footnotes":""},"class_list":["post-32156","page","type-page","status-publish","hentry"],"_links":{"self":[{"href":"https:\/\/drterziler.com\/it\/wp-json\/wp\/v2\/pages\/32156","targetHints":{"allow":["GET"]}}],"collection":[{"href":"https:\/\/drterziler.com\/it\/wp-json\/wp\/v2\/pages"}],"about":[{"href":"https:\/\/drterziler.com\/it\/wp-json\/wp\/v2\/types\/page"}],"author":[{"embeddable":true,"href":"https:\/\/drterziler.com\/it\/wp-json\/wp\/v2\/users\/6"}],"replies":[{"embeddable":true,"href":"https:\/\/drterziler.com\/it\/wp-json\/wp\/v2\/comments?post=32156"}],"version-history":[{"count":4,"href":"https:\/\/drterziler.com\/it\/wp-json\/wp\/v2\/pages\/32156\/revisions"}],"predecessor-version":[{"id":38540,"href":"https:\/\/drterziler.com\/it\/wp-json\/wp\/v2\/pages\/32156\/revisions\/38540"}],"wp:attachment":[{"href":"https:\/\/drterziler.com\/it\/wp-json\/wp\/v2\/media?parent=32156"}],"curies":[{"name":"wp","href":"https:\/\/api.w.org\/{rel}","templated":true}]}}