{"id":32162,"date":"2024-09-03T09:12:45","date_gmt":"2024-09-03T09:12:45","guid":{"rendered":"https:\/\/drterziler.com\/?page_id=32162"},"modified":"2025-06-11T10:14:14","modified_gmt":"2025-06-11T10:14:14","slug":"trapianto-di-capelli-in-estate","status":"publish","type":"page","link":"https:\/\/drterziler.com\/it\/trapianto-di-capelli-in-estate\/","title":{"rendered":"Trapianto di capelli in estate"},"content":{"rendered":"<nav aria-label=\"breadcrumbs\" class=\"rank-math-breadcrumb\"><p><span class=\"last\">Dr. Terziler<\/span><\/p><\/nav>\n<h4>\n\t\t\t\tIndice dei contenuti\t\t\t<\/h4>\n<p>\t\t\t\t\t\t\t<svg aria-hidden=\"true\" viewBox=\"0 0 448 512\" xmlns=\"http:\/\/www.w3.org\/2000\/svg\"><path d=\"M207.029 381.476L12.686 187.132c-9.373-9.373-9.373-24.569 0-33.941l22.667-22.667c9.357-9.357 24.522-9.375 33.901-.04L224 284.505l154.745-154.021c9.379-9.335 24.544-9.317 33.901.04l22.667 22.667c9.373 9.373 9.373 24.569 0 33.941L240.971 381.476c-9.373 9.372-24.569 9.372-33.942 0z\"><\/path><\/svg><br \/>\n\t\t\t\t<svg aria-hidden=\"true\" viewBox=\"0 0 448 512\" xmlns=\"http:\/\/www.w3.org\/2000\/svg\"><path d=\"M240.971 130.524l194.343 194.343c9.373 9.373 9.373 24.569 0 33.941l-22.667 22.667c-9.357 9.357-24.522 9.375-33.901.04L224 227.495 69.255 381.516c-9.379 9.335-24.544 9.317-33.901-.04l-22.667-22.667c-9.373-9.373-9.373-24.569 0-33.941L207.03 130.525c9.372-9.373 24.568-9.373 33.941-.001z\"><\/path><\/svg><br \/>\n\t\t\t\t<svg aria-hidden=\"true\" viewBox=\"0 0 1000 1000\" xmlns=\"http:\/\/www.w3.org\/2000\/svg\"><path d=\"M500 975V858C696 858 858 696 858 500S696 142 500 142 142 304 142 500H25C25 237 238 25 500 25S975 237 975 500 763 975 500 975Z\"><\/path><\/svg><br \/>\n\t\t\t\t\t\t\t\t\t\t\t\t\t\t\t\t\t\t\t\t\t\t<img loading=\"lazy\" decoding=\"async\" width=\"1700\" height=\"1080\" src=\"https:\/\/drterziler.com\/wp-content\/uploads\/2024\/08\/6.webp\" alt=\"\" srcset=\"https:\/\/drterziler.com\/wp-content\/uploads\/2024\/08\/6.webp 1700w, https:\/\/drterziler.com\/wp-content\/uploads\/2024\/08\/6-300x191.webp 300w, https:\/\/drterziler.com\/wp-content\/uploads\/2024\/08\/6-1024x651.webp 1024w, https:\/\/drterziler.com\/wp-content\/uploads\/2024\/08\/6-768x488.webp 768w, https:\/\/drterziler.com\/wp-content\/uploads\/2024\/08\/6-1536x976.webp 1536w\" sizes=\"auto, (max-width: 1700px) 100vw, 1700px\">\t\t\t\t\t\t\t\t\t\t\t\t\t<\/p>\n<h1>Trapianto di capelli in estate: cosa c&#8217;\u00e8 da sapere<\/h1>\n<h2>L&#8217;estate \u00e8 un buon periodo per un trapianto di capelli?<\/h2>\n<p>Molte persone si chiedono se l&#8217;estate sia un periodo adatto per un trapianto di capelli. La verit\u00e0 \u00e8 che i trapianti di capelli possono essere eseguiti con successo in qualsiasi stagione, compresa l&#8217;estate. Tuttavia, ci sono alcune considerazioni e precauzioni da tenere a mente quando si effettua un trapianto di capelli durante i mesi pi\u00f9 caldi.<\/p>\n<h2>Vantaggi dei trapianti di capelli estivi<\/h2>\n<ul>\n<li>Guarigione pi\u00f9 rapida: le temperature pi\u00f9 calde possono favorire una migliore circolazione sanguigna, con una potenziale guarigione pi\u00f9 rapida.<\/li>\n<li>Pi\u00f9 facile prendersi del tempo libero: molte persone trovano pi\u00f9 facile programmare del tempo libero dal lavoro durante i mesi estivi per la convalescenza.<\/li>\n<li>Tempistica di crescita dei capelli: sottoporsi a un trapianto in estate significa che i nuovi capelli potrebbero iniziare a diventare visibili entro l&#8217;inverno, quando si potrebbe preferire avere una maggiore copertura di capelli.<\/li>\n<\/ul>\n<h2>Precauzioni e consigli per la cura dei trapianti di capelli estivi<\/h2>\n<h3>1. Protezione solare<\/h3>\n<p>L&#8217;aspetto pi\u00f9 importante della cura post-trapianto in estate \u00e8 proteggere il cuoio capelluto dal sole. I raggi UV possono danneggiare gli innesti appena trapiantati e causare irritazioni.<\/p>\n<p>Suggerimenti:<\/p>\n<ul>\n<li>Indossare un cappello largo quando si \u00e8 all&#8217;aperto<\/li>\n<li>Applicare una crema solare con SPF elevato sul cuoio capelluto (dopo il periodo di guarigione iniziale)<\/li>\n<li>Evitare la luce solare diretta sul cuoio capelluto per almeno due settimane dopo l&#8217;intervento<\/li>\n<\/ul>\n<h3>2. Gestione del sudore<\/h3>\n<p>L&#8217;aumento della sudorazione in estate pu\u00f2 influire sul processo di guarigione e potenzialmente portare a infezioni.<\/p>\n<p>Suggerimenti:<\/p>\n<ul>\n<li>Rimanere in ambienti con aria condizionata quando possibile<\/li>\n<li>Asciugare delicatamente il cuoio capelluto se si suda<\/li>\n<li>Evitare attivit\u00e0 faticose che causano sudorazione eccessiva per almeno due settimane<\/li>\n<\/ul>\n<h3>3. Idratazione<\/h3>\n<p>Rimanere idratati \u00e8 fondamentale per la guarigione e la salute generale, soprattutto in estate.<\/p>\n<p>Suggerimenti:<\/p>\n<ul>\n<li>Bere molta acqua durante il giorno<\/li>\n<li>Evitare il consumo eccessivo di alcol, che pu\u00f2 disidratare.<\/li>\n<\/ul>\n<h3>4. Precauzioni per il nuoto<\/h3>\n<p>Le piscine e le spiagge sono allettanti in estate, ma all&#8217;inizio \u00e8 meglio evitarle.<\/p>\n<p>Consigli:<\/p>\n<ul>\n<li>Evitare di nuotare per almeno due settimane dopo il trapianto.<\/li>\n<li>Quando si riprende a nuotare, indossare una cuffia per proteggere il cuoio capelluto.<\/li>\n<\/ul>\n<h2>Cura post-trapianto in estate<\/h2>\n<ul>\n<li>Seguire attentamente le istruzioni del chirurgo.<\/li>\n<li>Utilizzare gli shampoo e i farmaci prescritti come indicato.<\/li>\n<li>Evitare di grattarsi o toccare l&#8217;area trapiantata<\/li>\n<li>Rispettare gli appuntamenti di controllo per monitorare i progressi della guarigione<\/li>\n<\/ul>\n<h2>Quando prendere in considerazione il rinvio<\/h2>\n<p>Sebbene i trapianti di capelli estivi siano generalmente indicati, in alcuni casi potrebbe essere utile posticipare l&#8217;intervento:<\/p>\n<ul>\n<li>Se si prevede di svolgere un lavoro o attivit\u00e0 all&#8217;aperto<\/li>\n<li>Se si prevede di andare in vacanza al mare subito dopo l&#8217;intervento<\/li>\n<li>Se si vive in un clima estremamente caldo senza facile accesso all&#8217;aria condizionata<\/li>\n<\/ul>\n<h2>Conclusione<\/h2>\n<p>Fare un trapianto di capelli in estate \u00e8 del tutto fattibile con le dovute cure e precauzioni. La chiave \u00e8 proteggere il cuoio capelluto dal sole e dal calore, gestire il sudore e seguire attentamente le istruzioni post-operatorie del chirurgo. Se stai pensando a un trapianto di capelli estivo, consulta il dottor Terziler per discutere la tua situazione specifica e sviluppare un piano di cura personalizzato per ottenere risultati ottimali.<\/p>\n<p>Ricorda, indipendentemente dalla stagione, i fattori pi\u00f9 importanti per un trapianto di capelli di successo sono l&#8217;abilit\u00e0 del chirurgo, la qualit\u00e0 della clinica e il tuo impegno nel seguire le istruzioni per le cure post-operatorie. Con il giusto approccio, puoi godere dei benefici del trapianto di capelli tutto l&#8217;anno.<\/p>\n","protected":false},"excerpt":{"rendered":"<p>Indice dei contenuti Trapianto di capelli in estate: cosa c&#8217;\u00e8 da sapere L&#8217;estate \u00e8 un buon periodo per un trapianto di capelli? Molte persone si chiedono se l&#8217;estate sia un periodo adatto per un trapianto di capelli. La verit\u00e0 \u00e8 che i trapianti di capelli possono essere eseguiti con successo in qualsiasi stagione, compresa l&#8217;estate. [&hellip;]<\/p>\n","protected":false},"author":6,"featured_media":0,"parent":0,"menu_order":0,"comment_status":"closed","ping_status":"closed","template":"","meta":{"footnotes":""},"class_list":["post-32162","page","type-page","status-publish","hentry"],"_links":{"self":[{"href":"https:\/\/drterziler.com\/it\/wp-json\/wp\/v2\/pages\/32162","targetHints":{"allow":["GET"]}}],"collection":[{"href":"https:\/\/drterziler.com\/it\/wp-json\/wp\/v2\/pages"}],"about":[{"href":"https:\/\/drterziler.com\/it\/wp-json\/wp\/v2\/types\/page"}],"author":[{"embeddable":true,"href":"https:\/\/drterziler.com\/it\/wp-json\/wp\/v2\/users\/6"}],"replies":[{"embeddable":true,"href":"https:\/\/drterziler.com\/it\/wp-json\/wp\/v2\/comments?post=32162"}],"version-history":[{"count":4,"href":"https:\/\/drterziler.com\/it\/wp-json\/wp\/v2\/pages\/32162\/revisions"}],"predecessor-version":[{"id":43078,"href":"https:\/\/drterziler.com\/it\/wp-json\/wp\/v2\/pages\/32162\/revisions\/43078"}],"wp:attachment":[{"href":"https:\/\/drterziler.com\/it\/wp-json\/wp\/v2\/media?parent=32162"}],"curies":[{"name":"wp","href":"https:\/\/api.w.org\/{rel}","templated":true}]}}