{"id":32168,"date":"2024-09-02T14:34:23","date_gmt":"2024-09-02T14:34:23","guid":{"rendered":"https:\/\/drterziler.com\/?page_id=32168"},"modified":"2025-06-11T05:44:20","modified_gmt":"2025-06-11T05:44:20","slug":"il-ruolo-del-dht-nella-caduta-dei-capelli","status":"publish","type":"page","link":"https:\/\/drterziler.com\/it\/il-ruolo-del-dht-nella-caduta-dei-capelli\/","title":{"rendered":"Il ruolo del DHT nella caduta dei capelli"},"content":{"rendered":"<h1 class=\"content-title h1-header\">Il ruolo del DHT nella caduta dei capelli<\/h1>\n<nav aria-label=\"breadcrumbs\">\n<p>Dr. Terziler<\/p>\n<\/nav>\n<h4>\n\t\t\t\tIndice dei contenuti\t\t\t<\/h4>\n<p>\t\t\t\t\t\t\t<svg aria-hidden=\"true\" viewBox=\"0 0 448 512\" xmlns=\"http:\/\/www.w3.org\/2000\/svg\"><path d=\"M207.029 381.476L12.686 187.132c-9.373-9.373-9.373-24.569 0-33.941l22.667-22.667c9.357-9.357 24.522-9.375 33.901-.04L224 284.505l154.745-154.021c9.379-9.335 24.544-9.317 33.901.04l22.667 22.667c9.373 9.373 9.373 24.569 0 33.941L240.971 381.476c-9.373 9.372-24.569 9.372-33.942 0z\"><\/path><\/svg><br \/>\n\t\t\t\t<svg aria-hidden=\"true\" viewBox=\"0 0 448 512\" xmlns=\"http:\/\/www.w3.org\/2000\/svg\"><path d=\"M240.971 130.524l194.343 194.343c9.373 9.373 9.373 24.569 0 33.941l-22.667 22.667c-9.357 9.357-24.522 9.375-33.901.04L224 227.495 69.255 381.516c-9.379 9.335-24.544 9.317-33.901-.04l-22.667-22.667c-9.373-9.373-9.373-24.569 0-33.941L207.03 130.525c9.372-9.373 24.568-9.373 33.941-.001z\"><\/path><\/svg><br \/>\n\t\t\t\t<svg aria-hidden=\"true\" viewBox=\"0 0 1000 1000\" xmlns=\"http:\/\/www.w3.org\/2000\/svg\"><path d=\"M500 975V858C696 858 858 696 858 500S696 142 500 142 142 304 142 500H25C25 237 238 25 500 25S975 237 975 500 763 975 500 975Z\"><\/path><\/svg><br \/>\n\t\t\t\t\t\t\t\t\t\t\t\t\t\t\t\t\t\t\t\t\t\t<img loading=\"lazy\" decoding=\"async\" width=\"885\" height=\"517\" src=\"https:\/\/drterziler.com\/wp-content\/uploads\/2024\/11\/dht-hormone-cause-hair-loss.png\" alt=\"\" srcset=\"https:\/\/drterziler.com\/wp-content\/uploads\/2024\/11\/dht-hormone-cause-hair-loss.png 885w, https:\/\/drterziler.com\/wp-content\/uploads\/2024\/11\/dht-hormone-cause-hair-loss-300x175.png 300w, https:\/\/drterziler.com\/wp-content\/uploads\/2024\/11\/dht-hormone-cause-hair-loss-768x449.png 768w\" sizes=\"auto, (max-width: 885px) 100vw, 885px\">\t\t\t\t\t\t\t\t\t\t\t\t\t<\/p>\n<p>La perdita dei capelli \u00e8 un problema comune a molte persone e comprenderne le cause \u00e8 fondamentale per un trattamento efficace. Uno dei principali responsabili della perdita dei capelli, soprattutto negli uomini, \u00e8 un ormone chiamato diidrotestosterone (DHT). In questo articolo esploreremo il ruolo del DHT nella perdita dei capelli e discuteremo i potenziali trattamenti per contrastarne gli effetti.<\/p>\n<h2>Che cos&#8217;\u00e8 il DHT?<\/h2>\n<p>Il diidrotestosterone (DHT) \u00e8 un ormone derivato dal testosterone. Si crea quando l&#8217;enzima 5-alfa reduttasi converte il testosterone in DHT. Il DHT svolge un ruolo fondamentale nello sviluppo sessuale maschile, ma pu\u00f2 anche contribuire alla caduta dei capelli in individui geneticamente predisposti.<\/p>\n<h2>In che modo il DHT influisce sui follicoli piliferi?<\/h2>\n<p>Il DHT influisce sulla crescita dei capelli in diversi modi:<\/p>\n<ol>\n<li>\n<p><strong>Miniaturizzazione<\/strong>: il DHT pu\u00f2 causare il restringimento dei follicoli piliferi nel tempo, portando a capelli pi\u00f9 sottili, corti e meno pigmentati.<\/p>\n<\/li>\n<li>\n<p><strong>Accorciamento del ciclo di crescita<\/strong>: il DHT pu\u00f2 accorciare la fase anagen (crescita) del ciclo pilifero, causando una caduta prematura.<\/p>\n<\/li>\n<li>\n<p><strong>Ritardo nella ricrescita<\/strong>: livelli elevati di DHT possono ritardare l&#8217;inizio di un nuovo ciclo di crescita, portando a un diradamento graduale e alla calvizie.<\/p>\n<\/li>\n<li>\n<p><strong>Maggiore sensibilit\u00e0<\/strong>: alcuni individui hanno follicoli piliferi pi\u00f9 sensibili al DHT, che li rende pi\u00f9 inclini alla caduta dei capelli.<\/p>\n<\/li>\n<\/ol>\n<h2>Chi \u00e8 pi\u00f9 colpito dalla caduta dei capelli legata al DHT?<\/h2>\n<p>Sebbene sia gli uomini che le donne possano sperimentare la caduta dei capelli legata al DHT, \u00e8 pi\u00f9 comune e tipicamente pi\u00f9 grave negli uomini. Questa condizione \u00e8 nota come calvizie maschile o alopecia androgenetica. Anche le donne possono soffrire di perdita di capelli legata al DHT, ma spesso si presenta in modo diverso, con diradamento generale piuttosto che stempiatura o punti calvi.<\/p>\n<h2>Opzioni di trattamento per contrastare il DHT<\/h2>\n<p>Sono disponibili diverse opzioni di trattamento per combattere la perdita di capelli legata al DHT:<\/p>\n<ol>\n<li>\n<p><strong>Bloccanti del DHT<\/strong>: farmaci come la finasteride agiscono inibendo l&#8217;enzima che converte il testosterone in DHT.<\/p>\n<\/li>\n<li>\n<p><strong>Trattamenti topici<\/strong>: il minoxidil \u00e8 una soluzione topica che pu\u00f2 aiutare a stimolare la crescita dei capelli e a rallentarne la caduta.<\/p>\n<\/li>\n<li>\n<p><strong>Trapianto di capelli<\/strong>: per chi ha una perdita significativa di capelli, le tecniche di trapianto di capelli come la FUE (estrazione di unit\u00e0 follicolari) o la DHI (impianto diretto di capelli) possono fornire risultati naturali.<\/p>\n<\/li>\n<li>\n<p><strong>Micropigmentazione del cuoio capelluto<\/strong>: questa procedura cosmetica pu\u00f2 creare l&#8217;aspetto di una chioma pi\u00f9 folta per chi ha una perdita di capelli avanzata.<\/p>\n<\/li>\n<li>\n<p><strong>Cambiamenti dello stile di vita<\/strong>: una dieta sana, la gestione dello stress e una cura adeguata dei capelli possono favorire la salute generale dei capelli.<\/p>\n<\/li>\n<\/ol>\n<h2>L&#8217;approccio del dottor Terziler<\/h2>\n<p>Alla Dr. Terziler Exclusive Hair Clinic, comprendiamo la natura complessa della perdita di capelli e il suo impatto sui nostri pazienti. Offriamo un approccio completo al trattamento della perdita di capelli correlata al DHT, che include:<\/p>\n<ul>\n<li>\n<p>Tecniche diagnostiche avanzate per determinare le cause alla base della perdita di capelli<\/p>\n<\/li>\n<li>\n<p>Piani di trattamento personalizzati su misura per le esigenze specifiche di ogni paziente<\/p>\n<\/li>\n<li>\n<p>Tecniche di trapianto di capelli all&#8217;avanguardia, tra cui DHI robotizzato<\/p>\n<\/li>\n<li>\n<p>Supporto e guida continui durante tutto il processo di trattamento<\/p>\n<\/li>\n<\/ul>\n<p>Ricorda, sebbene il DHT abbia un ruolo significativo nella perdita dei capelli, non \u00e8 l&#8217;unico fattore. Anche la genetica, l&#8217;et\u00e0, lo stress e altre condizioni di salute possono contribuire. Ecco perch\u00e9 \u00e8 fondamentale consultare uno specialista della perdita dei capelli per determinare la migliore linea d&#8217;azione per il tuo caso specifico.<\/p>\n<p>Se sei preoccupato per la caduta dei capelli o sei interessato a saperne di pi\u00f9 sulle opzioni di trattamento, non esitare a contattare la Dr. Terziler Exclusive Hair Clinic. Il nostro team di esperti \u00e8 qui per aiutarti a ottenere la chioma piena e sana che desideri.<\/p>\n<details id=\"e-n-accordion-item-1280\" open>\n<summary data-accordion-index=\"1\" tabindex=\"0\" aria-expanded=\"true\" aria-controls=\"e-n-accordion-item-1280\" >\n\t\t\t\t\t Che cos&#8217;\u00e8 il DHT e che rapporto ha con la caduta dei capelli?<br \/>\n\t\t\t<svg aria-hidden=\"true\" viewBox=\"0 0 448 512\" xmlns=\"http:\/\/www.w3.org\/2000\/svg\"><path d=\"M416 208H32c-17.67 0-32 14.33-32 32v32c0 17.67 14.33 32 32 32h384c17.67 0 32-14.33 32-32v-32c0-17.67-14.33-32-32-32z\"><\/path><\/svg><br \/>\n\t\t\t<svg aria-hidden=\"true\" viewBox=\"0 0 448 512\" xmlns=\"http:\/\/www.w3.org\/2000\/svg\"><path d=\"M416 208H272V64c0-17.67-14.33-32-32-32h-32c-17.67 0-32 14.33-32 32v144H32c-17.67 0-32 14.33-32 32v32c0 17.67 14.33 32 32 32h144v144c0 17.67 14.33 32 32 32h32c17.67 0 32-14.33 32-32V304h144c17.67 0 32-14.33 32-32v-32c0-17.67-14.33-32-32-32z\"><\/path><\/svg><br \/>\n\t\t\t\t\t\t<\/summary>\n<p>Il DHT (diidrotestosterone) \u00e8 un ormone derivato dal testosterone. Si lega ai follicoli piliferi, restringendoli e accorciando il ciclo di crescita dei capelli, il che pu\u00f2 portare al diradamento e alla perdita dei capelli, in particolare nell&#8217;alopecia androgenetica (calvizie maschile o femminile).<\/p>\n<\/details>\n<details id=\"e-n-accordion-item-1281\" >\n<summary data-accordion-index=\"2\" tabindex=\"-1\" aria-expanded=\"false\" aria-controls=\"e-n-accordion-item-1281\" >\n\t\t\t\t\t Perch\u00e9 il DHT influisce sui capelli di alcune persone e non di altre?s?<br \/>\n\t\t\t<svg aria-hidden=\"true\" viewBox=\"0 0 448 512\" xmlns=\"http:\/\/www.w3.org\/2000\/svg\"><path d=\"M416 208H32c-17.67 0-32 14.33-32 32v32c0 17.67 14.33 32 32 32h384c17.67 0 32-14.33 32-32v-32c0-17.67-14.33-32-32-32z\"><\/path><\/svg><br \/>\n\t\t\t<svg aria-hidden=\"true\" viewBox=\"0 0 448 512\" xmlns=\"http:\/\/www.w3.org\/2000\/svg\"><path d=\"M416 208H272V64c0-17.67-14.33-32-32-32h-32c-17.67 0-32 14.33-32 32v144H32c-17.67 0-32 14.33-32 32v32c0 17.67 14.33 32 32 32h144v144c0 17.67 14.33 32 32 32h32c17.67 0 32-14.33 32-32V304h144c17.67 0 32-14.33 32-32v-32c0-17.67-14.33-32-32-32z\"><\/path><\/svg><br \/>\n\t\t\t\t\t\t<\/summary>\n<p>La genetica gioca un ruolo importante nel determinare la sensibilit\u00e0 al DHT. Le persone con una predisposizione genetica hanno follicoli piliferi pi\u00f9 sensibili agli effetti del DHT, con conseguente perdita di capelli.<\/p>\n<\/details>\n<details id=\"e-n-accordion-item-1282\" >\n<summary data-accordion-index=\"3\" tabindex=\"-1\" aria-expanded=\"false\" aria-controls=\"e-n-accordion-item-1282\" >\n\t\t\t\t\t Quali sono i sintomi della perdita di capelli legata al DHT?<br \/>\n\t\t\t<svg aria-hidden=\"true\" viewBox=\"0 0 448 512\" xmlns=\"http:\/\/www.w3.org\/2000\/svg\"><path d=\"M416 208H32c-17.67 0-32 14.33-32 32v32c0 17.67 14.33 32 32 32h384c17.67 0 32-14.33 32-32v-32c0-17.67-14.33-32-32-32z\"><\/path><\/svg><br \/>\n\t\t\t<svg aria-hidden=\"true\" viewBox=\"0 0 448 512\" xmlns=\"http:\/\/www.w3.org\/2000\/svg\"><path d=\"M416 208H272V64c0-17.67-14.33-32-32-32h-32c-17.67 0-32 14.33-32 32v144H32c-17.67 0-32 14.33-32 32v32c0 17.67 14.33 32 32 32h144v144c0 17.67 14.33 32 32 32h32c17.67 0 32-14.33 32-32V304h144c17.67 0 32-14.33 32-32v-32c0-17.67-14.33-32-32-32z\"><\/path><\/svg><br \/>\n\t\t\t\t\t\t<\/summary>\n<p>La perdita di capelli legata al DHT inizia tipicamente con un diradamento alle tempie e alla corona negli uomini e con un diradamento diffuso sulla parte superiore del cuoio capelluto nelle donne. Con il tempo, le aree colpite possono diventare calve.<\/p>\n<\/details>\n<details id=\"e-n-accordion-item-1283\" >\n<summary data-accordion-index=\"4\" tabindex=\"-1\" aria-expanded=\"false\" aria-controls=\"e-n-accordion-item-1283\" >\n\t\t\t\t\t La perdita di capelli legata al DHT pu\u00f2 essere invertita?<br \/>\n\t\t\t<svg aria-hidden=\"true\" viewBox=\"0 0 448 512\" xmlns=\"http:\/\/www.w3.org\/2000\/svg\"><path d=\"M416 208H32c-17.67 0-32 14.33-32 32v32c0 17.67 14.33 32 32 32h384c17.67 0 32-14.33 32-32v-32c0-17.67-14.33-32-32-32z\"><\/path><\/svg><br \/>\n\t\t\t<svg aria-hidden=\"true\" viewBox=\"0 0 448 512\" xmlns=\"http:\/\/www.w3.org\/2000\/svg\"><path d=\"M416 208H272V64c0-17.67-14.33-32-32-32h-32c-17.67 0-32 14.33-32 32v144H32c-17.67 0-32 14.33-32 32v32c0 17.67 14.33 32 32 32h144v144c0 17.67 14.33 32 32 32h32c17.67 0 32-14.33 32-32V304h144c17.67 0 32-14.33 32-32v-32c0-17.67-14.33-32-32-32z\"><\/path><\/svg><br \/>\n\t\t\t\t\t\t<\/summary>\n<p>Sebbene la perdita di capelli legata al DHT non possa sempre essere completamente annullata, trattamenti come il minoxidil, la finasteride e la terapia laser a basso livello possono rallentare la progressione, promuovere la ricrescita e migliorare la densit\u00e0 dei capelli.<\/p>\n<\/details>\n<details id=\"e-n-accordion-item-1284\" >\n<summary data-accordion-index=\"5\" tabindex=\"-1\" aria-expanded=\"false\" aria-controls=\"e-n-accordion-item-1284\" >\n\t\t\t\t\t Come funzionano i bloccanti del DHT?<br \/>\n\t\t\t<svg aria-hidden=\"true\" viewBox=\"0 0 448 512\" xmlns=\"http:\/\/www.w3.org\/2000\/svg\"><path d=\"M416 208H32c-17.67 0-32 14.33-32 32v32c0 17.67 14.33 32 32 32h384c17.67 0 32-14.33 32-32v-32c0-17.67-14.33-32-32-32z\"><\/path><\/svg><br \/>\n\t\t\t<svg aria-hidden=\"true\" viewBox=\"0 0 448 512\" xmlns=\"http:\/\/www.w3.org\/2000\/svg\"><path d=\"M416 208H272V64c0-17.67-14.33-32-32-32h-32c-17.67 0-32 14.33-32 32v144H32c-17.67 0-32 14.33-32 32v32c0 17.67 14.33 32 32 32h144v144c0 17.67 14.33 32 32 32h32c17.67 0 32-14.33 32-32V304h144c17.67 0 32-14.33 32-32v-32c0-17.67-14.33-32-32-32z\"><\/path><\/svg><br \/>\n\t\t\t\t\t\t<\/summary>\n<p>I bloccanti del DHT, come la finasteride e il saw palmetto, inibiscono l&#8217;enzima 5-alfa-reduttasi, che converte il testosterone in DHT. Riducendo i livelli di DHT, questi trattamenti aiutano a proteggere i follicoli piliferi e a ridurre la caduta dei capelli.<\/p>\n<\/details>\n<details id=\"e-n-accordion-item-1285\" >\n<summary data-accordion-index=\"6\" tabindex=\"-1\" aria-expanded=\"false\" aria-controls=\"e-n-accordion-item-1285\" >\n\t\t\t\t\t Esistono metodi naturali per ridurre i livelli di DHT?<br \/>\n\t\t\t<svg aria-hidden=\"true\" viewBox=\"0 0 448 512\" xmlns=\"http:\/\/www.w3.org\/2000\/svg\"><path d=\"M416 208H32c-17.67 0-32 14.33-32 32v32c0 17.67 14.33 32 32 32h384c17.67 0 32-14.33 32-32v-32c0-17.67-14.33-32-32-32z\"><\/path><\/svg><br \/>\n\t\t\t<svg aria-hidden=\"true\" viewBox=\"0 0 448 512\" xmlns=\"http:\/\/www.w3.org\/2000\/svg\"><path d=\"M416 208H272V64c0-17.67-14.33-32-32-32h-32c-17.67 0-32 14.33-32 32v144H32c-17.67 0-32 14.33-32 32v32c0 17.67 14.33 32 32 32h144v144c0 17.67 14.33 32 32 32h32c17.67 0 32-14.33 32-32V304h144c17.67 0 32-14.33 32-32v-32c0-17.67-14.33-32-32-32z\"><\/path><\/svg><br \/>\n\t\t\t\t\t\t<\/summary>\n<p>S\u00ec, le opzioni naturali come il saw palmetto, il t\u00e8 verde e l&#8217;olio di semi di zucca hanno dimostrato di ridurre i livelli di DHT. Anche il mantenimento di una dieta sana e la gestione dello stress possono contribuire a ridurre i suoi effetti sui capelli.<\/p>\n<\/details>\n<details id=\"e-n-accordion-item-1286\" >\n<summary data-accordion-index=\"7\" tabindex=\"-1\" aria-expanded=\"false\" aria-controls=\"e-n-accordion-item-1286\" >\n\t\t\t\t\t Quanto tempo ci vuole perch\u00e9 i trattamenti che bloccano il DHT facciano effetto?<br \/>\n\t\t\t<svg aria-hidden=\"true\" viewBox=\"0 0 448 512\" xmlns=\"http:\/\/www.w3.org\/2000\/svg\"><path d=\"M416 208H32c-17.67 0-32 14.33-32 32v32c0 17.67 14.33 32 32 32h384c17.67 0 32-14.33 32-32v-32c0-17.67-14.33-32-32-32z\"><\/path><\/svg><br \/>\n\t\t\t<svg aria-hidden=\"true\" viewBox=\"0 0 448 512\" xmlns=\"http:\/\/www.w3.org\/2000\/svg\"><path d=\"M416 208H272V64c0-17.67-14.33-32-32-32h-32c-17.67 0-32 14.33-32 32v144H32c-17.67 0-32 14.33-32 32v32c0 17.67 14.33 32 32 32h144v144c0 17.67 14.33 32 32 32h32c17.67 0 32-14.33 32-32V304h144c17.67 0 32-14.33 32-32v-32c0-17.67-14.33-32-32-32z\"><\/path><\/svg><br \/>\n\t\t\t\t\t\t<\/summary>\n<p>Possono essere necessari da 3 a 6 mesi per vedere risultati apprezzabili dai trattamenti che bloccano il DHT, come la finasteride o il saw palmetto. La costanza \u00e8 fondamentale per ottenere e mantenere i risultati.<\/p>\n<\/details>\n<details id=\"e-n-accordion-item-1287\" >\n<summary data-accordion-index=\"8\" tabindex=\"-1\" aria-expanded=\"false\" aria-controls=\"e-n-accordion-item-1287\" >\n\t\t\t\t\t Devo consultare un medico per la perdita di capelli dovuta al DHT?<br \/>\n\t\t\t<svg aria-hidden=\"true\" viewBox=\"0 0 448 512\" xmlns=\"http:\/\/www.w3.org\/2000\/svg\"><path d=\"M416 208H32c-17.67 0-32 14.33-32 32v32c0 17.67 14.33 32 32 32h384c17.67 0 32-14.33 32-32v-32c0-17.67-14.33-32-32-32z\"><\/path><\/svg><br \/>\n\t\t\t<svg aria-hidden=\"true\" viewBox=\"0 0 448 512\" xmlns=\"http:\/\/www.w3.org\/2000\/svg\"><path d=\"M416 208H272V64c0-17.67-14.33-32-32-32h-32c-17.67 0-32 14.33-32 32v144H32c-17.67 0-32 14.33-32 32v32c0 17.67 14.33 32 32 32h144v144c0 17.67 14.33 32 32 32h32c17.67 0 32-14.33 32-32V304h144c17.67 0 32-14.33 32-32v-32c0-17.67-14.33-32-32-32z\"><\/path><\/svg><br \/>\n\t\t\t\t\t\t<\/summary>\n<p>S\u00ec, se si sospetta che la perdita di capelli sia legata al DHT, \u00e8 essenziale consultare un dermatologo o un tricologo. Questi possono confermare la diagnosi e consigliare trattamenti adeguati alle vostre esigenze.<\/p>\n<\/details>\n<p>Il DHT (diidrotestosterone) \u00e8 un ormone derivato dal testosterone. Si lega ai follicoli piliferi, restringendoli e accorciando il ciclo di crescita dei capelli, il che pu\u00f2 portare al diradamento e alla perdita dei capelli, in particolare nell&#8217;alopecia androgenetica (calvizie maschile o femminile).<\/p>\n<p>La genetica gioca un ruolo importante nel determinare la sensibilit\u00e0 al DHT. Le persone con una predisposizione genetica hanno follicoli piliferi pi\u00f9 sensibili agli effetti del DHT, con conseguente perdita di capelli.<\/p>\n<p>La perdita di capelli legata al DHT inizia tipicamente con un diradamento alle tempie e alla corona negli uomini e con un diradamento diffuso sulla parte superiore del cuoio capelluto nelle donne. Con il tempo, le aree colpite possono diventare calve.<\/p>\n<p>Sebbene la perdita di capelli legata al DHT non possa sempre essere completamente annullata, trattamenti come il minoxidil, la finasteride e la terapia laser a basso livello possono rallentare la progressione, promuovere la ricrescita e migliorare la densit\u00e0 dei capelli.<\/p>\n<p>I bloccanti del DHT, come la finasteride e il saw palmetto, inibiscono l&#8217;enzima 5-alfa-reduttasi, che converte il testosterone in DHT. Riducendo i livelli di DHT, questi trattamenti aiutano a proteggere i follicoli piliferi e a ridurre la caduta dei capelli.<\/p>\n<p>S\u00ec, le opzioni naturali come il saw palmetto, il t\u00e8 verde e l&#8217;olio di semi di zucca hanno dimostrato di ridurre i livelli di DHT. Anche il mantenimento di una dieta sana e la gestione dello stress possono contribuire a ridurre i suoi effetti sui capelli.<\/p>\n<p>Possono essere necessari da 3 a 6 mesi per vedere risultati apprezzabili dai trattamenti che bloccano il DHT, come la finasteride o il saw palmetto. La costanza \u00e8 fondamentale per ottenere e mantenere i risultati.<\/p>\n<p>S\u00ec, se si sospetta che la perdita di capelli sia legata al DHT, \u00e8 essenziale consultare un dermatologo o un tricologo. Questi possono confermare la diagnosi e consigliare trattamenti adeguati alle vostre esigenze.<\/p>\n","protected":false},"excerpt":{"rendered":"<p>Il ruolo del DHT nella caduta dei capelli Dr. Terziler Indice dei contenuti La perdita dei capelli \u00e8 un problema comune a molte persone e comprenderne le cause \u00e8 fondamentale per un trattamento efficace. Uno dei principali responsabili della perdita dei capelli, soprattutto negli uomini, \u00e8 un ormone chiamato diidrotestosterone (DHT). In questo articolo esploreremo [&hellip;]<\/p>\n","protected":false},"author":6,"featured_media":0,"parent":0,"menu_order":0,"comment_status":"closed","ping_status":"closed","template":"","meta":{"footnotes":""},"class_list":["post-32168","page","type-page","status-publish","hentry"],"_links":{"self":[{"href":"https:\/\/drterziler.com\/it\/wp-json\/wp\/v2\/pages\/32168","targetHints":{"allow":["GET"]}}],"collection":[{"href":"https:\/\/drterziler.com\/it\/wp-json\/wp\/v2\/pages"}],"about":[{"href":"https:\/\/drterziler.com\/it\/wp-json\/wp\/v2\/types\/page"}],"author":[{"embeddable":true,"href":"https:\/\/drterziler.com\/it\/wp-json\/wp\/v2\/users\/6"}],"replies":[{"embeddable":true,"href":"https:\/\/drterziler.com\/it\/wp-json\/wp\/v2\/comments?post=32168"}],"version-history":[{"count":7,"href":"https:\/\/drterziler.com\/it\/wp-json\/wp\/v2\/pages\/32168\/revisions"}],"predecessor-version":[{"id":42943,"href":"https:\/\/drterziler.com\/it\/wp-json\/wp\/v2\/pages\/32168\/revisions\/42943"}],"wp:attachment":[{"href":"https:\/\/drterziler.com\/it\/wp-json\/wp\/v2\/media?parent=32168"}],"curies":[{"name":"wp","href":"https:\/\/api.w.org\/{rel}","templated":true}]}}