{"id":32174,"date":"2024-09-02T14:26:22","date_gmt":"2024-09-02T14:26:22","guid":{"rendered":"https:\/\/drterziler.com\/?page_id=32174"},"modified":"2025-06-11T05:31:32","modified_gmt":"2025-06-11T05:31:32","slug":"finasteride-come-la-finasteride-tratta-la-perdita-di-capelli","status":"publish","type":"page","link":"https:\/\/drterziler.com\/it\/finasteride-come-la-finasteride-tratta-la-perdita-di-capelli\/","title":{"rendered":"Finasteride: Come la Finasteride tratta la perdita di capelli?"},"content":{"rendered":"<nav aria-label=\"breadcrumbs\">\n<p>Dr. Terziler<\/p>\n<\/nav>\n<h4>\n\t\t\t\tIndice dei contenuti\t\t\t<\/h4>\n<p>\t\t\t\t\t\t\t<svg aria-hidden=\"true\" viewBox=\"0 0 448 512\" xmlns=\"http:\/\/www.w3.org\/2000\/svg\"><path d=\"M207.029 381.476L12.686 187.132c-9.373-9.373-9.373-24.569 0-33.941l22.667-22.667c9.357-9.357 24.522-9.375 33.901-.04L224 284.505l154.745-154.021c9.379-9.335 24.544-9.317 33.901.04l22.667 22.667c9.373 9.373 9.373 24.569 0 33.941L240.971 381.476c-9.373 9.372-24.569 9.372-33.942 0z\"><\/path><\/svg><br \/>\n\t\t\t\t<svg aria-hidden=\"true\" viewBox=\"0 0 448 512\" xmlns=\"http:\/\/www.w3.org\/2000\/svg\"><path d=\"M240.971 130.524l194.343 194.343c9.373 9.373 9.373 24.569 0 33.941l-22.667 22.667c-9.357 9.357-24.522 9.375-33.901.04L224 227.495 69.255 381.516c-9.379 9.335-24.544 9.317-33.901-.04l-22.667-22.667c-9.373-9.373-9.373-24.569 0-33.941L207.03 130.525c9.372-9.373 24.568-9.373 33.941-.001z\"><\/path><\/svg><br \/>\n\t\t\t\t<svg aria-hidden=\"true\" viewBox=\"0 0 1000 1000\" xmlns=\"http:\/\/www.w3.org\/2000\/svg\"><path d=\"M500 975V858C696 858 858 696 858 500S696 142 500 142 142 304 142 500H25C25 237 238 25 500 25S975 237 975 500 763 975 500 975Z\"><\/path><\/svg><br \/>\n\t\t\t\t\t\t\t\t\t\t\t\t\t\t\t\t\t\t\t\t\t\t<img loading=\"lazy\" decoding=\"async\" width=\"882\" height=\"557\" src=\"https:\/\/drterziler.com\/wp-content\/uploads\/2024\/11\/finasteride-hair-loss.png\" alt=\"\" srcset=\"https:\/\/drterziler.com\/wp-content\/uploads\/2024\/11\/finasteride-hair-loss.png 882w, https:\/\/drterziler.com\/wp-content\/uploads\/2024\/11\/finasteride-hair-loss-300x189.png 300w, https:\/\/drterziler.com\/wp-content\/uploads\/2024\/11\/finasteride-hair-loss-768x485.png 768w\" sizes=\"auto, (max-width: 882px) 100vw, 882px\">\t\t\t\t\t\t\t\t\t\t\t\t\t<\/p>\n<h1>Finasteride: come la finasteride cura la caduta dei capelli?<\/h1>\n<p>La caduta dei capelli pu\u00f2 essere un&#8217;esperienza angosciante per molte persone, che ne risente l&#8217;autostima e la fiducia in se stessi. Alla Dr. Terziler Exclusive Hair Clinic, comprendiamo l&#8217;impatto della caduta dei capelli e offriamo varie opzioni di trattamento, tra cui la finasteride. In questo articolo, esploreremo come la finasteride agisce per curare la caduta dei capelli, i suoi benefici, il corretto utilizzo e i potenziali effetti collaterali.<\/p>\n<h2>Cos&#8217;\u00e8 la finasteride?<\/h2>\n<p>La finasteride \u00e8 un farmaco approvato dalla FDA (Food and Drug Administration) utilizzato principalmente per il trattamento della calvizie maschile (alopecia androgenetica). \u00c8 un farmaco su prescrizione che si presenta sotto forma di pillola e viene assunto per via orale.<\/p>\n<h2>Come agisce la finasteride contro la caduta dei capelli?<\/h2>\n<p>La finasteride agisce inibendo l&#8217;enzima 5-alfa reduttasi, responsabile della conversione del testosterone in diidrotestosterone (DHT). Il DHT \u00e8 l&#8217;ormone principalmente responsabile della calvizie maschile. Riducendo i livelli di DHT nel cuoio capelluto, il finasteride aiuta a:<\/p>\n<ol>\n<li>Rallentare la caduta dei capelli<\/li>\n<li>Favorire la ricrescita dei capelli<\/li>\n<li>Aumentare lo spessore e la densit\u00e0 dei capelli<\/li>\n<\/ol>\n<h2>Benefici del finasteride<\/h2>\n<ul>\n<li>Clinicamente dimostrato efficace nel trattamento della calvizie maschile<\/li>\n<li>Pu\u00f2 prevenire un&#8217;ulteriore caduta dei capelli in circa il 90% degli uomini<\/li>\n<li>Favorisce la ricrescita dei capelli in circa il 65% degli uomini<\/li>\n<li>Facile da usare (una pillola al giorno)<\/li>\n<li>Opzione di trattamento non invasiva<\/li>\n<\/ul>\n<h2>Uso corretto del finasteride<\/h2>\n<ul>\n<li>Solitamente prescritto in una dose giornaliera di 1 mg<\/li>\n<li>Per ottenere i migliori risultati, deve essere assunto regolarmente<\/li>\n<li>I risultati possono essere visibili dopo 3-6 mesi di uso regolare<\/li>\n<li>L&#8217;uso continuato \u00e8 necessario per mantenere i risultati<\/li>\n<\/ul>\n<h2>Potenziali effetti collaterali<\/h2>\n<p>Sebbene il finasteride sia generalmente ben tollerato, alcuni uomini possono manifestare effetti collaterali. \u00c8 importante discutere questi potenziali effetti collaterali con il dottor Terziler prima di iniziare il trattamento:<\/p>\n<ul>\n<li>Diminuzione della libido<\/li>\n<li>Disfunzione erettile<\/li>\n<li>Diminuzione del volume dell&#8217;eiaculato<\/li>\n<li>Tensione o ingrossamento del seno<\/li>\n<li>Depressione (in rari casi)<\/li>\n<\/ul>\n<p>Vale la pena notare che questi effetti collaterali sono generalmente lievi e interessano solo una piccola percentuale di utenti. La maggior parte degli effetti collaterali si risolve quando il farmaco viene sospeso.<\/p>\n<h2>Il finasteride \u00e8 adatto a te?<\/h2>\n<p>Determinare se il finasteride \u00e8 l&#8217;opzione di trattamento giusta per la tua perdita di capelli dipende da vari fattori, tra cui:<\/p>\n<ul>\n<li>L&#8217;entit\u00e0 e il tipo di perdita di capelli<\/li>\n<li>Lo stato di salute generale<\/li>\n<li>L&#8217;et\u00e0<\/li>\n<li>Gli obiettivi del trattamento<\/li>\n<\/ul>\n<p>Presso la Dr. Terziler Exclusive Hair Clinic offriamo consulenze personalizzate per valutare le esigenze individuali e consigliare il piano di trattamento pi\u00f9 appropriato.<\/p>\n<h2>Combinare il finasteride con altri trattamenti<\/h2>\n<p>Per risultati ottimali, il finasteride pu\u00f2 essere combinato con altri trattamenti contro la perdita di capelli, come ad esempio:<\/p>\n<ul>\n<li>Minoxidil (soluzione topica)<\/li>\n<li>Laserterapia a bassa intensit\u00e0<\/li>\n<li>Trapianto di capelli<\/li>\n<\/ul>\n<p>Il dottor Terziler pu\u00f2 consigliarti la migliore combinazione di trattamenti per affrontare le tue specifiche problematiche di perdita di capelli.<\/p>\n<h2>Conclusione<\/h2>\n<p>Il finasteride \u00e8 un potente strumento nella lotta contro la calvizie maschile. Comprendendo come funziona e i suoi potenziali benefici e rischi, puoi prendere una decisione informata sul fatto che sia la scelta giusta per te. Alla Dr. Terziler Exclusive Hair Clinic, ci impegniamo a fornirti i trattamenti per la perdita di capelli pi\u00f9 avanzati ed efficaci disponibili.<\/p>\n<p>Se sta considerando la finasteride o qualsiasi altro trattamento contro la caduta dei capelli, la invitiamo a fissare un consulto con il dottor Terziler. Il nostro team di esperti lavorer\u00e0 con lei per sviluppare un piano di trattamento personalizzato su misura per le sue esigenze e i suoi obiettivi.<\/p>\n<p>Ricordi, l&#8217;intervento precoce \u00e8 fondamentale nella gestione della caduta dei capelli. Non aspetti a prendere provvedimenti: contatti subito la Dr. Terziler Exclusive Hair Clinic e faccia il primo passo verso il ripristino dei suoi capelli e della sua fiducia.<\/p>\n<details id=\"e-n-accordion-item-1710\" open>\n<summary data-accordion-index=\"1\" tabindex=\"0\" aria-expanded=\"true\" aria-controls=\"e-n-accordion-item-1710\" >\n\t\t\t\t\t Cos&#8217;\u00e8 la finasteride e come si cura la caduta dei capelli?<br \/>\n\t\t\t<svg aria-hidden=\"true\" viewBox=\"0 0 448 512\" xmlns=\"http:\/\/www.w3.org\/2000\/svg\"><path d=\"M416 208H32c-17.67 0-32 14.33-32 32v32c0 17.67 14.33 32 32 32h384c17.67 0 32-14.33 32-32v-32c0-17.67-14.33-32-32-32z\"><\/path><\/svg><br \/>\n\t\t\t<svg aria-hidden=\"true\" viewBox=\"0 0 448 512\" xmlns=\"http:\/\/www.w3.org\/2000\/svg\"><path d=\"M416 208H272V64c0-17.67-14.33-32-32-32h-32c-17.67 0-32 14.33-32 32v144H32c-17.67 0-32 14.33-32 32v32c0 17.67 14.33 32 32 32h144v144c0 17.67 14.33 32 32 32h32c17.67 0 32-14.33 32-32V304h144c17.67 0 32-14.33 32-32v-32c0-17.67-14.33-32-32-32z\"><\/path><\/svg><br \/>\n\t\t\t\t\t\t<\/summary>\n<p>La finasteride \u00e8 un farmaco orale che tratta la perdita di capelli inibendo l&#8217;enzima 5-alfa-reduttasi. Questo enzima converte il testosterone in diidrotestosterone (DHT), un ormone che riduce i follicoli piliferi e porta alla caduta dei capelli. Abbassando i livelli di DHT, la finasteride contribuisce a rallentare la caduta dei capelli e a favorirne la ricrescita.<\/p>\n<\/details>\n<details id=\"e-n-accordion-item-1711\" >\n<summary data-accordion-index=\"2\" tabindex=\"-1\" aria-expanded=\"false\" aria-controls=\"e-n-accordion-item-1711\" >\n\t\t\t\t\t Chi pu\u00f2 usare la finasteride per la perdita di capelli?<br \/>\n\t\t\t<svg aria-hidden=\"true\" viewBox=\"0 0 448 512\" xmlns=\"http:\/\/www.w3.org\/2000\/svg\"><path d=\"M416 208H32c-17.67 0-32 14.33-32 32v32c0 17.67 14.33 32 32 32h384c17.67 0 32-14.33 32-32v-32c0-17.67-14.33-32-32-32z\"><\/path><\/svg><br \/>\n\t\t\t<svg aria-hidden=\"true\" viewBox=\"0 0 448 512\" xmlns=\"http:\/\/www.w3.org\/2000\/svg\"><path d=\"M416 208H272V64c0-17.67-14.33-32-32-32h-32c-17.67 0-32 14.33-32 32v144H32c-17.67 0-32 14.33-32 32v32c0 17.67 14.33 32 32 32h144v144c0 17.67 14.33 32 32 32h32c17.67 0 32-14.33 32-32V304h144c17.67 0 32-14.33 32-32v-32c0-17.67-14.33-32-32-32z\"><\/path><\/svg><br \/>\n\t\t\t\t\t\t<\/summary>\n<p>La finasteride viene in genere prescritta agli uomini affetti da alopecia androgenetica (calvizie maschile). Non \u00e8 approvata per l&#8217;uso da parte delle donne, in particolare di quelle in gravidanza o che stanno pianificando un concepimento, in quanto pu\u00f2 causare difetti alla nascita.<\/p>\n<\/details>\n<details id=\"e-n-accordion-item-1712\" >\n<summary data-accordion-index=\"3\" tabindex=\"-1\" aria-expanded=\"false\" aria-controls=\"e-n-accordion-item-1712\" >\n\t\t\t\t\t Quanto \u00e8 efficace la finasteride per la ricrescita dei capelli?<br \/>\n\t\t\t<svg aria-hidden=\"true\" viewBox=\"0 0 448 512\" xmlns=\"http:\/\/www.w3.org\/2000\/svg\"><path d=\"M416 208H32c-17.67 0-32 14.33-32 32v32c0 17.67 14.33 32 32 32h384c17.67 0 32-14.33 32-32v-32c0-17.67-14.33-32-32-32z\"><\/path><\/svg><br \/>\n\t\t\t<svg aria-hidden=\"true\" viewBox=\"0 0 448 512\" xmlns=\"http:\/\/www.w3.org\/2000\/svg\"><path d=\"M416 208H272V64c0-17.67-14.33-32-32-32h-32c-17.67 0-32 14.33-32 32v144H32c-17.67 0-32 14.33-32 32v32c0 17.67 14.33 32 32 32h144v144c0 17.67 14.33 32 32 32h32c17.67 0 32-14.33 32-32V304h144c17.67 0 32-14.33 32-32v-32c0-17.67-14.33-32-32-32z\"><\/path><\/svg><br \/>\n\t\t\t\t\t\t<\/summary>\n<p>Gli studi dimostrano che la finasteride \u00e8 in grado di rallentare o arrestare la perdita di capelli in circa il 90% degli uomini e di favorire la ricrescita nel 65% degli utenti. I risultati variano e per mantenere i benefici \u00e8 necessario un uso costante.<\/p>\n<\/details>\n<details id=\"e-n-accordion-item-1713\" >\n<summary data-accordion-index=\"4\" tabindex=\"-1\" aria-expanded=\"false\" aria-controls=\"e-n-accordion-item-1713\" >\n\t\t\t\t\t Quanto tempo ci vuole per vedere i risultati con la finasteride?<br \/>\n\t\t\t<svg aria-hidden=\"true\" viewBox=\"0 0 448 512\" xmlns=\"http:\/\/www.w3.org\/2000\/svg\"><path d=\"M416 208H32c-17.67 0-32 14.33-32 32v32c0 17.67 14.33 32 32 32h384c17.67 0 32-14.33 32-32v-32c0-17.67-14.33-32-32-32z\"><\/path><\/svg><br \/>\n\t\t\t<svg aria-hidden=\"true\" viewBox=\"0 0 448 512\" xmlns=\"http:\/\/www.w3.org\/2000\/svg\"><path d=\"M416 208H272V64c0-17.67-14.33-32-32-32h-32c-17.67 0-32 14.33-32 32v144H32c-17.67 0-32 14.33-32 32v32c0 17.67 14.33 32 32 32h144v144c0 17.67 14.33 32 32 32h32c17.67 0 32-14.33 32-32V304h144c17.67 0 32-14.33 32-32v-32c0-17.67-14.33-32-32-32z\"><\/path><\/svg><br \/>\n\t\t\t\t\t\t<\/summary>\n<p>La maggior parte degli utenti inizia a notare una riduzione della perdita di capelli entro 3-6 mesi. Una ricrescita significativa pu\u00f2 richiedere dai 6 ai 12 mesi. L&#8217;uso quotidiano e costante \u00e8 essenziale per ottenere risultati ottimali.<\/p>\n<\/details>\n<details id=\"e-n-accordion-item-1714\" >\n<summary data-accordion-index=\"5\" tabindex=\"-1\" aria-expanded=\"false\" aria-controls=\"e-n-accordion-item-1714\" >\n\t\t\t\t\t Cosa succede se smetto di prendere la finasteride?<br \/>\n\t\t\t<svg aria-hidden=\"true\" viewBox=\"0 0 448 512\" xmlns=\"http:\/\/www.w3.org\/2000\/svg\"><path d=\"M416 208H32c-17.67 0-32 14.33-32 32v32c0 17.67 14.33 32 32 32h384c17.67 0 32-14.33 32-32v-32c0-17.67-14.33-32-32-32z\"><\/path><\/svg><br \/>\n\t\t\t<svg aria-hidden=\"true\" viewBox=\"0 0 448 512\" xmlns=\"http:\/\/www.w3.org\/2000\/svg\"><path d=\"M416 208H272V64c0-17.67-14.33-32-32-32h-32c-17.67 0-32 14.33-32 32v144H32c-17.67 0-32 14.33-32 32v32c0 17.67 14.33 32 32 32h144v144c0 17.67 14.33 32 32 32h32c17.67 0 32-14.33 32-32V304h144c17.67 0 32-14.33 32-32v-32c0-17.67-14.33-32-32-32z\"><\/path><\/svg><br \/>\n\t\t\t\t\t\t<\/summary>\n<p>Se si interrompe l&#8217;assunzione di finasteride, i livelli di DHT aumentano nuovamente e la perdita di capelli pu\u00f2 riprendere. I capelli ricresciuti durante l&#8217;uso del farmaco possono essere persi entro 6-12 mesi dalla sospensione.<\/p>\n<\/details>\n<details id=\"e-n-accordion-item-1715\" >\n<summary data-accordion-index=\"6\" tabindex=\"-1\" aria-expanded=\"false\" aria-controls=\"e-n-accordion-item-1715\" >\n\t\t\t\t\t Esistono effetti collaterali dell&#8217;assunzione di finasteride?<br \/>\n\t\t\t<svg aria-hidden=\"true\" viewBox=\"0 0 448 512\" xmlns=\"http:\/\/www.w3.org\/2000\/svg\"><path d=\"M416 208H32c-17.67 0-32 14.33-32 32v32c0 17.67 14.33 32 32 32h384c17.67 0 32-14.33 32-32v-32c0-17.67-14.33-32-32-32z\"><\/path><\/svg><br \/>\n\t\t\t<svg aria-hidden=\"true\" viewBox=\"0 0 448 512\" xmlns=\"http:\/\/www.w3.org\/2000\/svg\"><path d=\"M416 208H272V64c0-17.67-14.33-32-32-32h-32c-17.67 0-32 14.33-32 32v144H32c-17.67 0-32 14.33-32 32v32c0 17.67 14.33 32 32 32h144v144c0 17.67 14.33 32 32 32h32c17.67 0 32-14.33 32-32V304h144c17.67 0 32-14.33 32-32v-32c0-17.67-14.33-32-32-32z\"><\/path><\/svg><br \/>\n\t\t\t\t\t\t<\/summary>\n<p>Alcuni utenti possono manifestare effetti collaterali, tra cui riduzione della libido, disfunzione erettile o tensione mammaria. Questi effetti sono poco comuni e spesso reversibili dopo la sospensione del farmaco.<\/p>\n<\/details>\n<details id=\"e-n-accordion-item-1716\" >\n<summary data-accordion-index=\"7\" tabindex=\"-1\" aria-expanded=\"false\" aria-controls=\"e-n-accordion-item-1716\" >\n\t\t\t\t\t La finasteride pu\u00f2 essere utilizzata con altri trattamenti per la perdita dei capelli?<br \/>\n\t\t\t<svg aria-hidden=\"true\" viewBox=\"0 0 448 512\" xmlns=\"http:\/\/www.w3.org\/2000\/svg\"><path d=\"M416 208H32c-17.67 0-32 14.33-32 32v32c0 17.67 14.33 32 32 32h384c17.67 0 32-14.33 32-32v-32c0-17.67-14.33-32-32-32z\"><\/path><\/svg><br \/>\n\t\t\t<svg aria-hidden=\"true\" viewBox=\"0 0 448 512\" xmlns=\"http:\/\/www.w3.org\/2000\/svg\"><path d=\"M416 208H272V64c0-17.67-14.33-32-32-32h-32c-17.67 0-32 14.33-32 32v144H32c-17.67 0-32 14.33-32 32v32c0 17.67 14.33 32 32 32h144v144c0 17.67 14.33 32 32 32h32c17.67 0 32-14.33 32-32V304h144c17.67 0 32-14.33 32-32v-32c0-17.67-14.33-32-32-32z\"><\/path><\/svg><br \/>\n\t\t\t\t\t\t<\/summary>\n<p>S\u00ec, la finasteride pu\u00f2 essere combinata con altri trattamenti come il minoxidil o la terapia laser a basso livello per ottenere risultati migliori. Consultare il medico prima di combinare i trattamenti per garantire la sicurezza.<\/p>\n<\/details>\n<details id=\"e-n-accordion-item-1717\" >\n<summary data-accordion-index=\"8\" tabindex=\"-1\" aria-expanded=\"false\" aria-controls=\"e-n-accordion-item-1717\" >\n\t\t\t\t\t Ho bisogno di una prescrizione medica per assumere la finasteride?<br \/>\n\t\t\t<svg aria-hidden=\"true\" viewBox=\"0 0 448 512\" xmlns=\"http:\/\/www.w3.org\/2000\/svg\"><path d=\"M416 208H32c-17.67 0-32 14.33-32 32v32c0 17.67 14.33 32 32 32h384c17.67 0 32-14.33 32-32v-32c0-17.67-14.33-32-32-32z\"><\/path><\/svg><br \/>\n\t\t\t<svg aria-hidden=\"true\" viewBox=\"0 0 448 512\" xmlns=\"http:\/\/www.w3.org\/2000\/svg\"><path d=\"M416 208H272V64c0-17.67-14.33-32-32-32h-32c-17.67 0-32 14.33-32 32v144H32c-17.67 0-32 14.33-32 32v32c0 17.67 14.33 32 32 32h144v144c0 17.67 14.33 32 32 32h32c17.67 0 32-14.33 32-32V304h144c17.67 0 32-14.33 32-32v-32c0-17.67-14.33-32-32-32z\"><\/path><\/svg><br \/>\n\t\t\t\t\t\t<\/summary>\n<p>S\u00ec, la finasteride \u00e8 un farmaco da prescrizione. Un operatore sanitario valuter\u00e0 l&#8217;idoneit\u00e0 al trattamento e monitorer\u00e0 i potenziali effetti collaterali.<\/p>\n<\/details>\n<details id=\"e-n-accordion-item-1718\" >\n<summary data-accordion-index=\"9\" tabindex=\"-1\" aria-expanded=\"false\" aria-controls=\"e-n-accordion-item-1718\" >\n\t\t\t\t\t La finasteride pu\u00f2 prevenire completamente la futura perdita di capelli?<br \/>\n\t\t\t<svg aria-hidden=\"true\" viewBox=\"0 0 448 512\" xmlns=\"http:\/\/www.w3.org\/2000\/svg\"><path d=\"M416 208H32c-17.67 0-32 14.33-32 32v32c0 17.67 14.33 32 32 32h384c17.67 0 32-14.33 32-32v-32c0-17.67-14.33-32-32-32z\"><\/path><\/svg><br \/>\n\t\t\t<svg aria-hidden=\"true\" viewBox=\"0 0 448 512\" xmlns=\"http:\/\/www.w3.org\/2000\/svg\"><path d=\"M416 208H272V64c0-17.67-14.33-32-32-32h-32c-17.67 0-32 14.33-32 32v144H32c-17.67 0-32 14.33-32 32v32c0 17.67 14.33 32 32 32h144v144c0 17.67 14.33 32 32 32h32c17.67 0 32-14.33 32-32V304h144c17.67 0 32-14.33 32-32v-32c0-17.67-14.33-32-32-32z\"><\/path><\/svg><br \/>\n\t\t\t\t\t\t<\/summary>\n<p>La finasteride rallenta o arresta efficacemente la caduta dei capelli nella maggior parte degli uomini, ma non pu\u00f2 prevenire completamente la caduta dei capelli in tutti i casi. La predisposizione genetica e altri fattori possono comunque contribuire al graduale diradamento nel tempo.<\/p>\n<\/details>\n<p>La finasteride \u00e8 un farmaco orale che tratta la perdita di capelli inibendo l&#8217;enzima 5-alfa-reduttasi. Questo enzima converte il testosterone in diidrotestosterone (DHT), un ormone che riduce i follicoli piliferi e porta alla caduta dei capelli. Abbassando i livelli di DHT, la finasteride contribuisce a rallentare la caduta dei capelli e a favorirne la ricrescita.<\/p>\n<p>La finasteride viene in genere prescritta agli uomini affetti da alopecia androgenetica (calvizie maschile). Non \u00e8 approvata per l&#8217;uso da parte delle donne, in particolare di quelle in gravidanza o che stanno pianificando un concepimento, in quanto pu\u00f2 causare difetti alla nascita.<\/p>\n<p>Gli studi dimostrano che la finasteride \u00e8 in grado di rallentare o arrestare la perdita di capelli in circa il 90% degli uomini e di favorire la ricrescita nel 65% degli utenti. I risultati variano e per mantenere i benefici \u00e8 necessario un uso costante.<\/p>\n<p>La maggior parte degli utenti inizia a notare una riduzione della perdita di capelli entro 3-6 mesi. Una ricrescita significativa pu\u00f2 richiedere dai 6 ai 12 mesi. L&#8217;uso quotidiano e costante \u00e8 essenziale per ottenere risultati ottimali.<\/p>\n<p>Se si interrompe l&#8217;assunzione di finasteride, i livelli di DHT aumentano nuovamente e la perdita di capelli pu\u00f2 riprendere. I capelli ricresciuti durante l&#8217;uso del farmaco possono essere persi entro 6-12 mesi dalla sospensione.<\/p>\n<p>Alcuni utenti possono manifestare effetti collaterali, tra cui riduzione della libido, disfunzione erettile o tensione mammaria. Questi effetti sono poco comuni e spesso reversibili dopo la sospensione del farmaco.<\/p>\n<p>S\u00ec, la finasteride pu\u00f2 essere combinata con altri trattamenti come il minoxidil o la terapia laser a basso livello per ottenere risultati migliori. Consultare il medico prima di combinare i trattamenti per garantire la sicurezza.<\/p>\n<p>S\u00ec, la finasteride \u00e8 un farmaco da prescrizione. Un operatore sanitario valuter\u00e0 l&#8217;idoneit\u00e0 al trattamento e monitorer\u00e0 i potenziali effetti collaterali.<\/p>\n<p>La finasteride rallenta o arresta efficacemente la caduta dei capelli nella maggior parte degli uomini, ma non pu\u00f2 prevenire completamente la caduta dei capelli in tutti i casi. La predisposizione genetica e altri fattori possono comunque contribuire al graduale diradamento nel tempo.<\/p>\n","protected":false},"excerpt":{"rendered":"<p>Dr. Terziler Indice dei contenuti Finasteride: come la finasteride cura la caduta dei capelli? La caduta dei capelli pu\u00f2 essere un&#8217;esperienza angosciante per molte persone, che ne risente l&#8217;autostima e la fiducia in se stessi. Alla Dr. Terziler Exclusive Hair Clinic, comprendiamo l&#8217;impatto della caduta dei capelli e offriamo varie opzioni di trattamento, tra cui [&hellip;]<\/p>\n","protected":false},"author":6,"featured_media":0,"parent":0,"menu_order":0,"comment_status":"closed","ping_status":"closed","template":"","meta":{"footnotes":""},"class_list":["post-32174","page","type-page","status-publish","hentry"],"_links":{"self":[{"href":"https:\/\/drterziler.com\/it\/wp-json\/wp\/v2\/pages\/32174","targetHints":{"allow":["GET"]}}],"collection":[{"href":"https:\/\/drterziler.com\/it\/wp-json\/wp\/v2\/pages"}],"about":[{"href":"https:\/\/drterziler.com\/it\/wp-json\/wp\/v2\/types\/page"}],"author":[{"embeddable":true,"href":"https:\/\/drterziler.com\/it\/wp-json\/wp\/v2\/users\/6"}],"replies":[{"embeddable":true,"href":"https:\/\/drterziler.com\/it\/wp-json\/wp\/v2\/comments?post=32174"}],"version-history":[{"count":7,"href":"https:\/\/drterziler.com\/it\/wp-json\/wp\/v2\/pages\/32174\/revisions"}],"predecessor-version":[{"id":42924,"href":"https:\/\/drterziler.com\/it\/wp-json\/wp\/v2\/pages\/32174\/revisions\/42924"}],"wp:attachment":[{"href":"https:\/\/drterziler.com\/it\/wp-json\/wp\/v2\/media?parent=32174"}],"curies":[{"name":"wp","href":"https:\/\/api.w.org\/{rel}","templated":true}]}}