{"id":32180,"date":"2024-09-02T14:03:32","date_gmt":"2024-09-02T14:03:32","guid":{"rendered":"https:\/\/drterziler.com\/?page_id=32180"},"modified":"2025-05-26T23:53:32","modified_gmt":"2025-05-26T23:53:32","slug":"saw-palmetto-per-la-perdita-di-capelli-funziona","status":"publish","type":"page","link":"https:\/\/drterziler.com\/it\/saw-palmetto-per-la-perdita-di-capelli-funziona\/","title":{"rendered":"Saw Palmetto per la perdita di capelli: Funziona?"},"content":{"rendered":"<nav aria-label=\"breadcrumbs\">\n<p>Dr. Terziler<\/p>\n<\/nav>\n<h4>\n\t\t\t\tIndice dei contenuti\t\t\t<\/h4>\n<p>\t\t\t\t\t\t\t<svg aria-hidden=\"true\" viewBox=\"0 0 448 512\" xmlns=\"http:\/\/www.w3.org\/2000\/svg\"><path d=\"M207.029 381.476L12.686 187.132c-9.373-9.373-9.373-24.569 0-33.941l22.667-22.667c9.357-9.357 24.522-9.375 33.901-.04L224 284.505l154.745-154.021c9.379-9.335 24.544-9.317 33.901.04l22.667 22.667c9.373 9.373 9.373 24.569 0 33.941L240.971 381.476c-9.373 9.372-24.569 9.372-33.942 0z\"><\/path><\/svg><br \/>\n\t\t\t\t<svg aria-hidden=\"true\" viewBox=\"0 0 448 512\" xmlns=\"http:\/\/www.w3.org\/2000\/svg\"><path d=\"M240.971 130.524l194.343 194.343c9.373 9.373 9.373 24.569 0 33.941l-22.667 22.667c-9.357 9.357-24.522 9.375-33.901.04L224 227.495 69.255 381.516c-9.379 9.335-24.544 9.317-33.901-.04l-22.667-22.667c-9.373-9.373-9.373-24.569 0-33.941L207.03 130.525c9.372-9.373 24.568-9.373 33.941-.001z\"><\/path><\/svg><br \/>\n\t\t\t\t<svg aria-hidden=\"true\" viewBox=\"0 0 1000 1000\" xmlns=\"http:\/\/www.w3.org\/2000\/svg\"><path d=\"M500 975V858C696 858 858 696 858 500S696 142 500 142 142 304 142 500H25C25 237 238 25 500 25S975 237 975 500 763 975 500 975Z\"><\/path><\/svg><br \/>\n\t\t\t\t\t\t\t\t\t\t\t\t\t\t\t\t\t\t\t\t\t\t<img loading=\"lazy\" decoding=\"async\" width=\"883\" height=\"558\" src=\"https:\/\/drterziler.com\/wp-content\/uploads\/2024\/11\/saw-palmetto-hair-loss.png\" alt=\"\" srcset=\"https:\/\/drterziler.com\/wp-content\/uploads\/2024\/11\/saw-palmetto-hair-loss.png 883w, https:\/\/drterziler.com\/wp-content\/uploads\/2024\/11\/saw-palmetto-hair-loss-300x190.png 300w, https:\/\/drterziler.com\/wp-content\/uploads\/2024\/11\/saw-palmetto-hair-loss-768x485.png 768w\" sizes=\"auto, (max-width: 883px) 100vw, 883px\">\t\t\t\t\t\t\t\t\t\t\t\t\t<\/p>\n<h1>Saw Palmetto per la perdita dei capelli: funziona?<\/h1>\n<p>La perdita dei capelli \u00e8 una preoccupazione comune per molte persone e la ricerca di trattamenti efficaci spesso porta a esplorare rimedi naturali. Uno di questi rimedi che ha attirato l&#8217;attenzione \u00e8 il Saw Palmetto. Ma funziona davvero? Analizziamo i fatti e le ricerche che circondano questa potenziale soluzione contro la perdita dei capelli.<\/p>\n<h2>Cos&#8217;\u00e8 il Saw Palmetto?<\/h2>\n<p>La palma nana (Serenoa repens) \u00e8 una piccola palma originaria degli Stati Uniti sudorientali. Le sue bacche sono state utilizzate per secoli nella medicina tradizionale, in particolare per i problemi urinari e riproduttivi. Negli ultimi anni, ha guadagnato popolarit\u00e0 come potenziale trattamento per la caduta dei capelli.<\/p>\n<h2>In che modo la palma nana pu\u00f2 aiutare contro la caduta dei capelli?<\/h2>\n<p>I potenziali benefici della palma nana per la perdita dei capelli sono principalmente legati alla sua capacit\u00e0 di bloccare la conversione del testosterone in diidrotestosterone (DHT). Il DHT \u00e8 un ormone che svolge un ruolo significativo nell&#8217;alopecia androgenetica, nota anche come calvizie maschile o femminile.<\/p>\n<p>Ecco come la palma nana potrebbe aiutare:<\/p>\n<ol>\n<li>\n<p><strong>Blocco del DHT<\/strong>: la palma nana pu\u00f2 inibire l&#8217;enzima 5-alfa reduttasi, responsabile della conversione del testosterone in DHT.<\/p>\n<\/li>\n<li>\n<p><strong>Riduzione della miniaturizzazione dei follicoli piliferi<\/strong>: abbassando potenzialmente i livelli di DHT, la palma nana potrebbe rallentare il processo di restringimento dei follicoli piliferi.<\/p>\n<\/li>\n<li>\n<p><strong>Propriet\u00e0 antinfiammatorie<\/strong>: alcuni studi suggeriscono che la palma nana abbia effetti antinfiammatori, che potrebbero contribuire a un ambiente pi\u00f9 sano del cuoio capelluto.<\/p>\n<\/li>\n<\/ol>\n<h2>Cosa dicono le ricerche?<\/h2>\n<p>Sebbene vi siano alcune ricerche promettenti sul Saw Palmetto per la perdita dei capelli, \u00e8 importante notare che le prove sono ancora limitate e sono necessari studi pi\u00f9 approfonditi.<\/p>\n<ul>\n<li>\n<p>Una revisione sistematica del 2020 pubblicata sul Journal of Clinical and Aesthetic Dermatology ha rilevato che il Saw Palmetto si \u00e8 dimostrato promettente nel migliorare la qualit\u00e0 e la densit\u00e0 dei capelli in soggetti con alopecia androgenetica.<\/p>\n<\/li>\n<li>\n<p>Un piccolo studio pubblicato nel 2012 sull&#8217;International Journal of Immunopathology and Pharmacology ha riportato che il 60% dei partecipanti che hanno utilizzato la palma nana ha sperimentato una crescita dei capelli migliorata.<\/p>\n<\/li>\n<\/ul>\n<p>Tuttavia, \u00e8 fondamentale capire che questi studi sono preliminari e che sono necessarie ulteriori ricerche per determinare in modo definitivo l&#8217;efficacia della palma nana per la perdita dei capelli.<\/p>\n<h2>Come utilizzare la palma nana per la perdita dei capelli<\/h2>\n<p>Se stai pensando di provare il Saw Palmetto per la perdita dei capelli, ecco alcune linee guida generali:<\/p>\n<ol>\n<li>\n<p><strong>Forma<\/strong>: il Saw Palmetto \u00e8 disponibile in varie forme, tra cui capsule, compresse, estratti liquidi e applicazioni topiche.<\/p>\n<\/li>\n<li>\n<p><strong>Dosaggio<\/strong>: un dosaggio orale tipico varia da 160 a 320 mg al giorno, ma \u00e8 essenziale consultare un professionista sanitario per una consulenza personalizzata.<\/p>\n<\/li>\n<li>\n<p><strong>Durata<\/strong>: possono essere necessari diversi mesi di uso costante per notare eventuali effetti potenziali.<\/p>\n<\/li>\n<li>\n<p><strong>Terapia combinata<\/strong>: alcune persone usano la palma nana in combinazione con altri trattamenti contro la caduta dei capelli per ottenere risultati potenzialmente migliori.<\/p>\n<\/li>\n<\/ol>\n<h2>Potenziali effetti collaterali e precauzioni<\/h2>\n<p>Sebbene la palma nana sia generalmente considerata sicura per la maggior parte delle persone, pu\u00f2 causare effetti collaterali in alcuni individui. Questi possono includere:<\/p>\n<ul>\n<li>\n<p>Mal di testa<\/p>\n<\/li>\n<li>\n<p>Nausea<\/p>\n<\/li>\n<li>\n<p>Vertigini<\/p>\n<\/li>\n<li>\n<p>Stitichezza o diarrea<\/p>\n<\/li>\n<\/ul>\n<p>\u00c8 importante consultare un medico prima di iniziare qualsiasi nuovo regime di integratori, soprattutto se si hanno problemi di salute o si stanno assumendo farmaci.<\/p>\n<h2>In conclusione<\/h2>\n<p>Sebbene la palma nana sia promettente come rimedio naturale contro la caduta dei capelli, le prove sono ancora limitate. Potrebbe valere la pena considerarla come parte di un piano completo di trattamento contro la caduta dei capelli, ma non \u00e8 una soluzione garantita.<\/p>\n<p>Alla Dr. Terziler Exclusive Hair Clinic, comprendiamo l&#8217;impatto che la perdita di capelli pu\u00f2 avere sulla fiducia e sulla qualit\u00e0 della vita di un individuo. Sebbene i rimedi naturali come la palma nana possano offrire alcuni benefici, \u00e8 fondamentale affrontare il trattamento della perdita di capelli in modo olistico.<\/p>\n<p>Per una consulenza personalizzata e per esplorare le opzioni pi\u00f9 efficaci per il ripristino dei capelli su misura per le vostre esigenze specifiche, vi invitiamo a consultare il nostro team di esperti. Offriamo trattamenti all&#8217;avanguardia, comprese tecniche avanzate di trapianto di capelli, per aiutarti a ottenere i migliori risultati possibili nel tuo percorso di ripristino dei capelli.<\/p>\n<p>Ricorda, la situazione di perdita di capelli di ogni individuo \u00e8 unica e ci\u00f2 che funziona per una persona potrebbe non funzionare per un&#8217;altra. Una valutazione professionale \u00e8 il modo migliore per determinare il piano di trattamento pi\u00f9 efficace per il tuo caso specifico.<\/p>\n<details id=\"e-n-accordion-item-7970\" open>\n<summary data-accordion-index=\"1\" tabindex=\"0\" aria-expanded=\"true\" aria-controls=\"e-n-accordion-item-7970\" >\n\t\t\t\t\t Che cos&#8217;\u00e8 il Saw Palmetto e come pu\u00f2 aiutare a contrastare la caduta dei capelli?<br \/>\n\t\t\t<svg aria-hidden=\"true\" viewBox=\"0 0 448 512\" xmlns=\"http:\/\/www.w3.org\/2000\/svg\"><path d=\"M416 208H32c-17.67 0-32 14.33-32 32v32c0 17.67 14.33 32 32 32h384c17.67 0 32-14.33 32-32v-32c0-17.67-14.33-32-32-32z\"><\/path><\/svg><br \/>\n\t\t\t<svg aria-hidden=\"true\" viewBox=\"0 0 448 512\" xmlns=\"http:\/\/www.w3.org\/2000\/svg\"><path d=\"M416 208H272V64c0-17.67-14.33-32-32-32h-32c-17.67 0-32 14.33-32 32v144H32c-17.67 0-32 14.33-32 32v32c0 17.67 14.33 32 32 32h144v144c0 17.67 14.33 32 32 32h32c17.67 0 32-14.33 32-32V304h144c17.67 0 32-14.33 32-32v-32c0-17.67-14.33-32-32-32z\"><\/path><\/svg><br \/>\n\t\t\t\t\t\t<\/summary>\n<p>Il Saw Palmetto \u00e8 un estratto naturale derivato dal frutto dell&#8217;albero di palmetto. Aiuta a ridurre la caduta dei capelli bloccando la conversione del testosterone in diidrotestosterone (DHT), un ormone responsabile della contrazione dei follicoli piliferi e del diradamento dei capelli.<\/p>\n<\/details>\n<details id=\"e-n-accordion-item-7971\" >\n<summary data-accordion-index=\"2\" tabindex=\"-1\" aria-expanded=\"false\" aria-controls=\"e-n-accordion-item-7971\" >\n\t\t\t\t\t Il Saw Palmetto pu\u00f2 far ricrescere i capelli?<br \/>\n\t\t\t<svg aria-hidden=\"true\" viewBox=\"0 0 448 512\" xmlns=\"http:\/\/www.w3.org\/2000\/svg\"><path d=\"M416 208H32c-17.67 0-32 14.33-32 32v32c0 17.67 14.33 32 32 32h384c17.67 0 32-14.33 32-32v-32c0-17.67-14.33-32-32-32z\"><\/path><\/svg><br \/>\n\t\t\t<svg aria-hidden=\"true\" viewBox=\"0 0 448 512\" xmlns=\"http:\/\/www.w3.org\/2000\/svg\"><path d=\"M416 208H272V64c0-17.67-14.33-32-32-32h-32c-17.67 0-32 14.33-32 32v144H32c-17.67 0-32 14.33-32 32v32c0 17.67 14.33 32 32 32h144v144c0 17.67 14.33 32 32 32h32c17.67 0 32-14.33 32-32V304h144c17.67 0 32-14.33 32-32v-32c0-17.67-14.33-32-32-32z\"><\/path><\/svg><br \/>\n\t\t\t\t\t\t<\/summary>\n<p>Sebbene il Saw Palmetto sia utilizzato principalmente per prevenire l&#8217;ulteriore perdita di capelli, in alcuni casi pu\u00f2 anche favorirne la ricrescita, migliorando la salute del cuoio capelluto e riducendo i livelli di DHT. I risultati possono variare da persona a persona.<\/p>\n<\/details>\n<details id=\"e-n-accordion-item-7972\" >\n<summary data-accordion-index=\"3\" tabindex=\"-1\" aria-expanded=\"false\" aria-controls=\"e-n-accordion-item-7972\" >\n\t\t\t\t\t  Il Saw Palmetto \u00e8 efficace per l&#8217;alopecia androgenetica (calvizie maschile o femminile)?<br \/>\n\t\t\t<svg aria-hidden=\"true\" viewBox=\"0 0 448 512\" xmlns=\"http:\/\/www.w3.org\/2000\/svg\"><path d=\"M416 208H32c-17.67 0-32 14.33-32 32v32c0 17.67 14.33 32 32 32h384c17.67 0 32-14.33 32-32v-32c0-17.67-14.33-32-32-32z\"><\/path><\/svg><br \/>\n\t\t\t<svg aria-hidden=\"true\" viewBox=\"0 0 448 512\" xmlns=\"http:\/\/www.w3.org\/2000\/svg\"><path d=\"M416 208H272V64c0-17.67-14.33-32-32-32h-32c-17.67 0-32 14.33-32 32v144H32c-17.67 0-32 14.33-32 32v32c0 17.67 14.33 32 32 32h144v144c0 17.67 14.33 32 32 32h32c17.67 0 32-14.33 32-32V304h144c17.67 0 32-14.33 32-32v-32c0-17.67-14.33-32-32-32z\"><\/path><\/svg><br \/>\n\t\t\t\t\t\t<\/summary>\n<p>S\u00ec, il Saw Palmetto \u00e8 particolarmente efficace per l&#8217;alopecia androgenetica in quanto agisce sul DHT, causa primaria di questo tipo di perdita di capelli. Viene spesso utilizzato come alternativa naturale a trattamenti medici come la finasteride.<\/p>\n<\/details>\n<details id=\"e-n-accordion-item-7973\" >\n<summary data-accordion-index=\"4\" tabindex=\"-1\" aria-expanded=\"false\" aria-controls=\"e-n-accordion-item-7973\" >\n\t\t\t\t\t Quanto tempo ci vuole per vedere i risultati con Saw Palmetto?<br \/>\n\t\t\t<svg aria-hidden=\"true\" viewBox=\"0 0 448 512\" xmlns=\"http:\/\/www.w3.org\/2000\/svg\"><path d=\"M416 208H32c-17.67 0-32 14.33-32 32v32c0 17.67 14.33 32 32 32h384c17.67 0 32-14.33 32-32v-32c0-17.67-14.33-32-32-32z\"><\/path><\/svg><br \/>\n\t\t\t<svg aria-hidden=\"true\" viewBox=\"0 0 448 512\" xmlns=\"http:\/\/www.w3.org\/2000\/svg\"><path d=\"M416 208H272V64c0-17.67-14.33-32-32-32h-32c-17.67 0-32 14.33-32 32v144H32c-17.67 0-32 14.33-32 32v32c0 17.67 14.33 32 32 32h144v144c0 17.67 14.33 32 32 32h32c17.67 0 32-14.33 32-32V304h144c17.67 0 32-14.33 32-32v-32c0-17.67-14.33-32-32-32z\"><\/path><\/svg><br \/>\n\t\t\t\t\t\t<\/summary>\n<p>Gli effetti del Saw Palmetto possono richiedere da 3 a 6 mesi per diventare evidenti. L&#8217;uso costante \u00e8 fondamentale per ottenere i migliori risultati.<\/p>\n<\/details>\n<details id=\"e-n-accordion-item-7974\" >\n<summary data-accordion-index=\"5\" tabindex=\"-1\" aria-expanded=\"false\" aria-controls=\"e-n-accordion-item-7974\" >\n\t\t\t\t\t Ci sono effetti collaterali nell&#8217;uso del Saw Palmetto per la perdita di capelli?<br \/>\n\t\t\t<svg aria-hidden=\"true\" viewBox=\"0 0 448 512\" xmlns=\"http:\/\/www.w3.org\/2000\/svg\"><path d=\"M416 208H32c-17.67 0-32 14.33-32 32v32c0 17.67 14.33 32 32 32h384c17.67 0 32-14.33 32-32v-32c0-17.67-14.33-32-32-32z\"><\/path><\/svg><br \/>\n\t\t\t<svg aria-hidden=\"true\" viewBox=\"0 0 448 512\" xmlns=\"http:\/\/www.w3.org\/2000\/svg\"><path d=\"M416 208H272V64c0-17.67-14.33-32-32-32h-32c-17.67 0-32 14.33-32 32v144H32c-17.67 0-32 14.33-32 32v32c0 17.67 14.33 32 32 32h144v144c0 17.67 14.33 32 32 32h32c17.67 0 32-14.33 32-32V304h144c17.67 0 32-14.33 32-32v-32c0-17.67-14.33-32-32-32z\"><\/path><\/svg><br \/>\n\t\t\t\t\t\t<\/summary>\n<p>Il Saw Palmetto \u00e8 generalmente ben tollerato. Tuttavia, alcuni utenti possono manifestare lievi effetti collaterali come mal di stomaco, vertigini o mal di testa. Consultare un medico prima dell&#8217;uso, soprattutto in caso di gravidanza, allattamento o assunzione di farmaci.<\/p>\n<\/details>\n<details id=\"e-n-accordion-item-7975\" >\n<summary data-accordion-index=\"6\" tabindex=\"-1\" aria-expanded=\"false\" aria-controls=\"e-n-accordion-item-7975\" >\n\t\t\t\t\t Quali forme di Saw Palmetto sono disponibili per il trattamento della caduta dei capelli?<br \/>\n\t\t\t<svg aria-hidden=\"true\" viewBox=\"0 0 448 512\" xmlns=\"http:\/\/www.w3.org\/2000\/svg\"><path d=\"M416 208H32c-17.67 0-32 14.33-32 32v32c0 17.67 14.33 32 32 32h384c17.67 0 32-14.33 32-32v-32c0-17.67-14.33-32-32-32z\"><\/path><\/svg><br \/>\n\t\t\t<svg aria-hidden=\"true\" viewBox=\"0 0 448 512\" xmlns=\"http:\/\/www.w3.org\/2000\/svg\"><path d=\"M416 208H272V64c0-17.67-14.33-32-32-32h-32c-17.67 0-32 14.33-32 32v144H32c-17.67 0-32 14.33-32 32v32c0 17.67 14.33 32 32 32h144v144c0 17.67 14.33 32 32 32h32c17.67 0 32-14.33 32-32V304h144c17.67 0 32-14.33 32-32v-32c0-17.67-14.33-32-32-32z\"><\/path><\/svg><br \/>\n\t\t\t\t\t\t<\/summary>\n<p>Il Saw Palmetto \u00e8 disponibile in varie forme, tra cui capsule, compresse, estratti liquidi, shampoo e sieri topici. Le applicazioni topiche mirano a<\/p>\n<\/details>\n<p>Il Saw Palmetto \u00e8 un estratto naturale derivato dal frutto dell&#8217;albero di palmetto. Aiuta a ridurre la caduta dei capelli bloccando la conversione del testosterone in diidrotestosterone (DHT), un ormone responsabile della contrazione dei follicoli piliferi e del diradamento dei capelli.<\/p>\n<p>Sebbene il Saw Palmetto sia utilizzato principalmente per prevenire l&#8217;ulteriore perdita di capelli, in alcuni casi pu\u00f2 anche favorirne la ricrescita, migliorando la salute del cuoio capelluto e riducendo i livelli di DHT. I risultati possono variare da persona a persona.<\/p>\n<p>S\u00ec, il Saw Palmetto \u00e8 particolarmente efficace per l&#8217;alopecia androgenetica in quanto agisce sul DHT, causa primaria di questo tipo di perdita di capelli. Viene spesso utilizzato come alternativa naturale a trattamenti medici come la finasteride.<\/p>\n<p>Gli effetti del Saw Palmetto possono richiedere da 3 a 6 mesi per diventare evidenti. L&#8217;uso costante \u00e8 fondamentale per ottenere i migliori risultati.<\/p>\n<p>Il Saw Palmetto \u00e8 generalmente ben tollerato. Tuttavia, alcuni utenti possono manifestare lievi effetti collaterali come mal di stomaco, vertigini o mal di testa. Consultare un medico prima dell&#8217;uso, soprattutto in caso di gravidanza, allattamento o assunzione di farmaci.<\/p>\n<p>Il Saw Palmetto \u00e8 disponibile in varie forme, tra cui capsule, compresse, estratti liquidi, shampoo e sieri topici. Le applicazioni topiche mirano a<\/p>\n","protected":false},"excerpt":{"rendered":"<p>Dr. Terziler Indice dei contenuti Saw Palmetto per la perdita dei capelli: funziona? La perdita dei capelli \u00e8 una preoccupazione comune per molte persone e la ricerca di trattamenti efficaci spesso porta a esplorare rimedi naturali. Uno di questi rimedi che ha attirato l&#8217;attenzione \u00e8 il Saw Palmetto. Ma funziona davvero? Analizziamo i fatti e [&hellip;]<\/p>\n","protected":false},"author":6,"featured_media":0,"parent":0,"menu_order":0,"comment_status":"closed","ping_status":"closed","template":"","meta":{"footnotes":""},"class_list":["post-32180","page","type-page","status-publish","hentry"],"_links":{"self":[{"href":"https:\/\/drterziler.com\/it\/wp-json\/wp\/v2\/pages\/32180","targetHints":{"allow":["GET"]}}],"collection":[{"href":"https:\/\/drterziler.com\/it\/wp-json\/wp\/v2\/pages"}],"about":[{"href":"https:\/\/drterziler.com\/it\/wp-json\/wp\/v2\/types\/page"}],"author":[{"embeddable":true,"href":"https:\/\/drterziler.com\/it\/wp-json\/wp\/v2\/users\/6"}],"replies":[{"embeddable":true,"href":"https:\/\/drterziler.com\/it\/wp-json\/wp\/v2\/comments?post=32180"}],"version-history":[{"count":4,"href":"https:\/\/drterziler.com\/it\/wp-json\/wp\/v2\/pages\/32180\/revisions"}],"predecessor-version":[{"id":38512,"href":"https:\/\/drterziler.com\/it\/wp-json\/wp\/v2\/pages\/32180\/revisions\/38512"}],"wp:attachment":[{"href":"https:\/\/drterziler.com\/it\/wp-json\/wp\/v2\/media?parent=32180"}],"curies":[{"name":"wp","href":"https:\/\/api.w.org\/{rel}","templated":true}]}}