{"id":32182,"date":"2024-09-02T13:49:57","date_gmt":"2024-09-02T13:49:57","guid":{"rendered":"https:\/\/drterziler.com\/?page_id=32182"},"modified":"2025-05-27T07:36:45","modified_gmt":"2025-05-27T07:36:45","slug":"il-cloro-puo-causare-la-caduta-dei-capelli","status":"publish","type":"page","link":"https:\/\/drterziler.com\/it\/il-cloro-puo-causare-la-caduta-dei-capelli\/","title":{"rendered":"Il cloro pu\u00f2 causare la caduta dei capelli?"},"content":{"rendered":"<nav aria-label=\"breadcrumbs\" class=\"rank-math-breadcrumb\"><p><span class=\"last\">Dr. Terziler<\/span><\/p><\/nav>\n<h4>\n\t\t\t\tIndice dei contenuti\t\t\t<\/h4>\n<p>\t\t\t\t\t\t\t<svg aria-hidden=\"true\" viewBox=\"0 0 448 512\" xmlns=\"http:\/\/www.w3.org\/2000\/svg\"><path d=\"M207.029 381.476L12.686 187.132c-9.373-9.373-9.373-24.569 0-33.941l22.667-22.667c9.357-9.357 24.522-9.375 33.901-.04L224 284.505l154.745-154.021c9.379-9.335 24.544-9.317 33.901.04l22.667 22.667c9.373 9.373 9.373 24.569 0 33.941L240.971 381.476c-9.373 9.372-24.569 9.372-33.942 0z\"><\/path><\/svg><br \/>\n\t\t\t\t<svg aria-hidden=\"true\" viewBox=\"0 0 448 512\" xmlns=\"http:\/\/www.w3.org\/2000\/svg\"><path d=\"M240.971 130.524l194.343 194.343c9.373 9.373 9.373 24.569 0 33.941l-22.667 22.667c-9.357 9.357-24.522 9.375-33.901.04L224 227.495 69.255 381.516c-9.379 9.335-24.544 9.317-33.901-.04l-22.667-22.667c-9.373-9.373-9.373-24.569 0-33.941L207.03 130.525c9.372-9.373 24.568-9.373 33.941-.001z\"><\/path><\/svg><br \/>\n\t\t\t\t<svg aria-hidden=\"true\" viewBox=\"0 0 1000 1000\" xmlns=\"http:\/\/www.w3.org\/2000\/svg\"><path d=\"M500 975V858C696 858 858 696 858 500S696 142 500 142 142 304 142 500H25C25 237 238 25 500 25S975 237 975 500 763 975 500 975Z\"><\/path><\/svg><br \/>\n\t\t\t\t\t\t\t\t\t\t\t\t\t\t\t\t\t\t\t\t\t\t<img loading=\"lazy\" decoding=\"async\" width=\"1700\" height=\"1080\" src=\"https:\/\/drterziler.com\/wp-content\/uploads\/2024\/08\/6.webp\" alt=\"\" srcset=\"https:\/\/drterziler.com\/wp-content\/uploads\/2024\/08\/6.webp 1700w, https:\/\/drterziler.com\/wp-content\/uploads\/2024\/08\/6-300x191.webp 300w, https:\/\/drterziler.com\/wp-content\/uploads\/2024\/08\/6-1024x651.webp 1024w, https:\/\/drterziler.com\/wp-content\/uploads\/2024\/08\/6-768x488.webp 768w, https:\/\/drterziler.com\/wp-content\/uploads\/2024\/08\/6-1536x976.webp 1536w\" sizes=\"auto, (max-width: 1700px) 100vw, 1700px\">\t\t\t\t\t\t\t\t\t\t\t\t\t<\/p>\n<h1>Il cloro pu\u00f2 causare la caduta dei capelli?<\/h1>\n<p>Il nuoto \u00e8 un&#8217;attivit\u00e0 fisica e ricreativa fantastica, ma se sei preoccupato per la caduta dei capelli, potresti chiederti quali siano gli effetti del cloro sui tuoi capelli. Sebbene il cloro sia essenziale per mantenere le piscine pulite e sicure, pu\u00f2 avere alcuni effetti negativi sulla salute dei capelli. Analizziamo il rapporto tra cloro e caduta dei capelli.<\/p>\n<h2>Il cloro causa direttamente la caduta dei capelli?<\/h2>\n<p>Il cloro di per s\u00e9 non causa direttamente la caduta dei capelli, nel senso che non fa cadere i capelli dalle radici. Tuttavia, un&#8217;esposizione prolungata al cloro pu\u00f2 danneggiare i capelli, rendendoli pi\u00f9 soggetti a rottura, il che pu\u00f2 dare l&#8217;impressione di capelli radi.<\/p>\n<h2>Come il cloro influisce sui capelli<\/h2>\n<ol>\n<li><strong>Eliminazione degli oli naturali<\/strong>: il cloro pu\u00f2 privare i capelli dei loro oli naturali, lasciandoli secchi e fragili.<\/li>\n<li><strong>Perdita di proteine<\/strong>: il cloro pu\u00f2 rompere le proteine dei capelli, indebolendone la struttura.<\/li>\n<li><strong>Cambiamenti di colore<\/strong>: il cloro pu\u00f2 causare reazioni chimiche che alterano il colore dei capelli, particolarmente evidenti nei capelli chiari.<\/li>\n<li><strong>Irritazione del cuoio capelluto<\/strong>: alcune persone possono avvertire irritazione del cuoio capelluto a causa del cloro, che pu\u00f2 influire indirettamente sulla salute dei capelli.<\/li>\n<\/ol>\n<h2>Misure protettive<\/h2>\n<p>Sebbene l&#8217;esposizione al cloro possa essere dannosa per i capelli, ci sono diversi accorgimenti che si possono adottare per ridurne al minimo gli effetti:<\/p>\n<ol>\n<li><strong>Bagnare i capelli prima di nuotare<\/strong>: bagnare i capelli con acqua pulita prima di entrare in piscina. In questo modo si riduce la quantit\u00e0 di cloro che i capelli possono assorbire.<\/li>\n<li><strong>Indossare una cuffia<\/strong>: una cuffia ben aderente pu\u00f2 fungere da barriera tra i capelli e l&#8217;acqua clorata.<\/li>\n<li><strong>Risciacquare immediatamente dopo il nuoto<\/strong>: risciacquare accuratamente i capelli con acqua pulita non appena si esce dalla piscina.<\/li>\n<li><strong>Usa uno shampoo purificante<\/strong>: usa di tanto in tanto uno shampoo purificante per rimuovere il cloro accumulato sui capelli.<\/li>\n<li><strong>Applica un balsamo senza risciacquo<\/strong>: usa un balsamo senza risciacquo prima di nuotare per fornire un ulteriore strato di protezione.<\/li>\n<\/ol>\n<h2>Quando cercare un aiuto professionale<\/h2>\n<p>Se noti un significativo diradamento o perdita di capelli, \u00e8 importante consultare uno specialista. Sebbene il cloro possa danneggiare i capelli, la perdita persistente di capelli spesso ha altre cause sottostanti che richiedono una valutazione e un trattamento professionali.<\/p>\n<p>Alla Dr. Terziler Exclusive Hair Clinic siamo specializzati nella diagnosi e nel trattamento di varie forme di perdita di capelli. Il nostro team di esperti pu\u00f2 aiutarti a determinare la causa principale dei tuoi problemi di capelli e fornirti piani di trattamento personalizzati per ripristinarne la salute.<\/p>\n<p>Ricorda, sebbene il cloro possa influire sulla salute dei tuoi capelli, con cure e protezione adeguate, puoi continuare a nuotare senza compromettere la loro vitalit\u00e0.<\/p>\n","protected":false},"excerpt":{"rendered":"<p>Indice dei contenuti Il cloro pu\u00f2 causare la caduta dei capelli? Il nuoto \u00e8 un&#8217;attivit\u00e0 fisica e ricreativa fantastica, ma se sei preoccupato per la caduta dei capelli, potresti chiederti quali siano gli effetti del cloro sui tuoi capelli. Sebbene il cloro sia essenziale per mantenere le piscine pulite e sicure, pu\u00f2 avere alcuni effetti [&hellip;]<\/p>\n","protected":false},"author":6,"featured_media":0,"parent":0,"menu_order":0,"comment_status":"closed","ping_status":"closed","template":"","meta":{"footnotes":""},"class_list":["post-32182","page","type-page","status-publish","hentry"],"_links":{"self":[{"href":"https:\/\/drterziler.com\/it\/wp-json\/wp\/v2\/pages\/32182","targetHints":{"allow":["GET"]}}],"collection":[{"href":"https:\/\/drterziler.com\/it\/wp-json\/wp\/v2\/pages"}],"about":[{"href":"https:\/\/drterziler.com\/it\/wp-json\/wp\/v2\/types\/page"}],"author":[{"embeddable":true,"href":"https:\/\/drterziler.com\/it\/wp-json\/wp\/v2\/users\/6"}],"replies":[{"embeddable":true,"href":"https:\/\/drterziler.com\/it\/wp-json\/wp\/v2\/comments?post=32182"}],"version-history":[{"count":4,"href":"https:\/\/drterziler.com\/it\/wp-json\/wp\/v2\/pages\/32182\/revisions"}],"predecessor-version":[{"id":38738,"href":"https:\/\/drterziler.com\/it\/wp-json\/wp\/v2\/pages\/32182\/revisions\/38738"}],"wp:attachment":[{"href":"https:\/\/drterziler.com\/it\/wp-json\/wp\/v2\/media?parent=32182"}],"curies":[{"name":"wp","href":"https:\/\/api.w.org\/{rel}","templated":true}]}}