{"id":32194,"date":"2024-09-02T11:57:31","date_gmt":"2024-09-02T11:57:31","guid":{"rendered":"https:\/\/drterziler.com\/?page_id=32194"},"modified":"2025-05-22T14:31:02","modified_gmt":"2025-05-22T14:31:02","slug":"i-capelli-possono-essere-trapiantati-dal-corpo-alla-testa","status":"publish","type":"page","link":"https:\/\/drterziler.com\/it\/i-capelli-possono-essere-trapiantati-dal-corpo-alla-testa\/","title":{"rendered":"I capelli possono essere trapiantati dal corpo alla testa?"},"content":{"rendered":"<p>Come Dr. Terziler, offriamo un&#8217;esperienza futuristica con le nostre applicazioni all&#8217;avanguardia in estetica, salute e bellezza. Attraverso dispositivi robotici, tecnologie laser e sistemi intelligenti, i processi di trattamento non solo vengono accelerati ma anche resi pi\u00f9 efficaci. Le applicazioni modernizzate, che utilizzano metodi minimamente invasivi, consentono un recupero pi\u00f9 rapido fornendo allo stesso tempo un comfort senza precedenti.<\/p>\n<p>Sfruttando tutte le possibilit\u00e0 della tecnologia odierna, formuliamo un approccio terapeutico personalizzato e forniamo risultati che superano le aspettative. Le nostre tecnologie avanzate sia in estetica che in medicina sono ottimizzate in ogni fase per ottenere risultati sorprendenti. Noi del Dr. Terziler abbracciamo il principio della tua &#8220;felicit\u00e0 olistica&#8221; nei regni della salute, della bellezza e della soddisfazione, spingendo oltre i confini per testimoniare il tuo sorriso.<\/p>\n<nav aria-label=\"breadcrumbs\" class=\"rank-math-breadcrumb\"><p><span class=\"last\">Dr. Terziler<\/span><\/p><\/nav>\n<h4>\n\t\t\t\tIndice dei contenuti\t\t\t<\/h4>\n<p>\t\t\t\t\t\t\t<svg aria-hidden=\"true\" viewBox=\"0 0 448 512\" xmlns=\"http:\/\/www.w3.org\/2000\/svg\"><path d=\"M207.029 381.476L12.686 187.132c-9.373-9.373-9.373-24.569 0-33.941l22.667-22.667c9.357-9.357 24.522-9.375 33.901-.04L224 284.505l154.745-154.021c9.379-9.335 24.544-9.317 33.901.04l22.667 22.667c9.373 9.373 9.373 24.569 0 33.941L240.971 381.476c-9.373 9.372-24.569 9.372-33.942 0z\"><\/path><\/svg><br \/>\n\t\t\t\t<svg aria-hidden=\"true\" viewBox=\"0 0 448 512\" xmlns=\"http:\/\/www.w3.org\/2000\/svg\"><path d=\"M240.971 130.524l194.343 194.343c9.373 9.373 9.373 24.569 0 33.941l-22.667 22.667c-9.357 9.357-24.522 9.375-33.901.04L224 227.495 69.255 381.516c-9.379 9.335-24.544 9.317-33.901-.04l-22.667-22.667c-9.373-9.373-9.373-24.569 0-33.941L207.03 130.525c9.372-9.373 24.568-9.373 33.941-.001z\"><\/path><\/svg><br \/>\n\t\t\t\t<svg aria-hidden=\"true\" viewBox=\"0 0 1000 1000\" xmlns=\"http:\/\/www.w3.org\/2000\/svg\"><path d=\"M500 975V858C696 858 858 696 858 500S696 142 500 142 142 304 142 500H25C25 237 238 25 500 25S975 237 975 500 763 975 500 975Z\"><\/path><\/svg><br \/>\n\t\t\t\t\t\t\t\t\t\t\t\t\t\t\t\t\t\t\t\t\t\t<img loading=\"lazy\" decoding=\"async\" width=\"1700\" height=\"1080\" src=\"https:\/\/drterziler.com\/wp-content\/uploads\/2024\/08\/6.webp\" alt=\"\" srcset=\"https:\/\/drterziler.com\/wp-content\/uploads\/2024\/08\/6.webp 1700w, https:\/\/drterziler.com\/wp-content\/uploads\/2024\/08\/6-300x191.webp 300w, https:\/\/drterziler.com\/wp-content\/uploads\/2024\/08\/6-1024x651.webp 1024w, https:\/\/drterziler.com\/wp-content\/uploads\/2024\/08\/6-768x488.webp 768w, https:\/\/drterziler.com\/wp-content\/uploads\/2024\/08\/6-1536x976.webp 1536w\" sizes=\"auto, (max-width: 1700px) 100vw, 1700px\">\t\t\t\t\t\t\t\t\t\t\t\t\t<\/p>\n<h1>L&#8217;arte e la scienza del disegno dell&#8217;attaccatura dei capelli nella chirurgia del trapianto di capelli<\/h1>\n<p>Il disegno dell&#8217;attaccatura dei capelli \u00e8 un aspetto cruciale della chirurgia del trapianto di capelli che combina la visione artistica con la competenza medica. \u00c8 il fondamento su cui si basa una procedura di restauro dei capelli di successo, giocando un ruolo fondamentale nel raggiungimento di risultati naturali ed esteticamente piacevoli. Alla Dr. Terziler Exclusive Clinic, comprendiamo l&#8217;importanza di questo passaggio critico e lo affrontiamo con la massima cura e precisione.<\/p>\n<h2>Perch\u00e9 il disegno dell&#8217;attaccatura dei capelli \u00e8 importante<\/h2>\n<p>L&#8217;attaccatura dei capelli \u00e8 uno degli elementi pi\u00f9 visibili e caratterizzanti dell&#8217;aspetto di una persona. Incornicia il viso, influenza l&#8217;et\u00e0 percepita e ha un impatto significativo sull&#8217;estetica complessiva. Un&#8217;attaccatura dei capelli ben progettata pu\u00f2:<\/p>\n<ol>\n<li>Migliorare i tratti del viso<\/li>\n<li>Creare un aspetto pi\u00f9 giovanile<\/li>\n<li>Aumentare la fiducia in se stessi<\/li>\n<li>Fornire risultati dall&#8217;aspetto naturale<\/li>\n<\/ol>\n<p>Al contrario, un&#8217;attaccatura dei capelli mal progettata pu\u00f2 portare a risultati innaturali e all&#8217;insoddisfazione del paziente.<\/p>\n<h2>Considerazioni chiave nella progettazione dell&#8217;attaccatura dei capelli<\/h2>\n<h3>1. Consultazione del paziente<\/h3>\n<p>Il processo inizia con una consultazione approfondita. I nostri esperti della Dr. Terziler Exclusive Clinic si prendono il tempo necessario per:<\/p>\n<ul>\n<li>Comprendere le aspettative del paziente e il risultato desiderato<\/li>\n<li>Valutare i tratti del viso e l&#8217;attaccatura dei capelli prima della caduta<\/li>\n<li>Considerare fattori quali et\u00e0, etnia e potenziale futura caduta dei capelli<\/li>\n<\/ul>\n<h3>2. Forma e proporzioni del viso<\/h3>\n<p>Ogni viso \u00e8 unico e l&#8217;attaccatura dei capelli dovrebbe completarne la forma e le proporzioni. Analizziamo:<\/p>\n<ul>\n<li>Forma complessiva del viso (ovale, rotonda, quadrata, ecc.)<\/li>\n<li>Altezza e larghezza della fronte<\/li>\n<li>Relazione tra attaccatura dei capelli, sopracciglia e altre caratteristiche del viso<\/li>\n<\/ul>\n<h3>3. Design adeguato all&#8217;et\u00e0<\/h3>\n<p>Un&#8217;attaccatura naturale dei capelli dovrebbe essere adeguata all&#8217;et\u00e0 del paziente. Ci\u00f2 comporta:<\/p>\n<ul>\n<li>Considerare la recessione temporale<\/li>\n<li>Pianificare una graduale maturazione dell&#8217;attaccatura dei capelli nel tempo<\/li>\n<li>Evitare un&#8217;attaccatura troppo bassa o diritta che potrebbe sembrare innaturale su un paziente pi\u00f9 anziano<\/li>\n<\/ul>\n<h3>4. Forma e irregolarit\u00e0 dell&#8217;attaccatura dei capelli<\/h3>\n<p>La natura predilige l&#8217;irregolarit\u00e0, e cos\u00ec dovrebbe fare il design dell&#8217;attaccatura dei capelli. Ci concentriamo su:<\/p>\n<ul>\n<li>Creare sottili variazioni di densit\u00e0 e direzione<\/li>\n<li>Evitare linee perfettamente dritte o eccessivamente curve<\/li>\n<li>Progettare un&#8217;attaccatura frontale morbida e dall&#8217;aspetto naturale<\/li>\n<\/ul>\n<h3>5. Punti temporali<\/h3>\n<p>I punti temporali sono fondamentali per incorniciare il viso. Prestiamo particolare attenzione a:<\/p>\n<ul>\n<li>Definire i punti temporali che creano una transizione morbida<\/li>\n<li>Evitare un posizionamento troppo alto o troppo basso<\/li>\n<\/ul>\n<h3>6. Gradienti di densit\u00e0<\/h3>\n<p>Un&#8217;attaccatura naturale presenta densit\u00e0 variabili. Pianifichiamo:<\/p>\n<ul>\n<li>Un aumento graduale della densit\u00e0 dei capelli dalla parte anteriore a quella posteriore<\/li>\n<li>Unit\u00e0 follicolari di capelli singoli sul bordo anteriore per un aspetto pi\u00f9 morbido<\/li>\n<li>Considerazione della densit\u00e0 dei capelli esistenti e dei futuri modelli di perdita<\/li>\n<\/ul>\n<h2>Il processo di progettazione dell&#8217;attaccatura dei capelli presso la Dr. Terziler Exclusive Clinic<\/h2>\n<p>Nella nostra clinica, il disegno dell&#8217;attaccatura dei capelli \u00e8 un processo collaborativo tra il paziente e il nostro team di esperti. Ecco come lo affrontiamo:<\/p>\n<ol>\n<li><strong>Consultazione iniziale<\/strong>: discutiamo i tuoi obiettivi, valutiamo la tua attuale situazione dei capelli e spieghiamo le possibilit\u00e0.<\/li>\n<li><strong>Immagini digitali<\/strong>: utilizziamo una tecnologia di imaging avanzata per mostrarti i potenziali risultati e perfezionare il disegno in base al tuo feedback.<\/li>\n<li><strong>Pianificazione personalizzata<\/strong>: i nostri esperti creano un piano personalizzato per il disegno dell&#8217;attaccatura dei capelli, considerando tutti i fattori sopra menzionati.<\/li>\n<li><strong>Revisione pre-operatoria<\/strong>: prima della procedura, rivediamo il piano con voi per assicurarci che sia in linea con le vostre aspettative.<\/li>\n<li><strong>Implementazione precisa<\/strong>: durante l&#8217;intervento, i nostri abili chirurghi seguono meticolosamente il disegno concordato, utilizzando le tecniche pi\u00f9 recenti per risultati dall&#8217;aspetto naturale.<\/li>\n<\/ol>\n<h2>L&#8217;importanza della competenza<\/h2>\n<p>Il disegno dell&#8217;attaccatura dei capelli \u00e8 tanto un&#8217;arte quanto una scienza. Richiede:<\/p>\n<ul>\n<li>Un acuto senso estetico<\/li>\n<li>Anni di esperienza nel trapianto di capelli<\/li>\n<li>Conoscenza aggiornata delle tecniche e delle tendenze pi\u00f9 recenti<\/li>\n<\/ul>\n<p>Alla Dr. Terziler Exclusive Clinic, il nostro team combina la visione artistica con la competenza tecnica per creare linee frontali che non solo sembrano naturali, ma resistono anche alla prova del tempo.<\/p>\n<h2>Conclusione<\/h2>\n<p>Il design della linea frontale \u00e8 una componente fondamentale per il successo dell&#8217;intervento di trapianto di capelli. Richiede un&#8217;attenta considerazione di numerosi fattori e una combinazione di competenze artistiche e mediche. Alla Dr. Terziler Exclusive Clinic siamo orgogliosi del nostro approccio meticoloso alla progettazione dell&#8217;attaccatura dei capelli, che garantisce a ogni paziente un risultato personalizzato e dall&#8217;aspetto naturale che migliora il suo aspetto e aumenta la sua sicurezza.<\/p>\n<p>Se stai pensando a un trapianto di capelli, non sottovalutare l&#8217;importanza della progettazione dell&#8217;attaccatura dei capelli. Contatta oggi stesso la Dr. Terziler Exclusive Clinic per fissare un consulto e scoprire come la nostra esperienza pu\u00f2 aiutarti a ottenere l&#8217;attaccatura dei capelli naturale e giovane che desideri.<\/p>\n","protected":false},"excerpt":{"rendered":"<p>Come Dr. Terziler, offriamo un&#8217;esperienza futuristica con le nostre applicazioni all&#8217;avanguardia in estetica, salute e bellezza. Attraverso dispositivi robotici, tecnologie laser e sistemi intelligenti, i processi di trattamento non solo vengono accelerati ma anche resi pi\u00f9 efficaci. Le applicazioni modernizzate, che utilizzano metodi minimamente invasivi, consentono un recupero pi\u00f9 rapido fornendo allo stesso tempo un [&hellip;]<\/p>\n","protected":false},"author":6,"featured_media":0,"parent":0,"menu_order":0,"comment_status":"closed","ping_status":"closed","template":"","meta":{"footnotes":""},"class_list":["post-32194","page","type-page","status-publish","hentry"],"_links":{"self":[{"href":"https:\/\/drterziler.com\/it\/wp-json\/wp\/v2\/pages\/32194","targetHints":{"allow":["GET"]}}],"collection":[{"href":"https:\/\/drterziler.com\/it\/wp-json\/wp\/v2\/pages"}],"about":[{"href":"https:\/\/drterziler.com\/it\/wp-json\/wp\/v2\/types\/page"}],"author":[{"embeddable":true,"href":"https:\/\/drterziler.com\/it\/wp-json\/wp\/v2\/users\/6"}],"replies":[{"embeddable":true,"href":"https:\/\/drterziler.com\/it\/wp-json\/wp\/v2\/comments?post=32194"}],"version-history":[{"count":4,"href":"https:\/\/drterziler.com\/it\/wp-json\/wp\/v2\/pages\/32194\/revisions"}],"predecessor-version":[{"id":38278,"href":"https:\/\/drterziler.com\/it\/wp-json\/wp\/v2\/pages\/32194\/revisions\/38278"}],"wp:attachment":[{"href":"https:\/\/drterziler.com\/it\/wp-json\/wp\/v2\/media?parent=32194"}],"curies":[{"name":"wp","href":"https:\/\/api.w.org\/{rel}","templated":true}]}}