{"id":3245,"date":"2024-08-26T12:10:04","date_gmt":"2024-08-26T12:10:04","guid":{"rendered":"https:\/\/drterziler.com\/estetica-medica\/trattamento-spot\/"},"modified":"2026-02-28T12:23:48","modified_gmt":"2026-02-28T12:23:48","slug":"trattamento-spot","status":"publish","type":"page","link":"https:\/\/drterziler.com\/it\/estetica-medica\/trattamenti-viso\/mesoterapia\/trattamento-spot\/","title":{"rendered":"Trattamento spot"},"content":{"rendered":"<div class=\"page-content\">\n<div id=\"header-area\">\n<div class=\"container\" id=\"firstContent\">\n<div class=\"header-content d-flex flex-column\">\n<h1 class=\"content-title h1-header\">Trattamento spot<\/h1>\n<div class=\"content-paragraph\">\n<p class=\"p-text\">It targets sunspots, acne scars, and signs of aging, evening out the skin tone. Methods such as laser treatment, chemical peels, and PRP are used to remove blemishes and brighten the skin. The treatment is personalized, providing natural and long-lasting results.<\/p>\n<\/p><\/div>\n<nav aria-label=\"breadcrumb\" class=\"breadcrumbs\">\n<ul class=\"d-flex align-items-center mb-0\">\n<li><a class=\"link\" href=\"https:\/\/drterziler.com\/it\/\"><span>Dr. Terziler Exclusive Clinic<\/span><\/a><\/li>\n<li class=\"separator\">\u00bb<\/li>\n<li><a class=\"link\" href=\"https:\/\/drterziler.com\/it\/estetica-medica\/\"><span>Estetica medica<\/span><\/a><\/li>\n<li class=\"separator\">\u00bb<\/li>\n<li><a class=\"link\" href=\"https:\/\/drterziler.com\/it\/estetica-medica\/trattamenti-viso\/\"><span>Trattamenti viso<\/span><\/a><\/li>\n<li class=\"separator\">\u00bb<\/li>\n<li><a class=\"link\" href=\"https:\/\/drterziler.com\/it\/estetica-medica\/trattamenti-viso\/mesoterapia\/\"><span>Mesoterapia<\/span><\/a><\/li>\n<li class=\"separator\">\u00bb<\/li>\n<li class=\"current-page\"><span>Trattamento spot<\/span><\/li>\n<\/ul>\n<\/nav><\/div>\n<\/p><\/div>\n<\/p><\/div>\n<\/div>\n<section id=\"content-area\">\n<div class=\"container my-5\">\n<div class=\"row align-items-start\">\n<div class=\"col-md-6 order-2 order-md-1\">\n<div class=\"custom-toc-box\">\n<div id=\"toc-header\">\n<h4>Indice dei contenuti<\/h4>\n<div class=\"toc-toggle-icon\"><\/div>\n<\/p><\/div>\n<div class=\"toc-full-divider\"><\/div>\n<div id=\"toc-body\">\n<div id=\"toc-container\"><\/div>\n<\/p><\/div>\n<\/p><\/div>\n<\/p><\/div>\n<div class=\"col-md-6 order-1 order-md-2\" id=\"jForm\">\n                <script type=\"text\/javascript\" src=\"https:\/\/form.jotform.com\/jsform\/242882600814961\"><\/script>\n            <\/div>\n<\/p><\/div>\n<\/p><\/div>\n<div class=\"container\">\n<div class=\"img-thumb\">\n            <img loading=\"lazy\" decoding=\"async\" src=\"https:\/\/drterziler.com\/wp-content\/uploads\/2025\/01\/leke-tedavisi-1.webp\" sizes=\"auto, (max-width: 1920px) 100vw, 1920px\" srcset=\"https:\/\/drterziler.com\/wp-content\/uploads\/2025\/01\/leke-tedavisi-1.webp 1920w, https:\/\/drterziler.com\/wp-content\/uploads\/2025\/01\/leke-tedavisi-1-300x169.webp 300w, https:\/\/drterziler.com\/wp-content\/uploads\/2025\/01\/leke-tedavisi-1-1024x576.webp 1024w, https:\/\/drterziler.com\/wp-content\/uploads\/2025\/01\/leke-tedavisi-1-768x432.webp 768w, https:\/\/drterziler.com\/wp-content\/uploads\/2025\/01\/leke-tedavisi-1-1536x864.webp 1536w\" alt=\"\" width=\"1920\" height=\"1080\">\n        <\/div>\n<div>\n<div>\n<h2 class=\"h2-header\">Cos&#039;\u00e8 il Trattamento per le Macchie?<\/h2>\n<\/p><\/div>\n<div>\n<p class=\"p-text\">Il trattamento per le macchie \u00e8 una procedura dermatologica applicata per trattare varie discromie della pelle, macchie scure e problemi di pigmentazione. Affronta problemi come le macchie solari, le macchie dell&#039;et\u00e0, le cicatrici dell&#039;acne, le lentiggini, il melasma e l&#039;iperpigmentazione. Questo trattamento aiuta a uniformare il tono della pelle e fornisce un aspetto pi\u00f9 giovane.<\/p>\n<\/p><\/div>\n<\/p><\/div>\n<div>\n<div>\n<h2 class=\"h2-header\">Quali sono i benefici del trattamento per le macchie?<\/h2>\n<\/p><\/div>\n<div>\n<p class=\"p-text\">Rende la pelle liscia. Uniforma il tono della pelle. Le macchie scure si riducono rapidamente. Trattamento indolore e non invasivo. Ha un effetto ringiovanente. Offre risultati rapidi.<\/p>\n<\/p><\/div>\n<\/p><\/div>\n<div>\n<div>\n<h2 class=\"h2-header\">Che aspetto ha il trattamento per le macchie?<\/h2>\n<\/p><\/div>\n<div>\n<p class=\"p-text\">Dopo il trattamento per le macchie, la pelle diventa pi\u00f9 luminosa, liscia e uniforme nel tono. Le macchie scure, i segni solari o le cicatrici dell&#039;acne si riducono significativamente, e la superficie della pelle diventa pi\u00f9 giovane e sana. Questo trattamento elimina le discromie della pelle, offrendo un aspetto radioso e fresco.<\/p>\n<\/p><\/div>\n<\/p><\/div>\n<div>\n<div>\n<h2 class=\"h2-header\">Chi \u00e8 adatto per il trattamento delle macchie?<\/h2>\n<\/p><\/div>\n<div>\n<p class=\"p-text\">Chi ha macchie solari. Individui che mostrano segni di invecchiamento. Persone con varie imperfezioni della pelle. Chi ha macchie ormonali. Persone con tono della pelle non uniforme. Individui che cercano una pelle liscia.<\/p>\n<\/p><\/div>\n<\/p><\/div>\n<div>\n<div>\n<h2 class=\"h2-header\">Perch\u00e9 il trattamento per le macchie \u00e8 cos\u00ec popolare?<\/h2>\n<\/p><\/div>\n<div>\n<p class=\"p-text\">La popolarit\u00e0 del trattamento per le macchie sta aumentando grazie ai suoi risultati rapidi e duraturi. Con la crescente consapevolezza dell&#039;estetica e della bellezza, le persone che cercano di affrontare i problemi della pelle stanno mostrando un maggiore interesse per questo trattamento. Inoltre, eliminando l&#039;aspetto esteticamente sgradevole delle macchie sulla pelle, il trattamento per le macchie aumenta la fiducia in se stessi, rendendo la pelle pi\u00f9 attraente.<\/p>\n<\/p><\/div>\n<\/p><\/div>\n<div>\n<div>\n<h2 class=\"h2-header\">Come viene applicato il trattamento per le macchie?<\/h2>\n<\/p><\/div>\n<div>\n<p class=\"p-text\">I metodi pi\u00f9 comuni includono il trattamento laser, il peeling chimico e il PRP. I raggi laser mirano ai pigmenti sotto la pelle per ridurre le macchie. Il peeling chimico esfolia lo strato superiore della pelle, creando una superficie sana. Il PRP rivitalizza la pelle utilizzando il sangue con propriet\u00e0 ringiovanenti. Il processo di trattamento \u00e8 personalizzato e viene eseguito da un medico esperto.<\/p>\n<\/p><\/div>\n<\/p><\/div>\n<div>\n<div>\n<h2 class=\"h2-header\">Quanto durano i risultati del trattamento per le macchie?<\/h2>\n<\/p><\/div>\n<div>\n<p class=\"p-text\">I risultati del trattamento per le macchie sono generalmente permanenti, ma fattori come il naturale processo di invecchiamento della pelle e l&#039;esposizione alla luce solare possono causare la ricomparsa di alcune macchie nel tempo. Una cura regolare e l&#039;uso di protezione solare aiutano a mantenere i risultati pi\u00f9 a lungo.<\/p>\n<\/p><\/div>\n<\/p><\/div>\n<div>\n<div>\n<h2 class=\"h2-header\">Il trattamento per le macchie causa dolore o disagio?<\/h2>\n<\/p><\/div>\n<div>\n<p class=\"p-text\">Nella maggior parte dei metodi di trattamento per le macchie non c&#039;\u00e8 dolore. Tuttavia, alcune procedure come il laser o il peeling chimico potrebbero creare una leggera sensazione di calore o disagio, ma questi sentimenti sono solitamente ridotti con l&#039;anestesia locale o le tecniche di raffreddamento.<\/p>\n<\/p><\/div>\n<\/p><\/div>\n<div>\n<div>\n<h2 class=\"h2-header\">Prezzi del trattamento per le macchie<\/h2>\n<\/p><\/div>\n<div>\n<p class=\"p-text\">I prezzi del trattamento per le macchie variano in base al metodo utilizzato e al tipo di pelle. Tipicamente, i trattamenti pi\u00f9 semplici sono offerti a prezzi pi\u00f9 accessibili, mentre metodi avanzati come il laser o la mesoterapia potrebbero essere leggermente pi\u00f9 costosi. Per informazioni dettagliate sui prezzi, consigliamo di contattare la nostra clinica.<\/p>\n<\/p><\/div>\n<\/p><\/div>\n<div>\n<div>\n<h2 class=\"h2-header\">Perch\u00e9 scegliere la Dr. Terziler Exclusive Clinic?<\/h2>\n<\/p><\/div>\n<div>\n<p class=\"p-text\">Il Dr. Terziler, con un&#039;esperienza riconosciuta a livello internazionale e un approccio estetico che combina arte e scienza, offre soluzioni personalizzate che garantiscono non solo una trasformazione fisica, ma anche un rinnovamento emotivo. La nostra clinica, dotata di tecnologie avanzate e operante secondo i principi di comfort e sicurezza, adotta la perfezione come filosofia aziendale. Ogni trattamento qui mira a migliorare il vostro benessere complessivo e la vostra felicit\u00e0.<\/p>\n<\/p><\/div>\n<\/p><\/div>\n<\/p><\/div>\n<\/section>\n","protected":false},"excerpt":{"rendered":"<p>Trattamento spot It targets sunspots, acne scars, and signs of aging, evening out the skin tone. Methods such as laser treatment, chemical peels, and PRP are used to remove blemishes and brighten the skin. The treatment is personalized, providing natural and long-lasting results. Dr. Terziler Exclusive Clinic \u00bb Estetica medica \u00bb Trattamenti viso \u00bb Mesoterapia [&hellip;]<\/p>\n","protected":false},"author":6,"featured_media":0,"parent":3074,"menu_order":0,"comment_status":"closed","ping_status":"closed","template":"","meta":{"footnotes":""},"class_list":["post-3245","page","type-page","status-publish","hentry"],"_links":{"self":[{"href":"https:\/\/drterziler.com\/it\/wp-json\/wp\/v2\/pages\/3245","targetHints":{"allow":["GET"]}}],"collection":[{"href":"https:\/\/drterziler.com\/it\/wp-json\/wp\/v2\/pages"}],"about":[{"href":"https:\/\/drterziler.com\/it\/wp-json\/wp\/v2\/types\/page"}],"author":[{"embeddable":true,"href":"https:\/\/drterziler.com\/it\/wp-json\/wp\/v2\/users\/6"}],"replies":[{"embeddable":true,"href":"https:\/\/drterziler.com\/it\/wp-json\/wp\/v2\/comments?post=3245"}],"version-history":[{"count":15,"href":"https:\/\/drterziler.com\/it\/wp-json\/wp\/v2\/pages\/3245\/revisions"}],"predecessor-version":[{"id":57880,"href":"https:\/\/drterziler.com\/it\/wp-json\/wp\/v2\/pages\/3245\/revisions\/57880"}],"up":[{"embeddable":true,"href":"https:\/\/drterziler.com\/it\/wp-json\/wp\/v2\/pages\/3074"}],"wp:attachment":[{"href":"https:\/\/drterziler.com\/it\/wp-json\/wp\/v2\/media?parent=3245"}],"curies":[{"name":"wp","href":"https:\/\/api.w.org\/{rel}","templated":true}]}}