{"id":3281,"date":"2024-08-26T12:16:14","date_gmt":"2024-08-26T12:16:14","guid":{"rendered":"https:\/\/drterziler.com\/longevita\/nad\/"},"modified":"2026-02-28T15:47:04","modified_gmt":"2026-02-28T15:47:04","slug":"nad","status":"publish","type":"page","link":"https:\/\/drterziler.com\/it\/longevita\/nad\/","title":{"rendered":"NAD"},"content":{"rendered":"<div class=\"page-content\">\n<div id=\"header-area\">\n<div class=\"container\" id=\"firstContent\">\n<div class=\"header-content d-flex flex-column\">\n<h1 class=\"content-title h1-header\">NAD<\/h1>\n<div class=\"content-paragraph\">\n<p class=\"p-text\">La terapia con NAD (Nicotinamide Adenina Dinucleotide) \u00e8 un metodo complementare che aumenta la produzione di energia di qualit\u00e0 delle cellule, fornendo vitalit\u00e0 e agilit\u00e0 e consentendo alle funzioni del corpo di lavorare in modo pi\u00f9 efficiente. L&#039;organismo, con l&#039;aumento dei livelli di energia, provvede alla riparazione e al ringiovanimento a livello cellulare, migliorando la qualit\u00e0 della vita.<\/p>\n<\/p><\/div>\n<nav aria-label=\"breadcrumb\" class=\"breadcrumbs\">\n<ul class=\"d-flex align-items-center mb-0\">\n<li><a class=\"link\" href=\"https:\/\/drterziler.com\/it\/\"><span>Dr. Terziler Exclusive Clinic<\/span><\/a><\/li>\n<li class=\"separator\">\u00bb<\/li>\n<li><a class=\"link\" href=\"https:\/\/drterziler.com\/it\/longevita\/\"><span>Longevit\u00e0<\/span><\/a><\/li>\n<li class=\"separator\">\u00bb<\/li>\n<li class=\"current-page\"><span>NAD<\/span><\/li>\n<\/ul>\n<\/nav><\/div>\n<\/p><\/div>\n<\/p><\/div>\n<\/div>\n<section id=\"content-area\">\n<div class=\"container my-5\">\n<div class=\"row align-items-start\">\n<div class=\"col-md-6 order-2 order-md-1\">\n<div class=\"custom-toc-box\">\n<div id=\"toc-header\">\n<h4>Indice dei contenuti<\/h4>\n<div class=\"toc-toggle-icon\"><\/div>\n<\/p><\/div>\n<div class=\"toc-full-divider\"><\/div>\n<div id=\"toc-body\">\n<div id=\"toc-container\"><\/div>\n<\/p><\/div>\n<\/p><\/div>\n<\/p><\/div>\n<div class=\"col-md-6 order-1 order-md-2\" id=\"jForm\">\n                <script type=\"text\/javascript\" src=\"https:\/\/form.jotform.com\/jsform\/242882600814961\"><\/script>\n            <\/div>\n<\/p><\/div>\n<\/p><\/div>\n<div class=\"container\">\n<div class=\"img-thumb\">\n            <img loading=\"lazy\" decoding=\"async\" width=\"1140\" height=\"641\" src=\"https:\/\/drterziler.com\/wp-content\/uploads\/2025\/04\/NAD.webp\" alt=\"\" srcset=\"https:\/\/drterziler.com\/wp-content\/uploads\/2025\/04\/NAD.webp 1140w, https:\/\/drterziler.com\/wp-content\/uploads\/2025\/04\/NAD-300x169.webp 300w, https:\/\/drterziler.com\/wp-content\/uploads\/2025\/04\/NAD-1024x576.webp 1024w, https:\/\/drterziler.com\/wp-content\/uploads\/2025\/04\/NAD-768x432.webp 768w\" sizes=\"auto, (max-width: 1140px) 100vw, 1140px\">\n        <\/div>\n<div>\n<div>\n<h2 class=\"h2-header\">Sentirsi pi\u00f9 vigorosi ed energici<\/h2>\n<\/p><\/div>\n<div>\n<p class=\"p-text\">La terapia NAD pu\u00f2 essere definita come un metodo che aumenta la vitalit\u00e0 e l&#039;agilit\u00e0 generale dell&#039;organismo incrementando la produzione di energia cellulare e supportando le funzioni biologiche delle cellule. L&#039;aumento dei livelli di NAD non solo aumenta i livelli di energia, ma pu\u00f2 anche ridurre i segni dell&#039;invecchiamento e sostenere il funzionamento ottimale delle funzioni corporee.<\/p>\n<\/p><\/div>\n<\/p><\/div>\n<div>\n<div>\n<h2 class=\"h2-header\">Effetti biochimici e ruolo nella qualit\u00e0 della vita<\/h2>\n<\/p><\/div>\n<div>\n<p class=\"p-text\">Il NAD \u00e8 un coenzima che svolge un ruolo centrale nella produzione di energia cellulare ed \u00e8 fondamentale nella regolazione dei processi biochimici. La terapia NAD \u00e8 un approccio che mira a ottimizzare la produzione di energia dell&#039;organismo aumentando i livelli di NAD nelle cellule. Questo trattamento mira a massimizzare la qualit\u00e0 della vita sostenendo le funzioni biologiche delle cellule.<\/p>\n<\/p><\/div>\n<\/p><\/div>\n<div>\n<div>\n<h2 class=\"h2-header\">Effetti fisiologici della terapia con NAD<\/h2>\n<\/p><\/div>\n<div>\n<p class=\"p-text\">La terapia con NAD non solo aumenta i livelli di energia delle cellule, ma pu\u00f2 anche avere effetti che rallentano l&#039;invecchiamento cellulare. Il NAD \u00e8 coinvolto in processi cellulari quali la riparazione del DNA, la difesa antiossidante e l&#039;attivazione delle sirtuine. Questi effetti aumentano la resistenza delle cellule ai processi di invecchiamento e migliorano la qualit\u00e0 complessiva della vita.<\/p>\n<\/p><\/div>\n<\/p><\/div>\n<div>\n<div>\n<h2 class=\"h2-header\">Produzione di energia cellulare e NAD<\/h2>\n<\/p><\/div>\n<div>\n<p class=\"p-text\">Il NAD svolge un ruolo cruciale nella produzione di energia cellulare, funzionando come componente fondamentale nella produzione di ATP, soprattutto nella respirazione mitocondriale. La NAD Therapy massimizza la capacit\u00e0 di produzione di energia delle cellule aumentando i livelli di NAD in questo processo. L&#039;aumento della produzione di energia favorisce i processi di riparazione e rigenerazione cellulare, consentendo alle funzioni dell&#039;organismo di funzionare in modo pi\u00f9 efficiente.<\/p>\n<\/p><\/div>\n<\/p><\/div>\n<div>\n<div>\n<h2 class=\"h2-header\">Chi pu\u00f2 ricevere la terapia NAD?<\/h2>\n<\/p><\/div>\n<div>\n<p class=\"p-text\">La terapia con NAD pu\u00f2 essere applicata a persone che mostrano segni di invecchiamento o che soffrono di stanchezza cronica, malattie neurodegenerative e disturbi metabolici per aumentare il metabolismo energetico e sostenere il rinnovamento cellulare. Inoltre, pu\u00f2 essere utilizzata come trattamento di supporto per ritardare l&#039;invecchiamento in individui sani che desiderano ottimizzare le funzioni cellulari.<\/p>\n<\/p><\/div>\n<\/p><\/div>\n<\/p><\/div>\n<\/section>\n","protected":false},"excerpt":{"rendered":"<p>NAD La terapia con NAD (Nicotinamide Adenina Dinucleotide) \u00e8 un metodo complementare che aumenta la produzione di energia di qualit\u00e0 delle cellule, fornendo vitalit\u00e0 e agilit\u00e0 e consentendo alle funzioni del corpo di lavorare in modo pi\u00f9 efficiente. L&#039;organismo, con l&#039;aumento dei livelli di energia, provvede alla riparazione e al ringiovanimento a livello cellulare, migliorando [&hellip;]<\/p>\n","protected":false},"author":6,"featured_media":0,"parent":3019,"menu_order":0,"comment_status":"closed","ping_status":"closed","template":"","meta":{"footnotes":""},"class_list":["post-3281","page","type-page","status-publish","hentry"],"_links":{"self":[{"href":"https:\/\/drterziler.com\/it\/wp-json\/wp\/v2\/pages\/3281","targetHints":{"allow":["GET"]}}],"collection":[{"href":"https:\/\/drterziler.com\/it\/wp-json\/wp\/v2\/pages"}],"about":[{"href":"https:\/\/drterziler.com\/it\/wp-json\/wp\/v2\/types\/page"}],"author":[{"embeddable":true,"href":"https:\/\/drterziler.com\/it\/wp-json\/wp\/v2\/users\/6"}],"replies":[{"embeddable":true,"href":"https:\/\/drterziler.com\/it\/wp-json\/wp\/v2\/comments?post=3281"}],"version-history":[{"count":8,"href":"https:\/\/drterziler.com\/it\/wp-json\/wp\/v2\/pages\/3281\/revisions"}],"predecessor-version":[{"id":57891,"href":"https:\/\/drterziler.com\/it\/wp-json\/wp\/v2\/pages\/3281\/revisions\/57891"}],"up":[{"embeddable":true,"href":"https:\/\/drterziler.com\/it\/wp-json\/wp\/v2\/pages\/3019"}],"wp:attachment":[{"href":"https:\/\/drterziler.com\/it\/wp-json\/wp\/v2\/media?parent=3281"}],"curies":[{"name":"wp","href":"https:\/\/api.w.org\/{rel}","templated":true}]}}