{"id":38848,"date":"2025-05-27T09:10:35","date_gmt":"2025-05-27T09:10:35","guid":{"rendered":"https:\/\/drterziler.com\/trattamenti-per-capelli\/hair-care-products\/"},"modified":"2026-04-27T06:40:05","modified_gmt":"2026-04-27T06:40:05","slug":"prodotti-per-la-cura-dei-capelli","status":"publish","type":"page","link":"https:\/\/drterziler.com\/it\/trattamenti-per-capelli\/prodotti-per-la-cura-dei-capelli\/","title":{"rendered":"Prodotti per la cura dei capelli"},"content":{"rendered":"<div class=\"page-content\">\n<div id=\"header-area\">\n<div class=\"container\" id=\"firstContent\">\n<div class=\"header-content d-flex flex-column\">\n<h1 class=\"content-title\">Prodotti per la Cura dei Capelli<\/h1>\n<div class=\"content-paragraph\">\n<p>La salute dei capelli \u00e8 uno dei pilastri di un aspetto estetico ed \u00e8 direttamente correlata alla qualit\u00e0 generale della vita. I nostri prodotti per la cura dei capelli, sviluppati clinicamente, mirano a nutrire e rafforzare le radici dei capelli preservandone la struttura naturale. Potenti ingredienti vegetali come i semi di pepe nero, la corteccia di salice bianco o l&#8217;estratto di melograno supportano il naturale processo di crescita dei capelli ottimizzando al contempo la salute del cuoio capelluto. I prodotti  per la cura dei capelli sono sviluppati clinicamente per fornire soluzioni a lungo termine e permanenti, ridurre al minimo la caduta dei capelli e restituire lucentezza alla chioma.<\/p>\n<\/p><\/div>\n<nav aria-label=\"breadcrumb\" class=\"breadcrumbs\">\n<ul class=\"d-flex align-items-center mb-0\">\n<li><a class=\"link\" href=\"https:\/\/drterziler.com\/it\/\"><span>Dr. Terziler<\/span><\/a><\/li>\n<li class=\"separator\">\u00bb<\/li>\n<li><a class=\"link\" href=\"https:\/\/drterziler.com\/it\/trattamenti-per-capelli\/\"><span>Trattamenti per Capelli<\/span><\/a><\/li>\n<li class=\"separator\">\u00bb<\/li>\n<li class=\"current-page\"><span>Prodotti per la Cura dei Capelli<\/span><\/li>\n<\/ul>\n<\/nav><\/div>\n<\/p><\/div>\n<\/p><\/div>\n<\/div>\n<section class=\"svc-section\">\n<div class=\"container\">\n<div class=\"svc-item right-card\">\n<div class=\"svc-media\">\n                <img decoding=\"async\" src=\"https:\/\/drterziler.com\/wp-content\/uploads\/2026\/02\/SAMPUANrev_6_11zon.webp\" alt=\" Anti Hair Loss &#038; Dandruff Shampo\" loading=\"lazy\" class=\"cat-img\">\n            <\/div>\n<div class=\"svc-card\">\n<h3 class=\"svc-title gilda\"> Anti Hair Loss &#038; Dandruff Shampoo<\/h3>\n<p class=\"svc-text barlow\">\n                    Con il suo estratto di cannella, rafforza le radici dei capelli e dona resilienza alla chioma. Grazie a vitamine e minerali come la niacinamide, riequilibra il cuoio capelluto. Con l&#8217;estratto di semi di cumino nero, previene la caduta dei capelli.\n                <\/p>\n<p>                <a class=\"btn-details barlow-condensed\" href=\"https:\/\/drterziler.com\/it\/trattamenti-per-capelli\/prodotti-per-la-cura-dei-capelli\/shampoo-anti-caduta-capelli-antiforfora\/\">DETTAGLI<\/a>\n            <\/div>\n<\/p><\/div>\n<div class=\"svc-item left-card\">\n<div class=\"svc-media\">\n                <img decoding=\"async\" src=\"https:\/\/drterziler.com\/wp-content\/uploads\/2025\/04\/serumrev.webp\" alt=\" Hair Activating Serum\" loading=\"lazy\" class=\"cat-img\">\n            <\/div>\n<div class=\"svc-card\">\n<h3 class=\"svc-title gilda\">Siero attivatore di capelli <\/h3>\n<p class=\"svc-text barlow\">\n                    L&#8217;estratto di melograno aiuta a prevenire la caduta dei capelli, mentre i semi di pepe nero stimolano le radici e i follicoli piliferi per favorire la crescita di nuovi capelli. La corteccia di salice bianco fornisce protezione contro la sensibilit\u00e0 cutanea.\n                <\/p>\n<p>                <a class=\"btn-details barlow-condensed\" href=\"https:\/\/drterziler.com\/it\/trattamenti-per-capelli\/prodotti-per-la-cura-dei-capelli\/siero-attivatore-di-capelli\/\">DETTAGLI<\/a>\n            <\/div>\n<\/p><\/div>\n<div class=\"svc-item right-card\">\n<div class=\"svc-media\">\n                <img decoding=\"async\" src=\"https:\/\/drterziler.com\/wp-content\/uploads\/2025\/04\/tabletrev.webp\" alt=\" Trichomix Plus Food Supplement\" loading=\"lazy\" class=\"cat-img\">\n            <\/div>\n<div class=\"svc-card\">\n<h3 class=\"svc-title gilda\"> Trichomix Plus Integratore alimentare<\/h3>\n<p class=\"svc-text barlow\">\n                    L&#8217;estratto di saw palmetto aiuta a prevenire la caduta dei capelli dall&#8217;interno e supporta la crescita di nuovi capelli. Fornisce il supporto necessario con vitamine come selenio, zinco, acido folico e biotina.\n                <\/p>\n<p>                <a class=\"btn-details barlow-condensed\" href=\"https:\/\/drterziler.com\/it\/trattamenti-per-capelli\/prodotti-per-la-cura-dei-capelli\/trichomix-plus-integratore-alimentare\/\">DETTAGLI<\/a>\n            <\/div>\n<\/p><\/div>\n<div class=\"svc-item left-card\">\n<div class=\"svc-media\">\n                <img decoding=\"async\" src=\"https:\/\/drterziler.com\/wp-content\/uploads\/2025\/04\/growth-faktor-serumrev.webp\" alt=\" Hair Regrowth Treatment Serum\" loading=\"lazy\" class=\"cat-img\">\n            <\/div>\n<div class=\"svc-card\">\n<h3 class=\"svc-title gilda\">Siero per il trattamento della ricrescita dei capelli <\/h3>\n<p class=\"svc-text barlow\">\n                    Grazie agli estratti di alta qualit\u00e0 che contiene, accelera efficacemente la circolazione sanguigna, nutrendo le radici dei capelli. Risveglia i follicoli piliferi nella fase di riposo e attiva le cellule dormienti, promuovendo lo sviluppo dei capelli neonati. Inoltre, ispessisce i fusti dei capelli e previene la caduta.\n                <\/p>\n<p>                <a class=\"btn-details barlow-condensed\" href=\"https:\/\/drterziler.com\/it\/trattamenti-per-capelli\/prodotti-per-la-cura-dei-capelli\/siero-capillare-ai-fattori-di-crescita\/\">DETTAGLI<\/a>\n            <\/div>\n<\/p><\/div>\n<div class=\"svc-item right-card\">\n<div class=\"svc-media\">\n                <img decoding=\"async\" src=\"https:\/\/drterziler.com\/wp-content\/uploads\/2025\/04\/stemcell-serumrev.webp\" alt=\" Stem Cell Factor Growth Serum\" loading=\"lazy\" class=\"cat-img\">\n            <\/div>\n<div class=\"svc-card\">\n<h3 class=\"svc-title gilda\">Siero di crescita con fattore di cellule staminali <\/h3>\n<p class=\"svc-text barlow\">\n                    Grazie ai suoi potenti ingredienti, stimola i follicoli piliferi e aiuta a ispessire i fusti dei capelli. Allo stesso tempo, accelerando la circolazione sanguigna, svolge un ruolo attivo nella prevenzione della caduta dei capelli. Promuove l&#8217;attivit\u00e0 nello sviluppo del follicolo pilifero, creando le basi per la rivitalizzazione dei capelli.\n                <\/p>\n<p>                <a class=\"btn-details barlow-condensed\" href=\"https:\/\/drterziler.com\/it\/trattamenti-per-capelli\/prodotti-per-la-cura-dei-capelli\/siero-crescita-staminali\/\">DETTAGLI<\/a>\n            <\/div>\n<\/p><\/div>\n<div class=\"svc-item left-card\">\n<div class=\"svc-media\">\n                <img decoding=\"async\" src=\"https:\/\/drterziler.com\/wp-content\/uploads\/2025\/04\/lazer-kep-2rev.webp\" alt=\" Hair Laser Cap \/ 272 LED Bulbs\" loading=\"lazy\" class=\"cat-img\">\n            <\/div>\n<div class=\"svc-card\">\n<h3 class=\"svc-title gilda\"> Cap Capelli Laser \/ 272 lampadine LED<\/h3>\n<p class=\"svc-text barlow\">\n                    L&#8217;energia della luce laser stimola i capillari sotto i follicoli piliferi, aumentando la circolazione sanguigna. Questo rivitalizza i follicoli piliferi dormienti, li nutre meglio e porta a un visibile miglioramento della qualit\u00e0 dei capelli. Accelerando la circolazione sanguigna, nutre le radici, riduce la caduta e supporta la crescita di nuovi capelli.\n                <\/p>\n<p>                <a class=\"btn-details barlow-condensed\" href=\"https:\/\/drterziler.com\/it\/trattamenti-per-capelli\/prodotti-per-la-cura-dei-capelli\/cap-capelli-laser-272-lampadine-led\/\">DETTAGLI<\/a>\n            <\/div>\n<\/p><\/div>\n<div class=\"svc-item right-card\">\n<div class=\"svc-media\">\n                <img decoding=\"async\" src=\"https:\/\/drterziler.com\/wp-content\/uploads\/2025\/04\/lazer-kep-1rev.webp\" alt=\" Hair Laser Cap \/ 81 LED Bulbs\" loading=\"lazy\" class=\"cat-img\">\n            <\/div>\n<div class=\"svc-card\">\n<h3 class=\"svc-title gilda\"> Cap Capelli Laser \/ 81 lampadine LED<\/h3>\n<p class=\"svc-text barlow\">\n                    L&#8217;energia della luce laser stimola i capillari sotto i follicoli piliferi, aumentando la circolazione sanguigna. Questo rivitalizza i follicoli piliferi dormienti, li nutre meglio e porta a un visibile miglioramento della qualit\u00e0 dei capelli. Accelerando la circolazione sanguigna, nutre le radici, riduce la caduta e supporta la crescita di nuovi capelli.\n                <\/p>\n<p>                <a class=\"btn-details barlow-condensed\" href=\"https:\/\/drterziler.com\/it\/trattamenti-per-capelli\/prodotti-per-la-cura-dei-capelli\/cap-capelli-laser-81-lampadine-led\/\">DETTAGLI<\/a>\n            <\/div>\n<\/p><\/div>\n<div class=\"svc-item left-card\">\n<div class=\"svc-media\">\n                <img decoding=\"async\" src=\"https:\/\/drterziler.com\/wp-content\/uploads\/2025\/04\/lazer-tarakrev.webp\" alt=\" Hair Laser Comb\" loading=\"lazy\" class=\"cat-img\">\n            <\/div>\n<div class=\"svc-card\">\n<h3 class=\"svc-title gilda\">Pettine laser per capelli <\/h3>\n<p class=\"svc-text barlow\">\n                    \u00c8 un trattamento laser progettato con speciali lunghezze d&#8217;onda che pu\u00f2 essere facilmente applicato a casa. Questo prodotto, raccomandato dai dermatologi, testato clinicamente e approvato dalla FDA, offre una soluzione efficace contro la caduta dei capelli.\n                <\/p>\n<p>                <a class=\"btn-details barlow-condensed\" href=\"https:\/\/drterziler.com\/it\/trattamenti-per-capelli\/prodotti-per-la-cura-dei-capelli\/pettine-laser-per-capelli\/\">DETTAGLI<\/a>\n            <\/div>\n<\/p><\/div>\n<\/p><\/div>\n<\/section>\n","protected":false},"excerpt":{"rendered":"<p>Prodotti per la Cura dei Capelli La salute dei capelli \u00e8 uno dei pilastri di un aspetto estetico ed \u00e8 direttamente correlata alla qualit\u00e0 generale della vita. I nostri prodotti per la cura dei capelli, sviluppati clinicamente, mirano a nutrire e rafforzare le radici dei capelli preservandone la struttura naturale. Potenti ingredienti vegetali come i [&hellip;]<\/p>\n","protected":false},"author":6,"featured_media":0,"parent":3007,"menu_order":0,"comment_status":"closed","ping_status":"closed","template":"","meta":{"footnotes":""},"class_list":["post-38848","page","type-page","status-publish","hentry"],"_links":{"self":[{"href":"https:\/\/drterziler.com\/it\/wp-json\/wp\/v2\/pages\/38848","targetHints":{"allow":["GET"]}}],"collection":[{"href":"https:\/\/drterziler.com\/it\/wp-json\/wp\/v2\/pages"}],"about":[{"href":"https:\/\/drterziler.com\/it\/wp-json\/wp\/v2\/types\/page"}],"author":[{"embeddable":true,"href":"https:\/\/drterziler.com\/it\/wp-json\/wp\/v2\/users\/6"}],"replies":[{"embeddable":true,"href":"https:\/\/drterziler.com\/it\/wp-json\/wp\/v2\/comments?post=38848"}],"version-history":[{"count":15,"href":"https:\/\/drterziler.com\/it\/wp-json\/wp\/v2\/pages\/38848\/revisions"}],"predecessor-version":[{"id":62473,"href":"https:\/\/drterziler.com\/it\/wp-json\/wp\/v2\/pages\/38848\/revisions\/62473"}],"up":[{"embeddable":true,"href":"https:\/\/drterziler.com\/it\/wp-json\/wp\/v2\/pages\/3007"}],"wp:attachment":[{"href":"https:\/\/drterziler.com\/it\/wp-json\/wp\/v2\/media?parent=38848"}],"curies":[{"name":"wp","href":"https:\/\/api.w.org\/{rel}","templated":true}]}}