{"id":41000,"date":"2025-06-03T06:29:19","date_gmt":"2025-06-03T06:29:19","guid":{"rendered":"https:\/\/drterziler.com\/sexual-life\/"},"modified":"2026-04-06T11:37:43","modified_gmt":"2026-04-06T11:37:43","slug":"salute-sessuale","status":"publish","type":"page","link":"https:\/\/drterziler.com\/it\/salute-sessuale\/","title":{"rendered":"Salute Sessuale"},"content":{"rendered":"<div class=\"page-content category-page\">\n<div id=\"header-area\">\n<div class=\"container\" id=\"firstContent\">\n<div class=\"header-content d-flex flex-column\">\n<h1 class=\"content-title\">Salute Sessuale<\/h1>\n<div class=\"content-paragraph\">\n<p>La salute sessuale maschile \u00e8 influenzata da molti fattori, come l&#8217;equilibrio ormonale, la struttura vascolare, lo stato psicologico e lo stile di vita. Presso la nostra clinica, offriamo soluzioni olistiche in varie aree della sessualit\u00e0, tra cui disfunzione erettile, eiaculazione precoce, allungamento del pene e bassi livelli di testosterone. Il nostro obiettivo \u00e8 migliorare la funzione sessuale e potenziare la qualit\u00e0 della vita attraverso approcci personalizzati.<\/p>\n<\/p><\/div>\n<nav aria-label=\"breadcrumb\" class=\"breadcrumbs\">\n<ul class=\"d-flex align-items-center mb-0\">\n<li><a class=\"link\" href=\"https:\/\/drterziler.com\/it\/\"><span>Dr. Terziler<\/span><\/a><\/li>\n<li class=\"separator\">\u00bb<\/li>\n<li class=\"current-page\"><span>Salute Sessuale<\/span><\/li>\n<\/ul>\n<\/nav><\/div>\n<\/p><\/div>\n<\/p><\/div>\n<\/div>\n<section class=\"svc-section\">\n<div class=\"container\">\n<div class=\"svc-item right-card\">\n<div class=\"svc-media\">\n                <img decoding=\"async\" src=\"https:\/\/drterziler.com\/wp-content\/uploads\/2025\/06\/Erken-Bosalma-ve-Kok-Hucre-Tedavisi.webp\" alt=\"Eiaculazione Precoce e Terapia con Cellule Staminali\" loading=\"lazy\" class=\"cat-img\">\n            <\/div>\n<div class=\"svc-card\">\n<h3 class=\"svc-title gilda\">Eiaculazione Precoce e Terapia con Cellule Staminali<\/h3>\n<p class=\"svc-text barlow\">\n                    L&#8217;eiaculazione precoce \u00e8 una delle disfunzioni sessuali maschili pi\u00f9 comuni. \u00c8 definita come l&#8217;eiaculazione involontaria che avviene significativamente prima del normale durante il rapporto sessuale. Nella maggior parte dei casi, questo tempo pu\u00f2 essere inferiore a un minuto dopo la penetrazione vaginale. Questa condizione pu\u00f2 portare a insoddisfazione sessuale, ansia e perdita di fiducia in se stessi sia nell&#8217;individuo che nel partner.\n                <\/p>\n<p>                <a class=\"btn-details barlow-condensed\" href=\"https:\/\/drterziler.com\/it\/salute-sessuale\/eiaculazione-precoce-e-terapia-con-cellule-staminali\/\">DETTAGLI<\/a>\n            <\/div>\n<\/p><\/div>\n<div class=\"svc-item left-card\">\n<div class=\"svc-media\">\n                <img decoding=\"async\" src=\"https:\/\/drterziler.com\/wp-content\/uploads\/2025\/06\/Hipogonadizm-Dusuk-Testosteron.webp\" alt=\"Ipogonadismo (Basso Testosterone)\" loading=\"lazy\" class=\"cat-img\">\n            <\/div>\n<div class=\"svc-card\">\n<h3 class=\"svc-title gilda\">Ipogonadismo (Basso Testosterone)<\/h3>\n<p class=\"svc-text barlow\">\n                    L&#8217;ipogonadismo \u00e8 una condizione clinica in cui i livelli di testosterone negli uomini vengono prodotti al di sotto della norma. Il testosterone \u00e8 un ormone vitale per lo sviluppo sessuale maschile, le funzioni riproduttive, la massa muscolare, la densit\u00e0 ossea e la salute generale. Bassi livelli di testosterone possono portare a numerosi sintomi negativi fisici, psicologici e sociali, oltre a problemi di salute.\n                <\/p>\n<p>                <a class=\"btn-details barlow-condensed\" href=\"https:\/\/drterziler.com\/it\/salute-sessuale\/ipogonadismo-basso-livello-di-testosterone\/\">DETTAGLI<\/a>\n            <\/div>\n<\/p><\/div>\n<div class=\"svc-item right-card\">\n<div class=\"svc-media\">\n                <img decoding=\"async\" src=\"https:\/\/drterziler.com\/wp-content\/uploads\/2025\/06\/Kozmetik-Androloji.webp\" alt=\"Andrologia Cosmetica\" loading=\"lazy\" class=\"cat-img\">\n            <\/div>\n<div class=\"svc-card\">\n<h3 class=\"svc-title gilda\">Andrologia Cosmetica<\/h3>\n<p class=\"svc-text barlow\">\n                    L&#8217;andrologia cosmetica \u00e8 un campo medico in rapida evoluzione che affronta i problemi del sistema riproduttivo maschile e della salute sessuale sia dal punto di vista funzionale che estetico. Questo campo non si concentra solo sulla risoluzione di problemi medici, ma offre anche miglioramenti estetici che aiutano gli uomini a sentirsi meglio con se stessi. Combinato con le possibilit\u00e0 della medicina moderna, questo approccio fornisce soluzioni complete per i pazienti di sesso maschile.\n                <\/p>\n<p>                <a class=\"btn-details barlow-condensed\" href=\"https:\/\/drterziler.com\/it\/salute-sessuale\/andrologia-estetica\/\">DETTAGLI<\/a>\n            <\/div>\n<\/p><\/div>\n<div class=\"svc-item left-card\">\n<div class=\"svc-media\">\n                <img decoding=\"async\" src=\"https:\/\/drterziler.com\/wp-content\/uploads\/2025\/06\/Penil-Protez-Implantasyonu.webp\" alt=\"Impianto di Protesi Peniena\" loading=\"lazy\" class=\"cat-img\">\n            <\/div>\n<div class=\"svc-card\">\n<h3 class=\"svc-title gilda\">Impianto di Protesi Peniena<\/h3>\n<p class=\"svc-text barlow\">\n                    Una protesi peniena \u00e8 un dispositivo medico impiantato chirurgicamente nel pene per imitare la funzione di un&#8217;erezione. Uno dei criteri chiave per l&#8217;utilizzo di una protesi peniena \u00e8 che il paziente deve aver provato e fallito tutte le altre opzioni di trattamento conosciute. Essendo considerato un intervento chirurgico, \u00e8 tipicamente visto come un trattamento di ultima istanza. Tuttavia, valutando i risultati, si pu\u00f2 affermare che questa procedura fornisce esiti altamente soddisfacenti sia per il paziente che per il partner.\n                <\/p>\n<p>                <a class=\"btn-details barlow-condensed\" href=\"https:\/\/drterziler.com\/it\/salute-sessuale\/impianto-di-protesi-peniena\/\">DETTAGLI<\/a>\n            <\/div>\n<\/p><\/div>\n<div class=\"svc-item right-card\">\n<div class=\"svc-media\">\n                <img decoding=\"async\" src=\"https:\/\/drterziler.com\/wp-content\/uploads\/2025\/06\/Penis-Kalinlastirma-Uzatma-Dolgusu.webp\" alt=\"Filler per l'Aumento della Circonferenza e della Lunghezza del Pene\" loading=\"lazy\" class=\"cat-img\">\n            <\/div>\n<div class=\"svc-card\">\n<h3 class=\"svc-title gilda\">Filler per l&#8217;Aumento della Circonferenza e della Lunghezza del Pene<\/h3>\n<p class=\"svc-text barlow\">\n                    L&#8217;estetica peniena \u00e8 diventata una procedura preferita negli ultimi anni per ragioni sia funzionali che psicologiche. Gli uomini sono sempre pi\u00f9 consapevoli che, oltre alle prestazioni sessuali, le dimensioni del pene hanno un impatto significativo sulla fiducia in se stessi. In questo contesto, l&#8217;aumento della circonferenza e della lunghezza del pene con i filler offre soluzioni sicure ed efficaci senza la necessit\u00e0 di un intervento chirurgico.\n                <\/p>\n<p>                <a class=\"btn-details barlow-condensed\" href=\"https:\/\/drterziler.com\/it\/salute-sessuale\/filler-per-laumento-della-circonferenza-e-della-lunghezza-del-pene\/\">DETTAGLI<\/a>\n            <\/div>\n<\/p><\/div>\n<div class=\"svc-item left-card\">\n<div class=\"svc-media\">\n                <img decoding=\"async\" src=\"https:\/\/drterziler.com\/wp-content\/uploads\/2025\/06\/Sertlesme-Sorunu-ve-kok-hucre-Tedavisi.webp\" alt=\"Disfunzione Erettile e Terapia con Cellule Staminali\" loading=\"lazy\" class=\"cat-img\">\n            <\/div>\n<div class=\"svc-card\">\n<h3 class=\"svc-title gilda\">Disfunzione Erettile e Terapia con Cellule Staminali<\/h3>\n<p class=\"svc-text barlow\">\n                    La disfunzione erettile (DE) \u00e8 un problema di salute comune che impatta significativamente sulla qualit\u00e0 della vita e sul benessere psicosociale degli uomini. Per gli uomini che non traggono sufficiente beneficio da farmaci, iniezioni o altri metodi di trattamento, l&#8217;impianto di protesi peniena offre una soluzione affidabile e permanente. Grazie a dispositivi tecnologici avanzati, questa procedura consente rapporti sessuali dall&#8217;aspetto naturale, soddisfacenti e spontanei.\n                <\/p>\n<p>                <a class=\"btn-details barlow-condensed\" href=\"https:\/\/drterziler.com\/it\/salute-sessuale\/disfunzione-erettile-e-terapia-con-cellule-staminali\/\">DETTAGLI<\/a>\n            <\/div>\n<\/p><\/div>\n<div class=\"svc-item right-card\">\n<div class=\"svc-media\">\n                <img decoding=\"async\" src=\"https:\/\/drterziler.com\/wp-content\/uploads\/2025\/06\/Yasam-Tarzi-ve-Erkek-Sagligi.webp\" alt=\"Stile di Vita e Salute dell'Uomo\" loading=\"lazy\" class=\"cat-img\">\n            <\/div>\n<div class=\"svc-card\">\n<h3 class=\"svc-title gilda\">Stile di Vita e Salute dell&#8217;Uomo<\/h3>\n<p class=\"svc-text barlow\">\n                    La salute dell&#8217;uomo non \u00e8 semplicemente l&#8217;assenza di malattie, ma rappresenta uno stato di completo benessere fisico, mentale e sessuale. Questo approccio olistico \u00e8 vitale per migliorare la qualit\u00e0 della vita e raggiungere obiettivi di salute a lungo termine.\n                <\/p>\n<p>                <a class=\"btn-details barlow-condensed\" href=\"https:\/\/drterziler.com\/it\/salute-sessuale\/stile-di-vita-e-salute-maschile\/\">DETTAGLI<\/a>\n            <\/div>\n<\/p><\/div>\n<\/p><\/div>\n<\/section>\n","protected":false},"excerpt":{"rendered":"<p>Salute Sessuale La salute sessuale maschile \u00e8 influenzata da molti fattori, come l&#8217;equilibrio ormonale, la struttura vascolare, lo stato psicologico e lo stile di vita. Presso la nostra clinica, offriamo soluzioni olistiche in varie aree della sessualit\u00e0, tra cui disfunzione erettile, eiaculazione precoce, allungamento del pene e bassi livelli di testosterone. Il nostro obiettivo \u00e8 [&hellip;]<\/p>\n","protected":false},"author":6,"featured_media":0,"parent":0,"menu_order":0,"comment_status":"closed","ping_status":"closed","template":"","meta":{"footnotes":""},"class_list":["post-41000","page","type-page","status-publish","hentry"],"_links":{"self":[{"href":"https:\/\/drterziler.com\/it\/wp-json\/wp\/v2\/pages\/41000","targetHints":{"allow":["GET"]}}],"collection":[{"href":"https:\/\/drterziler.com\/it\/wp-json\/wp\/v2\/pages"}],"about":[{"href":"https:\/\/drterziler.com\/it\/wp-json\/wp\/v2\/types\/page"}],"author":[{"embeddable":true,"href":"https:\/\/drterziler.com\/it\/wp-json\/wp\/v2\/users\/6"}],"replies":[{"embeddable":true,"href":"https:\/\/drterziler.com\/it\/wp-json\/wp\/v2\/comments?post=41000"}],"version-history":[{"count":26,"href":"https:\/\/drterziler.com\/it\/wp-json\/wp\/v2\/pages\/41000\/revisions"}],"predecessor-version":[{"id":59547,"href":"https:\/\/drterziler.com\/it\/wp-json\/wp\/v2\/pages\/41000\/revisions\/59547"}],"wp:attachment":[{"href":"https:\/\/drterziler.com\/it\/wp-json\/wp\/v2\/media?parent=41000"}],"curies":[{"name":"wp","href":"https:\/\/api.w.org\/{rel}","templated":true}]}}