{"id":44433,"date":"2025-03-09T21:24:25","date_gmt":"2025-03-09T21:24:25","guid":{"rendered":"https:\/\/drterziler.com\/?page_id=44433"},"modified":"2025-07-04T13:30:03","modified_gmt":"2025-07-04T13:30:03","slug":"contratto-di-vendita-a-distanza","status":"publish","type":"page","link":"https:\/\/drterziler.com\/it\/contratto-di-vendita-a-distanza\/","title":{"rendered":"Contratto di vendita a distanza"},"content":{"rendered":"<h1 class=\"content-title h1-header\">Contratto di vendita a distanza<\/h1>\n<h3>Contratto di vendita a distanza<\/h3>\n<h4>1. Parti<\/h4>\n<p>Il presente contratto \u00e8 stato concluso tra le seguenti parti secondo i termini e le condizioni di seguito specificati.<\/p>\n<p><strong>ACQUIRENTE:<\/strong><br \/>\nNome e cognome:<br \/>\nIndirizzo:<\/p>\n<p><strong>VENDITORE:<\/strong><br \/>\nNome completo: SERVET TERZ\u0130LER SA\u011eLIK H\u0130ZMETLER\u0130 ANON\u0130M \u015e\u0130RKET\u0130<br \/>\nIndirizzo: AKAT MAH. EBULULA MARD\u0130N CAD. PARK MAYA S\u0130TES\u0130 F2B BLOK NO: 20 BE\u015e\u0130KTA\u015e \/ ISTANBUL<\/p>\n<p>Accettando il presente contratto, l&#8217;Acquirente riconosce preventivamente che, una volta confermato l&#8217;ordine, sar\u00e0 obbligato a pagare l&#8217;intero importo, incluse eventuali spese di spedizione, imposte o altre spese aggiuntive applicabili.<\/p>\n<hr \/>\n<h4>2. Definizioni<\/h4>\n<p>Ai fini dell&#8217;applicazione e dell&#8217;interpretazione del presente contratto, i seguenti termini avranno i significati indicati:<\/p>\n<ul>\n<li><strong>MINISTRO:<\/strong> Ministro del Commercio e delle Dogane.<\/li>\n<li><strong>MINISTERO:<\/strong> Ministero del Commercio e delle Dogane.<\/li>\n<li><strong>LEGGE:<\/strong> Legge n. 6502 sulla tutela dei consumatori.<\/li>\n<li><strong>REGOLAMENTO:<\/strong> Regolamento sui contratti a distanza.<\/li>\n<li><strong>SERVIZIO:<\/strong> Qualsiasi transazione con il consumatore diversa dalla fornitura di beni, eseguita in cambio di un corrispettivo o beneficio.<\/li>\n<li><strong>VENDITORE:<\/strong> Societ\u00e0 che fornisce beni ai consumatori nell&#8217;ambito delle sue attivit\u00e0 commerciali o professionali, oppure agisce per conto di un fornitore.<\/li>\n<li><strong>ACQUIRENTE:<\/strong> Persona fisica o giuridica che acquista, utilizza o beneficia di un bene o servizio per scopi non commerciali o non professionali.<\/li>\n<li><strong>SITO:<\/strong> Il sito web di propriet\u00e0 del Venditore.<\/li>\n<li><strong>ORDINANTE:<\/strong> Persona fisica o giuridica che richiede un bene o un servizio tramite il sito web del Venditore.<\/li>\n<li><strong>PARTI:<\/strong> Indica il Venditore e l&#8217;Acquirente.<\/li>\n<li><strong>CONTRATTO:<\/strong> Il presente contratto stipulato tra Venditore e Acquirente.<\/li>\n<li><strong>PRODOTTO:<\/strong> Beni mobili tangibili soggetti ad acquisto, nonch\u00e9 beni immateriali quali software, suoni, immagini, preparati per l&#8217;uso in formato elettronico.<\/li>\n<\/ul>\n<hr \/>\n<h4>3. Oggetto<\/h4>\n<p>Il presente contratto stabilisce i diritti e gli obblighi delle parti in merito alla vendita e consegna dei prodotti specificati di seguito, ordinati elettronicamente dall\u2019Acquirente tramite il sito del Venditore, in conformit\u00e0 con la Legge n. 6502 sulla tutela dei consumatori e il Regolamento sui contratti a distanza.<\/p>\n<p>I prezzi pubblicati sul sito rappresentano il prezzo di vendita. Tali prezzi e impegni restano validi fino a modifica o aggiornamento. I prezzi indicati in promozione restano in vigore fino alla scadenza specificata.<\/p>\n<hr \/>\n<h4>4. Informazioni sul venditore<\/h4>\n<p>Ragione sociale: SERVET TERZ\u0130LER SA\u011eLIK H\u0130ZMETLER\u0130 ANON\u0130M \u015e\u0130RKET\u0130<br \/>\nIndirizzo: AKAT MAH. EBULULA MARD\u0130N CAD. PARK MAYA S\u0130TES\u0130 F2B BLOK N. 20 BE\u015e\u0130KTA\u015e \/ ISTANBUL<br \/>\nTelefono: (0212) 963 77 58<br \/>\nEmail: muhasebe@drterziler.com<\/p>\n<hr \/>\n<h4>5. Informazioni sull&#8217;acquirente<\/h4>\n<p>Nome del destinatario:<br \/>\nIndirizzo di consegna:<br \/>\nTelefono:<br \/>\nEmail\/Nome utente:<\/p>\n<hr \/>\n<h4>6. Informazioni sull&#8217;ordinante<\/h4>\n<p>Nome completo \/ Titolo:<br \/>\nIndirizzo:<br \/>\nTelefono:<br \/>\nEmail\/Nome utente:<\/p>\n<hr \/>\n<h4>7. Prodotti oggetto del contratto<\/h4>\n<p>7.1. Le caratteristiche principali dei prodotti\/servizi (tipologia, quantit\u00e0, marca\/modello, colore, numero unit\u00e0) sono pubblicate sul sito del Venditore. In caso di promozione, tali caratteristiche saranno visibili durante il periodo promozionale. La promozione \u00e8 valida fino alla data di fine indicata.<\/p>\n<p>7.2. <strong>Prezzi<\/strong><br \/>\nI prezzi indicati sul sito rappresentano il prezzo di vendita. Restano validi fino a modifica. Le promozioni hanno validit\u00e0 fino alla scadenza indicata.<\/p>\n<p>7.3. <strong>Tasse e pagamenti<\/strong><br \/>\nIl prezzo totale del prodotto o servizio, comprensivo di tutte le tasse, \u00e8 riportato di seguito:<\/p>\n<table>\n<thead>\n<tr>\n<th>Descrizione prodotto<\/th>\n<th>Quantit\u00e0<\/th>\n<th>Prezzo unitario<\/th>\n<th>Totale (IVA inclusa)<\/th>\n<\/tr>\n<\/thead>\n<tbody>\n<tr>\n<td>Prodotto 1<\/td>\n<td>1<\/td>\n<td>100,00 TL<\/td>\n<td>100,00 TL<\/td>\n<\/tr>\n<\/tbody>\n<\/table>\n<p>Spese di spedizione: 20,00 TL<\/p>\n<p><strong>Totale: 120,00 TL<\/strong><\/p>\n<hr \/>\n<h4>8. Dati di fatturazione<\/h4>\n<p>Nome \/ Ragione sociale:<br \/>\nIndirizzo:<br \/>\nTelefono:<br \/>\nEmail \/ Nome utente:<br \/>\nConsegna fattura: La fattura sar\u00e0 consegnata all\u2019indirizzo di fatturazione insieme all\u2019ordine.<\/p>\n<hr \/>\n<h4>9. Condizioni generali<\/h4>\n<p>9.1. <strong>Conferma e accettazione<\/strong><br \/>\nL\u2019Acquirente riconosce, dichiara e accetta di aver letto e compreso le caratteristiche essenziali, il prezzo, la modalit\u00e0 di pagamento e i termini di consegna dei prodotti ordinati come indicati sul sito del Venditore e di aver confermato tali informazioni elettronicamente.<\/p>\n<p>9.2. <strong>Tempi di consegna<\/strong><br \/>\nOgni prodotto oggetto del contratto sar\u00e0 consegnato all\u2019Acquirente entro il termine legale massimo di 30 giorni, secondo l\u2019indirizzo di consegna, come specificato nelle informazioni preliminari sul sito.<\/p>\n<hr \/>\n<h4>10. Diritto di recesso<\/h4>\n<p>In caso di contratto a distanza per la vendita di beni, l\u2019Acquirente ha diritto di recedere entro 14 giorni dalla data di consegna, senza fornire alcuna motivazione e senza penalit\u00e0, previa comunicazione al Venditore.<\/p>\n<hr \/>\n<h4>11. Prodotti esclusi dal recesso<\/h4>\n<p>Il diritto di recesso non si applica a prodotti realizzati su misura o secondo esigenze personali, come biancheria intima, cosmetici o articoli monouso.<\/p>\n<hr \/>\n<h4>12. Inadempienza e conseguenze legali<\/h4>\n<p>In caso di mancato pagamento tramite carta di credito, l\u2019Acquirente riconosce, dichiara e accetta di essere responsabile degli interessi secondo il contratto della propria banca emittente e di ogni eventuale conseguenza legale.<\/p>\n<hr \/>\n<h4>13. Foro competente<\/h4>\n<p>Per qualsiasi controversia derivante dal presente contratto, reclami e contestazioni possono essere presentati al comitato arbitrale per i consumatori o al tribunale competente del luogo di residenza dell\u2019Acquirente o del luogo della transazione.<\/p>\n<hr \/>\n<h4>14. Efficacia<\/h4>\n<p>Con il completamento del pagamento sul Sito, l\u2019Acquirente si considera vincolato a tutte le condizioni del presente contratto.<\/p>\n","protected":false},"excerpt":{"rendered":"<p>Contratto di vendita a distanza Contratto di vendita a distanza 1. Parti Il presente contratto \u00e8 stato concluso tra le seguenti parti secondo i termini e le condizioni di seguito specificati. ACQUIRENTE: Nome e cognome: Indirizzo: VENDITORE: Nome completo: SERVET TERZ\u0130LER SA\u011eLIK H\u0130ZMETLER\u0130 ANON\u0130M \u015e\u0130RKET\u0130 Indirizzo: AKAT MAH. EBULULA MARD\u0130N CAD. PARK MAYA S\u0130TES\u0130 F2B [&hellip;]<\/p>\n","protected":false},"author":6,"featured_media":0,"parent":0,"menu_order":0,"comment_status":"closed","ping_status":"closed","template":"elementor_header_footer","meta":{"footnotes":""},"class_list":["post-44433","page","type-page","status-publish","hentry"],"_links":{"self":[{"href":"https:\/\/drterziler.com\/it\/wp-json\/wp\/v2\/pages\/44433","targetHints":{"allow":["GET"]}}],"collection":[{"href":"https:\/\/drterziler.com\/it\/wp-json\/wp\/v2\/pages"}],"about":[{"href":"https:\/\/drterziler.com\/it\/wp-json\/wp\/v2\/types\/page"}],"author":[{"embeddable":true,"href":"https:\/\/drterziler.com\/it\/wp-json\/wp\/v2\/users\/6"}],"replies":[{"embeddable":true,"href":"https:\/\/drterziler.com\/it\/wp-json\/wp\/v2\/comments?post=44433"}],"version-history":[{"count":8,"href":"https:\/\/drterziler.com\/it\/wp-json\/wp\/v2\/pages\/44433\/revisions"}],"predecessor-version":[{"id":45991,"href":"https:\/\/drterziler.com\/it\/wp-json\/wp\/v2\/pages\/44433\/revisions\/45991"}],"wp:attachment":[{"href":"https:\/\/drterziler.com\/it\/wp-json\/wp\/v2\/media?parent=44433"}],"curies":[{"name":"wp","href":"https:\/\/api.w.org\/{rel}","templated":true}]}}