{"id":48131,"date":"2025-07-17T09:24:07","date_gmt":"2025-07-17T09:24:07","guid":{"rendered":"https:\/\/drterziler.com\/trattamenti-per-capelli\/exosome-treatments\/"},"modified":"2026-04-06T12:30:41","modified_gmt":"2026-04-06T12:30:41","slug":"esosomi","status":"publish","type":"page","link":"https:\/\/drterziler.com\/it\/trattamenti-per-capelli\/esosomi\/","title":{"rendered":"Trattamenti con esosomi"},"content":{"rendered":"<div class=\"page-content\">\n<div id=\"header-area\">\n<div class=\"container\" id=\"firstContent\">\n<div class=\"header-content d-flex flex-column\">\n<h1 class=\"content-title h1-header\">Esosomi per il trattamento dei capelli<\/h1>\n<div class=\"content-paragraph\">\n<p class=\"p-text\">Gli esosomi sono strutture microscopiche, racchiuse da una membrana, naturalmente secrete dalle cellule e che facilitano la comunicazione intercellulare. Generalmente di dimensioni comprese tra 30 e 150 nanometri, queste strutture si formano attraverso vescicole specializzate all\u2019interno della cellula e influenzano altre cellule trasportando informazioni biologiche.Contengono messaggi cellulari come proteine, RNA, lipidi e diversi fattori di crescita. Negli ultimi anni, gli esosomi hanno attirato una notevole attenzione in campi come la medicina rigenerativa, l\u2019immunologia e l\u2019oncologia. Presenti in oltre 35.000 studi scientifici fino ad oggi, queste strutture aprono la strada ad applicazioni pi\u00f9 sicure e mirate rispetto alle tradizionali terapie cellulari.Nel trattamento della caduta dei capelli, gli esosomi si distinguono per la loro capacit\u00e0 di interagire direttamente con i follicoli piliferi e di contribuire alla regolazione del loro ciclo vitale.<\/p>\n<\/p><\/div>\n<nav aria-label=\"breadcrumb\" class=\"breadcrumbs\">\n<ul class=\"d-flex align-items-center mb-0\">\n<li><a class=\"link\" href=\"https:\/\/drterziler.com\/it\/\"><span>Dr. Terziler<\/span><\/a><\/li>\n<li class=\"separator\">\u00bb<\/li>\n<li><a class=\"link\" href=\"https:\/\/drterziler.com\/it\/trattamenti-per-capelli\/\"><span>Trattamenti per capelli<\/span><\/a><\/li>\n<li class=\"separator\">\u00bb<\/li>\n<li class=\"current-page\"><span>Esosomi per il trattamento dei capelli<\/span><\/li>\n<\/ul>\n<\/nav><\/div>\n<\/p><\/div>\n<\/p><\/div>\n<\/div>\n<section id=\"content-area\">\n<div class=\"container my-5\">\n<div class=\"row align-items-start\">\n<div class=\"col-md-6 order-2 order-md-1\">\n<div class=\"custom-toc-box\">\n<div id=\"toc-header\">\n<h4>Indice dei contenuti<\/h4>\n<div class=\"toc-toggle-icon\"><\/div>\n<\/p><\/div>\n<div class=\"toc-full-divider\"><\/div>\n<div id=\"toc-body\">\n<div id=\"toc-container\"><\/div>\n<\/p><\/div>\n<\/p><\/div>\n<\/p><\/div>\n<div class=\"col-md-6 order-1 order-md-2\" id=\"jForm\">\n                <script type=\"text\/javascript\" src=\"https:\/\/form.jotform.com\/jsform\/242882600814961\"><\/script>\n            <\/div>\n<\/p><\/div>\n<\/p><\/div>\n<div class=\"container\">\n<div class=\"img-thumb\">\n            <img decoding=\"async\" src=\"https:\/\/drterziler.com\/wp-content\/uploads\/2025\/07\/Sac-Eksozom.webp\" alt=\"Esosomi per il trattamento dei capelli\" loading=\"lazy\">\n        <\/div>\n<div>\n<div>\n<h2 class=\"h2-header\">Come funziona il trattamento con esosomi per la caduta dei capelli?<\/h2>\n<\/p><\/div>\n<div>\n<p class=\"p-text\">La caduta dei capelli pu\u00f2 essere causata da fattori genetici, squilibri ormonali, influenze ambientali o infiammazioni. Gli esosomi agiscono come strutture messaggere biologiche con il potenziale di intervenire in questo processo. Quando vengono applicati sul cuoio capelluto, i microRNA, i fattori di crescita e le proteine che contengono aiutano a stimolare i follicoli piliferi. I follicoli dormienti o danneggiati vengono riattivati e la qualit\u00e0 dei capelli esistenti migliora. Allo stesso tempo, gli esosomi riducono l&#039;infiammazione del cuoio capelluto, creando un ambiente di crescita pi\u00f9 sano. Interagendo con i follicoli a livello cellulare, gli esosomi promuovono la formazione di nuovi capelli e rallentano la caduta di quelli esistenti. Questo fornisce sia un effetto preventivo contro la perdita dei capelli sia un beneficio volumizzante.<\/p>\n<\/p><\/div>\n<\/p><\/div>\n<div>\n<div>\n<h2 class=\"h2-header\">Come viene eseguita l&#039;applicazione degli esosomi per i capelli?<\/h2>\n<\/p><\/div>\n<div>\n<p class=\"p-text\">La terapia con esosomi \u00e8 una procedura confortevole e non chirurgica eseguita in ambito clinico per contrastare la caduta dei capelli. Prima del trattamento viene effettuata una valutazione dermatologica per analizzare il tipo e la gravit\u00e0 della caduta, nonch\u00e9 le aspettative del paziente. Durante la procedura, la soluzione a base di esosomi viene iniettata in aree specifiche del cuoio capelluto utilizzando aghi molto sottili. Questo processo viene solitamente completato in modo rapido e indolore, senza bisogno di anestesia locale. I pazienti possono riprendere immediatamente la loro vita quotidiana dopo il trattamento. Sebbene il numero di sedute vari in base alle esigenze individuali, in genere si prevedono da 1 a 3 applicazioni. Questo trattamento pu\u00f2 essere utilizzato anche per supportare la guarigione post-trapianto di capelli, rafforzando il processo di adattamento dei follicoli e ottenendo un aspetto capillare pi\u00f9 denso e robusto.<\/p>\n<\/p><\/div>\n<\/p><\/div>\n<div>\n<div>\n<h2 class=\"h2-header\">Chi \u00e8 un candidato adatto per il trattamento con esosomi?<\/h2>\n<\/p><\/div>\n<div>\n<p class=\"p-text\">Il trattamento con esosomi offre un&#039;opzione sicura ed efficace per molte persone che soffrono di perdita di capelli. Pu\u00f2 essere utilizzato con successo nei casi di caduta genetica come l&#039;alopecia androgenetica, comune negli uomini, cos\u00ec come nella perdita indotta da squilibri ormonali o stress nelle donne. \u00c8 un trattamento di supporto ideale per coloro che notano una riduzione della densit\u00e0 o un assottigliamento dei capelli. Inoltre, pu\u00f2 dare risultati efficaci in caso di caduta improvvisa dei capelli dovuta a cambiamenti post-parto, transizioni stagionali o malattie. Per chi ha gi\u00e0 subito un trapianto di capelli, la terapia con esosomi pu\u00f2 essere raccomandata per accelerare il processo di guarigione e supportare la stabilizzazione degli innesti.<\/p>\n<\/p><\/div>\n<\/p><\/div>\n<div>\n<div>\n<h2 class=\"h2-header\">Quali sono i vantaggi del trattamento con esosomi?<\/h2>\n<\/p><\/div>\n<div>\n<p class=\"p-text\">La terapia con esosomi \u00e8 un approccio completamente biologico e naturale che non richiede interventi chirurgici ed \u00e8 minimamente invasivo. La possibilit\u00e0 di tornare immediatamente alla vita quotidiana senza limitazioni sociali rappresenta un grande vantaggio. In quanto sistemi naturali di messaggistica extracellulare, gli esosomi utilizzati nel trattamento attivano i meccanismi di riparazione del corpo. Poich\u00e9 non contengono additivi o sostanze chimiche, possono essere applicati in sicurezza anche su tipi di pelle sensibili. Inoltre, il breve tempo di recupero e gli effetti duraturi rendono questo trattamento vantaggioso per chi cerca un miglioramento permanente della qualit\u00e0 dei capelli. Soprattutto, rispetto alla tradizionale mesoterapia capillare, gli esosomi contengono un contenuto biologico pi\u00f9 concentrato, offrendo risultati pi\u00f9 efficaci e duraturi a livello cellulare.<\/p>\n<\/p><\/div>\n<\/p><\/div>\n<div>\n<div>\n<h2 class=\"h2-header\">Quando sono visibili i risultati del trattamento con esosomi per i capelli?<\/h2>\n<\/p><\/div>\n<div>\n<p class=\"p-text\">I risultati del trattamento con esosomi iniziano solitamente a essere visibili entro poche settimane dall&#039;applicazione. Nella fase iniziale si pu\u00f2 osservare una riduzione evidente della caduta dei capelli e, entro 1 o 2 mesi, i capelli appaiono pi\u00f9 vitali e forti. La ricrescita di nuovi capelli diventa generalmente pi\u00f9 evidente a partire dal terzo mese. Questa tempistica pu\u00f2 variare in base alla struttura genetica, allo stile di vita e alla risposta individuale al trattamento. Per ottenere risultati duraturi e soddisfacenti, \u00e8 importante che il piano di trattamento sia personalizzato. Sessioni di mantenimento regolari aiutano a preservare i risultati ottenuti nel tempo.<\/p>\n<\/p><\/div>\n<\/p><\/div>\n<\/p><\/div>\n<\/section>\n","protected":false},"excerpt":{"rendered":"<p>Esosomi per il trattamento dei capelli Gli esosomi sono strutture microscopiche, racchiuse da una membrana, naturalmente secrete dalle cellule e che facilitano la comunicazione intercellulare. Generalmente di dimensioni comprese tra 30 e 150 nanometri, queste strutture si formano attraverso vescicole specializzate all\u2019interno della cellula e influenzano altre cellule trasportando informazioni biologiche.Contengono messaggi cellulari come proteine, [&hellip;]<\/p>\n","protected":false},"author":6,"featured_media":0,"parent":3007,"menu_order":0,"comment_status":"closed","ping_status":"closed","template":"","meta":{"footnotes":""},"class_list":["post-48131","page","type-page","status-publish","hentry"],"_links":{"self":[{"href":"https:\/\/drterziler.com\/it\/wp-json\/wp\/v2\/pages\/48131","targetHints":{"allow":["GET"]}}],"collection":[{"href":"https:\/\/drterziler.com\/it\/wp-json\/wp\/v2\/pages"}],"about":[{"href":"https:\/\/drterziler.com\/it\/wp-json\/wp\/v2\/types\/page"}],"author":[{"embeddable":true,"href":"https:\/\/drterziler.com\/it\/wp-json\/wp\/v2\/users\/6"}],"replies":[{"embeddable":true,"href":"https:\/\/drterziler.com\/it\/wp-json\/wp\/v2\/comments?post=48131"}],"version-history":[{"count":17,"href":"https:\/\/drterziler.com\/it\/wp-json\/wp\/v2\/pages\/48131\/revisions"}],"predecessor-version":[{"id":61414,"href":"https:\/\/drterziler.com\/it\/wp-json\/wp\/v2\/pages\/48131\/revisions\/61414"}],"up":[{"embeddable":true,"href":"https:\/\/drterziler.com\/it\/wp-json\/wp\/v2\/pages\/3007"}],"wp:attachment":[{"href":"https:\/\/drterziler.com\/it\/wp-json\/wp\/v2\/media?parent=48131"}],"curies":[{"name":"wp","href":"https:\/\/api.w.org\/{rel}","templated":true}]}}