{"id":48190,"date":"2025-07-17T09:32:09","date_gmt":"2025-07-17T09:32:09","guid":{"rendered":"https:\/\/drterziler.com\/estetica-medica\/exosome-treatments\/"},"modified":"2026-04-22T08:39:45","modified_gmt":"2026-04-22T08:39:45","slug":"trattamenti-con-esosomi-skin","status":"publish","type":"page","link":"https:\/\/drterziler.com\/it\/estetica-medica\/trattamenti-con-esosomi-skin\/","title":{"rendered":"Trattamenti con esosomi skin"},"content":{"rendered":"<div class=\"page-content\">\n<div id=\"header-area\">\n<div class=\"container\" id=\"firstContent\">\n<div class=\"header-content d-flex flex-column\">\n<h1 class=\"content-title h1-header\">Esosomi per il Trattamento della Pelle<\/h1>\n<div class=\"content-paragraph\">\n<p class=\"p-text\">Gli esosomi sono strutture microscopiche racchiuse da una membrana, prodotte all&#039;interno delle cellule e successivamente secrete all&#039;esterno. Trasportano contenuti biologici come RNA, proteine e fattori di crescita, trasmettendo informazioni tra le cellule. Negli ultimi anni, gli esosomi hanno attirato l\u2019attenzione nei trattamenti di ringiovanimento cutaneo grazie al loro ruolo significativo nella rigenerazione dei tessuti e nei processi di rinnovamento cellulare. Queste microstrutture, sempre pi\u00f9 presenti negli studi scientifici, sono diventate una scelta preferita poich\u00e9 offrono un approccio pi\u00f9 naturale e cellulare rispetto alle procedure estetiche tradizionali. Mostrano un grande potenziale in diversi ambiti, come il rallentamento dell\u2019invecchiamento cutaneo, la riduzione delle macchie e la riparazione della barriera cutanea.<\/p>\n<\/p><\/div>\n<nav aria-label=\"breadcrumb\" class=\"breadcrumbs\">\n<ul class=\"d-flex align-items-center mb-0\">\n<li><a class=\"link\" href=\"https:\/\/drterziler.com\/it\/\"><span>Dr. Terziler<\/span><\/a><\/li>\n<li class=\"separator\">\u00bb<\/li>\n<li><a class=\"link\" href=\"https:\/\/drterziler.com\/it\/estetica-medica\/\"><span>Estetica medica<\/span><\/a><\/li>\n<li class=\"separator\">\u00bb<\/li>\n<li class=\"current-page\"><span>Esosomi per il Trattamento della Pelle<\/span><\/li>\n<\/ul>\n<\/nav><\/div>\n<\/p><\/div>\n<\/p><\/div>\n<\/div>\n<section id=\"content-area\">\n<div class=\"container my-5\">\n<div class=\"row align-items-start\">\n<div class=\"col-md-6 order-2 order-md-1\">\n<div class=\"custom-toc-box\">\n<div id=\"toc-header\">\n<h4>Indice dei contenuti<\/h4>\n<div class=\"toc-toggle-icon\"><\/div>\n<\/p><\/div>\n<div class=\"toc-full-divider\"><\/div>\n<div id=\"toc-body\">\n<div id=\"toc-container\"><\/div>\n<\/p><\/div>\n<\/p><\/div>\n<\/p><\/div>\n<div class=\"col-md-6 order-1 order-md-2\" id=\"jForm\">\n                <script type=\"text\/javascript\" src=\"https:\/\/form.jotform.com\/jsform\/242882600814961\"><\/script>\n            <\/div>\n<\/p><\/div>\n<\/p><\/div>\n<div class=\"container\">\n<div class=\"img-thumb\">\n            <img decoding=\"async\" src=\"https:\/\/drterziler.com\/wp-content\/uploads\/2025\/07\/Cilt-Eksozom.webp\" loading=\"lazy\" alt=\"\">\n        <\/div>\n<div>\n<div>\n<h2 class=\"h2-header\">Come Funziona il Trattamento con Esosomi sulla Pelle?<\/h2>\n<\/p><\/div>\n<div>\n<p class=\"p-text\">Quando vengono applicati sulla pelle, gli esosomi interagiscono con le cellule cutanee e avviano il processo di riparazione. Attivano i fibroblasti\u2014cellule responsabili della produzione di collagene ed elastina\u2014favorendo la rigenerazione del tessuto cutaneo. Allo stesso tempo, i loro effetti antiossidanti e antinfiammatori proteggono contro i danni causati dai radicali liberi. Gli esosomi aiutano a uniformare il tono della pelle, migliorare i livelli di idratazione e aumentare la microcircolazione, donando un aspetto sano e luminoso. Grazie a questi componenti biologici che influenzano le vie di segnalazione cellulare, la pelle inizia a rinnovarsi dall\u2019interno verso l\u2019esterno.<\/p>\n<\/p><\/div>\n<\/p><\/div>\n<div>\n<div>\n<h2 class=\"h2-header\">Come Viene Eseguita l\u2019Applicazione degli Esosomi sulla Pelle?<\/h2>\n<\/p><\/div>\n<div>\n<p class=\"p-text\">L\u2019applicazione cutanea degli esosomi viene solitamente eseguita in combinazione con la tecnica del microneedling. Questo metodo crea microcanali sulla superficie della pelle, permettendo agli esosomi di penetrare pi\u00f9 efficacemente negli strati profondi. Prima del trattamento, la pelle viene detersa e viene applicata una crema anestetica topica. Successivamente, la soluzione di esosomi viene applicata sulla pelle utilizzando dispositivi specializzati o tecniche manuali. Il trattamento dura circa 30\u201345 minuti e un leggero rossore subito dopo \u00e8 normale, ma tende a scomparire entro poche ore. A seconda della sensibilit\u00e0 cutanea, possono essere previste pi\u00f9 sedute.<\/p>\n<\/p><\/div>\n<\/p><\/div>\n<div>\n<div>\n<h2 class=\"h2-header\">Chi \u00c8 un Candidato Ideale per il Trattamento con Esosomi?<\/h2>\n<\/p><\/div>\n<div>\n<p class=\"p-text\">La terapia cutanea con esosomi \u00e8 adatta a chiunque desideri prevenire l\u2019invecchiamento cutaneo o migliorare problemi gi\u00e0 esistenti. Pu\u00f2 offrire risultati efficaci in persone con rughe sottili, macchie solari, cicatrici da acne, tono della pelle irregolare, pori dilatati o incarnato spento. Pu\u00f2 anche essere utilizzata dopo trattamenti come laser, peeling chimico o dermapen per accelerare la guarigione della pelle. \u00c8 sicura sia per le pelli giovani come misura preventiva, sia per le pelli mature per un effetto rassodante.<\/p>\n<\/p><\/div>\n<\/p><\/div>\n<div>\n<div>\n<h2 class=\"h2-header\">Quali Sono i Vantaggi del Trattamento con Esosomi?<\/h2>\n<\/p><\/div>\n<div>\n<p class=\"p-text\">Il trattamento con esosomi \u00e8 altamente sicuro ed efficace poich\u00e9 supporta i meccanismi naturali di guarigione del corpo. Ringiovanisce la pelle dall\u2019interno a livello cellulare, offrendo risultati pi\u00f9 duraturi. Rispetto ad altri trattamenti estetici, comporta un rischio minore di effetti collaterali. Il tempo di recupero \u00e8 breve e non interferisce con la vita quotidiana. Poich\u00e9 non contiene sostanze chimiche, \u00e8 adatto anche alle pelli sensibili. Inoltre, rafforzando la barriera cutanea, offre benefici non solo estetici ma anche funzionali per la cura della pelle.<\/p>\n<\/p><\/div>\n<\/p><\/div>\n<div>\n<div>\n<h2 class=\"h2-header\">Quando Sono Visibili i Risultati del Trattamento con Esosomi?<\/h2>\n<\/p><\/div>\n<div>\n<p class=\"p-text\">Nei primi 3\u20135 giorni dopo il trattamento, si pu\u00f2 osservare un aumento della luminosit\u00e0 e dell\u2019idratazione della pelle. Dalla seconda settimana in poi, si notano la riduzione dei pori, una texture pi\u00f9 liscia e un tono cutaneo pi\u00f9 uniforme. Gli effetti pi\u00f9 profondi\u2014come il rinnovamento legato al collagene\u2014diventano generalmente evidenti entro 4\u20138 settimane. I risultati completi e duraturi si osservano solitamente dopo 2\u20133 sedute. Il processo pu\u00f2 variare in base al<\/p>\n<\/p><\/div>\n<\/p><\/div>\n<\/p><\/div>\n<\/section>\n","protected":false},"excerpt":{"rendered":"<p>Esosomi per il Trattamento della Pelle Gli esosomi sono strutture microscopiche racchiuse da una membrana, prodotte all&#039;interno delle cellule e successivamente secrete all&#039;esterno. Trasportano contenuti biologici come RNA, proteine e fattori di crescita, trasmettendo informazioni tra le cellule. Negli ultimi anni, gli esosomi hanno attirato l\u2019attenzione nei trattamenti di ringiovanimento cutaneo grazie al loro ruolo [&hellip;]<\/p>\n","protected":false},"author":6,"featured_media":0,"parent":3070,"menu_order":0,"comment_status":"closed","ping_status":"closed","template":"","meta":{"footnotes":""},"class_list":["post-48190","page","type-page","status-publish","hentry"],"_links":{"self":[{"href":"https:\/\/drterziler.com\/it\/wp-json\/wp\/v2\/pages\/48190","targetHints":{"allow":["GET"]}}],"collection":[{"href":"https:\/\/drterziler.com\/it\/wp-json\/wp\/v2\/pages"}],"about":[{"href":"https:\/\/drterziler.com\/it\/wp-json\/wp\/v2\/types\/page"}],"author":[{"embeddable":true,"href":"https:\/\/drterziler.com\/it\/wp-json\/wp\/v2\/users\/6"}],"replies":[{"embeddable":true,"href":"https:\/\/drterziler.com\/it\/wp-json\/wp\/v2\/comments?post=48190"}],"version-history":[{"count":11,"href":"https:\/\/drterziler.com\/it\/wp-json\/wp\/v2\/pages\/48190\/revisions"}],"predecessor-version":[{"id":62423,"href":"https:\/\/drterziler.com\/it\/wp-json\/wp\/v2\/pages\/48190\/revisions\/62423"}],"up":[{"embeddable":true,"href":"https:\/\/drterziler.com\/it\/wp-json\/wp\/v2\/pages\/3070"}],"wp:attachment":[{"href":"https:\/\/drterziler.com\/it\/wp-json\/wp\/v2\/media?parent=48190"}],"curies":[{"name":"wp","href":"https:\/\/api.w.org\/{rel}","templated":true}]}}