{"id":5411,"date":"2024-08-26T13:18:55","date_gmt":"2024-08-26T13:18:55","guid":{"rendered":"https:\/\/drterziler.com\/prodotti-per-la-cura-dei-capelli-e-della-pelle\/"},"modified":"2025-05-18T18:13:23","modified_gmt":"2025-05-18T18:13:23","slug":"prodotti-per-la-cura-dei-capelli-e-della-pelle","status":"publish","type":"page","link":"https:\/\/drterziler.com\/it\/prodotti-per-la-cura-dei-capelli-e-della-pelle\/","title":{"rendered":"Prodotti per la cura dei capelli e della pelle"},"content":{"rendered":"<p>La salute dei capelli \u00e8 una delle pietre miliari di un aspetto estetico ed \u00e8 direttamente correlata alla qualit\u00e0 di vita complessiva. I nostri prodotti per la cura dei capelli, sviluppati clinicamente, mirano a nutrire e rafforzare le radici dei capelli, preservandone la struttura naturale. Potenti ingredienti vegetali come i semi di pepe nero, la corteccia di salice bianco o l&#8217;estratto di melograno supportano il naturale processo di crescita dei capelli ottimizzando la salute del cuoio capelluto. I prodotti Feeluxo per la cura dei capelli sono stati sviluppati clinicamente per fornire soluzioni a lungo termine e permanenti, ridurre al minimo la perdita di capelli e ridare lucentezza ai capelli.<br \/>Tradotto con DeepL.com (versione gratuita)   <\/p>\n<nav aria-label=\"breadcrumbs\" class=\"rank-math-breadcrumb\"><p><span class=\"last\">Dr. Terziler<\/span><\/p><\/nav>\n<h2><a href=\"\/?page_id=12964\">Feeluxo Shampoo anti-caduta dei capelli e antiforfora<\/a><\/h2>\n<p>Grazie all&#8217;estratto di cannella, rafforza le radici dei capelli e dona loro elasticit\u00e0. Grazie a vitamine e minerali come la Niacinamide, riequilibra il cuoio capelluto. Con l&#8217;estratto di semi di cumino nero, previene la caduta dei capelli.<\/p>\n<p>\t\t\t\t\t\t\t\t<a href=\"\/?page_id=12964\"><br \/>\n\t\t\t\t\t\t\t\t\tDETTAGLI<br \/>\n\t\t\t\t\t<\/a><\/p>\n<h2><a href=\"\/?page_id=12951\">Siero attivatore di capelli Feeluxo<\/a><\/h2>\n<p>L&#8217;estratto di melograno aiuta a prevenire la caduta dei capelli, mentre i semi di pepe nero stimolano le radici e i follicoli per favorire la crescita di nuovi capelli. La corteccia di salice bianco protegge dalla sensibilit\u00e0 della pelle.<\/p>\n<p>\t\t\t\t\t\t\t\t<a href=\"\/?page_id=12951\"><br \/>\n\t\t\t\t\t\t\t\t\tDETTAGLI<br \/>\n\t\t\t\t\t<\/a><\/p>\n<h2><a href=\"\/?page_id=12998\">Feeluxo Trichomix Plus Integratore alimentare<\/a><\/h2>\n<p>L&#8217;estratto di Saw palmetto aiuta a prevenire la caduta dei capelli dall&#8217;interno e favorisce la crescita di nuovi capelli. Fornisce il supporto necessario con vitamine quali selenio, zinco, acido folico e biotina.<\/p>\n<p>\t\t\t\t\t\t\t\t<a href=\"\/?page_id=12998\"><br \/>\n\t\t\t\t\t\t\t\t\tDETTAGLI<br \/>\n\t\t\t\t\t<\/a><\/p>\n<h2><a href=\"\/?page_id=13008\">Siero per il trattamento della ricrescita dei capelli Feeluxo<\/a><\/h2>\n<p>Grazie agli estratti di alta qualit\u00e0 contenuti, accelera efficacemente la circolazione sanguigna, nutrendo le radici dei capelli. Risveglia i follicoli piliferi in fase di riposo e attiva le cellule dormienti, favorendo lo sviluppo di nuovi capelli. Inoltre, ispessisce le ciocche di capelli e ne previene la caduta.<\/p>\n<p>\t\t\t\t\t\t\t\t<a href=\"\/?page_id=13008\"><br \/>\n\t\t\t\t\t\t\t\t\tDETTAGLI<br \/>\n\t\t\t\t\t<\/a><\/p>\n<h2><a href=\"\/?page_id=13018\">Siero di crescita con fattore di cellule staminali Feeluxo <\/a><\/h2>\n<p>Grazie ai suoi potenti ingredienti, stimola i follicoli piliferi e contribuisce all&#8217;ispessimento delle ciocche. Allo stesso tempo, accelerando la circolazione sanguigna, svolge un ruolo attivo nella prevenzione della caduta dei capelli. Promuove l&#8217;attivit\u00e0 di sviluppo dei follicoli piliferi, creando una base per la rivitalizzazione dei capelli.<\/p>\n<p>\t\t\t\t\t\t\t\t<a href=\"\/?page_id=13018\"><br \/>\n\t\t\t\t\t\t\t\t\tDETTAGLI<br \/>\n\t\t\t\t\t<\/a><\/p>\n<h2><a href=\"\/?page_id=13028\">Feeluxo Cap Capelli Laser \/ 272 lampadine LED<\/a><\/h2>\n<p>L&#8217;energia della luce laser stimola i capillari sotto i follicoli piliferi, aumentando la circolazione sanguigna. Questo rivitalizza i follicoli piliferi dormienti, li nutre meglio e porta a un visibile miglioramento della qualit\u00e0 dei capelli. Accelerando la circolazione sanguigna, nutre le radici dei capelli, ne riduce la caduta e favorisce la crescita di nuovi capelli.<\/p>\n<p>\t\t\t\t\t\t\t\t<a href=\"\/?page_id=13028\"><br \/>\n\t\t\t\t\t\t\t\t\tDETTAGLI<br \/>\n\t\t\t\t\t<\/a><\/p>\n<h2><a href=\"\/?page_id=13038\">Feeluxo Cap Capelli Laser \/ 81 lampadine LED<\/a><\/h2>\n<p>L&#8217;energia della luce laser stimola i capillari sotto i follicoli piliferi, aumentando la circolazione sanguigna. Questo rivitalizza i follicoli piliferi dormienti, li nutre meglio e porta a un visibile miglioramento della qualit\u00e0 dei capelli. Accelerando la circolazione sanguigna, nutre le radici dei capelli, ne riduce la caduta e favorisce la crescita di nuovi capelli.<\/p>\n<p>\t\t\t\t\t\t\t\t<a href=\"\/?page_id=13038\"><br \/>\n\t\t\t\t\t\t\t\t\tDETTAGLI<br \/>\n\t\t\t\t\t<\/a><\/p>\n<h2><a href=\"\/?page_id=12988\">Pettine laser per capelli Feeluxo<\/a><\/h2>\n<p>Si tratta di un trattamento laser progettato con speciali lunghezze d&#8217;onda che possono essere facilmente applicate a casa. Questo prodotto, raccomandato da dermatologi, clinicamente testato e approvato dalla FDA, offre una soluzione efficace contro la caduta dei capelli.<\/p>\n<p>\t\t\t\t\t\t\t\t<a href=\"\/?page_id=12988\"><br \/>\n\t\t\t\t\t\t\t\t\tDETTAGLI<br \/>\n\t\t\t\t\t<\/a><\/p>\n<h2><a href=\"\/?page_id=12976\">Feeluxo Crema Fattore Cellule Staminali<\/a><\/h2>\n<p>La crema, applicata una volta al giorno la sera in una quantit\u00e0 pari a un pisello sulla pelle pulita e assorbita con un massaggio, rinfresca la pelle nelle zone in cui viene utilizzata. Pu\u00f2 essere applicata anche su vita, gomiti e ginocchia.<\/p>\n<p>\t\t\t\t\t\t\t\t<a href=\"\/?page_id=12976\"><br \/>\n\t\t\t\t\t\t\t\t\tDETTAGLI<br \/>\n\t\t\t\t\t<\/a><\/p>\n","protected":false},"excerpt":{"rendered":"<p>La salute dei capelli \u00e8 una delle pietre miliari di un aspetto estetico ed \u00e8 direttamente correlata alla qualit\u00e0 di vita complessiva. I nostri prodotti per la cura dei capelli, sviluppati clinicamente, mirano a nutrire e rafforzare le radici dei capelli, preservandone la struttura naturale. Potenti ingredienti vegetali come i semi di pepe nero, la [&hellip;]<\/p>\n","protected":false},"author":6,"featured_media":0,"parent":0,"menu_order":0,"comment_status":"closed","ping_status":"closed","template":"","meta":{"footnotes":""},"class_list":["post-5411","page","type-page","status-publish","hentry"],"_links":{"self":[{"href":"https:\/\/drterziler.com\/it\/wp-json\/wp\/v2\/pages\/5411","targetHints":{"allow":["GET"]}}],"collection":[{"href":"https:\/\/drterziler.com\/it\/wp-json\/wp\/v2\/pages"}],"about":[{"href":"https:\/\/drterziler.com\/it\/wp-json\/wp\/v2\/types\/page"}],"author":[{"embeddable":true,"href":"https:\/\/drterziler.com\/it\/wp-json\/wp\/v2\/users\/6"}],"replies":[{"embeddable":true,"href":"https:\/\/drterziler.com\/it\/wp-json\/wp\/v2\/comments?post=5411"}],"version-history":[{"count":40,"href":"https:\/\/drterziler.com\/it\/wp-json\/wp\/v2\/pages\/5411\/revisions"}],"predecessor-version":[{"id":40295,"href":"https:\/\/drterziler.com\/it\/wp-json\/wp\/v2\/pages\/5411\/revisions\/40295"}],"wp:attachment":[{"href":"https:\/\/drterziler.com\/it\/wp-json\/wp\/v2\/media?parent=5411"}],"curies":[{"name":"wp","href":"https:\/\/api.w.org\/{rel}","templated":true}]}}