{"id":5970,"date":"2024-08-12T19:49:39","date_gmt":"2024-08-12T19:49:39","guid":{"rendered":"https:\/\/drterziler.com\/privacy-policy\/"},"modified":"2024-09-18T12:27:50","modified_gmt":"2024-09-18T12:27:50","slug":"informativa-sulla-privacy","status":"publish","type":"page","link":"https:\/\/drterziler.com\/it\/informativa-sulla-privacy\/","title":{"rendered":"Informativa Sulla Privacy"},"content":{"rendered":"\n<h1 class=\"wp-block-heading\">TESTO DI CHIARIMENTO SULLA PROTEZIONE DEI DATI PERSONALI E POLITICA DEI DATI<\/h1>\n\n\n\n<p>In qualit\u00e0 di entit\u00e0 giuridica che elabora dati personali a causa delle sue attivit\u00e0, Servet Terziler Sa\u011fl\u0131k Hizmetleri A.\u015e. e la sua clinica affiliata &#8220;Dr. TERZ\u0130LER EXCLUSIVE HAIR CLINIC&#8221; attribuiscono grande importanza alla protezione dei vostri dati. La nostra entit\u00e0 giuridica, in qualit\u00e0 di responsabile del trattamento dei dati, ottiene, raccoglie ed elabora i vostri dati personali in conformit\u00e0 con la Legge n. 6698 sulla Protezione dei Dati Personali e le relative normative subordinate.<\/p>\n\n\n\n<p>Questo Testo, che fornisce informazioni sul trattamento e la protezione dei dati personali, fornisce dettagli su:<\/p>\n\n\n\n<ul class=\"wp-block-list\">\n<li>La fonte da cui vengono ottenuti i dati personali,<\/li>\n\n\n\n<li>Le basi giuridiche per l&#8217;ottenimento e il trattamento dei dati personali,<\/li>\n\n\n\n<li>Gli scopi per cui i dati personali vengono ottenuti ed elaborati,<\/li>\n\n\n\n<li>Se i dati personali vengono trasferiti e a chi e per quali scopi possono essere trasferiti,<\/li>\n\n\n\n<li>I diritti legali di coloro i cui dati personali vengono trattati,<\/li>\n<\/ul>\n\n\n\n<h2 class=\"wp-block-heading\">PERSONE DI CUI TRATTIAMO I DATI<\/h2>\n\n\n\n<p>Dr. TERZ\u0130LER EXCLUSIVE HAIR CLINIC, in qualit\u00e0 di responsabile del trattamento dei dati, tratta i dati personali limitatamente ai seguenti gruppi di persone.<\/p>\n\n\n\n<ol class=\"wp-block-list\">\n<li>Dipendenti.<\/li>\n\n\n\n<li>Candidati dipendenti (incluse le persone di riferimento dichiarate dai candidati al lavoro)<\/li>\n\n\n\n<li>Stagisti.<\/li>\n\n\n\n<li>Tirocinanti in formazione sul lavoro.<\/li>\n\n\n\n<li>Pazienti.<\/li>\n\n\n\n<li>Potenziali pazienti (Persone che vengono intervistate e contattate ai fini di diagnosi, trattamento o ricezione di tale servizio, persone di cui vengono ricevute e intervistate informazioni su nome, cognome e telefono a seguito di attivit\u00e0 promozionali in fiere o stand)<\/li>\n\n\n\n<li>Parenti e accompagnatori dei pazienti.<\/li>\n\n\n\n<li>Parti di tutti i tipi di attivit\u00e0 commerciali o persone con cui collaboriamo o collaboreremo a causa di attivit\u00e0 commerciali o autorizzati o dipendenti di tali societ\u00e0 (Fornitura, pubblicit\u00e0, promozione, supporto, marketing, trasporto, fonti di riferimento, ecc.).<\/li>\n\n\n\n<li>Avvocati e consulenti o persone autorizzate o dipendenti di societ\u00e0 di consulenza.<\/li>\n\n\n\n<li>Visitatori.<\/li>\n\n\n\n<li>Rappresentanti legali, genitori, tutori o curatori di tutti i soggetti dei dati.<\/li>\n\n\n\n<li>Persone che sono parti di procedimenti legali e i loro rappresentanti legali.<\/li>\n\n\n\n<li>Terze parti che sono state contattate anche se non hanno alcun collegamento commerciale o legale.<\/li>\n<\/ol>\n\n\n\n<h1 class=\"wp-block-heading\">DATI PERSONALI CHE TRATTIAMO<\/h1>\n\n\n\n<p>Dr. TERZ\u0130LER EXCLUSIVE HAIR CLINIC, in qualit\u00e0 di responsabile del trattamento dei dati, tratta i seguenti dati personali sanitari, categorie generali e speciali di dati personali in conformit\u00e0 con i principi di &#8220;legalit\u00e0&#8221;, &#8220;necessit\u00e0&#8221;, &#8220;idoneit\u00e0 allo scopo&#8221; e &#8220;limitazione&#8221;.<\/p>\n\n\n\n<h2 class=\"wp-block-heading\">Dati di Identificazione<\/h2>\n\n\n\n<p>Tutti i dati relativi all&#8217;identit\u00e0 delle persone i cui dati saranno trattati, come nome-cognome, nazionalit\u00e0, numero di identificazione turco, numero di passaporto e informazioni o numero di identificazione turco temporaneo, luogo e data di nascita, stato civile, informazioni sul genere.<\/p>\n\n\n\n<h2 class=\"wp-block-heading\">Dati Personalmente Identificabili<\/h2>\n\n\n\n<p>La calligrafia o la firma di una persona sono dati personalmente identificabili.<\/p>\n\n\n\n<h2 class=\"wp-block-heading\">Dati di Comunicazione<\/h2>\n\n\n\n<p>Tutti i dati di contatto come indirizzo di residenza, indirizzo di lavoro, indirizzo di corrispondenza, numero di telefono o cellulare, indirizzo e-mail.<\/p>\n\n\n\n<h2 class=\"wp-block-heading\">Dati Audio-Visivi<\/h2>\n\n\n\n<p>Le immagini riprese dalle telecamere di sicurezza della Societ\u00e0 con un sistema di telecamere a circuito chiuso per scopi di sicurezza, i dati presi con il permesso scritto speciale (consenso) dei pazienti per processi di promozione, ricerca, persuasione, conferma e prova che la procedura medica \u00e8 stata eseguita o per la promozione della procedura medica ad altri potenziali pazienti, i dati presi per visivi (fotografie o registrazioni video) al fine di rivelare gli sviluppi nel risultato del trattamento sono i dati in questo ambito.<\/p>\n\n\n\n<h2 class=\"wp-block-heading\">Dati Personali<\/h2>\n\n\n\n<p>Dati ricevuti in conformit\u00e0 con la legge o il contratto di lavoro riguardanti le transazioni personali dei dipendenti come la data di assunzione, il salario, il numero di giorni lavorativi al mese.<\/p>\n\n\n\n<h2 class=\"wp-block-heading\">Dati sull&#8217;Istruzione<\/h2>\n\n\n\n<p>Dati sullo stato di istruzione e certificati educativi di dipendenti, candidati dipendenti, stagisti o tirocinanti in formazione sul lavoro o altre persone rilevanti.<\/p>\n\n\n\n<h2 class=\"wp-block-heading\">Dati Professionali e Occupazionali<\/h2>\n\n\n\n<p>Tutti i dati relativi al lavoro o all&#8217;occupazione rispetto ai dipendenti, candidati dipendenti, stagisti o tirocinanti in formazione sul lavoro o altre persone rilevanti. (inclusi i dati sull&#8217;esperienza professionale, diplomi, corsi).<\/p>\n\n\n\n<h2 class=\"wp-block-heading\">Dati di Commento e Reclamo<\/h2>\n\n\n\n<p>Dati di commento e reclamo trasmessi alla nostra Societ\u00e0 attraverso il sito web o altri canali dando consenso e autorizzazione al fine di valutare i servizi forniti.<\/p>\n\n\n\n<h2 class=\"wp-block-heading\">Dati di Indirizzo o Posizione<\/h2>\n\n\n\n<p>Dati di indirizzo o posizione trasmessi dalle persone in qualsiasi modo e con il loro consenso.<\/p>\n\n\n\n<h2 class=\"wp-block-heading\">Dati di Sicurezza delle Transazioni (Dati IP e Cookie)<\/h2>\n\n\n\n<p>Indirizzo IP, informazioni sul browser, accesso e uscita dal sito web e informazioni sulla password, (ID Mac, informazioni sull&#8217;indirizzo IP, accesso e uscita dal sito web e informazioni sulla password) rientrano in questo ambito.<\/p>\n\n\n\n<h2 class=\"wp-block-heading\">Dati Legali<\/h2>\n\n\n\n<p>Tutti i dati relativi agli individui come attori, convenuti e dati di esecuzione. Dati sui dipendenti e qualsiasi persona che ha una causa o procedimenti esecutivi con l&#8217;azienda.<\/p>\n\n\n\n<h2 class=\"wp-block-heading\">Dati Finanziari<\/h2>\n\n\n\n<p>Dati come il numero di conto bancario e il numero IBAN degli individui. Dati richiesti e trattati in termini di dipendenti che lavorano nell&#8217;azienda e pazienti che ricevono servizi dall&#8217;azienda.<\/p>\n\n\n\n<p><\/p>\n\n\n\n<h1 class=\"wp-block-heading\">TRATTAMENTO DEI DATI PERSONALI<\/h1>\n\n\n\n<h2 class=\"wp-block-heading\">A. OTTENIMENTO DEI DATI PERSONALI<\/h2>\n\n\n\n<h3 class=\"wp-block-heading\">1. Attraverso Quali Canali e Come Vengono Raccolti i Dati Personali<\/h3>\n\n\n\n<p>I Vostri Dati Personali possono essere ottenuti tramite:<\/p>\n\n\n\n<p>1.1. Dal nostro sito web appartenente a Servet Terziler Sa\u011fl\u0131k Hizmetleri A.\u015e.;<\/p>\n\n\n\n<ul class=\"wp-block-list\">\n<li>Richiesta di nome, numero di telefono e informazioni e-mail nella sezione &#8220;Contatti&#8221;,<\/li>\n\n\n\n<li>Richiesta di nome, numero di telefono e informazioni e-mail nella sezione &#8220;Contattaci&#8221;,<\/li>\n\n\n\n<li>Ottenimento di contatti e informazioni attraverso i numeri di telefono 02129860772 nella sezione contatti,<\/li>\n\n\n\n<li>Trasmissione di dati personali del paziente o potenziali pazienti attraverso il programma J\u0130VOCHTA dalla sezione &#8220;Ottieni Consulenza Gratuita e Preventivo&#8221;<\/li>\n<\/ul>\n\n\n\n<p>I dati personali forniti dai pazienti o potenziali pazienti nei modi sopra descritti possono essere ottenuti attraverso i seguenti canali:<\/p>\n\n\n\n<p>1.2. Chiamate di comunicazione e appuntamento tramite telefoni in uso al personale assistente clinico o tramite applicazioni come SMS o WhatsApp,<\/p>\n\n\n\n<p>1.3. In caso di visita alla nostra clinica, colloqui faccia a faccia con il team medico pertinente,<\/p>\n\n\n\n<p>1.4. Servizio di consulenza ed esame, esame, diagnosi o trattamento ricevuto in clinica,<\/p>\n\n\n\n<p>1.5. Dati personali inclusi nei contratti e altri documenti di attivit\u00e0 commerciale e piattaforme di comunicazione della persona e dei funzionari o dipendenti dell&#8217;azienda con cui l&#8217;azienda ha un rapporto commerciale come richiesto dall&#8217;attivit\u00e0 commerciale,<\/p>\n\n\n\n<p>1.9. Dati personali inclusi nei contratti e altri documenti di attivit\u00e0 commerciale e piattaforme di comunicazione dei nostri consulenti, avvocati e consiglieri o autorizzati o dipendenti di societ\u00e0 di consulenza,<\/p>\n\n\n\n<p>1.10. Richieste effettuate attraverso pannelli come &#8220;contattaci&#8221; o &#8220;ottieni informazioni&#8221; attraverso la promozione e la pubblicit\u00e0 della clinica sui social media,<\/p>\n\n\n\n<p>1.11. Richiesta di dati personali richiesti dalla legislazione per connettersi alla trasmissione e al numero di telefono cellulare per la crittografia nella trasmissione di rete wireless (Wi-Fi) speciale per gli ospiti nell&#8217;ambito del servizio Internet wireless,<\/p>\n\n\n\n<p>1.12. Ottenimento di dati dagli accessi al sito web registrando l&#8217;ID MAC (Informazioni di Identificazione del Dispositivo),<\/p>\n\n\n\n<p>1.13. Dati personali disponibili sulle piattaforme di comunicazione di terzi con cui comunichiamo o se veniamo contattati anche se non abbiamo alcun collegamento commerciale o legale con la clinica<\/p>\n\n\n\n<p>1.14. Analogamente con altri mezzi legali di recupero dati,<\/p>\n\n\n\n<h2 class=\"wp-block-heading\">B. SCOPI E BASI GIURIDICHE DEL TRATTAMENTO DEI DATI PERSONALI<\/h2>\n\n\n\n<h3 class=\"wp-block-heading\">1. Scopi di Raccolta e Trattamento dei Dati Personali<\/h3>\n\n\n\n<p>I vostri dati personali sopra menzionati e i vostri dati personali sensibili saranno trattati per i seguenti scopi.<\/p>\n\n\n\n<ol class=\"wp-block-list\">\n<li>Adempimento degli obblighi legali ed esecuzione di tutti i tipi di lavori nell&#8217;ambito dell&#8217;attivit\u00e0 nel quadro giuridico,<\/li>\n\n\n\n<li>Adempimento delle disposizioni del contratto,<\/li>\n\n\n\n<li>Fornitura di Servizi Sanitari (diagnosi medica, esame, trattamento e tutti i tipi di servizi di assistenza)<\/li>\n\n\n\n<li>Requisiti di attivit\u00e0 commerciale e gestione aziendale,<\/li>\n\n\n\n<li>Requisiti settoriali (salute);<br>5.1. Esecuzione di servizi di diagnosi medica, trattamento e assistenza,<br>5.2. Condivisione delle informazioni richieste dal Ministero della Salute e tutte le altre istituzioni e organizzazioni ufficiali pertinenti in conformit\u00e0 con la legislazione sanitaria,<br>5.3. Finanziamento dei vostri servizi sanitari, copertura dei costi di esami, diagnostica e trattamento,<br>5.4. Informare i pazienti sugli appuntamenti,<br>5.5. Confermare l&#8217;identit\u00e0 del paziente,<br>5.6. Misurare, aumentare e ricercare la soddisfazione del paziente da parte della direzione dell&#8217;ospedale, dei diritti del paziente, dei dipartimenti di esperienza del paziente,<br>5.7. Fatturazione da parte dei servizi al paziente, affari finanziari, dipartimenti di marketing,<br>5.8. Essere in grado di rispondere a tutti i tipi di domande e reclami riguardanti i nostri servizi sanitari da parte della direzione della clinica,<\/li>\n<\/ol>\n\n\n\n<h2 class=\"wp-block-heading\">6. Requisiti tecnici;<\/h2>\n\n\n\n<p>6.1. Pianificazione e gestione del funzionamento interno da parte della direzione della clinica,<\/p>\n\n\n\n<p>6.2. Ricerca e analisi condotte per migliorare la qualit\u00e0 dell&#8217;erogazione del servizio, l&#8217;esperienza del paziente e la qualit\u00e0 dei servizi sanitari,<\/p>\n\n\n\n<p>6.3. Fornire formazione ai dipendenti da parte della direzione della clinica,<\/p>\n\n\n\n<p>6.4. Monitoraggio e prevenzione di transazioni non autorizzate da parte della direzione della clinica,<\/p>\n\n\n\n<p>6.5. Adempimento delle attivit\u00e0 di gestione del rischio e miglioramento della qualit\u00e0,<\/p>\n\n\n\n<p>6.6. Adozione di tutte le necessarie misure tecniche e amministrative nell&#8217;ambito della sicurezza dei dati da parte della direzione clinica,<\/p>\n\n\n\n<p>6.7. Fornire le comunicazioni necessarie da parte del personale pertinente del responsabile del trattamento dei dati al fine di fornire servizi di trasporto, alloggio e ospitalit\u00e0 nell&#8217;ambito del turismo sanitario quando necessario,<\/p>\n\n\n\n<p>6.8. Fornire partecipazione alla campagna e informazioni sulla campagna, progettare e comunicare contenuti speciali, benefici tangibili e intangibili su canali web e altri canali mobili e social media,<\/p>\n\n\n\n<p>6.9. Adempimento di formazione e attivit\u00e0 da parte di istituzioni educative con cui la direzione clinica collabora,<\/p>\n\n\n\n<h3 class=\"wp-block-heading\">2. Basi Giuridiche per la Raccolta e il Trattamento dei Dati Personali<\/h3>\n\n\n\n<p>I vostri dati personali sopra menzionati e i vostri dati personali sensibili saranno trattati in base alle seguenti basi giuridiche.<\/p>\n\n\n\n<ul class=\"wp-block-list\">\n<li>Legge di Base n. 359 sui Servizi Sanitari,<\/li>\n\n\n\n<li>Decreto Legge n. 663 sull&#8217;Organizzazione e i Doveri del Ministero della Salute e delle sue Organizzazioni Affiliate,<\/li>\n\n\n\n<li>Regolamento sulle Istituzioni Sanitarie Private per la Diagnosi e il Trattamento Ambulatoriale<\/li>\n\n\n\n<li>Regolamento sul Trattamento e la Protezione della Privacy dei Dati Sanitari Personali<\/li>\n\n\n\n<li>Legge n. 6698 sulla Protezione dei Dati Personali,<\/li>\n\n\n\n<li>Legge n. 1774 sulla Notifica d&#8217;Identit\u00e0,<\/li>\n\n\n\n<li>Legge sul Lavoro n. 4857,<\/li>\n\n\n\n<li>Legge n. 5510 sulla Sicurezza Sociale e l&#8217;Assicurazione Sanitaria Generale,<\/li>\n\n\n\n<li>Legge n. 6331 sulla Salute e Sicurezza sul Lavoro.<\/li>\n<\/ul>\n\n\n\n<p>Come indicato nell&#8217;Articolo 6, paragrafo 3 della Legge n. 6698 sulla Protezione dei Dati Personali, i dati personali relativi alla salute e alla vita sessuale possono essere trattati solo da una persona che ha un obbligo di riservatezza e da istituzioni e organizzazioni pubbliche autorizzate, ai fini della tutela della salute pubblica, dell&#8217;esecuzione della medicina preventiva, della diagnosi medica, dei servizi di trattamento e assistenza infermieristica, della pianificazione e gestione dei servizi sanitari nonch\u00e9 del loro finanziamento.<\/p>\n\n\n\n<h2 class=\"wp-block-heading\">C. TRASFERIMENTO DEI DATI PERSONALI<\/h2>\n\n\n\n<p>I vostri dati personali possono essere condivisi nel quadro delle seguenti disposizioni legali e per gli scopi sopra descritti;<\/p>\n\n\n\n<p>[Lista delle leggi e regolamenti omessa per brevit\u00e0]<\/p>\n\n\n\n<p>E possono essere condivisi con:<\/p>\n\n\n\n<p>[Lista delle entit\u00e0 omessa per brevit\u00e0]<\/p>\n\n\n\n<h2 class=\"wp-block-heading\">IV. LE NOSTRE MISURE E IMPEGNI PER LA PROTEZIONE DEI DATI PERSONALI<\/h2>\n\n\n\n<p>Dr. TERZ\u0130LER EXCLUSIVE HAIR CLINIC, in qualit\u00e0 di responsabile del trattamento dei dati, protegge i vostri dati personali e sensibili sopra menzionati nei propri ambienti fisici ed elettronici con grande sensibilit\u00e0 e in piena conformit\u00e0 con le disposizioni della legislazione, adottando tutti i tipi di misure amministrative e tecniche.<\/p>\n\n\n\n<p>[Ulteriori dettagli sulle misure di protezione omessi per brevit\u00e0]<\/p>\n\n\n\n<h2 class=\"wp-block-heading\">V. TRATTAMENTO DEI DATI PERSONALI RACCOLTI TRAMITE COOKIE<\/h2>\n\n\n\n<p>Dr. TERZ\u0130LER EXCLUSIVE HAIR CLINIC non posiziona cookie sul suo sito web. Durante l&#8217;utilizzo del nostro sito web e dell&#8217;applicazione mobile, non vengono ricevuti indirizzo IP, informazioni del browser (informazioni ID Mac, indirizzo IP, login al sito web, logout e password).<\/p>\n\n\n\n<h2 class=\"wp-block-heading\">VI. I VOSTRI DIRITTI RIGUARDO ALLA PROTEZIONE DEI DATI PERSONALI<\/h2>\n\n\n\n<p>Ai sensi dell&#8217;Articolo 11 della Legge sulla Protezione dei Dati Personali, potete esercitare i vostri diritti riguardo al trattamento e alla protezione dei vostri dati personali, a condizione che proviate la vostra identit\u00e0 applicando a Dr. TERZ\u0130LER EXCLUSIVE HAIR CLINIC come Responsabile del Trattamento dei Dati nei seguenti modi.<\/p>\n\n\n\n<p>[Lista dei diritti e delle modalit\u00e0 di esercizio omessa per brevit\u00e0]<\/p>\n\n\n\n<h2 class=\"wp-block-heading\">CONSENSO E APPROVAZIONE<\/h2>\n\n\n\n<p>Quando leggete questo Testo di Chiarimento, si ritiene che abbiate accettato, dichiarato e intrapreso di essere pienamente e completamente informati che Dr. TERZ\u0130LER EXCLUSIVE HAIR CLINIC esegue un processo di trattamento dei dati e che siete stati informati sul trattamento dei vostri dati personali e che acconsentite al trattamento dei vostri dati personali.<\/p>\n\n\n\n<h2 class=\"wp-block-heading\">DETTAGLI DI CONTATTO<\/h2>\n\n\n\n<p>Servet Terziler Sa\u011fl\u0131k Hizmetleri A.\u015e.<\/p>\n\n\n\n<p>Akat Mahallesi Ebulula Mardin Caddesi Park Maya Sitesi F-2B Blok No:20\/1 Be\u015fikta\u015f \u0130stanbul<\/p>\n\n\n\n<p>Telefono: 0(212)986 07 72<\/p>\n","protected":false},"excerpt":{"rendered":"<p>TESTO DI CHIARIMENTO SULLA PROTEZIONE DEI DATI PERSONALI E POLITICA DEI DATI In qualit\u00e0 di entit\u00e0 giuridica che elabora dati personali a causa delle sue attivit\u00e0, Servet Terziler Sa\u011fl\u0131k Hizmetleri A.\u015e. e la sua clinica affiliata &#8220;Dr. TERZ\u0130LER EXCLUSIVE HAIR CLINIC&#8221; attribuiscono grande importanza alla protezione dei vostri dati. La nostra entit\u00e0 giuridica, in qualit\u00e0 [&hellip;]<\/p>\n","protected":false},"author":6,"featured_media":0,"parent":0,"menu_order":0,"comment_status":"closed","ping_status":"closed","template":"","meta":{"footnotes":""},"class_list":["post-5970","page","type-page","status-publish","hentry"],"_links":{"self":[{"href":"https:\/\/drterziler.com\/it\/wp-json\/wp\/v2\/pages\/5970","targetHints":{"allow":["GET"]}}],"collection":[{"href":"https:\/\/drterziler.com\/it\/wp-json\/wp\/v2\/pages"}],"about":[{"href":"https:\/\/drterziler.com\/it\/wp-json\/wp\/v2\/types\/page"}],"author":[{"embeddable":true,"href":"https:\/\/drterziler.com\/it\/wp-json\/wp\/v2\/users\/6"}],"replies":[{"embeddable":true,"href":"https:\/\/drterziler.com\/it\/wp-json\/wp\/v2\/comments?post=5970"}],"version-history":[{"count":2,"href":"https:\/\/drterziler.com\/it\/wp-json\/wp\/v2\/pages\/5970\/revisions"}],"predecessor-version":[{"id":46669,"href":"https:\/\/drterziler.com\/it\/wp-json\/wp\/v2\/pages\/5970\/revisions\/46669"}],"wp:attachment":[{"href":"https:\/\/drterziler.com\/it\/wp-json\/wp\/v2\/media?parent=5970"}],"curies":[{"name":"wp","href":"https:\/\/api.w.org\/{rel}","templated":true}]}}