{"id":6106,"date":"2024-09-19T06:08:42","date_gmt":"2024-09-19T06:08:42","guid":{"rendered":"https:\/\/drterziler.com\/faq\/"},"modified":"2026-03-08T14:16:44","modified_gmt":"2026-03-08T14:16:44","slug":"faq","status":"publish","type":"page","link":"https:\/\/drterziler.com\/it\/trapianto-di-capelli\/faq\/","title":{"rendered":"FAQs"},"content":{"rendered":"<div class=\"page-content\">\n<div id=\"header-area\">\n<div class=\"container\" id=\"firstContent\">\n<div class=\"header-content d-flex flex-column\">\n<h1 class=\"content-title h1-header\"> FAQ<\/h1>\n<div class=\"content-paragraph\">\n<p class=\"p-text\">\n<\/p><\/div>\n<nav aria-label=\"breadcrumb\" class=\"breadcrumbs\">\n<ul class=\"d-flex align-items-center mb-0\">\n<li><a class=\"link\" href=\"https:\/\/drterziler.com\/it\"><span>Dr. Terziler Exclusive Clinic<\/span><\/a><\/li>\n<li class=\"separator\">\u00bb<\/li>\n<li><a class=\"link\" href=\"https:\/\/drterziler.com\/it\/trapianto-di-capelli\/\"><span>Trapianto capelli<\/span><\/a><\/li>\n<li class=\"separator\">\u00bb<\/li>\n<li class=\"current-page\"><span> FAQ<\/span><\/li>\n<\/ul>\n<\/nav><\/div>\n<\/p><\/div>\n<\/p><\/div>\n<\/div>\n<section id=\"content-area\">\n<div class=\"faq-container\">\n<div class=\"faq-item active\">\n <button class=\"faq-question\"><span class=\"icon\">&#8211;<\/span> Perch\u00e9 la Turchia per il trapianto di capelli?<\/button><\/p>\n<div class=\"faq-answer\" style=\"display: block;\">\n<p>La Turchia \u00e8 un centro di fama mondiale nel campo del trapianto di capelli. La Dr. Terziler Exclusive Clinic \u00e8 una delle cliniche leader che fornisce il miglior servizio in questo settore. Il Dr. Terziler \u00e8 un esperto con anni di esperienza nel trapianto di capelli e nei trattamenti tricologici. Lui e il suo team offrono soluzioni speciali a ciascun paziente utilizzando le tecniche pi\u00f9 recenti ed efficaci. La Dr. Terziler Exclusive Clinic attribuisce grande importanza alla soddisfazione del paziente. Fornisce un supporto completo affinch\u00e9 i pazienti si sentano sicuri e a proprio agio in tutti i processi prima, durante e dopo il trattamento.<\/p>\n<\/p><\/div>\n<\/p><\/div>\n<div class=\"faq-item\">\n <button class=\"faq-question\"><span class=\"icon\">+<\/span> Il trapianto di capelli \u00e8 una procedura costosa?<\/button><\/p>\n<div class=\"faq-answer\">\n<p>La Dr. Terziler Exclusive Clinic esegue trapianti di capelli a prezzi accessibili nonostante i suoi servizi di alta qualit\u00e0 e la struttura tecnologica. Considerando i risultati a lungo termine, il trapianto di capelli \u00e8 un investimento prezioso. \u00c8 una procedura che dovrebbe essere fatta una volta e in un luogo che ne valga la pena.<\/p>\n<\/p><\/div>\n<\/p><\/div>\n<div class=\"faq-item\">\n <button class=\"faq-question\"><span class=\"icon\">+<\/span>Per quanto tempo devo rimanere a Istanbul per il trapianto di capelli?<\/button><\/p>\n<div class=\"faq-answer\">\n<p>Di solito, soggiornare a Istanbul per 2 o 3 giorni \u00e8 sufficiente per il trapianto di capelli. La Dr. Terziler Exclusive Clinic offre un&#8217;esperienza confortevole durante questo processo ed \u00e8 con te in ogni fase. Soggiornerai nei migliori hotel di Istanbul e viaggerai con i nostri veicoli VIP.<\/p>\n<\/p><\/div>\n<\/p><\/div>\n<div class=\"faq-item\">\n <button class=\"faq-question\"><span class=\"icon\">+<\/span> I materiali medici utilizzati nel trapianto di capelli sono monouso?<\/button><\/p>\n<div class=\"faq-answer\">\n<p>S\u00ec, i materiali medici utilizzati nel trapianto di capelli presso la Dr. Terziler Exclusive Clinic sono monouso. Ci\u00f2 garantisce i pi\u00f9 elevati standard igienici per i pazienti senza rischio di infezione.<\/p>\n<\/p><\/div>\n<\/p><\/div>\n<div class=\"faq-item\">\n <button class=\"faq-question\"><span class=\"icon\">+<\/span>Dove allogger\u00f2 quando verr\u00f2 per il trapianto di capelli?<\/button><\/p>\n<div class=\"faq-answer\">\n<p>Come Dr. Terziler Exclusive Hair Clinic, forniamo alloggio in hotel a 5 stelle per offrire ai nostri pazienti il \u200b\u200bmassimo livello di comfort e soddisfazione. In questo modo, potrai vivere un&#8217;esperienza di soggiorno confortevole e lussuosa durante il tuo processo di trattamento.<\/p>\n<\/p><\/div>\n<\/p><\/div>\n<div class=\"faq-item\">\n <button class=\"faq-question\"><span class=\"icon\">+<\/span>Chi verr\u00e0 a prendermi all&#8217;aeroporto?<\/button><\/p>\n<div class=\"faq-answer\">\n<p>La Dr. Terziler Exclusive Clinic offre un servizio di trasferimento VIP che verr\u00e0 a prenderti all&#8217;aeroporto e assicurer\u00e0 che tu raggiunga la clinica comodamente.<\/p>\n<\/p><\/div>\n<\/p><\/div>\n<div class=\"faq-item\">\n <button class=\"faq-question\"><span class=\"icon\">+<\/span>Possiamo stare tranquilli quando veniamo in clinica con la mia famiglia?<\/button><\/p>\n<div class=\"faq-answer\">\n<p>S\u00ec, presso la Dr. Terziler Exclusive Clinic viene fornito un ambiente confortevole e rilassante per le famiglie. Puoi essere sicuro che sarai a tuo agio quando verrai con la tua famiglia perch\u00e9 nelle nostre camere VIP, i parenti dei pazienti possono sperimentare il comfort di una camera d&#8217;albergo. La camera dispone di letto personale, bagno, televisione, internet. Inoltre, nella nostra clinica abbiamo un ristorante\/caff\u00e8 che fornisce un servizio di alta qualit\u00e0. I nostri ospiti possono ordinare e mangiare qualsiasi pasto desiderino dal delizioso menu.<\/p>\n<\/p><\/div>\n<\/p><\/div>\n<div class=\"faq-item\">\n <button class=\"faq-question\"><span class=\"icon\">+<\/span>\u00c8 possibile il trapianto di capelli senza rasatura?<\/button><\/p>\n<div class=\"faq-answer\">\n<p>S\u00ec, il trapianto di capelli senza rasatura \u00e8 possibile presso la Dr. Terziler Exclusive Clinic. Con questo metodo, il trapianto pu\u00f2 essere effettuato senza tagliare i capelli.<\/p>\n<\/p><\/div>\n<\/div>\n<div class=\"faq-item\">\n <button class=\"faq-question\"><span class=\"icon\">+<\/span>\u00c8 possibile moltiplicare i capelli senza sottoporsi a un trapianto?<\/button><\/p>\n<div class=\"faq-answer\">\n<p>S\u00ec, presso la Dr. Terziler Exclusive Clinic vengono offerti trattamenti di rafforzamento e moltiplicazione dei capelli. Questi trattamenti possono ridurre la caduta dei capelli, rinforzare e moltiplicare i capelli esistenti.<\/p>\n<\/p><\/div>\n<\/p><\/div>\n<div class=\"faq-item\">\n <button class=\"faq-question\"><span class=\"icon\">+<\/span>Qual \u00e8 la differenza tra il trapianto di capelli FUE e DHI?<\/button><\/p>\n<div class=\"faq-answer\">\n<p>S\u00ec, presso la Dr. Terziler Exclusive Clinic vengono offerti trattamenti di rafforzamento e moltiplicazione dei capelli. Questi trattamenti possono ridurre la caduta dei capelli, rinforzare e moltiplicare i capelli esistenti.<\/p>\n<\/p><\/div>\n<\/p><\/div>\n<div class=\"faq-item\">\n <button class=\"faq-question\"><span class=\"icon\">+<\/span>Anche le donne possono sottoporsi al trapianto di capelli?<\/button><\/p>\n<div class=\"faq-answer\">\n<p>S\u00ec, anche le donne possono sottoporsi al trapianto di capelli presso la Dr. Terziler Exclusive Clinic. Ci assicuriamo che ottengano i migliori risultati offrendo soluzioni speciali per le donne perch\u00e9 siamo consapevoli di cosa significhino i capelli per una donna. Siamo inoltre consapevoli che tecniche come l&#8217;incollaggio dei capelli, che \u00e8 una soluzione temporanea e deve essere rinnovata costantemente, danneggiano i capelli, e che il trapianto di capelli \u00e8 una soluzione unica, pi\u00f9 adatta e permanente.<\/p>\n<\/p><\/div>\n<\/p><\/div>\n<div class=\"faq-item\">\n <button class=\"faq-question\"><span class=\"icon\">+<\/span>Si esegue il trapianto di barba?<\/button><\/p>\n<div class=\"faq-answer\">\n<p>S\u00ec, il trapianto di barba viene eseguito presso la Dr. Terziler Exclusive Clinic. Vengono utilizzate le tecniche pi\u00f9 recenti per barbe dall&#8217;aspetto naturale ed estetico. La barba \u00e8 il trucco di un uomo ed \u00e8 una soluzione permanente. Essendo consapevoli di ci\u00f2, il trapianto di barba viene eseguito con calcoli millimetrici in base alla richiesta della persona.<\/p>\n<\/p><\/div>\n<\/p><\/div>\n<div class=\"faq-item\">\n <button class=\"faq-question\"><span class=\"icon\">+<\/span>Il trapianto di sopracciglia \u00e8 un metodo naturale?<\/button><\/p>\n<div class=\"faq-answer\">\n<p>S\u00ec, il trapianto di sopracciglia \u00e8 un metodo naturale ed efficace. Presso la Dr. Terziler Exclusive Clinic, vengono utilizzate le tecniche pi\u00f9 recenti per ottenere risultati dall&#8217;aspetto naturale ed estetico. Inoltre, il nostro team, che ha pi\u00f9 di 20 anni di esperienza, \u00e8 consapevole dell&#8217;importanza delle sopracciglia per le donne e lavora per dare il risultato pi\u00f9 naturale in termini di angolazione e frequenza delle sopracciglia.<\/p>\n<\/p><\/div>\n<\/p><\/div>\n<div class=\"faq-item\">\n <button class=\"faq-question\"><span class=\"icon\">+<\/span>Quali sono i posti da visitare a Istanbul?<\/button><\/p>\n<div class=\"faq-answer\">\n<p>Ci sono molti luoghi storici e turistici a Istanbul come Santa Sofia, la Moschea Blu, il Palazzo Topkapi e il Gran Bazar. Inoltre, la nostra clinica si trova nella zona pi\u00f9 lussuosa di Istanbul. \u00c8 molto vicina a famosi centri commerciali e ristoranti. La Dr. Terziler Exclusive Clinic ti offre consigli e guida durante la tua visita.<\/p>\n<\/p><\/div>\n<\/p><\/div>\n<\/p><\/div>\n<\/section>\n","protected":false},"excerpt":{"rendered":"<p>FAQ Dr. Terziler Exclusive Clinic \u00bb Trapianto capelli \u00bb FAQ &#8211; Perch\u00e9 la Turchia per il trapianto di capelli? La Turchia \u00e8 un centro di fama mondiale nel campo del trapianto di capelli. La Dr. Terziler Exclusive Clinic \u00e8 una delle cliniche leader che fornisce il miglior servizio in questo settore. Il Dr. Terziler \u00e8 [&hellip;]<\/p>\n","protected":false},"author":6,"featured_media":0,"parent":2993,"menu_order":0,"comment_status":"closed","ping_status":"closed","template":"","meta":{"footnotes":""},"class_list":["post-6106","page","type-page","status-publish","hentry"],"_links":{"self":[{"href":"https:\/\/drterziler.com\/it\/wp-json\/wp\/v2\/pages\/6106","targetHints":{"allow":["GET"]}}],"collection":[{"href":"https:\/\/drterziler.com\/it\/wp-json\/wp\/v2\/pages"}],"about":[{"href":"https:\/\/drterziler.com\/it\/wp-json\/wp\/v2\/types\/page"}],"author":[{"embeddable":true,"href":"https:\/\/drterziler.com\/it\/wp-json\/wp\/v2\/users\/6"}],"replies":[{"embeddable":true,"href":"https:\/\/drterziler.com\/it\/wp-json\/wp\/v2\/comments?post=6106"}],"version-history":[{"count":61,"href":"https:\/\/drterziler.com\/it\/wp-json\/wp\/v2\/pages\/6106\/revisions"}],"predecessor-version":[{"id":59926,"href":"https:\/\/drterziler.com\/it\/wp-json\/wp\/v2\/pages\/6106\/revisions\/59926"}],"up":[{"embeddable":true,"href":"https:\/\/drterziler.com\/it\/wp-json\/wp\/v2\/pages\/2993"}],"wp:attachment":[{"href":"https:\/\/drterziler.com\/it\/wp-json\/wp\/v2\/media?parent=6106"}],"curies":[{"name":"wp","href":"https:\/\/api.w.org\/{rel}","templated":true}]}}